{"id":23037,"date":"2024-02-26T12:28:15","date_gmt":"2024-02-26T11:28:15","guid":{"rendered":"https:\/\/hannover-living.de\/?page_id=23037"},"modified":"2024-02-26T12:28:15","modified_gmt":"2024-02-26T11:28:15","slug":"%d0%b3%d1%80%d1%8a%d1%86%d0%ba%d0%b0-%d0%ba%d1%83%d1%85%d0%bd%d1%8f","status":"publish","type":"page","link":"https:\/\/hannover-living.de\/bg\/%d1%80%d0%b5%d1%81%d1%82%d0%be%d1%80%d0%b0%d0%bd%d1%82%d0%b8\/%d0%b3%d1%80%d1%8a%d1%86%d0%ba%d0%b0-%d0%ba%d1%83%d1%85%d0%bd%d1%8f\/","title":{"rendered":"\u0413\u0440\u044a\u0446\u043a\u0430 \u043a\u0443\u0445\u043d\u044f"},"content":{"rendered":"<div data-elementor-type=\"wp-page\" data-elementor-id=\"23037\" class=\"elementor elementor-23037\" data-elementor-post-type=\"page\">\n\t\t\t\t\t\t<section class=\"elementor-section elementor-top-section elementor-element elementor-element-1fdd5ce elementor-section-boxed elementor-section-height-default elementor-section-height-default\" data-id=\"1fdd5ce\" data-element_type=\"section\" data-e-type=\"section\" data-settings=\"{&quot;background_background&quot;:&quot;classic&quot;}\">\n\t\t\t\t\t\t<div class=\"elementor-container elementor-column-gap-no\">\n\t\t\t\t\t<div class=\"elementor-column elementor-col-100 elementor-top-column elementor-element elementor-element-4b848b4\" data-id=\"4b848b4\" data-element_type=\"column\" data-e-type=\"column\" data-settings=\"{&quot;background_background&quot;:&quot;classic&quot;}\">\n\t\t\t<div class=\"elementor-widget-wrap elementor-element-populated\">\n\t\t\t\t\t\t<section class=\"elementor-section elementor-inner-section elementor-element elementor-element-d253050 elementor-section-boxed elementor-section-height-default elementor-section-height-default\" data-id=\"d253050\" data-element_type=\"section\" data-e-type=\"section\">\n\t\t\t\t\t\t<div class=\"elementor-container elementor-column-gap-default\">\n\t\t\t\t\t<div class=\"elementor-column elementor-col-100 elementor-inner-column elementor-element elementor-element-2a842d6\" data-id=\"2a842d6\" data-element_type=\"column\" data-e-type=\"column\" data-settings=\"{&quot;background_background&quot;:&quot;classic&quot;}\">\n\t\t\t<div class=\"elementor-widget-wrap elementor-element-populated\">\n\t\t\t\t\t\t<div class=\"elementor-element elementor-element-e933442 elementor-cta--skin-cover elementor-hidden-phone elementor-hidden-tablet elementor-animated-content elementor-bg-transform elementor-bg-transform-zoom-in elementor-widget elementor-widget-call-to-action\" data-id=\"e933442\" data-element_type=\"widget\" data-e-type=\"widget\" data-widget_type=\"call-to-action.default\">\n\t\t\t\t<div class=\"elementor-widget-container\">\n\t\t\t\t\t\t\t<div class=\"elementor-cta\">\n\t\t\t\t\t<div class=\"elementor-cta__bg-wrapper\">\n\t\t\t\t<div class=\"elementor-cta__bg elementor-bg\" style=\"background-image: url();\" role=\"img\" aria-label=\"\"><\/div>\n\t\t\t\t<div class=\"elementor-cta__bg-overlay\"><\/div>\n\t\t\t<\/div>\n\t\t\t\t\t\t\t<div class=\"elementor-cta__content\">\n\t\t\t\t\n\t\t\t\t\t\t\t\t\t<h2 class=\"elementor-cta__title elementor-cta__content-item elementor-content-item elementor-animated-item--grow\">\n\t\t\t\t\t\t\u0413\u0440\u044a\u0446\u043a\u0430 \u043a\u0443\u0445\u043d\u044f\t\t\t\t\t<\/h2>\n\t\t\t\t\n\t\t\t\t\n\t\t\t\t\t\t\t<\/div>\n\t\t\t\t\t\t<\/div>\n\t\t\t\t\t\t<\/div>\n\t\t\t\t<\/div>\n\t\t\t\t<div class=\"elementor-element elementor-element-2922b79 elementor-widget elementor-widget-text-editor\" data-id=\"2922b79\" data-element_type=\"widget\" data-e-type=\"widget\" data-widget_type=\"text-editor.default\">\n\t\t\t\t<div class=\"elementor-widget-container\">\n\t\t\t\t\t\t\t\t\t<p><span style=\"color: #999999;\"><em>\u0421\u043d\u0438\u043c\u043a\u0430: Palladion<\/em><\/span><\/p>\t\t\t\t\t\t\t\t<\/div>\n\t\t\t\t<\/div>\n\t\t\t\t\t<\/div>\n\t\t<\/div>\n\t\t\t\t\t<\/div>\n\t\t<\/section>\n\t\t\t\t\t<\/div>\n\t\t<\/div>\n\t\t\t\t\t<\/div>\n\t\t<\/section>\n\t\t\t\t<section class=\"elementor-section elementor-top-section elementor-element elementor-element-dac962f elementor-section-boxed elementor-section-height-default elementor-section-height-default\" data-id=\"dac962f\" data-element_type=\"section\" data-e-type=\"section\">\n\t\t\t\t\t\t<div class=\"elementor-container elementor-column-gap-default\">\n\t\t\t\t\t<div class=\"elementor-column elementor-col-100 elementor-top-column elementor-element elementor-element-fd6db9b\" data-id=\"fd6db9b\" data-element_type=\"column\" data-e-type=\"column\">\n\t\t\t<div class=\"elementor-widget-wrap elementor-element-populated\">\n\t\t\t\t\t\t<div class=\"elementor-element elementor-element-ee61799 elementor-widget elementor-widget-jet-listing-grid\" data-id=\"ee61799\" data-element_type=\"widget\" data-e-type=\"widget\" data-settings=\"{&quot;columns&quot;:3,&quot;columns_tablet&quot;:&quot;2&quot;,&quot;columns_mobile&quot;:&quot;1&quot;}\" data-widget_type=\"jet-listing-grid.default\">\n\t\t\t\t<div class=\"elementor-widget-container\">\n\t\t\t\t\t<div class=\"jet-listing-notice\">\u041c\u043e\u043b\u044f, \u0438\u0437\u0431\u0435\u0440\u0435\u0442\u0435 \u0441\u043f\u0438\u0441\u044a\u043a, \u0437\u0430 \u0434\u0430 \u043f\u043e\u043a\u0430\u0436\u0435\u0442\u0435.<\/div>\t\t\t\t<\/div>\n\t\t\t\t<\/div>\n\t\t\t\t\t<\/div>\n\t\t<\/div>\n\t\t\t\t\t<\/div>\n\t\t<\/section>\n\t\t\t\t<\/div>","protected":false},"excerpt":{"rendered":"<p>Griechische K\u00fcche Foto: Palladion Erlebt eine kulinarische Reise durchs Mittelmeer: Im Palladion wird die griechisch-mediterrane K\u00fcche st\u00e4ndig weiterentwickelt und alle Speisen und Zutaten sind ein wahrer Genuss. Hier k\u00f6nnt ihr die Vielfalt Griechenlands erleben mit hochwertigen Produkten aus regionalem Anbau. Neben den griechischen Klassikern sorgen vegane und kulinarische Entwicklungen f\u00fcr Abwechslung. Entdecken Sie im Aresto [&hellip;]<\/p>\n","protected":false},"author":1,"featured_media":0,"parent":25161,"menu_order":0,"comment_status":"closed","ping_status":"closed","template":"","meta":{"footnotes":""},"class_list":["post-23037","page","type-page","status-publish","hentry"],"_links":{"self":[{"href":"https:\/\/hannover-living.de\/bg\/wp-json\/wp\/v2\/pages\/23037","targetHints":{"allow":["GET"]}}],"collection":[{"href":"https:\/\/hannover-living.de\/bg\/wp-json\/wp\/v2\/pages"}],"about":[{"href":"https:\/\/hannover-living.de\/bg\/wp-json\/wp\/v2\/types\/page"}],"author":[{"embeddable":true,"href":"https:\/\/hannover-living.de\/bg\/wp-json\/wp\/v2\/users\/1"}],"replies":[{"embeddable":true,"href":"https:\/\/hannover-living.de\/bg\/wp-json\/wp\/v2\/comments?post=23037"}],"version-history":[{"count":0,"href":"https:\/\/hannover-living.de\/bg\/wp-json\/wp\/v2\/pages\/23037\/revisions"}],"up":[{"embeddable":true,"href":"https:\/\/hannover-living.de\/bg\/wp-json\/wp\/v2\/pages\/25161"}],"wp:attachment":[{"href":"https:\/\/hannover-living.de\/bg\/wp-json\/wp\/v2\/media?parent=23037"}],"curies":[{"name":"wp","href":"https:\/\/api.w.org\/{rel}","templated":true}]}}