{"id":4817,"date":"2021-07-12T14:47:11","date_gmt":"2021-07-12T12:47:11","guid":{"rendered":"https:\/\/www.hannover-living.de\/?page_id=4817"},"modified":"2025-06-06T14:38:41","modified_gmt":"2025-06-06T12:38:41","slug":"hannover-digital","status":"publish","type":"page","link":"https:\/\/hannover-living.de\/da\/hannover-digital\/","title":{"rendered":"Hanover digital"},"content":{"rendered":"<div data-elementor-type=\"wp-page\" data-elementor-id=\"4817\" class=\"elementor elementor-4817\" data-elementor-post-type=\"page\">\n\t\t\t\t\t\t<section class=\"elementor-section elementor-top-section elementor-element elementor-element-98114de elementor-section-boxed elementor-section-height-default elementor-section-height-default\" data-id=\"98114de\" data-element_type=\"section\" data-e-type=\"section\">\n\t\t\t\t\t\t<div class=\"elementor-container elementor-column-gap-default\">\n\t\t\t\t\t<div class=\"elementor-column elementor-col-100 elementor-top-column elementor-element elementor-element-9a0a67d\" data-id=\"9a0a67d\" data-element_type=\"column\" data-e-type=\"column\">\n\t\t\t<div class=\"elementor-widget-wrap elementor-element-populated\">\n\t\t\t\t\t\t<section class=\"elementor-section elementor-inner-section elementor-element elementor-element-7a9854f elementor-section-boxed elementor-section-height-default elementor-section-height-default\" data-id=\"7a9854f\" data-element_type=\"section\" data-e-type=\"section\">\n\t\t\t\t\t\t<div class=\"elementor-container elementor-column-gap-default\">\n\t\t\t\t\t<div class=\"elementor-column elementor-col-100 elementor-inner-column elementor-element elementor-element-e9b4e21\" data-id=\"e9b4e21\" data-element_type=\"column\" data-e-type=\"column\" data-settings=\"{&quot;background_background&quot;:&quot;classic&quot;}\">\n\t\t\t<div class=\"elementor-widget-wrap elementor-element-populated\">\n\t\t\t\t\t\t<div class=\"elementor-element elementor-element-bd5f2e5 elementor-cta--skin-cover elementor-animated-content elementor-bg-transform elementor-bg-transform-zoom-in elementor-widget elementor-widget-call-to-action\" data-id=\"bd5f2e5\" data-element_type=\"widget\" data-e-type=\"widget\" data-widget_type=\"call-to-action.default\">\n\t\t\t\t<div class=\"elementor-widget-container\">\n\t\t\t\t\t\t\t<div class=\"elementor-cta\">\n\t\t\t\t\t<div class=\"elementor-cta__bg-wrapper\">\n\t\t\t\t<div class=\"elementor-cta__bg elementor-bg\" style=\"background-image: url(https:\/\/hannover-living.de\/wp-content\/uploads\/2021\/07\/Hannover-digital_klein.jpg);\" role=\"img\" aria-label=\"Herrenhausen Gardens set fra oven\"><\/div>\n\t\t\t\t<div class=\"elementor-cta__bg-overlay\"><\/div>\n\t\t\t<\/div>\n\t\t\t\t\t\t\t<div class=\"elementor-cta__content\">\n\t\t\t\t\n\t\t\t\t\t\t\t\t\t<h2 class=\"elementor-cta__title elementor-cta__content-item elementor-content-item elementor-animated-item--grow\">\n\t\t\t\t\t\tHanover digital\t\t\t\t\t<\/h2>\n\t\t\t\t\n\t\t\t\t\n\t\t\t\t\t\t\t<\/div>\n\t\t\t\t\t\t<\/div>\n\t\t\t\t\t\t<\/div>\n\t\t\t\t<\/div>\n\t\t\t\t\t<\/div>\n\t\t<\/div>\n\t\t\t\t\t<\/div>\n\t\t<\/section>\n\t\t\t\t<div class=\"elementor-element elementor-element-5c4498d elementor-widget elementor-widget-jet-listing-grid\" data-id=\"5c4498d\" data-element_type=\"widget\" data-e-type=\"widget\" data-settings=\"{&quot;columns&quot;:3}\" data-widget_type=\"jet-listing-grid.default\">\n\t\t\t\t<div class=\"elementor-widget-container\">\n\t\t\t\t\t<div class=\"jet-listing-notice\">V\u00e6lg venligst liste for at vise.<\/div>\t\t\t\t<\/div>\n\t\t\t\t<\/div>\n\t\t\t\t\t<\/div>\n\t\t<\/div>\n\t\t\t\t\t<\/div>\n\t\t<\/section>\n\t\t\t\t<\/div>","protected":false},"excerpt":{"rendered":"<p>Zum Start des Maschseefests wurde die neue &#8222;Was Geht&#8220;-App gelauncht und ist der n\u00e4chste Schritt, um Menschen die lebendige Kultur- und Eventszene Hannovers n\u00e4herzubringen. 14 neue Augmented Reality-Arbeiten verwandeln Stra\u00dfenschilder der Innenstadt in interaktive Geschichtsb\u00fccher. Hier gibt es noch mehr Infos. Coworking Spaces erfreuen sich in der modernen Arbeitswelt immer gr\u00f6\u00dferer Beliebtheit. Egal ob Freiberufler, [&hellip;]<\/p>\n","protected":false},"author":1,"featured_media":0,"parent":0,"menu_order":0,"comment_status":"closed","ping_status":"closed","template":"","meta":{"footnotes":""},"class_list":["post-4817","page","type-page","status-publish","hentry"],"_links":{"self":[{"href":"https:\/\/hannover-living.de\/da\/wp-json\/wp\/v2\/pages\/4817","targetHints":{"allow":["GET"]}}],"collection":[{"href":"https:\/\/hannover-living.de\/da\/wp-json\/wp\/v2\/pages"}],"about":[{"href":"https:\/\/hannover-living.de\/da\/wp-json\/wp\/v2\/types\/page"}],"author":[{"embeddable":true,"href":"https:\/\/hannover-living.de\/da\/wp-json\/wp\/v2\/users\/1"}],"replies":[{"embeddable":true,"href":"https:\/\/hannover-living.de\/da\/wp-json\/wp\/v2\/comments?post=4817"}],"version-history":[{"count":1,"href":"https:\/\/hannover-living.de\/da\/wp-json\/wp\/v2\/pages\/4817\/revisions"}],"predecessor-version":[{"id":39308,"href":"https:\/\/hannover-living.de\/da\/wp-json\/wp\/v2\/pages\/4817\/revisions\/39308"}],"wp:attachment":[{"href":"https:\/\/hannover-living.de\/da\/wp-json\/wp\/v2\/media?parent=4817"}],"curies":[{"name":"wp","href":"https:\/\/api.w.org\/{rel}","templated":true}]}}