{"id":566,"date":"2016-03-03T20:40:56","date_gmt":"2016-03-03T19:40:56","guid":{"rendered":"http:\/\/web53.s259.goserver.host\/?page_id=566"},"modified":"2026-01-13T13:19:33","modified_gmt":"2026-01-13T11:19:33","slug":"impressum","status":"publish","type":"page","link":"https:\/\/hannover-living.de\/da\/impressum\/","title":{"rendered":"Juridisk meddelelse"},"content":{"rendered":"<div class=\"fl-col-group fl-node-5c5add02ac5bd\" data-node=\"5c5add02ac5bd\">\n<div class=\"fl-col fl-node-5c5add02ac5be\" data-node=\"5c5add02ac5be\">\n<div class=\"fl-col-content fl-node-content\">\n<div class=\"fl-module fl-module-heading fl-node-5c5add02ac5c1\" data-node=\"5c5add02ac5c1\">\n<div class=\"fl-module-content fl-node-content\">\n<h1 class=\"fl-heading\"><span class=\"fl-heading-text\">Juridisk meddelelse<\/span><\/h1>\n<\/div>\n<\/div>\n<\/div>\n<\/div>\n<\/div>\n<div class=\"fl-col-group fl-node-5c5add02ac5c5\" data-node=\"5c5add02ac5c5\">\n<div class=\"fl-col fl-node-5c5add02ac5c6\" data-node=\"5c5add02ac5c6\">\n<div class=\"fl-col-content fl-node-content\">\n<div class=\"fl-module fl-module-rich-text fl-node-5c5add02ac5bc\" data-node=\"5c5add02ac5bc\">\n<div class=\"fl-module-content fl-node-content\">\n<div class=\"fl-rich-text\">\n<h3>Oplysninger i henhold til \u00a7 5 DDG<\/h3>\n<\/div>\n<\/div>\n<\/div>\n<\/div>\n<\/div>\n<\/div>\n<p>Hannover Marketing og Tourismus GmbH<br \/>\nAdministrerende direkt\u00f8r:<br \/>\nChristian Katz<br \/>\nVahrenwalder Street 7<br \/>\n30165 Hanover<br \/>\ne-mail:\u00a0<a id=\"cryptemail_50a25944b67ac\" title=\"info@hannover-tourismus.de\" href=\"mailto:info@hannover-tourismus.de\">info@hannover-tourismus.de<\/a><br \/>\nTelefon: +49 511 12349-00<br \/>\nFax: +49 511 123490-10<\/p>\n<p class=\"emark\"><strong>Kontakt:<\/strong><br \/>\nDoreen Schmidtchen<br \/>\nTelefon: +49 511 168 349-31<br \/>\nFax: +49 511 123490-10<br \/>\nE-mail: schmidtchen@hannover-marketing.de<\/p>\n<p>Handelsregister: Sektion B nr. 59223<br \/>\nRegisterdomstol: Hannover<\/p>\n<p><strong>Salgsafgifts-ID<\/strong><br \/>\nMomsidentifikationsnummer i henhold til \u00a7 27 a i momsloven:<br \/>\nDE211133985<\/p>\n<p><strong>EU-tvistbil\u00e6ggelse<br \/>\n<\/strong>Europa-Kommissionen stiller en platform til r\u00e5dighed for onlinetvistbil\u00e6ggelse (OS):\u00a0<a href=\"https:\/\/ec.europa.eu\/consumers\/odr\" target=\"_blank\" rel=\"noopener noreferrer\">https:\/\/ec.europa.eu\/consumers\/odr<\/a>.<br \/>\nDu kan finde vores e-mailadresse i den juridiske meddelelse ovenfor.<\/p>\n<p><strong>Ansvar for indhold<br \/>\n<\/strong>Som tjenesteudbyder er vi ansvarlige for vores eget indhold p\u00e5 disse sider i overensstemmelse med \u00a7 7 (1) DDG og den generelle lovgivning. I henhold til \u00a7\u00a7 8 til 10 i DDG er vi som tjenesteudbyder dog ikke forpligtet til at overv\u00e5ge transmitterede eller lagrede oplysninger fra tredjepart eller til at unders\u00f8ge omst\u00e6ndigheder, der tyder p\u00e5 ulovlig aktivitet.<\/p>\n<p>Forpligtelser til at fjerne eller blokere brugen af oplysninger i overensstemmelse med generel lovgivning forbliver up\u00e5virket af dette. Ansvar i denne henseende er dog kun muligt fra det tidspunkt, hvor vi bliver opm\u00e6rksomme p\u00e5 en specifik overtr\u00e6delse. S\u00e5 snart vi bliver opm\u00e6rksomme p\u00e5 s\u00e5danne overtr\u00e6delser, vil vi straks fjerne dette indhold.<\/p>\n<p><strong>Ansvar for links<br \/>\n<\/strong>Vores hjemmeside indeholder links til eksterne tredjepartswebsteder, hvis indhold vi ikke har nogen indflydelse p\u00e5. Derfor kan vi ikke p\u00e5tage os noget ansvar for dette tredjepartsindhold. Den respektive udbyder eller operat\u00f8r af siderne er altid ansvarlig for indholdet af de linkede sider. De linkede sider blev kontrolleret for mulige lovovertr\u00e6delser p\u00e5 tidspunktet for linkningen. Ulovligt indhold kunne ikke genkendes p\u00e5 tidspunktet for sammenk\u00e6dningen.<\/p>\n<p>En permanent overv\u00e5gning af indholdet p\u00e5 de linkede sider er dog ikke rimelig uden konkrete beviser for en overtr\u00e6delse. Hvis vi bliver opm\u00e6rksomme p\u00e5 lovovertr\u00e6delser, vil vi straks fjerne s\u00e5danne links.<\/p>\n<p><strong>Ophavsret<br \/>\n<\/strong>Indholdet og v\u00e6rkerne, der er skabt af webstedsoperat\u00f8rerne p\u00e5 disse sider, er underlagt tysk lov om ophavsret. Kopiering, bearbejdning, distribution og enhver form for anvendelse uden for gr\u00e6nserne af ophavsretten kr\u00e6ver skriftligt samtykke fra den respektive forfatter eller skaber. Downloads og kopier af dette websted er kun tilladt til privat, ikke-kommerciel brug.<\/p>\n<p>For s\u00e5 vidt som indholdet p\u00e5 dette websted ikke er oprettet af operat\u00f8ren, respekteres tredjeparts ophavsret. Is\u00e6r er tredjepartsindhold m\u00e6rket som s\u00e5dan. Hvis du alligevel bliver opm\u00e6rksom p\u00e5 en kr\u00e6nkelse af ophavsretten, bedes du informere os herom. Hvis vi bliver opm\u00e6rksomme p\u00e5 overtr\u00e6delser, vil vi straks fjerne s\u00e5dant indhold.<\/p>\n<p>De oplysninger, som Hannover Marketing &amp; Tourismus GmbH stiller til r\u00e5dighed p\u00e5 sin hjemmeside, er genstand for konstant overv\u00e5gning og opdateres l\u00f8bende. Ikke desto mindre er det muligt, at data kan have \u00e6ndret sig i mellemtiden p\u00e5 trods af omhyggelig kontrol. Hannover Marketing &amp; Tourismus GmbH p\u00e5tager sig derfor intet ansvar eller nogen garanti for rigtigheden, fuldst\u00e6ndigheden og aktualiteten af de oplysninger, der stilles til r\u00e5dighed p\u00e5 disse sider. Dette g\u00e6lder ogs\u00e5 for alle hjemmesider, der henvises til via hyperlink p\u00e5 denne hjemmeside. Hannover Marketing &amp; Tourismus GmbH er ikke ansvarlig for indholdet p\u00e5 disse sider.<\/p>","protected":false},"excerpt":{"rendered":"<p>Impressum Angaben gem\u00e4\u00df \u00a7 5 DDG Hannover Marketing und Tourismus GmbH Gesch\u00e4ftsf\u00fchrer: Christian Katz Vahrenwalder Stra\u00dfe 7 30165 Hannover E-Mail:\u00a0info@hannover-tourismus.de Tel.: +49 511 12349-00 Fax: +49 511 123490-10 Kontakt: Doreen Schmidtchen Tel.: +49 511 168 349-31 Fax: +49 511 123490-10 E-Mail: schmidtchen@hannover-marketing.de Handelsregister: Abt. B Nr. 59223 Registergericht: Hannover Umsatzsteuer-ID Umsatzsteuer-Identifikationsnummer gem\u00e4\u00df \u00a7 27 a [&hellip;]<\/p>\n","protected":false},"author":3,"featured_media":0,"parent":0,"menu_order":3,"comment_status":"closed","ping_status":"closed","template":"","meta":{"footnotes":""},"class_list":["post-566","page","type-page","status-publish","hentry"],"_links":{"self":[{"href":"https:\/\/hannover-living.de\/da\/wp-json\/wp\/v2\/pages\/566","targetHints":{"allow":["GET"]}}],"collection":[{"href":"https:\/\/hannover-living.de\/da\/wp-json\/wp\/v2\/pages"}],"about":[{"href":"https:\/\/hannover-living.de\/da\/wp-json\/wp\/v2\/types\/page"}],"author":[{"embeddable":true,"href":"https:\/\/hannover-living.de\/da\/wp-json\/wp\/v2\/users\/3"}],"replies":[{"embeddable":true,"href":"https:\/\/hannover-living.de\/da\/wp-json\/wp\/v2\/comments?post=566"}],"version-history":[{"count":2,"href":"https:\/\/hannover-living.de\/da\/wp-json\/wp\/v2\/pages\/566\/revisions"}],"predecessor-version":[{"id":44329,"href":"https:\/\/hannover-living.de\/da\/wp-json\/wp\/v2\/pages\/566\/revisions\/44329"}],"wp:attachment":[{"href":"https:\/\/hannover-living.de\/da\/wp-json\/wp\/v2\/media?parent=566"}],"curies":[{"name":"wp","href":"https:\/\/api.w.org\/{rel}","templated":true}]}}