{"id":40275,"date":"2025-06-23T15:58:49","date_gmt":"2025-06-23T13:58:49","guid":{"rendered":"https:\/\/hannover-living.de\/?page_id=40275"},"modified":"2025-06-27T12:38:17","modified_gmt":"2025-06-27T10:38:17","slug":"accessibility-statement","status":"publish","type":"page","link":"https:\/\/hannover-living.de\/en\/accessibility-statement\/","title":{"rendered":"Declaration on accessibility"},"content":{"rendered":"<div data-elementor-type=\"wp-page\" data-elementor-id=\"40275\" class=\"elementor elementor-40275\" data-elementor-post-type=\"page\">\n\t\t\t\t<div class=\"elementor-element elementor-element-ebdc5d0 e-flex e-con-boxed e-con e-parent\" data-id=\"ebdc5d0\" data-element_type=\"container\" data-e-type=\"container\">\n\t\t\t\t\t<div class=\"e-con-inner\">\n\t\t\t\t<div class=\"elementor-element elementor-element-da82371 elementor-widget elementor-widget-heading\" data-id=\"da82371\" data-element_type=\"widget\" data-e-type=\"widget\" data-widget_type=\"heading.default\">\n\t\t\t\t<div class=\"elementor-widget-container\">\n\t\t\t\t\t<h1 class=\"elementor-heading-title elementor-size-default\">Declaration on accessibility<\/h1>\t\t\t\t<\/div>\n\t\t\t\t<\/div>\n\t\t\t\t<div class=\"elementor-element elementor-element-d82c378 elementor-widget elementor-widget-text-editor\" data-id=\"d82c378\" data-element_type=\"widget\" data-e-type=\"widget\" data-widget_type=\"text-editor.default\">\n\t\t\t\t<div class=\"elementor-widget-container\">\n\t\t\t\t\t\t\t\t\t<ol><li><strong> Scope of application<\/strong><\/li><\/ol><p style=\"padding-left: 40px;\">This declaration on accessibility applies to the website of the:<br \/><strong>Hannover Marketing and Tourismus GmbH (HMTG)<\/strong><br \/>www.hannover-living.de \/ http:\/\/www.hannover-tourismus.de \/ online shops at welcome.visit-hannover.com<\/p><ol start=\"2\"><li><strong> Legal basis<\/strong><\/li><\/ol><p style=\"padding-left: 40px;\">This website endeavours to maintain its web presence in accordance with the <strong>Accessibility Reinforcement Act (BFSG)<\/strong> and the <strong>Barrier-free Information Technology Ordinance (BITV 2.0)<\/strong> barrier-free accessibility.<\/p><ol start=\"3\"><li><strong> Status of compatibility with the requirements<\/strong><\/li><\/ol><p style=\"padding-left: 40px;\">This website is <strong>Partly barrier-free<\/strong>. The requirements of BITV 2.0 are partially fulfilled.<\/p><ol start=\"4\"><li><strong> Methodology of the audit<\/strong><\/li><\/ol><p style=\"padding-left: 40px;\">The accessibility check was carried out as part of a <strong>Self-assessment<\/strong> by the HMTG. Individual elements were randomly checked using technical testing tools. A comprehensive external audit is currently being planned.<\/p><ol start=\"5\"><li><strong> Non-accessible content<\/strong><\/li><\/ol><p style=\"padding-left: 40px;\">Some areas are currently still <strong>Not completely barrier-free<\/strong>:<\/p><ul><li style=\"list-style-type: none;\"><ul><li><strong>PDF documents and embedded media:<\/strong> Some older PDF files are not barrier-free. Embedded videos also do not always have subtitles or audio descriptions.<\/li><li><strong>Alternative texts:<\/strong> Images, especially in older articles, sometimes do not have sufficient alternative texts.<\/li><li><strong>Contrasts &amp; keyboard navigation:<\/strong> Certain navigation and design elements do not yet have sufficient contrast throughout or are not fully accessible via the keyboard.<\/li><\/ul><\/li><\/ul><p style=\"padding-left: 40px;\"><strong>Planned measures:<\/strong><\/p><ul><li style=\"list-style-type: none;\"><ul><li>Step-by-step revision of PDFs and image content.<\/li><li>Optimisation of colour contrasts and navigation.<\/li><li>Integration of accessible multimedia elements.<\/li><\/ul><\/li><\/ul><p style=\"padding-left: 40px;\"><strong>\u00a0<\/strong><\/p><ol start=\"6\"><li><strong> Barrier-free alternatives<\/strong><\/li><\/ol><p style=\"padding-left: 40px;\">For non-accessible content, we offer on request <strong>Alternative accessible formats<\/strong> (e.g. accessible PDFs or text-based information). Please use the contact option below.<\/p><ol start=\"7\"><li><strong> Preparation of the declaration<\/strong><\/li><\/ol><p style=\"padding-left: 40px;\">This declaration was issued on <strong>23 June 2025<\/strong> created and last updated on <strong>23 June 2025<\/strong> updated.<\/p><ol start=\"8\"><li><strong> Feedback and contact<\/strong><\/li><\/ol><p style=\"padding-left: 40px;\">If you notice any deficiencies with regard to the accessible design of our website or if you require information on non-accessible content, please do not hesitate to contact us:<\/p><p style=\"padding-left: 40px;\"><strong>Hannover Marketing and Tourismus GmbH<\/strong><br \/>Vahrenwalder Street 7<br \/>30165 Hanover<br \/>e-mail: <a href=\"mailto:info@hannover-tourismus.de\">info@hannover-tourismus.de<\/a><br \/>Phone: +49 (0)511 12345-0<\/p><ol start=\"9\"><li><strong> Enforcement proceedings<\/strong><\/li><\/ol><p style=\"padding-left: 40px;\">If you do not receive a satisfactory response to an accessibility enquiry about this website, you are welcome to contact the relevant enforcement body:<\/p><p style=\"padding-left: 40px;\"><strong>State Commissioner for Digital Accessibility Lower Saxony<\/strong><br \/>Lower Saxony Ministry of the Interior and Sport<br \/>Hanna-Arendt-Platz 2<br \/>30159 Hannover<br \/>e-mail: <a href=\"mailto:digitale-barrierefreiheit@mi.niedersachsen.de\">digitale-barrierefreiheit@mi.niedersachsen.de<\/a><br \/>Phone: +49 (0)511 120-0<br \/>Website: <a href=\"https:\/\/www.mi.niedersachsen.de\" target=\"_blank\" rel=\"noopener\">www.mi.niedersachsen.de<\/a><\/p>\t\t\t\t\t\t\t\t<\/div>\n\t\t\t\t<\/div>\n\t\t\t\t\t<\/div>\n\t\t\t\t<\/div>\n\t\t\t\t<\/div>","protected":false},"excerpt":{"rendered":"<p>Erkl\u00e4rung zur Barrierefreiheit Geltungsbereich Diese Erkl\u00e4rung zur Barrierefreiheit gilt f\u00fcr den Webauftritt der:Hannover Marketing und Tourismus GmbH (HMTG)www.hannover-living.de \/ http:\/\/www.hannover-tourismus.de \/ Onlinshops unter welcome.visit-hannover.com Rechtsgrundlagen Diese Website ist bem\u00fcht, ihren Webauftritt im Einklang mit dem Barrierefreiheitsst\u00e4rkungsgesetz (BFSG) und der Barrierefreie-Informationstechnik-Verordnung (BITV 2.0) barrierefrei zug\u00e4nglich zu machen. Stand der Vereinbarkeit mit den Anforderungen Dieser Webauftritt ist [&hellip;]<\/p>\n","protected":false},"author":1,"featured_media":0,"parent":0,"menu_order":0,"comment_status":"closed","ping_status":"closed","template":"","meta":{"footnotes":""},"class_list":["post-40275","page","type-page","status-publish","hentry"],"_links":{"self":[{"href":"https:\/\/hannover-living.de\/en\/wp-json\/wp\/v2\/pages\/40275","targetHints":{"allow":["GET"]}}],"collection":[{"href":"https:\/\/hannover-living.de\/en\/wp-json\/wp\/v2\/pages"}],"about":[{"href":"https:\/\/hannover-living.de\/en\/wp-json\/wp\/v2\/types\/page"}],"author":[{"embeddable":true,"href":"https:\/\/hannover-living.de\/en\/wp-json\/wp\/v2\/users\/1"}],"replies":[{"embeddable":true,"href":"https:\/\/hannover-living.de\/en\/wp-json\/wp\/v2\/comments?post=40275"}],"version-history":[{"count":9,"href":"https:\/\/hannover-living.de\/en\/wp-json\/wp\/v2\/pages\/40275\/revisions"}],"predecessor-version":[{"id":40305,"href":"https:\/\/hannover-living.de\/en\/wp-json\/wp\/v2\/pages\/40275\/revisions\/40305"}],"wp:attachment":[{"href":"https:\/\/hannover-living.de\/en\/wp-json\/wp\/v2\/media?parent=40275"}],"curies":[{"name":"wp","href":"https:\/\/api.w.org\/{rel}","templated":true}]}}