{"id":25277,"date":"2024-04-08T12:42:15","date_gmt":"2024-04-08T10:42:15","guid":{"rendered":"https:\/\/hannover-living.de\/?page_id=25277"},"modified":"2025-06-06T11:41:03","modified_gmt":"2025-06-06T09:41:03","slug":"contingente-disponible","status":"publish","type":"page","link":"https:\/\/hannover-living.de\/es\/contingente-disponible\/","title":{"rendered":"Cupo de llamadas a filas"},"content":{"rendered":"\t\t<div data-elementor-type=\"wp-page\" data-elementor-id=\"25277\" class=\"elementor elementor-25277\" data-elementor-post-type=\"page\">\n\t\t\t\t<div class=\"elementor-element elementor-element-9da11b4 e-flex e-con-boxed e-con e-parent\" data-id=\"9da11b4\" data-element_type=\"container\" data-e-type=\"container\">\n\t\t\t\t\t<div class=\"e-con-inner\">\n\t\t\t\t<div class=\"elementor-element elementor-element-02c9547 elementor-widget elementor-widget-heading\" data-id=\"02c9547\" data-element_type=\"widget\" data-e-type=\"widget\" data-widget_type=\"heading.default\">\n\t\t\t\t<div class=\"elementor-widget-container\">\n\t\t\t\t\t<h2 class=\"elementor-heading-title elementor-size-default\">Abrufkontingent f\u00fcr Veranstaltungen in Hannover sichern<\/h2>\t\t\t\t<\/div>\n\t\t\t\t<\/div>\n\t\t\t\t\t<\/div>\n\t\t\t\t<\/div>\n\t\t<div class=\"elementor-element elementor-element-8078c5e e-flex e-con-boxed e-con e-parent\" data-id=\"8078c5e\" data-element_type=\"container\" data-e-type=\"container\">\n\t\t\t\t\t<div class=\"e-con-inner\">\n\t\t\t\t<div class=\"elementor-element elementor-element-9fb5e0f elementor-widget elementor-widget-text-editor\" data-id=\"9fb5e0f\" data-element_type=\"widget\" data-e-type=\"widget\" data-widget_type=\"text-editor.default\">\n\t\t\t\t<div class=\"elementor-widget-container\">\n\t\t\t\t\t\t\t\t\t<h3 data-start=\"551\" data-end=\"583\">Was ist ein Abrufkontingent?<\/h3><p data-start=\"585\" data-end=\"921\">Ein Abrufkontingent bezeichnet eine vorab vereinbarte Anzahl an Hotelzimmern, die f\u00fcr eine bestimmte Gruppe oder Veranstaltung reserviert, jedoch flexibel abgerufen werden k\u00f6nnen. Dieses Verfahren ist ideal f\u00fcr Veranstaltungen, Tagungen oder Firmenmeetings, bei denen Teilnehmer die M\u00f6glichkeit haben, individuell ihre Zimmer zu buchen.<\/p><h3 data-start=\"923\" data-end=\"973\">Vorteile f\u00fcr Gruppenreisen und Veranstaltungen<\/h3><p data-start=\"975\" data-end=\"1337\">Abrufkontingente bieten eine gro\u00dfe Flexibilit\u00e4t, da die Buchungen innerhalb eines festgelegten Zeitraums direkt durch die Teilnehmer oder G\u00e4ste vorgenommen werden k\u00f6nnen. Das erm\u00f6glicht eine einfache Koordination und eine transparente Abrechnung. Auch f\u00fcr Unternehmen, die Gesch\u00e4ftsreisende oder G\u00e4ste unterbringen m\u00f6chten, ist diese Option eine beliebte L\u00f6sung.<\/p><p data-start=\"975\" data-end=\"1337\"><strong>Abrufkontingente mit Hannover Living<\/strong><\/p><p>Ein durchdachtes <strong data-start=\"254\" data-end=\"273\">Abrufkontingent<\/strong> ist der Schl\u00fcssel zu einer reibungslosen Veranstaltungsplanung. Ob Firmenevent, Kongress oder Hochzeit \u2013 mit einem passenden Zimmerkontingent f\u00fcr Eure G\u00e4ste spart Ihr Zeit, reduziert Aufwand und sorgt f\u00fcr Zufriedenheit. Hannover bietet hierf\u00fcr eine strukturierte L\u00f6sung, die individuell auf Eure Veranstaltung abgestimmt ist.<\/p><h3 class=\"\" data-start=\"1760\" data-end=\"1814\"><strong data-start=\"1764\" data-end=\"1814\">Ablauf der Buchung \u2013 so einfach funktioniert\u2019s<\/strong><\/h3><ol data-start=\"1816\" data-end=\"2288\"><li class=\"\" data-start=\"1816\" data-end=\"2058\"><p class=\"\" data-start=\"1819\" data-end=\"2058\">Ihr f\u00fcllt das Formular mit den Eckdaten Eurer Veranstaltung.<\/p><\/li><li class=\"\" data-start=\"2059\" data-end=\"2136\"><p class=\"\" data-start=\"2062\" data-end=\"2136\">Ein individuelles Abrufkontingent wird in verschiedenen\u00a0 Hotels eingerichtet.<\/p><\/li><li class=\"\" data-start=\"2137\" data-end=\"2205\"><p class=\"\" data-start=\"2140\" data-end=\"2205\">Eure G\u00e4ste erhalten einen Buchungslink mit pers\u00f6nlichem Kennwort.<\/p><\/li><li class=\"\" data-start=\"2206\" data-end=\"2288\"><p class=\"\" data-start=\"2209\" data-end=\"2288\">Die Zimmer k\u00f6nnen bis zu einem festgelegten Datum verbindlich abgerufen werden.<\/p><\/li><\/ol>\t\t\t\t\t\t\t\t<\/div>\n\t\t\t\t<\/div>\n\t\t\t\t\t<\/div>\n\t\t\t\t<\/div>\n\t\t\t\t<section class=\"elementor-section elementor-top-section elementor-element elementor-element-66a98bf elementor-section-boxed elementor-section-height-default elementor-section-height-default\" data-id=\"66a98bf\" data-element_type=\"section\" data-e-type=\"section\">\n\t\t\t\t\t\t<div class=\"elementor-container elementor-column-gap-default\">\n\t\t\t\t\t<div class=\"elementor-column elementor-col-100 elementor-top-column elementor-element elementor-element-fd4b766\" data-id=\"fd4b766\" data-element_type=\"column\" data-e-type=\"column\" data-settings=\"{&quot;background_background&quot;:&quot;classic&quot;}\">\n\t\t\t<div class=\"elementor-widget-wrap elementor-element-populated\">\n\t\t\t\t\t\t<div class=\"elementor-element elementor-element-6799bb2 elementor-button-align-stretch elementor-widget elementor-widget-form\" data-id=\"6799bb2\" data-element_type=\"widget\" data-e-type=\"widget\" data-settings=\"{&quot;step_next_label&quot;:&quot;N\\u00e4chster&quot;,&quot;step_previous_label&quot;:&quot;Voriger&quot;,&quot;button_width&quot;:&quot;100&quot;,&quot;step_type&quot;:&quot;number_text&quot;,&quot;step_icon_shape&quot;:&quot;circle&quot;}\" data-widget_type=\"form.default\">\n\t\t\t\t<div class=\"elementor-widget-container\">\n\t\t\t\t\t\t\t<form class=\"elementor-form\" method=\"post\" name=\"Neues Formular\" aria-label=\"Neues Formular\">\n\t\t\t<input type=\"hidden\" name=\"post_id\" value=\"25277\"\/>\n\t\t\t<input type=\"hidden\" name=\"form_id\" value=\"6799bb2\"\/>\n\t\t\t<input type=\"hidden\" name=\"referer_title\" value=\"Abrufkontingente in Hannover | Hannover-Living\" \/>\n\n\t\t\t\t\t\t\t<input type=\"hidden\" name=\"queried_id\" value=\"25277\"\/>\n\t\t\t\n\t\t\t<div class=\"elementor-form-fields-wrapper elementor-labels-above\">\n\t\t\t\t\t\t\t\t<div class=\"elementor-field-type-text elementor-field-group elementor-column elementor-field-group-name elementor-col-100 elementor-field-required\">\n\t\t\t\t\t\t\t\t\t\t\t\t<label for=\"form-field-name\" class=\"elementor-field-label\">\n\t\t\t\t\t\t\t\tVeranstaltung*\t\t\t\t\t\t\t<\/label>\n\t\t\t\t\t\t\t\t\t\t\t\t\t\t<input size=\"1\" type=\"text\" name=\"form_fields[name]\" id=\"form-field-name\" class=\"elementor-field elementor-size-sm  elementor-field-textual\" placeholder=\"Veranstaltung\" required=\"required\">\n\t\t\t\t\t\t\t\t\t\t\t<\/div>\n\t\t\t\t\t\t\t\t<div class=\"elementor-field-type-text elementor-field-group elementor-column elementor-field-group-field_0a92959 elementor-col-50 elementor-field-required\">\n\t\t\t\t\t\t\t\t\t\t\t\t<label for=\"form-field-field_0a92959\" class=\"elementor-field-label\">\n\t\t\t\t\t\t\t\tAnzahl Einzelzimmer*\t\t\t\t\t\t\t<\/label>\n\t\t\t\t\t\t\t\t\t\t\t\t\t\t<input size=\"1\" type=\"text\" name=\"form_fields[field_0a92959]\" id=\"form-field-field_0a92959\" class=\"elementor-field elementor-size-sm  elementor-field-textual\" placeholder=\"Anzahl Einzelzimmer\" required=\"required\">\n\t\t\t\t\t\t\t\t\t\t\t<\/div>\n\t\t\t\t\t\t\t\t<div class=\"elementor-field-type-text elementor-field-group elementor-column elementor-field-group-field_3999d63 elementor-col-50 elementor-field-required\">\n\t\t\t\t\t\t\t\t\t\t\t\t<label for=\"form-field-field_3999d63\" class=\"elementor-field-label\">\n\t\t\t\t\t\t\t\tAnzahl Doppelzimmer*\t\t\t\t\t\t\t<\/label>\n\t\t\t\t\t\t\t\t\t\t\t\t\t\t<input size=\"1\" type=\"text\" name=\"form_fields[field_3999d63]\" id=\"form-field-field_3999d63\" class=\"elementor-field elementor-size-sm  elementor-field-textual\" placeholder=\"Anzahl Doppelzimmer\" required=\"required\">\n\t\t\t\t\t\t\t\t\t\t\t<\/div>\n\t\t\t\t\t\t\t\t<div class=\"elementor-field-type-text elementor-field-group elementor-column elementor-field-group-field_b82903e elementor-col-50 elementor-field-required\">\n\t\t\t\t\t\t\t\t\t\t\t\t<label for=\"form-field-field_b82903e\" class=\"elementor-field-label\">\n\t\t\t\t\t\t\t\tAnreise*\t\t\t\t\t\t\t<\/label>\n\t\t\t\t\t\t\t\t\t\t\t\t\t\t<input size=\"1\" type=\"text\" name=\"form_fields[field_b82903e]\" id=\"form-field-field_b82903e\" class=\"elementor-field elementor-size-sm  elementor-field-textual\" placeholder=\"Anreise\" required=\"required\">\n\t\t\t\t\t\t\t\t\t\t\t<\/div>\n\t\t\t\t\t\t\t\t<div class=\"elementor-field-type-text elementor-field-group elementor-column elementor-field-group-field_e17e8cc elementor-col-50 elementor-field-required\">\n\t\t\t\t\t\t\t\t\t\t\t\t<label for=\"form-field-field_e17e8cc\" class=\"elementor-field-label\">\n\t\t\t\t\t\t\t\tAbreise*\t\t\t\t\t\t\t<\/label>\n\t\t\t\t\t\t\t\t\t\t\t\t\t\t<input size=\"1\" type=\"text\" name=\"form_fields[field_e17e8cc]\" id=\"form-field-field_e17e8cc\" class=\"elementor-field elementor-size-sm  elementor-field-textual\" placeholder=\"Abreise\" required=\"required\">\n\t\t\t\t\t\t\t\t\t\t\t<\/div>\n\t\t\t\t\t\t\t\t<div class=\"elementor-field-type-select elementor-field-group elementor-column elementor-field-group-field_8b5e150 elementor-col-50\">\n\t\t\t\t\t\t\t\t\t\t\t\t<label for=\"form-field-field_8b5e150\" class=\"elementor-field-label\">\n\t\t\t\t\t\t\t\tgew\u00fcnschte Hotelkategorie\t\t\t\t\t\t\t<\/label>\n\t\t\t\t\t\t\t\t<div class=\"elementor-field elementor-select-wrapper remove-before \">\n\t\t\t<div class=\"select-caret-down-wrapper\">\n\t\t\t\t<svg aria-hidden=\"true\" class=\"e-font-icon-svg e-eicon-caret-down\" viewBox=\"0 0 571.4 571.4\" xmlns=\"http:\/\/www.w3.org\/2000\/svg\"><path d=\"M571 393Q571 407 561 418L311 668Q300 679 286 679T261 668L11 418Q0 407 0 393T11 368 36 357H536Q550 357 561 368T571 393Z\"><\/path><\/svg>\t\t\t<\/div>\n\t\t\t<select name=\"form_fields[field_8b5e150]\" id=\"form-field-field_8b5e150\" class=\"elementor-field-textual elementor-size-sm\">\n\t\t\t\t\t\t\t\t\t<option value=\"\"><\/option>\n\t\t\t\t\t\t\t\t\t<option value=\"5*****\">5*****<\/option>\n\t\t\t\t\t\t\t\t\t<option value=\"4****\">4****<\/option>\n\t\t\t\t\t\t\t\t\t<option value=\"3***\">3***<\/option>\n\t\t\t\t\t\t\t\t\t<option value=\"2**\">2**<\/option>\n\t\t\t\t\t\t\t\t\t<option value=\"\"><\/option>\n\t\t\t\t\t\t\t<\/select>\n\t\t<\/div>\n\t\t\t\t\t\t<\/div>\n\t\t\t\t\t\t\t\t<div class=\"elementor-field-type-select elementor-field-group elementor-column elementor-field-group-field_f1ea653 elementor-col-50\">\n\t\t\t\t\t\t\t\t\t\t\t\t<label for=\"form-field-field_f1ea653\" class=\"elementor-field-label\">\n\t\t\t\t\t\t\t\tLage\t\t\t\t\t\t\t<\/label>\n\t\t\t\t\t\t\t\t<div class=\"elementor-field elementor-select-wrapper remove-before \">\n\t\t\t<div class=\"select-caret-down-wrapper\">\n\t\t\t\t<svg aria-hidden=\"true\" class=\"e-font-icon-svg e-eicon-caret-down\" viewBox=\"0 0 571.4 571.4\" xmlns=\"http:\/\/www.w3.org\/2000\/svg\"><path d=\"M571 393Q571 407 561 418L311 668Q300 679 286 679T261 668L11 418Q0 407 0 393T11 368 36 357H536Q550 357 561 368T571 393Z\"><\/path><\/svg>\t\t\t<\/div>\n\t\t\t<select name=\"form_fields[field_f1ea653]\" id=\"form-field-field_f1ea653\" class=\"elementor-field-textual elementor-size-sm\">\n\t\t\t\t\t\t\t\t\t<option value=\"\"><\/option>\n\t\t\t\t\t\t\t\t\t<option value=\"Flughafen Hannover\">Flughafen Hannover<\/option>\n\t\t\t\t\t\t\t\t\t<option value=\"Hauptbahnhof Hannover\">Hauptbahnhof Hannover<\/option>\n\t\t\t\t\t\t\t\t\t<option value=\"Messegel\u00e4nde Hannover\">Messegel\u00e4nde Hannover<\/option>\n\t\t\t\t\t\t\t\t\t<option value=\"Herrenhausen\">Herrenhausen<\/option>\n\t\t\t\t\t\t\t\t\t<option value=\"Innenstadt\">Innenstadt<\/option>\n\t\t\t\t\t\t\t\t\t<option value=\"Universit\u00e4t\">Universit\u00e4t<\/option>\n\t\t\t\t\t\t\t\t\t<option value=\"Hannover Congress Centrum\">Hannover Congress Centrum<\/option>\n\t\t\t\t\t\t\t<\/select>\n\t\t<\/div>\n\t\t\t\t\t\t<\/div>\n\t\t\t\t\t\t\t\t<div class=\"elementor-field-type-textarea elementor-field-group elementor-column elementor-field-group-message elementor-col-100\">\n\t\t\t\t\t\t\t\t\t\t\t\t<label for=\"form-field-message\" class=\"elementor-field-label\">\n\t\t\t\t\t\t\t\tNachricht\t\t\t\t\t\t\t<\/label>\n\t\t\t\t\t\t<textarea class=\"elementor-field-textual elementor-field  elementor-size-sm\" name=\"form_fields[message]\" id=\"form-field-message\" rows=\"4\" placeholder=\"Nachricht\"><\/textarea>\t\t\t\t<\/div>\n\t\t\t\t\t\t\t\t<div class=\"elementor-field-type-text elementor-field-group elementor-column elementor-field-group-field_660ca3b elementor-col-70\">\n\t\t\t\t\t\t\t\t\t\t\t\t<label for=\"form-field-field_660ca3b\" class=\"elementor-field-label\">\n\t\t\t\t\t\t\t\tFirma\t\t\t\t\t\t\t<\/label>\n\t\t\t\t\t\t\t\t\t\t\t\t\t\t<input size=\"1\" type=\"text\" name=\"form_fields[field_660ca3b]\" id=\"form-field-field_660ca3b\" class=\"elementor-field elementor-size-sm  elementor-field-textual\" placeholder=\"Firma\">\n\t\t\t\t\t\t\t\t\t\t\t<\/div>\n\t\t\t\t\t\t\t\t<div class=\"elementor-field-type-text elementor-field-group elementor-column elementor-field-group-field_aaa86d0 elementor-col-70 elementor-field-required\">\n\t\t\t\t\t\t\t\t\t\t\t\t<label for=\"form-field-field_aaa86d0\" class=\"elementor-field-label\">\n\t\t\t\t\t\t\t\tNachname\/ Vorname*\t\t\t\t\t\t\t<\/label>\n\t\t\t\t\t\t\t\t\t\t\t\t\t\t<input size=\"1\" type=\"text\" name=\"form_fields[field_aaa86d0]\" id=\"form-field-field_aaa86d0\" class=\"elementor-field elementor-size-sm  elementor-field-textual\" placeholder=\"Nachname\/ Vorname\" required=\"required\">\n\t\t\t\t\t\t\t\t\t\t\t<\/div>\n\t\t\t\t\t\t\t\t<div class=\"elementor-field-type-text elementor-field-group elementor-column elementor-field-group-field_5200153 elementor-col-70\">\n\t\t\t\t\t\t\t\t\t\t\t\t<label for=\"form-field-field_5200153\" class=\"elementor-field-label\">\n\t\t\t\t\t\t\t\tStra\u00dfe\t\t\t\t\t\t\t<\/label>\n\t\t\t\t\t\t\t\t\t\t\t\t\t\t<input size=\"1\" type=\"text\" name=\"form_fields[field_5200153]\" id=\"form-field-field_5200153\" class=\"elementor-field elementor-size-sm  elementor-field-textual\" placeholder=\"Stra\u00dfe\">\n\t\t\t\t\t\t\t\t\t\t\t<\/div>\n\t\t\t\t\t\t\t\t<div class=\"elementor-field-type-text elementor-field-group elementor-column elementor-field-group-field_1ee0ffc elementor-col-70\">\n\t\t\t\t\t\t\t\t\t\t\t\t<label for=\"form-field-field_1ee0ffc\" class=\"elementor-field-label\">\n\t\t\t\t\t\t\t\tPostleitzahl, Ort\t\t\t\t\t\t\t<\/label>\n\t\t\t\t\t\t\t\t\t\t\t\t\t\t<input size=\"1\" type=\"text\" name=\"form_fields[field_1ee0ffc]\" id=\"form-field-field_1ee0ffc\" class=\"elementor-field elementor-size-sm  elementor-field-textual\" placeholder=\"Stra\u00dfe\">\n\t\t\t\t\t\t\t\t\t\t\t<\/div>\n\t\t\t\t\t\t\t\t<div class=\"elementor-field-type-text elementor-field-group elementor-column elementor-field-group-field_133a34b elementor-col-70 elementor-field-required\">\n\t\t\t\t\t\t\t\t\t\t\t\t<label for=\"form-field-field_133a34b\" class=\"elementor-field-label\">\n\t\t\t\t\t\t\t\tTelefon*\t\t\t\t\t\t\t<\/label>\n\t\t\t\t\t\t\t\t\t\t\t\t\t\t<input size=\"1\" type=\"text\" name=\"form_fields[field_133a34b]\" id=\"form-field-field_133a34b\" class=\"elementor-field elementor-size-sm  elementor-field-textual\" placeholder=\"Telefon\" required=\"required\">\n\t\t\t\t\t\t\t\t\t\t\t<\/div>\n\t\t\t\t\t\t\t\t<div class=\"elementor-field-type-text elementor-field-group elementor-column elementor-field-group-field_6fe21ec elementor-col-70 elementor-field-required\">\n\t\t\t\t\t\t\t\t\t\t\t\t<label for=\"form-field-field_6fe21ec\" class=\"elementor-field-label\">\n\t\t\t\t\t\t\t\tE-Mail*\t\t\t\t\t\t\t<\/label>\n\t\t\t\t\t\t\t\t\t\t\t\t\t\t<input size=\"1\" type=\"text\" name=\"form_fields[field_6fe21ec]\" id=\"form-field-field_6fe21ec\" class=\"elementor-field elementor-size-sm  elementor-field-textual\" placeholder=\"E-Mail\" required=\"required\">\n\t\t\t\t\t\t\t\t\t\t\t<\/div>\n\t\t\t\t\t\t\t\t<div class=\"elementor-field-group elementor-column elementor-field-type-submit elementor-col-100 e-form__buttons\">\n\t\t\t\t\t<button class=\"elementor-button elementor-size-sm\" type=\"submit\">\n\t\t\t\t\t\t<span class=\"elementor-button-content-wrapper\">\n\t\t\t\t\t\t\t\t\t\t\t\t\t\t\t\t\t\t\t\t\t\t<span class=\"elementor-button-text\">Senden<\/span>\n\t\t\t\t\t\t\t\t\t\t\t\t\t<\/span>\n\t\t\t\t\t<\/button>\n\t\t\t\t<\/div>\n\t\t\t<\/div>\n\t\t<\/form>\n\t\t\t\t\t\t<\/div>\n\t\t\t\t<\/div>\n\t\t\t\t<div class=\"elementor-element elementor-element-7af30ce elementor-widget elementor-widget-text-editor\" data-id=\"7af30ce\" data-element_type=\"widget\" data-e-type=\"widget\" data-widget_type=\"text-editor.default\">\n\t\t\t\t<div class=\"elementor-widget-container\">\n\t\t\t\t\t\t\t\t\t<p><strong>Hinweis:<\/strong> Ihre Daten werden ausschlie\u00dflich zur Bearbeitung Ihrer Buchung verwendet und streng vertraulich behandelt. Die Angabe personenbezogener Daten erfolgt freiwillig und auf eigene Verantwortung.<\/p><p><span style=\"color: var( --e-global-color-text ); font-family: var( --e-global-typography-text-font-family ), Sans-serif; font-size: var( --e-global-typography-text-font-size ); font-weight: var( --e-global-typography-text-font-weight );\"><strong>Achtung:<\/strong> Bitte f\u00fcllen Sie das Formular aus. Felder, die mit einem Sternchen (*) markiert sind, m\u00fcssen ausgef\u00fcllt werden.<\/span><\/p>\t\t\t\t\t\t\t\t<\/div>\n\t\t\t\t<\/div>\n\t\t\t\t<div class=\"elementor-element elementor-element-b783edb elementor-widget elementor-widget-text-editor\" data-id=\"b783edb\" data-element_type=\"widget\" data-e-type=\"widget\" data-widget_type=\"text-editor.default\">\n\t\t\t\t<div class=\"elementor-widget-container\">\n\t\t\t\t\t\t\t\t\t<p>Ein durchdachtes <strong data-start=\"254\" data-end=\"273\">Abrufkontingent<\/strong> ist der Schl\u00fcssel zu einer reibungslosen Veranstaltungsplanung. Ob Firmenevent, Kongress oder Hochzeit \u2013 mit einem passenden Zimmerkontingent f\u00fcr Eure G\u00e4ste spart Ihr Zeit, reduziert Aufwand und sorgt f\u00fcr Zufriedenheit. Hannover bietet hierf\u00fcr eine strukturierte L\u00f6sung, die individuell auf Eure Veranstaltung abgestimmt ist.<\/p>\t\t\t\t\t\t\t\t<\/div>\n\t\t\t\t<\/div>\n\t\t\t\t\t<\/div>\n\t\t<\/div>\n\t\t\t\t\t<\/div>\n\t\t<\/section>\n\t\t\t\t<\/div>\n\t\t","protected":false},"excerpt":{"rendered":"<p>\u00bfLe interesan las reservas hoteleras flexibles para grupos en Hannover? Inf\u00f3rmese aqu\u00ed de todo lo relacionado con el contingente de convocatoria y c\u00f3mo puede aprovecharlo al m\u00e1ximo.<\/p>","protected":false},"author":7,"featured_media":0,"parent":0,"menu_order":0,"comment_status":"closed","ping_status":"closed","template":"elementor_canvas","meta":{"footnotes":""},"class_list":["post-25277","page","type-page","status-publish","hentry"],"_links":{"self":[{"href":"https:\/\/hannover-living.de\/es\/wp-json\/wp\/v2\/pages\/25277","targetHints":{"allow":["GET"]}}],"collection":[{"href":"https:\/\/hannover-living.de\/es\/wp-json\/wp\/v2\/pages"}],"about":[{"href":"https:\/\/hannover-living.de\/es\/wp-json\/wp\/v2\/types\/page"}],"author":[{"embeddable":true,"href":"https:\/\/hannover-living.de\/es\/wp-json\/wp\/v2\/users\/7"}],"replies":[{"embeddable":true,"href":"https:\/\/hannover-living.de\/es\/wp-json\/wp\/v2\/comments?post=25277"}],"version-history":[{"count":9,"href":"https:\/\/hannover-living.de\/es\/wp-json\/wp\/v2\/pages\/25277\/revisions"}],"predecessor-version":[{"id":39283,"href":"https:\/\/hannover-living.de\/es\/wp-json\/wp\/v2\/pages\/25277\/revisions\/39283"}],"wp:attachment":[{"href":"https:\/\/hannover-living.de\/es\/wp-json\/wp\/v2\/media?parent=25277"}],"curies":[{"name":"wp","href":"https:\/\/api.w.org\/{rel}","templated":true}]}}