{"id":20508,"date":"2023-12-13T10:05:17","date_gmt":"2023-12-13T09:05:17","guid":{"rendered":"https:\/\/hannover-living.de\/?page_id=20508"},"modified":"2023-12-13T10:05:17","modified_gmt":"2023-12-13T09:05:17","slug":"klubit-diskot","status":"publish","type":"page","link":"https:\/\/hannover-living.de\/fi\/yoeelaemae\/klubit-diskot\/","title":{"rendered":"Klubit ja diskot"},"content":{"rendered":"<div data-elementor-type=\"wp-page\" data-elementor-id=\"20508\" class=\"elementor elementor-20508\" data-elementor-post-type=\"page\">\n\t\t\t\t\t\t<section class=\"elementor-section elementor-top-section elementor-element elementor-element-037c6bd elementor-section-boxed elementor-section-height-default elementor-section-height-default\" data-id=\"037c6bd\" data-element_type=\"section\" data-e-type=\"section\" data-settings=\"{&quot;background_background&quot;:&quot;classic&quot;}\">\n\t\t\t\t\t\t<div class=\"elementor-container elementor-column-gap-no\">\n\t\t\t\t\t<div class=\"elementor-column elementor-col-100 elementor-top-column elementor-element elementor-element-19c51d2\" data-id=\"19c51d2\" data-element_type=\"column\" data-e-type=\"column\" data-settings=\"{&quot;background_background&quot;:&quot;classic&quot;}\">\n\t\t\t<div class=\"elementor-widget-wrap elementor-element-populated\">\n\t\t\t\t\t\t<section class=\"elementor-section elementor-inner-section elementor-element elementor-element-4a04faa elementor-section-boxed elementor-section-height-default elementor-section-height-default\" data-id=\"4a04faa\" data-element_type=\"section\" data-e-type=\"section\">\n\t\t\t\t\t\t<div class=\"elementor-container elementor-column-gap-default\">\n\t\t\t\t\t<div class=\"elementor-column elementor-col-100 elementor-inner-column elementor-element elementor-element-24e34ce\" data-id=\"24e34ce\" data-element_type=\"column\" data-e-type=\"column\" data-settings=\"{&quot;background_background&quot;:&quot;classic&quot;}\">\n\t\t\t<div class=\"elementor-widget-wrap elementor-element-populated\">\n\t\t\t\t\t\t<div class=\"elementor-element elementor-element-4a2b264 elementor-cta--skin-cover elementor-hidden-phone elementor-hidden-tablet elementor-animated-content elementor-bg-transform elementor-bg-transform-zoom-in elementor-widget elementor-widget-call-to-action\" data-id=\"4a2b264\" data-element_type=\"widget\" data-e-type=\"widget\" data-widget_type=\"call-to-action.default\">\n\t\t\t\t<div class=\"elementor-widget-container\">\n\t\t\t\t\t\t\t<div class=\"elementor-cta\">\n\t\t\t\t\t<div class=\"elementor-cta__bg-wrapper\">\n\t\t\t\t<div class=\"elementor-cta__bg elementor-bg\" style=\"background-image: url(https:\/\/hannover-living.de\/wp-content\/uploads\/2021\/07\/Glitterbox_4_3-e1640107512242.jpg);\" role=\"img\" aria-label=\"Glitterbox puolue\"><\/div>\n\t\t\t\t<div class=\"elementor-cta__bg-overlay\"><\/div>\n\t\t\t<\/div>\n\t\t\t\t\t\t\t<div class=\"elementor-cta__content\">\n\t\t\t\t\n\t\t\t\t\t\t\t\t\t<h2 class=\"elementor-cta__title elementor-cta__content-item elementor-content-item elementor-animated-item--grow\">\n\t\t\t\t\t\tKlubit ja diskot\t\t\t\t\t<\/h2>\n\t\t\t\t\n\t\t\t\t\n\t\t\t\t\t\t\t<\/div>\n\t\t\t\t\t\t<\/div>\n\t\t\t\t\t\t<\/div>\n\t\t\t\t<\/div>\n\t\t\t\t\t<\/div>\n\t\t<\/div>\n\t\t\t\t\t<\/div>\n\t\t<\/section>\n\t\t\t\t\t<\/div>\n\t\t<\/div>\n\t\t\t\t\t<\/div>\n\t\t<\/section>\n\t\t\t\t<section class=\"elementor-section elementor-top-section elementor-element elementor-element-0d4f03f elementor-section-boxed elementor-section-height-default elementor-section-height-default\" data-id=\"0d4f03f\" data-element_type=\"section\" data-e-type=\"section\">\n\t\t\t\t\t\t<div class=\"elementor-container elementor-column-gap-default\">\n\t\t\t\t\t<div class=\"elementor-column elementor-col-100 elementor-top-column elementor-element elementor-element-ef78c9b\" data-id=\"ef78c9b\" data-element_type=\"column\" data-e-type=\"column\">\n\t\t\t<div class=\"elementor-widget-wrap elementor-element-populated\">\n\t\t\t\t\t\t<div class=\"elementor-element elementor-element-4ccfad5 elementor-widget elementor-widget-jet-listing-grid\" data-id=\"4ccfad5\" data-element_type=\"widget\" data-e-type=\"widget\" data-settings=\"{&quot;columns&quot;:3,&quot;columns_tablet&quot;:&quot;2&quot;,&quot;columns_mobile&quot;:&quot;1&quot;}\" data-widget_type=\"jet-listing-grid.default\">\n\t\t\t\t<div class=\"elementor-widget-container\">\n\t\t\t\t\t<div class=\"jet-listing-notice\">Valitse listaus n\u00e4ytt\u00e4\u00e4ksesi.<\/div>\t\t\t\t<\/div>\n\t\t\t\t<\/div>\n\t\t\t\t\t<\/div>\n\t\t<\/div>\n\t\t\t\t\t<\/div>\n\t\t<\/section>\n\t\t\t\t<\/div>","protected":false},"excerpt":{"rendered":"<p>Klubit ja diskot Etsi lis\u00e4\u00e4 Etsi lis\u00e4\u00e4 Etsi lis\u00e4\u00e4 Etsi lis\u00e4\u00e4 Etsi lis\u00e4\u00e4 Etsi lis\u00e4\u00e4 Etsi lis\u00e4\u00e4 Etsi lis\u00e4\u00e4 Etsi lis\u00e4\u00e4 Etsi lis\u00e4\u00e4 Etsi lis\u00e4\u00e4 Etsi lis\u00e4\u00e4 Etsi lis\u00e4\u00e4 Etsi lis\u00e4\u00e4 Etsi lis\u00e4\u00e4 Etsi lis\u00e4\u00e4 Etsi lis\u00e4\u00e4 Etsi lis\u00e4\u00e4 Etsi lis\u00e4\u00e4 Etsi lis\u00e4\u00e4 Etsi lis\u00e4\u00e4 Etsi lis\u00e4\u00e4 Etsi lis\u00e4\u00e4 Etsi lis\u00e4\u00e4 Etsi lis\u00e4\u00e4 Etsi lis\u00e4\u00e4 Etsi lis\u00e4\u00e4 Etsi lis\u00e4\u00e4 Etsi lis\u00e4\u00e4 Etsi lis\u00e4\u00e4 Etsi lis\u00e4\u00e4 &nbsp;<\/p>","protected":false},"author":1,"featured_media":0,"parent":4776,"menu_order":0,"comment_status":"closed","ping_status":"closed","template":"","meta":{"footnotes":""},"class_list":["post-20508","page","type-page","status-publish","hentry"],"_links":{"self":[{"href":"https:\/\/hannover-living.de\/fi\/wp-json\/wp\/v2\/pages\/20508","targetHints":{"allow":["GET"]}}],"collection":[{"href":"https:\/\/hannover-living.de\/fi\/wp-json\/wp\/v2\/pages"}],"about":[{"href":"https:\/\/hannover-living.de\/fi\/wp-json\/wp\/v2\/types\/page"}],"author":[{"embeddable":true,"href":"https:\/\/hannover-living.de\/fi\/wp-json\/wp\/v2\/users\/1"}],"replies":[{"embeddable":true,"href":"https:\/\/hannover-living.de\/fi\/wp-json\/wp\/v2\/comments?post=20508"}],"version-history":[{"count":0,"href":"https:\/\/hannover-living.de\/fi\/wp-json\/wp\/v2\/pages\/20508\/revisions"}],"up":[{"embeddable":true,"href":"https:\/\/hannover-living.de\/fi\/wp-json\/wp\/v2\/pages\/4776"}],"wp:attachment":[{"href":"https:\/\/hannover-living.de\/fi\/wp-json\/wp\/v2\/media?parent=20508"}],"curies":[{"name":"wp","href":"https:\/\/api.w.org\/{rel}","templated":true}]}}