{"id":23032,"date":"2024-02-26T12:26:10","date_gmt":"2024-02-26T11:26:10","guid":{"rendered":"https:\/\/hannover-living.de\/?page_id=23032"},"modified":"2024-02-26T12:26:10","modified_gmt":"2024-02-26T11:26:10","slug":"italialainen-keittioe","status":"publish","type":"page","link":"https:\/\/hannover-living.de\/fi\/ravintolat\/italialainen-keittioe\/","title":{"rendered":"Italialainen keitti\u00f6"},"content":{"rendered":"<div data-elementor-type=\"wp-page\" data-elementor-id=\"23032\" class=\"elementor elementor-23032\" data-elementor-post-type=\"page\">\n\t\t\t\t\t\t<section class=\"elementor-section elementor-top-section elementor-element elementor-element-28774b0 elementor-section-boxed elementor-section-height-default elementor-section-height-default\" data-id=\"28774b0\" data-element_type=\"section\" data-e-type=\"section\">\n\t\t\t\t\t\t<div class=\"elementor-container elementor-column-gap-default\">\n\t\t\t\t\t<div class=\"elementor-column elementor-col-100 elementor-top-column elementor-element elementor-element-44b6d7c\" data-id=\"44b6d7c\" data-element_type=\"column\" data-e-type=\"column\">\n\t\t\t<div class=\"elementor-widget-wrap elementor-element-populated\">\n\t\t\t\t\t\t<section class=\"elementor-section elementor-inner-section elementor-element elementor-element-8f201e7 elementor-section-boxed elementor-section-height-default elementor-section-height-default\" data-id=\"8f201e7\" data-element_type=\"section\" data-e-type=\"section\">\n\t\t\t\t\t\t<div class=\"elementor-container elementor-column-gap-default\">\n\t\t\t\t\t<div class=\"elementor-column elementor-col-100 elementor-inner-column elementor-element elementor-element-1b4efa4\" data-id=\"1b4efa4\" data-element_type=\"column\" data-e-type=\"column\" data-settings=\"{&quot;background_background&quot;:&quot;classic&quot;}\">\n\t\t\t<div class=\"elementor-widget-wrap elementor-element-populated\">\n\t\t\t\t\t\t<div class=\"elementor-element elementor-element-20946f6 elementor-cta--skin-cover elementor-hidden-phone elementor-hidden-tablet elementor-animated-content elementor-bg-transform elementor-bg-transform-zoom-in elementor-widget elementor-widget-call-to-action\" data-id=\"20946f6\" data-element_type=\"widget\" data-e-type=\"widget\" data-widget_type=\"call-to-action.default\">\n\t\t\t\t<div class=\"elementor-widget-container\">\n\t\t\t\t\t\t\t<div class=\"elementor-cta\">\n\t\t\t\t\t<div class=\"elementor-cta__bg-wrapper\">\n\t\t\t\t<div class=\"elementor-cta__bg elementor-bg\" style=\"background-image: url(https:\/\/hannover-living.de\/wp-content\/uploads\/2024\/02\/20230730_MSF_2383-e1708964628925-1536x886.jpg);\" role=\"img\" aria-label=\"Maschsee-festivaali, italialainen keitti\u00f6, Kevin M\u00fcnkel\"><\/div>\n\t\t\t\t<div class=\"elementor-cta__bg-overlay\"><\/div>\n\t\t\t<\/div>\n\t\t\t\t\t\t\t<div class=\"elementor-cta__content\">\n\t\t\t\t\n\t\t\t\t\t\t\t\t\t<h2 class=\"elementor-cta__title elementor-cta__content-item elementor-content-item elementor-animated-item--grow\">\n\t\t\t\t\t\tItalialainen keitti\u00f6\t\t\t\t\t<\/h2>\n\t\t\t\t\n\t\t\t\t\n\t\t\t\t\t\t\t<\/div>\n\t\t\t\t\t\t<\/div>\n\t\t\t\t\t\t<\/div>\n\t\t\t\t<\/div>\n\t\t\t\t<div class=\"elementor-element elementor-element-8d2557c elementor-widget elementor-widget-text-editor\" data-id=\"8d2557c\" data-element_type=\"widget\" data-e-type=\"widget\" data-widget_type=\"text-editor.default\">\n\t\t\t\t<div class=\"elementor-widget-container\">\n\t\t\t\t\t\t\t\t\t<p><span style=\"color: #808080;\"><em>Kevin M\u00fcnkel<\/em><\/span><\/p>\t\t\t\t\t\t\t\t<\/div>\n\t\t\t\t<\/div>\n\t\t\t\t\t<\/div>\n\t\t<\/div>\n\t\t\t\t\t<\/div>\n\t\t<\/section>\n\t\t\t\t<div class=\"elementor-element elementor-element-b6340db elementor-widget elementor-widget-jet-listing-grid\" data-id=\"b6340db\" data-element_type=\"widget\" data-e-type=\"widget\" data-settings=\"{&quot;columns&quot;:3,&quot;columns_tablet&quot;:&quot;2&quot;,&quot;columns_mobile&quot;:&quot;1&quot;}\" data-widget_type=\"jet-listing-grid.default\">\n\t\t\t\t<div class=\"elementor-widget-container\">\n\t\t\t\t\t<div class=\"jet-listing-notice\">Valitse listaus n\u00e4ytt\u00e4\u00e4ksesi.<\/div>\t\t\t\t<\/div>\n\t\t\t\t<\/div>\n\t\t\t\t\t<\/div>\n\t\t<\/div>\n\t\t\t\t\t<\/div>\n\t\t<\/section>\n\t\t\t\t<\/div>","protected":false},"excerpt":{"rendered":"<p>Italienische K\u00fcche \u00a9 Kevin M\u00fcnkel Die Weinstube Leonardo in Hannover bietet eine erlesene Auswahl an Weinen und mediterranen Gerichten in stilvoller Atmosph\u00e4re. Authentische italienische K\u00fcche in Hannover mit handgemachten Pizzen, frischen Zutaten und gem\u00fctlichem Ambiente \u2013 direkt an der Podbielskistra\u00dfe 10 A. Authentische Steinofenpizza und erlesene Weine in Hannovers S\u00fcdstadt genie\u00dfen \u2013 bei Brechts Pizza [&hellip;]<\/p>\n","protected":false},"author":1,"featured_media":0,"parent":25161,"menu_order":0,"comment_status":"closed","ping_status":"closed","template":"","meta":{"footnotes":""},"class_list":["post-23032","page","type-page","status-publish","hentry"],"_links":{"self":[{"href":"https:\/\/hannover-living.de\/fi\/wp-json\/wp\/v2\/pages\/23032","targetHints":{"allow":["GET"]}}],"collection":[{"href":"https:\/\/hannover-living.de\/fi\/wp-json\/wp\/v2\/pages"}],"about":[{"href":"https:\/\/hannover-living.de\/fi\/wp-json\/wp\/v2\/types\/page"}],"author":[{"embeddable":true,"href":"https:\/\/hannover-living.de\/fi\/wp-json\/wp\/v2\/users\/1"}],"replies":[{"embeddable":true,"href":"https:\/\/hannover-living.de\/fi\/wp-json\/wp\/v2\/comments?post=23032"}],"version-history":[{"count":0,"href":"https:\/\/hannover-living.de\/fi\/wp-json\/wp\/v2\/pages\/23032\/revisions"}],"up":[{"embeddable":true,"href":"https:\/\/hannover-living.de\/fi\/wp-json\/wp\/v2\/pages\/25161"}],"wp:attachment":[{"href":"https:\/\/hannover-living.de\/fi\/wp-json\/wp\/v2\/media?parent=23032"}],"curies":[{"name":"wp","href":"https:\/\/api.w.org\/{rel}","templated":true}]}}