{"id":26836,"date":"2024-06-17T11:02:06","date_gmt":"2024-06-17T09:02:06","guid":{"rendered":"https:\/\/hannover-living.de\/?page_id=26836"},"modified":"2025-07-18T10:33:30","modified_gmt":"2025-07-18T08:33:30","slug":"360-astetta","status":"publish","type":"page","link":"https:\/\/hannover-living.de\/fi\/360-astetta\/","title":{"rendered":"Koe Hanover rennosti 360 asteessa"},"content":{"rendered":"<div data-elementor-type=\"wp-page\" data-elementor-id=\"26836\" class=\"elementor elementor-26836\" data-elementor-post-type=\"page\">\n\t\t\t\t\t\t<section class=\"elementor-section elementor-top-section elementor-element elementor-element-6b2dbb4 elementor-section-boxed elementor-section-height-default elementor-section-height-default\" data-id=\"6b2dbb4\" data-element_type=\"section\" data-e-type=\"section\">\n\t\t\t\t\t\t<div class=\"elementor-container elementor-column-gap-default\">\n\t\t\t\t\t<div class=\"elementor-column elementor-col-100 elementor-top-column elementor-element elementor-element-a66b7bc\" data-id=\"a66b7bc\" data-element_type=\"column\" data-e-type=\"column\">\n\t\t\t<div class=\"elementor-widget-wrap elementor-element-populated\">\n\t\t\t\t\t\t<div class=\"elementor-element elementor-element-08f888b elementor--h-position-center elementor--v-position-middle elementor-arrows-position-inside elementor-pagination-position-inside elementor-widget elementor-widget-slides\" data-id=\"08f888b\" data-element_type=\"widget\" data-e-type=\"widget\" data-settings=\"{&quot;autoplay_speed&quot;:7000,&quot;transition_speed&quot;:800,&quot;navigation&quot;:&quot;both&quot;,&quot;autoplay&quot;:&quot;yes&quot;,&quot;pause_on_hover&quot;:&quot;yes&quot;,&quot;pause_on_interaction&quot;:&quot;yes&quot;,&quot;infinite&quot;:&quot;yes&quot;,&quot;transition&quot;:&quot;slide&quot;}\" data-widget_type=\"slides.default\">\n\t\t\t\t<div class=\"elementor-widget-container\">\n\t\t\t\t\t\t\t\t\t<div class=\"elementor-swiper\">\n\t\t\t\t\t<div class=\"elementor-slides-wrapper elementor-main-swiper swiper\" role=\"region\" aria-roledescription=\"carousel\" aria-label=\"Slider\" dir=\"ltr\" data-animation=\"zoomIn\">\n\t\t\t\t<div class=\"swiper-wrapper elementor-slides\">\n\t\t\t\t\t\t\t\t\t\t<div class=\"elementor-repeater-item-9d343b9 swiper-slide\" role=\"group\" aria-roledescription=\"slide\"><div class=\"swiper-slide-bg elementor-ken-burns elementor-ken-burns--out\" role=\"img\" aria-label=\"Deister, 360\u00b0 kierros\"><\/div><div class=\"elementor-background-overlay\"><\/div><div class=\"swiper-slide-inner\" ><div class=\"swiper-slide-contents\"><div class=\"elementor-slide-heading\">Koe Hanover rennosti 360<\/div><\/div><\/div><\/div>\t\t\t\t<\/div>\n\t\t\t\t\t\t\t<\/div>\n\t\t\t\t<\/div>\n\t\t\t\t\t\t\t\t<\/div>\n\t\t\t\t<\/div>\n\t\t\t\t\t<\/div>\n\t\t<\/div>\n\t\t\t\t\t<\/div>\n\t\t<\/section>\n\t\t\t\t<section class=\"elementor-section elementor-top-section elementor-element elementor-element-88613dc elementor-section-boxed elementor-section-height-default elementor-section-height-default\" data-id=\"88613dc\" data-element_type=\"section\" data-e-type=\"section\">\n\t\t\t\t\t\t<div class=\"elementor-container elementor-column-gap-default\">\n\t\t\t\t\t<div class=\"elementor-column elementor-col-100 elementor-top-column elementor-element elementor-element-629ff9d\" data-id=\"629ff9d\" data-element_type=\"column\" data-e-type=\"column\">\n\t\t\t<div class=\"elementor-widget-wrap elementor-element-populated\">\n\t\t\t\t\t\t<div class=\"elementor-element elementor-element-da993b4 elementor-widget elementor-widget-spacer\" data-id=\"da993b4\" data-element_type=\"widget\" data-e-type=\"widget\" data-widget_type=\"spacer.default\">\n\t\t\t\t<div class=\"elementor-widget-container\">\n\t\t\t\t\t\t\t<div class=\"elementor-spacer\">\n\t\t\t<div class=\"elementor-spacer-inner\"><\/div>\n\t\t<\/div>\n\t\t\t\t\t\t<\/div>\n\t\t\t\t<\/div>\n\t\t\t\t<div class=\"elementor-element elementor-element-5712dd7 elementor-widget elementor-widget-text-editor\" data-id=\"5712dd7\" data-element_type=\"widget\" data-e-type=\"widget\" data-widget_type=\"text-editor.default\">\n\t\t\t\t<div class=\"elementor-widget-container\">\n\t\t\t\t\t\t\t\t\t<h3>Digitaalista odotusta Hannoveriin!<\/h3><p>Tutustu Hannoveriin virtuaalisesti, koe se liven\u00e4 paikan p\u00e4\u00e4ll\u00e4: L\u00e4hde kest\u00e4v\u00e4lle ja digitaaliselle Hannoverin-matkalle ja tutustu kaupunkiin - 360 asteen kierrokset tekev\u00e4t sen mahdolliseksi.<\/p><p>Katso <a href=\"https:\/\/www.hannover-living.de\/wp-content\/uploads\/panorama\/StadtrundgangHannoverSehenswert.html\" target=\"_blank\" rel=\"noopener\">Mielenkiintoiset paikat <\/a>kaupunkia virtuaalisesti ja mukavasti sohvalta k\u00e4sin. Odota innolla VR-kokemusta <a href=\"https:\/\/www.hannover-living.de\/wp-content\/uploads\/panorama\/RundgangZoo.html\">Hannoverin seikkailuel\u00e4intarha<\/a>... <a href=\"https:\/\/www.hannover-living.de\/wp-content\/uploads\/panorama\/Gaertengesamt.html\">Herrenhausenin puutarhat<\/a>... <a href=\"https:\/\/www.hannover-living.de\/wp-content\/uploads\/panorama\/Rathausgesamtneu2019.html\" target=\"_blank\" rel=\"noopener\">Uusi kaupungintalo<\/a> tai <a href=\"https:\/\/www.hannover-living.de\/wp-content\/uploads\/panorama\/StadtrundgangHannoverAltstadt.html\" target=\"_blank\" rel=\"noopener\">Vanha kaupunki<\/a>. Matkustaminen 360 asteen kierroksilla on <a href=\"https:\/\/www.hannover-living.de\/wp-content\/uploads\/panorama\/RundgangSteinhuderMeer.html\" target=\"_blank\" rel=\"noopener\">Steinhuderin meri<\/a> tai <a href=\"https:\/\/www.hannover-living.de\/wp-content\/uploads\/panorama\/Marienburg360.html\" target=\"_blank\" rel=\"noopener\">Marienburgin linna<\/a> - k\u00e4tev\u00e4sti matkapuhelimella, tabletilla tai tietokoneella. T\u00e4\u00e4lt\u00e4 voit ker\u00e4t\u00e4 inspiraatiota tulevia matkoja varten.<\/p><p>Muuten: Sijainti Saksan syd\u00e4mess\u00e4, josta on junayhteydet kaikkiin suuntiin, helpottaa ilmastoyst\u00e4v\u00e4llist\u00e4 matkustamista. Paikan p\u00e4\u00e4ll\u00e4 on hyv\u00e4t julkiset liikennev\u00e4lineet kest\u00e4v\u00e4\u00e4 oleskelua varten.<\/p>\t\t\t\t\t\t\t\t<\/div>\n\t\t\t\t<\/div>\n\t\t\t\t<div class=\"elementor-element elementor-element-310b4b3 elementor-widget elementor-widget-spacer\" data-id=\"310b4b3\" data-element_type=\"widget\" data-e-type=\"widget\" data-widget_type=\"spacer.default\">\n\t\t\t\t<div class=\"elementor-widget-container\">\n\t\t\t\t\t\t\t<div class=\"elementor-spacer\">\n\t\t\t<div class=\"elementor-spacer-inner\"><\/div>\n\t\t<\/div>\n\t\t\t\t\t\t<\/div>\n\t\t\t\t<\/div>\n\t\t\t\t\t<\/div>\n\t\t<\/div>\n\t\t\t\t\t<\/div>\n\t\t<\/section>\n\t\t\t\t<section class=\"elementor-section elementor-top-section elementor-element elementor-element-d6b9b49 elementor-section-full_width elementor-section-height-default elementor-section-height-default\" data-id=\"d6b9b49\" data-element_type=\"section\" data-e-type=\"section\">\n\t\t\t\t\t\t<div class=\"elementor-container elementor-column-gap-custom\">\n\t\t\t\t\t<div class=\"elementor-column elementor-col-33 elementor-top-column elementor-element elementor-element-018f076\" data-id=\"018f076\" data-element_type=\"column\" data-e-type=\"column\">\n\t\t\t<div class=\"elementor-widget-wrap elementor-element-populated\">\n\t\t\t\t\t\t<div class=\"elementor-element elementor-element-e50f0ae elementor-cta--valign-top elementor-widget__width-inherit elementor-cta--skin-classic elementor-animated-content elementor-widget elementor-widget-call-to-action\" data-id=\"e50f0ae\" data-element_type=\"widget\" data-e-type=\"widget\" data-widget_type=\"call-to-action.default\">\n\t\t\t\t<div class=\"elementor-widget-container\">\n\t\t\t\t\t\t\t<a class=\"elementor-cta\" href=\"https:\/\/hannover-living.de\/wp-content\/uploads\/panorama\/RundgangGartenjahr2025.html\">\n\t\t\t\t\t<div class=\"elementor-cta__bg-wrapper\">\n\t\t\t\t<div class=\"elementor-cta__bg elementor-bg\" style=\"background-image: url(https:\/\/hannover-living.de\/wp-content\/uploads\/2024\/06\/HMTG_VR_Herrenhausen-1024x576.jpg);\" role=\"img\" aria-label=\"Vihre\u00e4 Hannover, 360\u00b0 kierros, \u00a9 HMTG\"><\/div>\n\t\t\t\t<div class=\"elementor-cta__bg-overlay\"><\/div>\n\t\t\t<\/div>\n\t\t\t\t\t\t\t<div class=\"elementor-cta__content\">\n\t\t\t\t\n\t\t\t\t\t\t\t\t\t<h2 class=\"elementor-cta__title elementor-cta__content-item elementor-content-item\">\n\t\t\t\t\t\tVihre\u00e4 Hannover\t\t\t\t\t<\/h2>\n\t\t\t\t\n\t\t\t\t\t\t\t\t\t<div class=\"elementor-cta__description elementor-cta__content-item elementor-content-item\">\n\t\t\t\t\t\tHannoverin puistojen ja puutarhojen digitaalinen ennakointi: tutustu kaupungin vihreisiin keitaisiin l\u00e4helt\u00e4 360 asteen virtuaalitodellisuuskierroksella! Inspiroidu Hannoverin vihreiden keuhkojen monimuotoisuudesta ja kauneudesta.\t\t\t\t\t<\/div>\n\t\t\t\t\n\t\t\t\t\t\t\t<\/div>\n\t\t\t\t\t\t<\/a>\n\t\t\t\t\t\t<\/div>\n\t\t\t\t<\/div>\n\t\t\t\t\t<\/div>\n\t\t<\/div>\n\t\t\t\t<div class=\"elementor-column elementor-col-33 elementor-top-column elementor-element elementor-element-905cc4a\" data-id=\"905cc4a\" data-element_type=\"column\" data-e-type=\"column\">\n\t\t\t<div class=\"elementor-widget-wrap elementor-element-populated\">\n\t\t\t\t\t\t<div class=\"elementor-element elementor-element-9bdb89f elementor-cta--valign-top elementor-widget__width-inherit elementor-cta--skin-classic elementor-animated-content elementor-widget elementor-widget-call-to-action\" data-id=\"9bdb89f\" data-element_type=\"widget\" data-e-type=\"widget\" data-widget_type=\"call-to-action.default\">\n\t\t\t\t<div class=\"elementor-widget-container\">\n\t\t\t\t\t\t\t<a class=\"elementor-cta\" href=\"https:\/\/www.hannover-living.de\/wp-content\/uploads\/panorama\/RundgangZoo.html\">\n\t\t\t\t\t<div class=\"elementor-cta__bg-wrapper\">\n\t\t\t\t<div class=\"elementor-cta__bg elementor-bg\" style=\"background-image: url(https:\/\/hannover-living.de\/wp-content\/uploads\/2024\/06\/HMTG_VR_Zoo-1024x576.jpg);\" role=\"img\" aria-label=\"Adventure Zoo, 360\u00b0 kierros, \u00a9 HMTG\"><\/div>\n\t\t\t\t<div class=\"elementor-cta__bg-overlay\"><\/div>\n\t\t\t<\/div>\n\t\t\t\t\t\t\t<div class=\"elementor-cta__content\">\n\t\t\t\t\n\t\t\t\t\t\t\t\t\t<h2 class=\"elementor-cta__title elementor-cta__content-item elementor-content-item\">\n\t\t\t\t\t\tHannoverin seikkailuel\u00e4intarha\t\t\t\t\t<\/h2>\n\t\t\t\t\n\t\t\t\t\t\t\t\t\t<div class=\"elementor-cta__description elementor-cta__content-item elementor-content-item\">\n\t\t\t\t\t\tJ\u00e4nnitt\u00e4vien seikkailujen digitaalinen ennakointi: tutustu eksoottisiin el\u00e4imiin ja kiehtoviin maailmoihin VR-kierroksellamme Hannoverin seikkailuel\u00e4intarhassa! Inspiroidu el\u00e4intarhan monimuotoisuudesta ja taikuudesta ja koe unohtumattomia hetki\u00e4.\t\t\t\t\t<\/div>\n\t\t\t\t\n\t\t\t\t\t\t\t<\/div>\n\t\t\t\t\t\t<\/a>\n\t\t\t\t\t\t<\/div>\n\t\t\t\t<\/div>\n\t\t\t\t\t<\/div>\n\t\t<\/div>\n\t\t\t\t<div class=\"elementor-column elementor-col-33 elementor-top-column elementor-element elementor-element-753b33c\" data-id=\"753b33c\" data-element_type=\"column\" data-e-type=\"column\">\n\t\t\t<div class=\"elementor-widget-wrap elementor-element-populated\">\n\t\t\t\t\t\t<div class=\"elementor-element elementor-element-e5c9f59 elementor-cta--valign-top elementor-widget__width-inherit elementor-cta--skin-classic elementor-animated-content elementor-widget elementor-widget-call-to-action\" data-id=\"e5c9f59\" data-element_type=\"widget\" data-e-type=\"widget\" data-widget_type=\"call-to-action.default\">\n\t\t\t\t<div class=\"elementor-widget-container\">\n\t\t\t\t\t\t\t<a class=\"elementor-cta\" href=\"https:\/\/hannover-living.de\/wp-content\/uploads\/panorama\/StadtrundgangHannoverRoterFaden.html\">\n\t\t\t\t\t<div class=\"elementor-cta__bg-wrapper\">\n\t\t\t\t<div class=\"elementor-cta__bg elementor-bg\" style=\"background-image: url(https:\/\/hannover-living.de\/wp-content\/uploads\/2024\/06\/HMTG_VR_Roter-Faden-1024x576.jpg);\" role=\"img\" aria-label=\"Punainen lanka, 360\u00b0 kierros\"><\/div>\n\t\t\t\t<div class=\"elementor-cta__bg-overlay\"><\/div>\n\t\t\t<\/div>\n\t\t\t\t\t\t\t<div class=\"elementor-cta__content\">\n\t\t\t\t\n\t\t\t\t\t\t\t\t\t<h2 class=\"elementor-cta__title elementor-cta__content-item elementor-content-item\">\n\t\t\t\t\t\tKaupunkikierros: Punainen lanka\t\t\t\t\t<\/h2>\n\t\t\t\t\n\t\t\t\t\t\t\t\t\t<div class=\"elementor-cta__description elementor-cta__content-item elementor-content-item\">\n\t\t\t\t\t\tDigitaalinen ennakointi parhaista paikoista ja n\u00e4ht\u00e4vyyksist\u00e4: Punaista lankaa pitkin kulkevan 360 asteen kaupunkikierroksen avulla voit tehd\u00e4 kotoa k\u00e4sin tutustumiskierroksen Hannoveriin ja tutustua 36 kuumimpaan paikkaan virtuaalisesti. \t\t\t\t\t<\/div>\n\t\t\t\t\n\t\t\t\t\t\t\t<\/div>\n\t\t\t\t\t\t<\/a>\n\t\t\t\t\t\t<\/div>\n\t\t\t\t<\/div>\n\t\t\t\t\t<\/div>\n\t\t<\/div>\n\t\t\t\t\t<\/div>\n\t\t<\/section>\n\t\t\t\t<section class=\"elementor-section elementor-top-section elementor-element elementor-element-2a8e2c3 elementor-section-full_width elementor-section-height-default elementor-section-height-default\" data-id=\"2a8e2c3\" data-element_type=\"section\" data-e-type=\"section\">\n\t\t\t\t\t\t<div class=\"elementor-container elementor-column-gap-custom\">\n\t\t\t\t\t<div class=\"elementor-column elementor-col-33 elementor-top-column elementor-element elementor-element-a14f32c\" data-id=\"a14f32c\" data-element_type=\"column\" data-e-type=\"column\">\n\t\t\t<div class=\"elementor-widget-wrap elementor-element-populated\">\n\t\t\t\t\t\t<div class=\"elementor-element elementor-element-60a977b elementor-cta--valign-top elementor-widget__width-inherit elementor-cta--skin-classic elementor-animated-content elementor-widget elementor-widget-call-to-action\" data-id=\"60a977b\" data-element_type=\"widget\" data-e-type=\"widget\" data-widget_type=\"call-to-action.default\">\n\t\t\t\t<div class=\"elementor-widget-container\">\n\t\t\t\t\t\t\t<a class=\"elementor-cta\" href=\"https:\/\/www.hannover-living.de\/wp-content\/uploads\/panorama\/MuseenHannoveroS.html\">\n\t\t\t\t\t<div class=\"elementor-cta__bg-wrapper\">\n\t\t\t\t<div class=\"elementor-cta__bg elementor-bg\" style=\"background-image: url(https:\/\/hannover-living.de\/wp-content\/uploads\/2024\/06\/HMTG_VR_Sprengel-1024x576.jpg);\" role=\"img\" aria-label=\"Museot, 360\u00b0 kierros\"><\/div>\n\t\t\t\t<div class=\"elementor-cta__bg-overlay\"><\/div>\n\t\t\t<\/div>\n\t\t\t\t\t\t\t<div class=\"elementor-cta__content\">\n\t\t\t\t\n\t\t\t\t\t\t\t\t\t<h2 class=\"elementor-cta__title elementor-cta__content-item elementor-content-item\">\n\t\t\t\t\t\tMuseot kaupungissa Hannover\t\t\t\t\t<\/h2>\n\t\t\t\t\n\t\t\t\t\t\t\t\t\t<div class=\"elementor-cta__description elementor-cta__content-item elementor-content-item\">\n\t\t\t\t\t\tKulttuurin kohokohtien digitaalinen ennakointi: Hannoverin museot tarjoavat vaikuttavia n\u00e4yttelyit\u00e4 ja kiehtovia kokoelmia, jotka vain odottavat l\u00f6yt\u00e4mist\u00e4. Anna taiteen, historian ja tieteen maailman lumota itsesi.\t\t\t\t\t<\/div>\n\t\t\t\t\n\t\t\t\t\t\t\t<\/div>\n\t\t\t\t\t\t<\/a>\n\t\t\t\t\t\t<\/div>\n\t\t\t\t<\/div>\n\t\t\t\t\t<\/div>\n\t\t<\/div>\n\t\t\t\t<div class=\"elementor-column elementor-col-33 elementor-top-column elementor-element elementor-element-1ff480a\" data-id=\"1ff480a\" data-element_type=\"column\" data-e-type=\"column\">\n\t\t\t<div class=\"elementor-widget-wrap elementor-element-populated\">\n\t\t\t\t\t\t<div class=\"elementor-element elementor-element-adec614 elementor-cta--valign-top elementor-widget__width-inherit elementor-cta--skin-classic elementor-animated-content elementor-widget elementor-widget-call-to-action\" data-id=\"adec614\" data-element_type=\"widget\" data-e-type=\"widget\" data-widget_type=\"call-to-action.default\">\n\t\t\t\t<div class=\"elementor-widget-container\">\n\t\t\t\t\t\t\t<a class=\"elementor-cta\" href=\"https:\/\/www.hannover-living.de\/wp-content\/uploads\/panorama\/RundgangDeister.html\">\n\t\t\t\t\t<div class=\"elementor-cta__bg-wrapper\">\n\t\t\t\t<div class=\"elementor-cta__bg elementor-bg\" style=\"background-image: url(https:\/\/hannover-living.de\/wp-content\/uploads\/2024\/06\/HMTG_VR_Deister-1024x576.jpg);\" role=\"img\" aria-label=\"Deister, 360\u00b0 kierros\"><\/div>\n\t\t\t\t<div class=\"elementor-cta__bg-overlay\"><\/div>\n\t\t\t<\/div>\n\t\t\t\t\t\t\t<div class=\"elementor-cta__content\">\n\t\t\t\t\n\t\t\t\t\t\t\t\t\t<h2 class=\"elementor-cta__title elementor-cta__content-item elementor-content-item\">\n\t\t\t\t\t\tDeister\t\t\t\t\t<\/h2>\n\t\t\t\t\n\t\t\t\t\t\t\t\t\t<div class=\"elementor-cta__description elementor-cta__content-item elementor-content-item\">\n\t\t\t\t\t\tLuontokokemusten digitaalinen ennakointi: Deister inspiroi vieh\u00e4tt\u00e4vill\u00e4 vaellusreiteill\u00e4\u00e4n ja henke\u00e4salpaavilla n\u00e4kymill\u00e4\u00e4n, jotka vain odottavat tutkimista. Nauti t\u00e4m\u00e4n ainutlaatuisen virkistysalueen rauhasta ja kauneudesta.\t\t\t\t\t<\/div>\n\t\t\t\t\n\t\t\t\t\t\t\t<\/div>\n\t\t\t\t\t\t<\/a>\n\t\t\t\t\t\t<\/div>\n\t\t\t\t<\/div>\n\t\t\t\t\t<\/div>\n\t\t<\/div>\n\t\t\t\t<div class=\"elementor-column elementor-col-33 elementor-top-column elementor-element elementor-element-3f75a3d\" data-id=\"3f75a3d\" data-element_type=\"column\" data-e-type=\"column\">\n\t\t\t<div class=\"elementor-widget-wrap elementor-element-populated\">\n\t\t\t\t\t\t<div class=\"elementor-element elementor-element-509b98f elementor-cta--valign-top elementor-widget__width-inherit elementor-cta--skin-classic elementor-animated-content elementor-widget elementor-widget-call-to-action\" data-id=\"509b98f\" data-element_type=\"widget\" data-e-type=\"widget\" data-widget_type=\"call-to-action.default\">\n\t\t\t\t<div class=\"elementor-widget-container\">\n\t\t\t\t\t\t\t<a class=\"elementor-cta\" href=\"https:\/\/www.hannover-living.de\/wp-content\/uploads\/panorama\/RundgangRegionHannover.html\">\n\t\t\t\t\t<div class=\"elementor-cta__bg-wrapper\">\n\t\t\t\t<div class=\"elementor-cta__bg elementor-bg\" style=\"background-image: url(https:\/\/hannover-living.de\/wp-content\/uploads\/2024\/06\/HMTG_VR_Steinhude-1024x576.jpg);\" role=\"img\" aria-label=\"Loma-alue, 360\u00b0 kierros\"><\/div>\n\t\t\t\t<div class=\"elementor-cta__bg-overlay\"><\/div>\n\t\t\t<\/div>\n\t\t\t\t\t\t\t<div class=\"elementor-cta__content\">\n\t\t\t\t\n\t\t\t\t\t\t\t\t\t<h2 class=\"elementor-cta__title elementor-cta__content-item elementor-content-item\">\n\t\t\t\t\t\tHannoverin loma-alue - 24 kohdetta\t\t\t\t\t<\/h2>\n\t\t\t\t\n\t\t\t\t\t\t\t\t\t<div class=\"elementor-cta__description elementor-cta__content-item elementor-content-item\">\n\t\t\t\t\t\tUnohtumattomien lomien digitaalinen ennakointi: Loma-alue Hannover kutsuu maalauksellisella Steinhuder Meerill\u00e4 ja kiehtovalla biisonien aitauksella. Nauti t\u00e4ydellisest\u00e4 yhdistelm\u00e4st\u00e4 luontoa, rentoutumista ja seikkailua 360 asteessa.\t\t\t\t\t<\/div>\n\t\t\t\t\n\t\t\t\t\t\t\t<\/div>\n\t\t\t\t\t\t<\/a>\n\t\t\t\t\t\t<\/div>\n\t\t\t\t<\/div>\n\t\t\t\t\t<\/div>\n\t\t<\/div>\n\t\t\t\t\t<\/div>\n\t\t<\/section>\n\t\t\t\t<section class=\"elementor-section elementor-top-section elementor-element elementor-element-3841233 elementor-section-full_width elementor-section-height-default elementor-section-height-default\" data-id=\"3841233\" data-element_type=\"section\" data-e-type=\"section\">\n\t\t\t\t\t\t<div class=\"elementor-container elementor-column-gap-custom\">\n\t\t\t\t\t<div class=\"elementor-column elementor-col-33 elementor-top-column elementor-element elementor-element-2bd68c6\" data-id=\"2bd68c6\" data-element_type=\"column\" data-e-type=\"column\">\n\t\t\t<div class=\"elementor-widget-wrap elementor-element-populated\">\n\t\t\t\t\t\t<div class=\"elementor-element elementor-element-8726042 elementor-cta--valign-top elementor-widget__width-inherit elementor-cta--skin-classic elementor-animated-content elementor-widget elementor-widget-call-to-action\" data-id=\"8726042\" data-element_type=\"widget\" data-e-type=\"widget\" data-widget_type=\"call-to-action.default\">\n\t\t\t\t<div class=\"elementor-widget-container\">\n\t\t\t\t\t\t\t<a class=\"elementor-cta\" href=\"https:\/\/www.hannover-living.de\/wp-content\/uploads\/panorama\/Kongress360coworking.html\">\n\t\t\t\t\t<div class=\"elementor-cta__bg-wrapper\">\n\t\t\t\t<div class=\"elementor-cta__bg elementor-bg\" style=\"background-image: url(https:\/\/hannover-living.de\/wp-content\/uploads\/2024\/06\/HMTG_VR_Hafven-1024x576.jpg);\" role=\"img\" aria-label=\"Yhteisty\u00f6tilat, 360\u00b0 kierros\"><\/div>\n\t\t\t\t<div class=\"elementor-cta__bg-overlay\"><\/div>\n\t\t\t<\/div>\n\t\t\t\t\t\t\t<div class=\"elementor-cta__content\">\n\t\t\t\t\n\t\t\t\t\t\t\t\t\t<h2 class=\"elementor-cta__title elementor-cta__content-item elementor-content-item\">\n\t\t\t\t\t\tYhteisty\u00f6tilat\t\t\t\t\t<\/h2>\n\t\t\t\t\n\t\t\t\t\t\t\t\t\t<div class=\"elementor-cta__description elementor-cta__content-item elementor-content-item\">\n\t\t\t\t\t\tInspiroivien ty\u00f6tilojen digitaalinen ennakointi: Hannoverin co-working-tilat tarjoavat nykyaikaisia ty\u00f6ymp\u00e4rist\u00f6j\u00e4 ja luovia verkostoja. L\u00f6yd\u00e4 t\u00e4ydellinen tasapaino tuottavuuden ja yhteis\u00f6llisyyden v\u00e4lill\u00e4 ja valitse paras paikka virtuaaliseen ty\u00f6skentelyyn.\t\t\t\t\t<\/div>\n\t\t\t\t\n\t\t\t\t\t\t\t<\/div>\n\t\t\t\t\t\t<\/a>\n\t\t\t\t\t\t<\/div>\n\t\t\t\t<\/div>\n\t\t\t\t\t<\/div>\n\t\t<\/div>\n\t\t\t\t<div class=\"elementor-column elementor-col-33 elementor-top-column elementor-element elementor-element-51a6001\" data-id=\"51a6001\" data-element_type=\"column\" data-e-type=\"column\">\n\t\t\t<div class=\"elementor-widget-wrap elementor-element-populated\">\n\t\t\t\t\t\t<div class=\"elementor-element elementor-element-3151dbb elementor-cta--valign-top elementor-widget__width-inherit elementor-cta--skin-classic elementor-animated-content elementor-widget elementor-widget-call-to-action\" data-id=\"3151dbb\" data-element_type=\"widget\" data-e-type=\"widget\" data-widget_type=\"call-to-action.default\">\n\t\t\t\t<div class=\"elementor-widget-container\">\n\t\t\t\t\t\t\t<a class=\"elementor-cta\" href=\"https:\/\/hannover-living.de\/fi\/marienburgin-linna-360\/\">\n\t\t\t\t\t<div class=\"elementor-cta__bg-wrapper\">\n\t\t\t\t<div class=\"elementor-cta__bg elementor-bg\" style=\"background-image: url(https:\/\/hannover-living.de\/wp-content\/uploads\/2024\/05\/Tourismus-Marienburg-Familie-scaled-1-1024x819.jpg);\" role=\"img\" aria-label=\"Hannover Living: Marienburg\"><\/div>\n\t\t\t\t<div class=\"elementor-cta__bg-overlay\"><\/div>\n\t\t\t<\/div>\n\t\t\t\t\t\t\t<div class=\"elementor-cta__content\">\n\t\t\t\t\n\t\t\t\t\t\t\t\t\t<h2 class=\"elementor-cta__title elementor-cta__content-item elementor-content-item\">\n\t\t\t\t\t\tMarienburgin linna\t\t\t\t\t<\/h2>\n\t\t\t\t\n\t\t\t\t\t\t\t\t\t<div class=\"elementor-cta__description elementor-cta__content-item elementor-content-item\">\n\t\t\t\t\t\tSatukokemusten digitaalinen ennakointi. Kunnostust\u00f6ist\u00e4 huolimatta Marienburgin linnan yst\u00e4vill\u00e4 ja Maxton Hallin faneilla on mahdollisuus tutustua linnaan t\u00e4\u00e4ll\u00e4 - 360 asteen kierroksemme tekev\u00e4t sen mahdolliseksi.\t\t\t\t\t<\/div>\n\t\t\t\t\n\t\t\t\t\t\t\t<\/div>\n\t\t\t\t\t\t<\/a>\n\t\t\t\t\t\t<\/div>\n\t\t\t\t<\/div>\n\t\t\t\t\t<\/div>\n\t\t<\/div>\n\t\t\t\t<div class=\"elementor-column elementor-col-33 elementor-top-column elementor-element elementor-element-e0c7416\" data-id=\"e0c7416\" data-element_type=\"column\" data-e-type=\"column\">\n\t\t\t<div class=\"elementor-widget-wrap elementor-element-populated\">\n\t\t\t\t\t\t<div class=\"elementor-element elementor-element-27b8ee8 elementor-cta--valign-top elementor-widget__width-inherit elementor-cta--skin-classic elementor-animated-content elementor-widget elementor-widget-call-to-action\" data-id=\"27b8ee8\" data-element_type=\"widget\" data-e-type=\"widget\" data-widget_type=\"call-to-action.default\">\n\t\t\t\t<div class=\"elementor-widget-container\">\n\t\t\t\t\t\t\t<a class=\"elementor-cta\" href=\"https:\/\/www.hannover-living.de\/wp-content\/uploads\/panorama\/Weihnachtsrundgang_D.html\">\n\t\t\t\t\t<div class=\"elementor-cta__bg-wrapper\">\n\t\t\t\t<div class=\"elementor-cta__bg elementor-bg\" style=\"background-image: url(https:\/\/hannover-living.de\/wp-content\/uploads\/2024\/11\/360\u00b0-Weihnachtsmarkt-1024x627.jpg);\" role=\"img\" aria-label=\"Hannover Living: joulumarkkinat\"><\/div>\n\t\t\t\t<div class=\"elementor-cta__bg-overlay\"><\/div>\n\t\t\t<\/div>\n\t\t\t\t\t\t\t<div class=\"elementor-cta__content\">\n\t\t\t\t\n\t\t\t\t\t\t\t\t\t<h2 class=\"elementor-cta__title elementor-cta__content-item elementor-content-item\">\n\t\t\t\t\t\tJoulumarkkinat\t\t\t\t\t<\/h2>\n\t\t\t\t\n\t\t\t\t\t\t\t\t\t<div class=\"elementor-cta__description elementor-cta__content-item elementor-content-item\">\n\t\t\t\t\t\tDigitaalinen ennakointi juhlallisesta talven ihmemaasta. Hannoverin joulumarkkinat hurmaavat k\u00e4vij\u00e4t ainutlaatuisella tunnelmallaan ja herkullisilla herkuillaan. Voit jo nyt tutustua markkinoiden kauneimpiin paikkoihin virtuaalisesti ja inspiroitua.\t\t\t\t\t<\/div>\n\t\t\t\t\n\t\t\t\t\t\t\t<\/div>\n\t\t\t\t\t\t<\/a>\n\t\t\t\t\t\t<\/div>\n\t\t\t\t<\/div>\n\t\t\t\t\t<\/div>\n\t\t<\/div>\n\t\t\t\t\t<\/div>\n\t\t<\/section>\n\t\t\t\t<\/div>","protected":false},"excerpt":{"rendered":"<p>Hannoverin digitaalinen ennakointi: tutustu kaupungin n\u00e4ht\u00e4vyyksiin virtuaalisesti ja k\u00e4tev\u00e4sti 360 asteessa. Uppoudu Herrenhausenin puutarhaan, uuteen kaupungintaloon tai vanhaankaupunkiin - mukavasti matkapuhelimesta, tabletista tai tietokoneesta k\u00e4sin.<\/p>","protected":false},"author":6,"featured_media":26887,"parent":0,"menu_order":0,"comment_status":"closed","ping_status":"closed","template":"","meta":{"footnotes":""},"class_list":["post-26836","page","type-page","status-publish","has-post-thumbnail","hentry"],"_links":{"self":[{"href":"https:\/\/hannover-living.de\/fi\/wp-json\/wp\/v2\/pages\/26836","targetHints":{"allow":["GET"]}}],"collection":[{"href":"https:\/\/hannover-living.de\/fi\/wp-json\/wp\/v2\/pages"}],"about":[{"href":"https:\/\/hannover-living.de\/fi\/wp-json\/wp\/v2\/types\/page"}],"author":[{"embeddable":true,"href":"https:\/\/hannover-living.de\/fi\/wp-json\/wp\/v2\/users\/6"}],"replies":[{"embeddable":true,"href":"https:\/\/hannover-living.de\/fi\/wp-json\/wp\/v2\/comments?post=26836"}],"version-history":[{"count":7,"href":"https:\/\/hannover-living.de\/fi\/wp-json\/wp\/v2\/pages\/26836\/revisions"}],"predecessor-version":[{"id":41022,"href":"https:\/\/hannover-living.de\/fi\/wp-json\/wp\/v2\/pages\/26836\/revisions\/41022"}],"wp:featuredmedia":[{"embeddable":true,"href":"https:\/\/hannover-living.de\/fi\/wp-json\/wp\/v2\/media\/26887"}],"wp:attachment":[{"href":"https:\/\/hannover-living.de\/fi\/wp-json\/wp\/v2\/media?parent=26836"}],"curies":[{"name":"wp","href":"https:\/\/api.w.org\/{rel}","templated":true}]}}