{"id":37711,"date":"2025-05-14T16:02:53","date_gmt":"2025-05-14T14:02:53","guid":{"rendered":"https:\/\/hannover-living.de\/?page_id=37711"},"modified":"2025-06-17T11:59:01","modified_gmt":"2025-06-17T09:59:01","slug":"reserver-un-tour-de-ville","status":"publish","type":"page","link":"https:\/\/hannover-living.de\/fr\/reserver-un-tour-de-ville\/","title":{"rendered":"Tours de ville"},"content":{"rendered":"<div data-elementor-type=\"wp-page\" data-elementor-id=\"37711\" class=\"elementor elementor-37711\" data-elementor-post-type=\"page\">\n\t\t\t\t<div class=\"elementor-element elementor-element-f0adc02 e-flex e-con-boxed e-con e-parent\" data-id=\"f0adc02\" data-element_type=\"container\" data-e-type=\"container\">\n\t\t\t\t\t<div class=\"e-con-inner\">\n\t\t<div class=\"elementor-element elementor-element-9f3db3a e-con-full e-flex e-con e-child\" data-id=\"9f3db3a\" data-element_type=\"container\" data-e-type=\"container\">\n\t\t\t\t<div class=\"elementor-element elementor-element-b1c795a elementor-widget__width-initial elementor-widget elementor-widget-heading\" data-id=\"b1c795a\" data-element_type=\"widget\" data-e-type=\"widget\" data-widget_type=\"heading.default\">\n\t\t\t\t<div class=\"elementor-widget-container\">\n\t\t\t\t\t<h2 class=\"elementor-heading-title elementor-size-default\">Visites guid\u00e9es de la ville et tours<\/h2>\t\t\t\t<\/div>\n\t\t\t\t<\/div>\n\t\t\t\t<\/div>\n\t\t<div class=\"elementor-element elementor-element-b81593f e-con-full e-flex e-con e-child\" data-id=\"b81593f\" data-element_type=\"container\" data-e-type=\"container\">\n\t\t\t\t<div class=\"elementor-element elementor-element-22c402c elementor-widget elementor-widget-text-editor\" data-id=\"22c402c\" data-element_type=\"widget\" data-e-type=\"widget\" data-widget_type=\"text-editor.default\">\n\t\t\t\t<div class=\"elementor-widget-container\">\n\t\t\t\t\t\t\t\t\t<p class=\"tp-box-subheadline tp-headline-quaternary\"><strong>Team city trip - visites guid\u00e9es<br \/><\/strong><span class=\"tp-address-phone\">T\u00e9l. : +49 511 12345 333<br \/><\/span><a class=\"tp-address-email\" href=\"mailto:staedtereise@hannover-tourismus.de\">staedtereise@hannover-tourismus.de<\/a><\/p>\t\t\t\t\t\t\t\t<\/div>\n\t\t\t\t<\/div>\n\t\t\t\t<\/div>\n\t\t\t\t\t<\/div>\n\t\t\t\t<\/div>\n\t\t<div class=\"elementor-element elementor-element-f10dd55 e-flex e-con-boxed e-con e-parent\" data-id=\"f10dd55\" data-element_type=\"container\" data-e-type=\"container\">\n\t\t\t\t\t<div class=\"e-con-inner\">\n\t\t\t\t<div class=\"elementor-element elementor-element-d1a50d3 elementor-widget elementor-widget-html\" data-id=\"d1a50d3\" data-element_type=\"widget\" data-e-type=\"widget\" data-widget_type=\"html.default\">\n\t\t\t\t<div class=\"elementor-widget-container\">\n\t\t\t\t\t<script>\nwindow.TWEBSHOP = {\nconfig: 'Hannover_nds',\ntheme: {\nsticky: {\noffset: 70,\nzIndex: 1\n  }\n        }\n      }\n    <\/script>\n    <style>\n    #twebshop .text-sm {\n    font-size: 14px!important;\n    line-height: 20px!important;\n    font-weight: normal;\n}\n#twebshop .leading-none {\n    line-height: 1!important;\n    color: #0F5498;\n}\n#twebshop {\n--tw-button-color: #0F5498;\n--tw-button-text-color: #ffff;\n--tw-button-price-color: #0F5498;\n--tw-button-price-text-color: #0F5498;\n--tw-box-color: #0F5498;\n--tw-box-text-color: #ffff;\n--tw-booking-color: #0F5498;\n}<\/style>\n<div id=\"twebshop-experience-shop\"><\/div>\n<script src=\"https:\/\/twebshop.tomas-travel.com\/app\/experience\/shop\/app.js\"><\/script>\t\t\t\t<\/div>\n\t\t\t\t<\/div>\n\t\t\t\t\t<\/div>\n\t\t\t\t<\/div>\n\t\t<div class=\"elementor-element elementor-element-e6e6c4b e-grid e-con-boxed e-con e-parent\" data-id=\"e6e6c4b\" data-element_type=\"container\" data-e-type=\"container\">\n\t\t\t\t\t<div class=\"e-con-inner\">\n\t\t\t\t<div class=\"elementor-element elementor-element-ea281cf elementor-cta--skin-cover elementor-animated-content elementor-bg-transform elementor-bg-transform-zoom-in elementor-widget elementor-widget-call-to-action\" data-id=\"ea281cf\" data-element_type=\"widget\" data-e-type=\"widget\" data-widget_type=\"call-to-action.default\">\n\t\t\t\t<div class=\"elementor-widget-container\">\n\t\t\t\t\t\t\t<div class=\"elementor-cta\">\n\t\t\t\t\t<div class=\"elementor-cta__bg-wrapper\">\n\t\t\t\t<div class=\"elementor-cta__bg elementor-bg\" style=\"background-image: url(https:\/\/hannover-living.de\/wp-content\/uploads\/2025\/05\/Untertitel6-1024x768.png);\" role=\"img\" aria-label=\"V\u00e9lo dans la nature\"><\/div>\n\t\t\t\t<div class=\"elementor-cta__bg-overlay\"><\/div>\n\t\t\t<\/div>\n\t\t\t\t\t\t\t<div class=\"elementor-cta__content\">\n\t\t\t\t\n\t\t\t\t\t\t\t\t\t<h2 class=\"elementor-cta__title elementor-cta__content-item elementor-content-item elementor-animated-item--grow\">\n\t\t\t\t\t\tConditions g\u00e9n\u00e9rales de vente\t\t\t\t\t<\/h2>\n\t\t\t\t\n\t\t\t\t\n\t\t\t\t\t\t\t\t\t<div class=\"elementor-cta__button-wrapper elementor-cta__content-item elementor-content-item elementor-animated-item--grow\">\n\t\t\t\t\t<a class=\"elementor-cta__button elementor-button elementor-size-\" href=\"https:\/\/www.visit-hannover.com\/AGB\" target=\"_blank\" rel=\"noopener\">\n\t\t\t\t\t\tCliquez ici\t\t\t\t\t<\/a>\n\t\t\t\t\t<\/div>\n\t\t\t\t\t\t\t<\/div>\n\t\t\t\t\t\t<\/div>\n\t\t\t\t\t\t<\/div>\n\t\t\t\t<\/div>\n\t\t\t\t<div class=\"elementor-element elementor-element-5ad5c33 elementor-cta--skin-cover elementor-animated-content elementor-bg-transform elementor-bg-transform-zoom-in elementor-widget elementor-widget-call-to-action\" data-id=\"5ad5c33\" data-element_type=\"widget\" data-e-type=\"widget\" data-widget_type=\"call-to-action.default\">\n\t\t\t\t<div class=\"elementor-widget-container\">\n\t\t\t\t\t\t\t<div class=\"elementor-cta\">\n\t\t\t\t\t<div class=\"elementor-cta__bg-wrapper\">\n\t\t\t\t<div class=\"elementor-cta__bg elementor-bg\" style=\"background-image: url(https:\/\/hannover-living.de\/wp-content\/uploads\/2025\/05\/Lichtenbergplatz-Christian-Wyrwa-11-300x200.jpg);\" role=\"img\" aria-label=\"Tours de ville et promenade \u00e0 Hanovre\"><\/div>\n\t\t\t\t<div class=\"elementor-cta__bg-overlay\"><\/div>\n\t\t\t<\/div>\n\t\t\t\t\t\t\t<div class=\"elementor-cta__content\">\n\t\t\t\t\n\t\t\t\t\t\t\t\t\t<h2 class=\"elementor-cta__title elementor-cta__content-item elementor-content-item elementor-animated-item--grow\">\n\t\t\t\t\t\tOffres de groupe\t\t\t\t\t<\/h2>\n\t\t\t\t\n\t\t\t\t\n\t\t\t\t\t\t\t\t\t<div class=\"elementor-cta__button-wrapper elementor-cta__content-item elementor-content-item elementor-animated-item--grow\">\n\t\t\t\t\t<a class=\"elementor-cta__button elementor-button elementor-size-\" href=\"https:\/\/www.visit-hannover.com\/Hotels,-FeWo,-B-Bs-Erlebnispakete\/Erlebnispakete-Gruppenangebote\/Alle-Gruppenangebote\" target=\"_blank\" rel=\"noopener\">\n\t\t\t\t\t\tCliquez ici\t\t\t\t\t<\/a>\n\t\t\t\t\t<\/div>\n\t\t\t\t\t\t\t<\/div>\n\t\t\t\t\t\t<\/div>\n\t\t\t\t\t\t<\/div>\n\t\t\t\t<\/div>\n\t\t\t\t<div class=\"elementor-element elementor-element-49aefbd elementor-cta--skin-cover elementor-animated-content elementor-bg-transform elementor-bg-transform-zoom-in elementor-widget elementor-widget-call-to-action\" data-id=\"49aefbd\" data-element_type=\"widget\" data-e-type=\"widget\" data-widget_type=\"call-to-action.default\">\n\t\t\t\t<div class=\"elementor-widget-container\">\n\t\t\t\t\t\t\t<div class=\"elementor-cta\">\n\t\t\t\t\t<div class=\"elementor-cta__bg-wrapper\">\n\t\t\t\t<div class=\"elementor-cta__bg elementor-bg\" style=\"background-image: url(https:\/\/hannover-living.de\/wp-content\/uploads\/2025\/05\/HL-Header13-1024x327.png);\" role=\"img\" aria-label=\"Vue a\u00e9rienne du nouvel h\u00f4tel de ville de Hanovre dans le cadre des visites guid\u00e9es &amp; promenades en ville.\"><\/div>\n\t\t\t\t<div class=\"elementor-cta__bg-overlay\"><\/div>\n\t\t\t<\/div>\n\t\t\t\t\t\t\t<div class=\"elementor-cta__content\">\n\t\t\t\t\n\t\t\t\t\t\t\t\t\t<h2 class=\"elementor-cta__title elementor-cta__content-item elementor-content-item elementor-animated-item--grow\">\n\t\t\t\t\t\tInformations touristiques\t\t\t\t\t<\/h2>\n\t\t\t\t\n\t\t\t\t\n\t\t\t\t\t\t\t\t\t<div class=\"elementor-cta__button-wrapper elementor-cta__content-item elementor-content-item elementor-animated-item--grow\">\n\t\t\t\t\t<a class=\"elementor-cta__button elementor-button elementor-size-\" href=\"https:\/\/hannover-living.de\/fr\/informations-touristiques-hanovre\/\">\n\t\t\t\t\t\tCliquez ici\t\t\t\t\t<\/a>\n\t\t\t\t\t<\/div>\n\t\t\t\t\t\t\t<\/div>\n\t\t\t\t\t\t<\/div>\n\t\t\t\t\t\t<\/div>\n\t\t\t\t<\/div>\n\t\t\t\t\t<\/div>\n\t\t\t\t<\/div>\n\t\t\t\t<\/div>","protected":false},"excerpt":{"rendered":"<p>Visites guid\u00e9es de Hanovre : historiques, culinaires ou polici\u00e8res - de multiples fa\u00e7ons de vivre intens\u00e9ment la ville.<\/p>","protected":false},"author":7,"featured_media":36551,"parent":0,"menu_order":0,"comment_status":"closed","ping_status":"closed","template":"","meta":{"footnotes":""},"class_list":["post-37711","page","type-page","status-publish","has-post-thumbnail","hentry"],"_links":{"self":[{"href":"https:\/\/hannover-living.de\/fr\/wp-json\/wp\/v2\/pages\/37711","targetHints":{"allow":["GET"]}}],"collection":[{"href":"https:\/\/hannover-living.de\/fr\/wp-json\/wp\/v2\/pages"}],"about":[{"href":"https:\/\/hannover-living.de\/fr\/wp-json\/wp\/v2\/types\/page"}],"author":[{"embeddable":true,"href":"https:\/\/hannover-living.de\/fr\/wp-json\/wp\/v2\/users\/7"}],"replies":[{"embeddable":true,"href":"https:\/\/hannover-living.de\/fr\/wp-json\/wp\/v2\/comments?post=37711"}],"version-history":[{"count":11,"href":"https:\/\/hannover-living.de\/fr\/wp-json\/wp\/v2\/pages\/37711\/revisions"}],"predecessor-version":[{"id":40267,"href":"https:\/\/hannover-living.de\/fr\/wp-json\/wp\/v2\/pages\/37711\/revisions\/40267"}],"wp:featuredmedia":[{"embeddable":true,"href":"https:\/\/hannover-living.de\/fr\/wp-json\/wp\/v2\/media\/36551"}],"wp:attachment":[{"href":"https:\/\/hannover-living.de\/fr\/wp-json\/wp\/v2\/media?parent=37711"}],"curies":[{"name":"wp","href":"https:\/\/api.w.org\/{rel}","templated":true}]}}