{"id":37837,"date":"2025-05-15T14:11:00","date_gmt":"2025-05-15T12:11:00","guid":{"rendered":"https:\/\/hannover-living.de\/?page_id=37837"},"modified":"2025-06-20T15:47:45","modified_gmt":"2025-06-20T13:47:45","slug":"escapade-citadine-a-hanovre","status":"publish","type":"page","link":"https:\/\/hannover-living.de\/fr\/escapade-citadine-a-hanovre\/","title":{"rendered":"City trip \u00e0 Hanovre : votre guide compact pour la culture, le confort et l'exp\u00e9rience"},"content":{"rendered":"<div data-elementor-type=\"wp-page\" data-elementor-id=\"37837\" class=\"elementor elementor-37837\" data-elementor-post-type=\"page\">\n\t\t\t\t<div class=\"elementor-element elementor-element-dcad114 e-flex e-con-boxed e-con e-parent\" data-id=\"dcad114\" data-element_type=\"container\" data-e-type=\"container\">\n\t\t\t\t\t<div class=\"e-con-inner\">\n\t\t\t\t<div class=\"elementor-element elementor-element-0506137 elementor-widget elementor-widget-image\" data-id=\"0506137\" data-element_type=\"widget\" data-e-type=\"widget\" data-widget_type=\"image.default\">\n\t\t\t\t<div class=\"elementor-widget-container\">\n\t\t\t\t\t\t\t\t\t\t\t\t\t\t\t<img loading=\"lazy\" decoding=\"async\" width=\"1920\" height=\"614\" src=\"https:\/\/hannover-living.de\/wp-content\/uploads\/2025\/05\/HL-Header13.png\" class=\"attachment-full size-full wp-image-37870\" alt=\"Vue a\u00e9rienne du nouvel h\u00f4tel de ville de Hanovre dans le cadre des visites guid\u00e9es &amp; promenades en ville.\" srcset=\"https:\/\/hannover-living.de\/wp-content\/uploads\/2025\/05\/HL-Header13.png 1920w, https:\/\/hannover-living.de\/wp-content\/uploads\/2025\/05\/HL-Header13-300x96.png 300w, https:\/\/hannover-living.de\/wp-content\/uploads\/2025\/05\/HL-Header13-1024x327.png 1024w, https:\/\/hannover-living.de\/wp-content\/uploads\/2025\/05\/HL-Header13-768x246.png 768w, https:\/\/hannover-living.de\/wp-content\/uploads\/2025\/05\/HL-Header13-1536x491.png 1536w, https:\/\/hannover-living.de\/wp-content\/uploads\/2025\/05\/HL-Header13-18x6.png 18w\" sizes=\"auto, (max-width: 1920px) 100vw, 1920px\" \/>\t\t\t\t\t\t\t\t\t\t\t\t\t\t\t<\/div>\n\t\t\t\t<\/div>\n\t\t\t\t<div class=\"elementor-element elementor-element-ca25095 elementor-widget elementor-widget-heading\" data-id=\"ca25095\" data-element_type=\"widget\" data-e-type=\"widget\" data-widget_type=\"heading.default\">\n\t\t\t\t<div class=\"elementor-widget-container\">\n\t\t\t\t\t<h2 class=\"elementor-heading-title elementor-size-default\">City trip \u00e0 Hanovre - guide compact pour votre voyage<\/h2>\t\t\t\t<\/div>\n\t\t\t\t<\/div>\n\t\t\t\t<div class=\"elementor-element elementor-element-006255e elementor-widget elementor-widget-text-editor\" data-id=\"006255e\" data-element_type=\"widget\" data-e-type=\"widget\" data-widget_type=\"text-editor.default\">\n\t\t\t\t<div class=\"elementor-widget-container\">\n\t\t\t\t\t\t\t\t\t<p>Un city-trip \u00e0 Hanovre est l'occasion parfaite de combiner diversit\u00e9 urbaine, histoire passionnante et confort moderne. Des visites guid\u00e9es \u00e0 travers les charmantes ruelles de la vieille ville aux h\u00f4tels styl\u00e9s du centre, la ville offre des conditions id\u00e9ales pour passer quelques jours riches en d\u00e9couvertes - compl\u00e9t\u00e9es par des forfaits d'exp\u00e9rience attrayants pour la culture, les loisirs et le plaisir.<\/p>\t\t\t\t\t\t\t\t<\/div>\n\t\t\t\t<\/div>\n\t\t\t\t\t<\/div>\n\t\t\t\t<\/div>\n\t\t<div class=\"elementor-element elementor-element-197752a e-grid e-con-boxed e-con e-parent\" data-id=\"197752a\" data-element_type=\"container\" data-e-type=\"container\">\n\t\t\t\t\t<div class=\"e-con-inner\">\n\t\t\t\t<div class=\"elementor-element elementor-element-9a0a8b0 elementor-cta--layout-image-above elementor-cta--skin-classic elementor-animated-content elementor-bg-transform elementor-bg-transform-zoom-in elementor-widget elementor-widget-call-to-action\" data-id=\"9a0a8b0\" data-element_type=\"widget\" data-e-type=\"widget\" data-widget_type=\"call-to-action.default\">\n\t\t\t\t<div class=\"elementor-widget-container\">\n\t\t\t\t\t\t\t<div class=\"elementor-cta\">\n\t\t\t\t\t<div class=\"elementor-cta__bg-wrapper\">\n\t\t\t\t<div class=\"elementor-cta__bg elementor-bg\" style=\"background-image: url(https:\/\/hannover-living.de\/wp-content\/uploads\/2025\/05\/Design-ohne-Titel225-1024x327.png);\" role=\"img\" aria-label=\"Tour de ville \u00e0 Hanovre\"><\/div>\n\t\t\t\t<div class=\"elementor-cta__bg-overlay\"><\/div>\n\t\t\t<\/div>\n\t\t\t\t\t\t\t<div class=\"elementor-cta__content\">\n\t\t\t\t\n\t\t\t\t\t\t\t\t\t<h2 class=\"elementor-cta__title elementor-cta__content-item elementor-content-item\">\n\t\t\t\t\t\tTours de ville &amp; promenades en ville\t\t\t\t\t<\/h2>\n\t\t\t\t\n\t\t\t\t\t\t\t\t\t<div class=\"elementor-cta__description elementor-cta__content-item elementor-content-item\">\n\t\t\t\t\t\tD\u00e9couvrez lors d'une visite guid\u00e9e des histoires passionnantes, une architecture impressionnante et les plus belles attractions de la ville. Id\u00e9al pour les groupes, les personnes seules ou les classes d'\u00e9cole - vous d\u00e9couvrirez ainsi Hanovre sous de nouvelles perspectives.\t\t\t\t\t<\/div>\n\t\t\t\t\n\t\t\t\t\t\t\t\t\t<div class=\"elementor-cta__button-wrapper elementor-cta__content-item elementor-content-item\">\n\t\t\t\t\t<a class=\"elementor-cta__button elementor-button elementor-size-\" href=\"https:\/\/www.hannover-tourismus.de\/stadttouren\/\" target=\"_blank\" rel=\"noopener\">\n\t\t\t\t\t\tCliquez ici\t\t\t\t\t<\/a>\n\t\t\t\t\t<\/div>\n\t\t\t\t\t\t\t<\/div>\n\t\t\t\t\t\t<\/div>\n\t\t\t\t\t\t<\/div>\n\t\t\t\t<\/div>\n\t\t\t\t<div class=\"elementor-element elementor-element-545c55c elementor-cta--skin-classic elementor-animated-content elementor-bg-transform elementor-bg-transform-zoom-in elementor-widget elementor-widget-call-to-action\" data-id=\"545c55c\" data-element_type=\"widget\" data-e-type=\"widget\" data-widget_type=\"call-to-action.default\">\n\t\t\t\t<div class=\"elementor-widget-container\">\n\t\t\t\t\t\t\t<div class=\"elementor-cta\">\n\t\t\t\t\t<div class=\"elementor-cta__bg-wrapper\">\n\t\t\t\t<div class=\"elementor-cta__bg elementor-bg\" style=\"background-image: url(https:\/\/hannover-living.de\/wp-content\/uploads\/2025\/04\/Tourist-info-e1640207894879-1024x768.jpg);\" role=\"img\" aria-label=\"City trip \u00e0 Hanovre avec arr\u00eat \u00e0 l&#039;office de tourisme\"><\/div>\n\t\t\t\t<div class=\"elementor-cta__bg-overlay\"><\/div>\n\t\t\t<\/div>\n\t\t\t\t\t\t\t<div class=\"elementor-cta__content\">\n\t\t\t\t\n\t\t\t\t\t\t\t\t\t<h2 class=\"elementor-cta__title elementor-cta__content-item elementor-content-item\">\n\t\t\t\t\t\tInformations touristiques Hanovre\t\t\t\t\t<\/h2>\n\t\t\t\t\n\t\t\t\t\t\t\t\t\t<div class=\"elementor-cta__description elementor-cta__content-item elementor-content-item\">\n\t\t\t\t\t\tVotre point de contact central pour des conseils, des billets, des plans de ville et des conseils personnalis\u00e9s - directement \u00e0 la gare centrale. Vous y trouverez tout ce qui concerne les manifestations, les curiosit\u00e9s et les excursions \u00e0 Hanovre.\t\t\t\t\t<\/div>\n\t\t\t\t\n\t\t\t\t\t\t\t\t\t<div class=\"elementor-cta__button-wrapper elementor-cta__content-item elementor-content-item\">\n\t\t\t\t\t<a class=\"elementor-cta__button elementor-button elementor-size-\" href=\"https:\/\/hannover-living.de\/fr\/informations-touristiques-hanovre\/\">\n\t\t\t\t\t\tCliquez ici\t\t\t\t\t<\/a>\n\t\t\t\t\t<\/div>\n\t\t\t\t\t\t\t<\/div>\n\t\t\t\t\t\t<\/div>\n\t\t\t\t\t\t<\/div>\n\t\t\t\t<\/div>\n\t\t\t\t<div class=\"elementor-element elementor-element-f25a907 elementor-cta--skin-classic elementor-animated-content elementor-bg-transform elementor-bg-transform-zoom-in elementor-widget elementor-widget-call-to-action\" data-id=\"f25a907\" data-element_type=\"widget\" data-e-type=\"widget\" data-widget_type=\"call-to-action.default\">\n\t\t\t\t<div class=\"elementor-widget-container\">\n\t\t\t\t\t\t\t<div class=\"elementor-cta\">\n\t\t\t\t\t<div class=\"elementor-cta__bg-wrapper\">\n\t\t\t\t<div class=\"elementor-cta__bg elementor-bg\" style=\"background-image: url(https:\/\/hannover-living.de\/wp-content\/uploads\/2025\/05\/poreen1896_68024_Photorealistic_image_of_a_friendly_modern_va_5fc8692d-4e8c-47a6-ba8e-44ef38475cfe_2-1024x683.png);\" role=\"img\" aria-label=\"H\u00e9bergement \u00e0 Hanovre\"><\/div>\n\t\t\t\t<div class=\"elementor-cta__bg-overlay\"><\/div>\n\t\t\t<\/div>\n\t\t\t\t\t\t\t<div class=\"elementor-cta__content\">\n\t\t\t\t\n\t\t\t\t\t\t\t\t\t<h2 class=\"elementor-cta__title elementor-cta__content-item elementor-content-item\">\n\t\t\t\t\t\tH\u00e9bergement \u00e0 Hanovre\t\t\t\t\t<\/h2>\n\t\t\t\t\n\t\t\t\t\t\t\t\t\t<div class=\"elementor-cta__description elementor-cta__content-item elementor-content-item\">\n\t\t\t\t\t\tH\u00f4tel, auberge ou appartement de vacances - vous trouverez ici des possibilit\u00e9s d'h\u00e9bergement adapt\u00e9es \u00e0 tous les go\u00fbts et \u00e0 tous les budgets. Situ\u00e9 au centre, bien desservi et confortable - id\u00e9al pour votre s\u00e9jour en ville.\t\t\t\t\t<\/div>\n\t\t\t\t\n\t\t\t\t\t\t\t\t\t<div class=\"elementor-cta__button-wrapper elementor-cta__content-item elementor-content-item\">\n\t\t\t\t\t<a class=\"elementor-cta__button elementor-button elementor-size-\" href=\"https:\/\/hannover-living.de\/fr\/hebergement-a-hanovre\/\">\n\t\t\t\t\t\tCliquez ici\t\t\t\t\t<\/a>\n\t\t\t\t\t<\/div>\n\t\t\t\t\t\t\t<\/div>\n\t\t\t\t\t\t<\/div>\n\t\t\t\t\t\t<\/div>\n\t\t\t\t<\/div>\n\t\t\t\t\t<\/div>\n\t\t\t\t<\/div>\n\t\t<div class=\"elementor-element elementor-element-62d43bc e-flex e-con-boxed e-con e-parent\" data-id=\"62d43bc\" data-element_type=\"container\" data-e-type=\"container\">\n\t\t\t\t\t<div class=\"e-con-inner\">\n\t\t\t\t<div class=\"elementor-element elementor-element-be36c55 elementor-cta--skin-classic elementor-animated-content elementor-bg-transform elementor-bg-transform-zoom-in elementor-widget elementor-widget-call-to-action\" data-id=\"be36c55\" data-element_type=\"widget\" data-e-type=\"widget\" data-widget_type=\"call-to-action.default\">\n\t\t\t\t<div class=\"elementor-widget-container\">\n\t\t\t\t\t\t\t<div class=\"elementor-cta\">\n\t\t\t\t\t\t\t<div class=\"elementor-cta__content\">\n\t\t\t\t\n\t\t\t\t\t\t\t\t\t<h2 class=\"elementor-cta__title elementor-cta__content-item elementor-content-item\">\n\t\t\t\t\t\tCuriosit\u00e9s \u00e0 Hanovre \t\t\t\t\t<\/h2>\n\t\t\t\t\n\t\t\t\t\t\t\t\t\t<div class=\"elementor-cta__description elementor-cta__content-item elementor-content-item\">\n\t\t\t\t\t\tCuriosit\u00e9s \u00e0 Hanovre - Ce que vous devez savoir sur les plus beaux endroits de la ville - pour des excursions, des courts s\u00e9jours et des voyages en ville.\t\t\t\t\t<\/div>\n\t\t\t\t\n\t\t\t\t\t\t\t\t\t<div class=\"elementor-cta__button-wrapper elementor-cta__content-item elementor-content-item\">\n\t\t\t\t\t<a class=\"elementor-cta__button elementor-button elementor-size-\" href=\"https:\/\/hannover-living.de\/fr\/curiosites-de-hanovre\/\">\n\t\t\t\t\t\tCliquez ici\t\t\t\t\t<\/a>\n\t\t\t\t\t<\/div>\n\t\t\t\t\t\t\t<\/div>\n\t\t\t\t\t\t<\/div>\n\t\t\t\t\t\t<\/div>\n\t\t\t\t<\/div>\n\t\t\t\t\t<\/div>\n\t\t\t\t<\/div>\n\t\t<div class=\"elementor-element elementor-element-45567df e-flex e-con-boxed e-con e-parent\" data-id=\"45567df\" data-element_type=\"container\" data-e-type=\"container\">\n\t\t\t\t\t<div class=\"e-con-inner\">\n\t\t\t\t<div class=\"elementor-element elementor-element-1bfacae elementor-cta--layout-image-above elementor-cta--skin-classic elementor-animated-content elementor-bg-transform elementor-bg-transform-zoom-in elementor-widget elementor-widget-call-to-action\" data-id=\"1bfacae\" data-element_type=\"widget\" data-e-type=\"widget\" data-widget_type=\"call-to-action.default\">\n\t\t\t\t<div class=\"elementor-widget-container\">\n\t\t\t\t\t\t\t<div class=\"elementor-cta\">\n\t\t\t\t\t<div class=\"elementor-cta__bg-wrapper\">\n\t\t\t\t<div class=\"elementor-cta__bg elementor-bg\" style=\"background-image: url(https:\/\/hannover-living.de\/wp-content\/uploads\/2025\/05\/Design-ohne-Titel222.png);\" role=\"img\" aria-label=\"La r\u00e9gion de Hanovre - nature, culture et mouvement r\u00e9unis\"><\/div>\n\t\t\t\t<div class=\"elementor-cta__bg-overlay\"><\/div>\n\t\t\t<\/div>\n\t\t\t\t\t\t\t<div class=\"elementor-cta__content\">\n\t\t\t\t\n\t\t\t\t\t\t\t\t\t<h2 class=\"elementor-cta__title elementor-cta__content-item elementor-content-item\">\n\t\t\t\t\t\tR\u00e9gion de Hanovre\t\t\t\t\t<\/h2>\n\t\t\t\t\n\t\t\t\t\t\t\t\t\t<div class=\"elementor-cta__description elementor-cta__content-item elementor-content-item\">\n\t\t\t\t\t\tLa nature, la culture et le mouvement r\u00e9unis\t\t\t\t\t<\/div>\n\t\t\t\t\n\t\t\t\t\t\t\t\t\t<div class=\"elementor-cta__button-wrapper elementor-cta__content-item elementor-content-item\">\n\t\t\t\t\t<a class=\"elementor-cta__button elementor-button elementor-size-\" href=\"https:\/\/hannover-living.de\/fr\/region-de-hanovre\/\">\n\t\t\t\t\t\tCliquez ici\t\t\t\t\t<\/a>\n\t\t\t\t\t<\/div>\n\t\t\t\t\t\t\t<\/div>\n\t\t\t\t\t\t<\/div>\n\t\t\t\t\t\t<\/div>\n\t\t\t\t<\/div>\n\t\t\t\t\t<\/div>\n\t\t\t\t<\/div>\n\t\t<div class=\"elementor-element elementor-element-d5a4e83 e-grid e-con-boxed e-con e-parent\" data-id=\"d5a4e83\" data-element_type=\"container\" data-e-type=\"container\">\n\t\t\t\t\t<div class=\"e-con-inner\">\n\t\t\t\t<div class=\"elementor-element elementor-element-524a689 elementor-cta--skin-classic elementor-animated-content elementor-bg-transform elementor-bg-transform-zoom-in elementor-widget elementor-widget-call-to-action\" data-id=\"524a689\" data-element_type=\"widget\" data-e-type=\"widget\" data-widget_type=\"call-to-action.default\">\n\t\t\t\t<div class=\"elementor-widget-container\">\n\t\t\t\t\t\t\t<div class=\"elementor-cta\">\n\t\t\t\t\t<div class=\"elementor-cta__bg-wrapper\">\n\t\t\t\t<div class=\"elementor-cta__bg elementor-bg\" style=\"background-image: url(https:\/\/hannover-living.de\/wp-content\/uploads\/2025\/05\/AdobeStock_Blickfang2-scaled-e1746175773871-1024x547.jpeg);\" role=\"img\" aria-label=\"Steinhuder Meer avec mouette\"><\/div>\n\t\t\t\t<div class=\"elementor-cta__bg-overlay\"><\/div>\n\t\t\t<\/div>\n\t\t\t\t\t\t\t<div class=\"elementor-cta__content\">\n\t\t\t\t\n\t\t\t\t\t\t\t\t\t<h2 class=\"elementor-cta__title elementor-cta__content-item elementor-content-item\">\n\t\t\t\t\t\tPaquets d'exp\u00e9riences \t\t\t\t\t<\/h2>\n\t\t\t\t\n\t\t\t\t\t\t\t\t\t<div class=\"elementor-cta__description elementor-cta__content-item elementor-content-item\">\n\t\t\t\t\t\tD\u00e9couvre Hanovre avec des forfaits d'exp\u00e9rience sur mesure : Culture, gastronomie, h\u00e9bergement &amp; visites guid\u00e9es de la ville et bien plus encore !\t\t\t\t\t<\/div>\n\t\t\t\t\n\t\t\t\t\t\t\t\t\t<div class=\"elementor-cta__button-wrapper elementor-cta__content-item elementor-content-item\">\n\t\t\t\t\t<a class=\"elementor-cta__button elementor-button elementor-size-\" href=\"https:\/\/hannover-living.de\/fr\/points-forts-2\/forfaits-decouverte-au-printemps-et-en-ete\/\">\n\t\t\t\t\t\tCliquez ici\t\t\t\t\t<\/a>\n\t\t\t\t\t<\/div>\n\t\t\t\t\t\t\t<\/div>\n\t\t\t\t\t\t<\/div>\n\t\t\t\t\t\t<\/div>\n\t\t\t\t<\/div>\n\t\t\t\t<div class=\"elementor-element elementor-element-15ba4c0 elementor-cta--skin-classic elementor-animated-content elementor-bg-transform elementor-bg-transform-zoom-in elementor-widget elementor-widget-call-to-action\" data-id=\"15ba4c0\" data-element_type=\"widget\" data-e-type=\"widget\" data-widget_type=\"call-to-action.default\">\n\t\t\t\t<div class=\"elementor-widget-container\">\n\t\t\t\t\t\t\t<div class=\"elementor-cta\">\n\t\t\t\t\t<div class=\"elementor-cta__bg-wrapper\">\n\t\t\t\t<div class=\"elementor-cta__bg elementor-bg\" style=\"background-image: url(https:\/\/hannover-living.de\/wp-content\/uploads\/2025\/05\/HL-Header12-1024x327.png);\" role=\"img\" aria-label=\"Mur avec des \u00e9tag\u00e8res en bois remplies de brochures touristiques sur Hanovre dans un office de tourisme de Hanovre.\"><\/div>\n\t\t\t\t<div class=\"elementor-cta__bg-overlay\"><\/div>\n\t\t\t<\/div>\n\t\t\t\t\t\t\t<div class=\"elementor-cta__content\">\n\t\t\t\t\n\t\t\t\t\t\t\t\t\t<h2 class=\"elementor-cta__title elementor-cta__content-item elementor-content-item\">\n\t\t\t\t\t\tMagazine \u00e9lectronique\t\t\t\t\t<\/h2>\n\t\t\t\t\n\t\t\t\t\t\t\t\t\t<div class=\"elementor-cta__description elementor-cta__content-item elementor-content-item\">\n\t\t\t\t\t\tDans les brochures num\u00e9riques, vous trouverez les conseils, les \u00e9v\u00e9nements et les lieux les plus passionnants de la ville - sous forme compacte et num\u00e9rique dans car en un coup d'\u0153il.\t\t\t\t\t<\/div>\n\t\t\t\t\n\t\t\t\t\t\t\t\t\t<div class=\"elementor-cta__button-wrapper elementor-cta__content-item elementor-content-item\">\n\t\t\t\t\t<a class=\"elementor-cta__button elementor-button elementor-size-\" href=\"https:\/\/hannover-living.de\/fr\/magazine-electronique\/\">\n\t\t\t\t\t\tCliquez ici\t\t\t\t\t<\/a>\n\t\t\t\t\t<\/div>\n\t\t\t\t\t\t\t<\/div>\n\t\t\t\t\t\t<\/div>\n\t\t\t\t\t\t<\/div>\n\t\t\t\t<\/div>\n\t\t\t\t<div class=\"elementor-element elementor-element-072249a elementor-cta--skin-classic elementor-animated-content elementor-bg-transform elementor-bg-transform-zoom-in elementor-widget elementor-widget-call-to-action\" data-id=\"072249a\" data-element_type=\"widget\" data-e-type=\"widget\" data-widget_type=\"call-to-action.default\">\n\t\t\t\t<div class=\"elementor-widget-container\">\n\t\t\t\t\t\t\t<div class=\"elementor-cta\">\n\t\t\t\t\t<div class=\"elementor-cta__bg-wrapper\">\n\t\t\t\t<div class=\"elementor-cta__bg elementor-bg\" style=\"background-image: url(https:\/\/hannover-living.de\/wp-content\/uploads\/2024\/06\/HMTG_VR_Steinhude-1024x576.jpg);\" role=\"img\" aria-label=\"R\u00e9gion de vacances, visite \u00e0 360\"><\/div>\n\t\t\t\t<div class=\"elementor-cta__bg-overlay\"><\/div>\n\t\t\t<\/div>\n\t\t\t\t\t\t\t<div class=\"elementor-cta__content\">\n\t\t\t\t\n\t\t\t\t\t\t\t\t\t<h2 class=\"elementor-cta__title elementor-cta__content-item elementor-content-item\">\n\t\t\t\t\t\tVisite guid\u00e9e \u00e0 360\t\t\t\t\t<\/h2>\n\t\t\t\t\n\t\t\t\t\t\t\t\t\t<div class=\"elementor-cta__description elementor-cta__content-item elementor-content-item\">\n\t\t\t\t\t\tExplorez Hanovre en num\u00e9rique \u00e0 360 degr\u00e9s - des visites interactives vous montrent les curiosit\u00e9s et les points chauds confortablement install\u00e9s chez vous.\t\t\t\t\t<\/div>\n\t\t\t\t\n\t\t\t\t\t\t\t\t\t<div class=\"elementor-cta__button-wrapper elementor-cta__content-item elementor-content-item\">\n\t\t\t\t\t<a class=\"elementor-cta__button elementor-button elementor-size-\" href=\"https:\/\/hannover-living.de\/fr\/360-degres\/\">\n\t\t\t\t\t\tCliquez ici\t\t\t\t\t<\/a>\n\t\t\t\t\t<\/div>\n\t\t\t\t\t\t\t<\/div>\n\t\t\t\t\t\t<\/div>\n\t\t\t\t\t\t<\/div>\n\t\t\t\t<\/div>\n\t\t\t\t\t<\/div>\n\t\t\t\t<\/div>\n\t\t<div class=\"elementor-element elementor-element-5192855 e-flex e-con-boxed e-con e-parent\" data-id=\"5192855\" data-element_type=\"container\" data-e-type=\"container\">\n\t\t\t\t\t<div class=\"e-con-inner\">\n\t\t\t\t<div class=\"elementor-element elementor-element-5226716 elementor-widget elementor-widget-text-editor\" data-id=\"5226716\" data-element_type=\"widget\" data-e-type=\"widget\" data-widget_type=\"text-editor.default\">\n\t\t\t\t<div class=\"elementor-widget-container\">\n\t\t\t\t\t\t\t\t\t<p>Un city-trip r\u00e9ussi \u00e0 Hanovre se nourrit des moments entre les temps forts : une pause caf\u00e9 \u00e0 Linden, des sp\u00e9cialit\u00e9s r\u00e9gionales sur le march\u00e9 hebdomadaire ou une promenade dans le parc Eilenriede. Les amateurs de culture trouveront leur bonheur dans les mus\u00e9es, les th\u00e9\u00e2tres ou lors d'\u00e9v\u00e9nements en plein air. Ceux qui ont envie de quartiers branch\u00e9s trouveront leur bonheur dans la Nordstadt ou \u00e0 List. Pour des recommandations authentiques, il vaut la peine de jeter un coup d'\u0153il sur<\/p>\t\t\t\t\t\t\t\t<\/div>\n\t\t\t\t<\/div>\n\t\t\t\t\t<\/div>\n\t\t\t\t<\/div>\n\t\t<div class=\"elementor-element elementor-element-6b81b7e e-flex e-con-boxed e-con e-parent\" data-id=\"6b81b7e\" data-element_type=\"container\" data-e-type=\"container\">\n\t\t\t\t\t<div class=\"e-con-inner\">\n\t\t\t\t<div class=\"elementor-element elementor-element-c899f94 elementor-cta--skin-classic elementor-animated-content elementor-bg-transform elementor-bg-transform-zoom-in elementor-widget elementor-widget-call-to-action\" data-id=\"c899f94\" data-element_type=\"widget\" data-e-type=\"widget\" data-widget_type=\"call-to-action.default\">\n\t\t\t\t<div class=\"elementor-widget-container\">\n\t\t\t\t\t\t\t<div class=\"elementor-cta\">\n\t\t\t\t\t<div class=\"elementor-cta__bg-wrapper\">\n\t\t\t\t<div class=\"elementor-cta__bg elementor-bg\" style=\"background-image: url(https:\/\/hannover-living.de\/wp-content\/uploads\/2025\/05\/Maschsee-Patrick-Graf-FE-1024x682.jpg);\" role=\"img\" aria-label=\"Vue du lac Maschsee avec le coucher du soleil\"><\/div>\n\t\t\t\t<div class=\"elementor-cta__bg-overlay\"><\/div>\n\t\t\t<\/div>\n\t\t\t\t\t\t\t<div class=\"elementor-cta__content\">\n\t\t\t\t\n\t\t\t\t\t\t\t\t\t<h2 class=\"elementor-cta__title elementor-cta__content-item elementor-content-item\">\n\t\t\t\t\t\tConseils de quartier\t\t\t\t\t<\/h2>\n\t\t\t\t\n\t\t\t\t\t\t\t\t\t<div class=\"elementor-cta__description elementor-cta__content-item elementor-content-item\">\n\t\t\t\t\t\tProfiter de la vie urbaine &amp; des loisirs\t\t\t\t\t<\/div>\n\t\t\t\t\n\t\t\t\t\t\t\t\t\t<div class=\"elementor-cta__button-wrapper elementor-cta__content-item elementor-content-item\">\n\t\t\t\t\t<a class=\"elementor-cta__button elementor-button elementor-size-\" href=\"https:\/\/hannover-living.de\/fr\/conseils-sur-les-quartiers-de-la-ville\/\">\n\t\t\t\t\t\tCliquez ici\t\t\t\t\t<\/a>\n\t\t\t\t\t<\/div>\n\t\t\t\t\t\t\t<\/div>\n\t\t\t\t\t\t<\/div>\n\t\t\t\t\t\t<\/div>\n\t\t\t\t<\/div>\n\t\t\t\t\t<\/div>\n\t\t\t\t<\/div>\n\t\t<div class=\"elementor-element elementor-element-257c123 e-flex e-con-boxed e-con e-parent\" data-id=\"257c123\" data-element_type=\"container\" data-e-type=\"container\">\n\t\t\t\t\t<div class=\"e-con-inner\">\n\t\t\t\t\t<\/div>\n\t\t\t\t<\/div>\n\t\t\t\t<\/div>","protected":false},"excerpt":{"rendered":"<p>Planifiez votre city-trip \u00e0 Hanovre : d\u00e9couvrez les attractions touristiques, les visites de la ville, les exp\u00e9riences culinaires &amp; les forfaits d'exp\u00e9rience pour des journ\u00e9es inoubliables.<\/p>","protected":false},"author":7,"featured_media":36551,"parent":0,"menu_order":0,"comment_status":"closed","ping_status":"closed","template":"","meta":{"footnotes":""},"class_list":["post-37837","page","type-page","status-publish","has-post-thumbnail","hentry"],"_links":{"self":[{"href":"https:\/\/hannover-living.de\/fr\/wp-json\/wp\/v2\/pages\/37837","targetHints":{"allow":["GET"]}}],"collection":[{"href":"https:\/\/hannover-living.de\/fr\/wp-json\/wp\/v2\/pages"}],"about":[{"href":"https:\/\/hannover-living.de\/fr\/wp-json\/wp\/v2\/types\/page"}],"author":[{"embeddable":true,"href":"https:\/\/hannover-living.de\/fr\/wp-json\/wp\/v2\/users\/7"}],"replies":[{"embeddable":true,"href":"https:\/\/hannover-living.de\/fr\/wp-json\/wp\/v2\/comments?post=37837"}],"version-history":[{"count":10,"href":"https:\/\/hannover-living.de\/fr\/wp-json\/wp\/v2\/pages\/37837\/revisions"}],"predecessor-version":[{"id":40266,"href":"https:\/\/hannover-living.de\/fr\/wp-json\/wp\/v2\/pages\/37837\/revisions\/40266"}],"wp:featuredmedia":[{"embeddable":true,"href":"https:\/\/hannover-living.de\/fr\/wp-json\/wp\/v2\/media\/36551"}],"wp:attachment":[{"href":"https:\/\/hannover-living.de\/fr\/wp-json\/wp\/v2\/media?parent=37837"}],"curies":[{"name":"wp","href":"https:\/\/api.w.org\/{rel}","templated":true}]}}