{"id":27620,"date":"2024-07-23T15:24:06","date_gmt":"2024-07-23T13:24:06","guid":{"rendered":"https:\/\/hannover-living.de\/?page_id=27620"},"modified":"2025-06-06T12:00:16","modified_gmt":"2025-06-06T10:00:16","slug":"modulo-di-registrazione-eventi","status":"publish","type":"page","link":"https:\/\/hannover-living.de\/it\/registrazione-hannover-living-database\/modulo-di-registrazione-eventi\/","title":{"rendered":"Modulo di ammissione: Eventi"},"content":{"rendered":"\t\t<div data-elementor-type=\"wp-page\" data-elementor-id=\"27620\" class=\"elementor elementor-27620\" data-elementor-post-type=\"page\">\n\t\t\t\t\t\t<section class=\"elementor-section elementor-top-section elementor-element elementor-element-fb42678 elementor-section-boxed elementor-section-height-default elementor-section-height-default\" data-id=\"fb42678\" data-element_type=\"section\" data-e-type=\"section\">\n\t\t\t\t\t\t<div class=\"elementor-container elementor-column-gap-default\">\n\t\t\t\t\t<div class=\"elementor-column elementor-col-100 elementor-top-column elementor-element elementor-element-f7522f8\" data-id=\"f7522f8\" data-element_type=\"column\" data-e-type=\"column\">\n\t\t\t<div class=\"elementor-widget-wrap elementor-element-populated\">\n\t\t\t\t\t\t<div class=\"elementor-element elementor-element-32e9c31 elementor-widget elementor-widget-heading\" data-id=\"32e9c31\" data-element_type=\"widget\" data-e-type=\"widget\" data-widget_type=\"heading.default\">\n\t\t\t\t<div class=\"elementor-widget-container\">\n\t\t\t\t\t<h2 class=\"elementor-heading-title elementor-size-default\">Aufnahme in die Datenbank:<\/h2>\t\t\t\t<\/div>\n\t\t\t\t<\/div>\n\t\t\t\t<div class=\"elementor-element elementor-element-fcfe20b elementor-widget elementor-widget-heading\" data-id=\"fcfe20b\" data-element_type=\"widget\" data-e-type=\"widget\" data-widget_type=\"heading.default\">\n\t\t\t\t<div class=\"elementor-widget-container\">\n\t\t\t\t\t<h4 class=\"elementor-heading-title elementor-size-default\">Veranstaltungen<\/h4>\t\t\t\t<\/div>\n\t\t\t\t<\/div>\n\t\t\t\t<div class=\"elementor-element elementor-element-472fcc5 elementor-widget elementor-widget-text-editor\" data-id=\"472fcc5\" data-element_type=\"widget\" data-e-type=\"widget\" data-widget_type=\"text-editor.default\">\n\t\t\t\t<div class=\"elementor-widget-container\">\n\t\t\t\t\t\t\t\t\t<p data-start=\"706\" data-end=\"1045\">Euch liegt es am Herzen, Eure Events in Hannover sichtbar zu machen und einer breiten \u00d6ffentlichkeit zu pr\u00e4sentieren? Mit unserem <strong data-start=\"836\" data-end=\"863\">Aufnahmeformular Events<\/strong> bietet sich Euch eine komfortable M\u00f6glichkeit, Eure Veranstaltungen direkt in die <strong data-start=\"946\" data-end=\"975\">Hannover Living Datenbank<\/strong> einzutragen und von einer professionellen Vermarktung zu profitieren.<\/p><p data-start=\"1047\" data-end=\"1312\">Das Formular ist einfach gestaltet und f\u00fchrt Euch in wenigen Schritten durch den gesamten Anmeldeprozess. So stellt Ihr sicher, dass alle relevanten Informationen vollst\u00e4ndig vorliegen und Euer Event in das umfangreiche Netzwerk von Hannover Living integriert wird.<\/p><p>Hier k\u00f6nnt ihr alle Informationen eintragen und Fotos hochladen, um uns mit allen Infos f\u00fcr die Aufnahme auf Hannover Living zu versorgen. Bei Fragen, Anmerkungen oder Problemen stehen wir jederzeit zur Verf\u00fcgung. Gerne k\u00f6nnt ihr uns auch direkt eure Infos per Mail schicken:<\/p><p>E-Mail: <a href=\"mailto: internet@hannover-marketing.de\" target=\"_blank\" rel=\"nofollow noopener\">internet@hannover-marketing.de<\/a><\/p>\t\t\t\t\t\t\t\t<\/div>\n\t\t\t\t<\/div>\n\t\t\t\t<div class=\"elementor-element elementor-element-e17100c elementor-widget elementor-widget-spacer\" data-id=\"e17100c\" data-element_type=\"widget\" data-e-type=\"widget\" data-widget_type=\"spacer.default\">\n\t\t\t\t<div class=\"elementor-widget-container\">\n\t\t\t\t\t\t\t<div class=\"elementor-spacer\">\n\t\t\t<div class=\"elementor-spacer-inner\"><\/div>\n\t\t<\/div>\n\t\t\t\t\t\t<\/div>\n\t\t\t\t<\/div>\n\t\t\t\t<div class=\"elementor-element elementor-element-ef502f5 elementor-widget elementor-widget-heading\" data-id=\"ef502f5\" data-element_type=\"widget\" data-e-type=\"widget\" data-widget_type=\"heading.default\">\n\t\t\t\t<div class=\"elementor-widget-container\">\n\t\t\t\t\t<h4 class=\"elementor-heading-title elementor-size-default\">Informationen zur Location<\/h4>\t\t\t\t<\/div>\n\t\t\t\t<\/div>\n\t\t\t\t\t<\/div>\n\t\t<\/div>\n\t\t\t\t\t<\/div>\n\t\t<\/section>\n\t\t\t\t<section class=\"elementor-section elementor-top-section elementor-element elementor-element-31a2039 elementor-section-full_width elementor-section-height-default elementor-section-height-default\" data-id=\"31a2039\" data-element_type=\"section\" data-e-type=\"section\" data-settings=\"{&quot;background_background&quot;:&quot;classic&quot;}\">\n\t\t\t\t\t\t<div class=\"elementor-container elementor-column-gap-default\">\n\t\t\t\t\t<div class=\"elementor-column elementor-col-100 elementor-top-column elementor-element elementor-element-8a6e6fe\" data-id=\"8a6e6fe\" data-element_type=\"column\" data-e-type=\"column\" data-settings=\"{&quot;background_background&quot;:&quot;classic&quot;}\">\n\t\t\t<div class=\"elementor-widget-wrap elementor-element-populated\">\n\t\t\t\t\t\t<div class=\"elementor-element elementor-element-8855251 elementor-button-align-center elementor-widget elementor-widget-form\" data-id=\"8855251\" data-element_type=\"widget\" data-e-type=\"widget\" data-settings=\"{&quot;step_next_label&quot;:&quot;N\\u00e4chster&quot;,&quot;step_previous_label&quot;:&quot;Voriger&quot;,&quot;button_width&quot;:&quot;100&quot;,&quot;step_type&quot;:&quot;number_text&quot;,&quot;step_icon_shape&quot;:&quot;circle&quot;}\" data-widget_type=\"form.default\">\n\t\t\t\t<div class=\"elementor-widget-container\">\n\t\t\t\t\t\t\t<form class=\"elementor-form\" method=\"post\" name=\"Aufnahme Events\" aria-label=\"Aufnahme Events\">\n\t\t\t<input type=\"hidden\" name=\"post_id\" value=\"27620\"\/>\n\t\t\t<input type=\"hidden\" name=\"form_id\" value=\"8855251\"\/>\n\t\t\t<input type=\"hidden\" name=\"referer_title\" value=\"Aufnahmeformular Events f\u00fcr Eure Veranstaltungen\" \/>\n\n\t\t\t\t\t\t\t<input type=\"hidden\" name=\"queried_id\" value=\"27620\"\/>\n\t\t\t\n\t\t\t<div class=\"elementor-form-fields-wrapper elementor-labels-above\">\n\t\t\t\t\t\t\t\t<div class=\"elementor-field-type-step elementor-field-group elementor-column elementor-field-group-field_619ce1f elementor-col-100\">\n\t\t\t\t\t\t\t<div class=\"e-field-step elementor-hidden\" data-label=\"Veranstaltungs- informationen\" data-previousButton=\"Zur\u00fcck\" data-nextButton=\"Weiter\" data-iconUrl=\"\" data-iconLibrary=\"\" data-icon=\"\" ><\/div>\n\n\t\t\t\t\t\t<\/div>\n\t\t\t\t\t\t\t\t<div class=\"elementor-field-type-text elementor-field-group elementor-column elementor-field-group-name elementor-col-100 elementor-field-required elementor-mark-required\">\n\t\t\t\t\t\t\t\t\t\t\t\t<label for=\"form-field-name\" class=\"elementor-field-label\">\n\t\t\t\t\t\t\t\tName der Veranstaltung\t\t\t\t\t\t\t<\/label>\n\t\t\t\t\t\t\t\t\t\t\t\t\t\t<input size=\"1\" type=\"text\" name=\"form_fields[name]\" id=\"form-field-name\" class=\"elementor-field elementor-size-sm  elementor-field-textual\" required=\"required\">\n\t\t\t\t\t\t\t\t\t\t\t<\/div>\n\t\t\t\t\t\t\t\t<div class=\"elementor-field-type-textarea elementor-field-group elementor-column elementor-field-group-email elementor-col-100 elementor-field-required elementor-mark-required\">\n\t\t\t\t\t\t\t\t\t\t\t\t<label for=\"form-field-email\" class=\"elementor-field-label\">\n\t\t\t\t\t\t\t\tWo findet die Veranstaltung statt?\t\t\t\t\t\t\t<\/label>\n\t\t\t\t\t\t<textarea class=\"elementor-field-textual elementor-field  elementor-size-sm\" name=\"form_fields[email]\" id=\"form-field-email\" rows=\"3\" required=\"required\"><\/textarea>\t\t\t\t<\/div>\n\t\t\t\t\t\t\t\t<div class=\"elementor-field-type-date elementor-field-group elementor-column elementor-field-group-field_03717df elementor-col-50 elementor-field-required elementor-mark-required\">\n\t\t\t\t\t\t\t\t\t\t\t\t<label for=\"form-field-field_03717df\" class=\"elementor-field-label\">\n\t\t\t\t\t\t\t\tWann beginnt die Veranstaltung?\t\t\t\t\t\t\t<\/label>\n\t\t\t\t\t\t\n\t\t<input type=\"date\" name=\"form_fields[field_03717df]\" id=\"form-field-field_03717df\" class=\"elementor-field elementor-size-sm  elementor-field-textual elementor-date-field elementor-use-native\" required=\"required\" pattern=\"[0-9]{4}-[0-9]{2}-[0-9]{2}\">\n\t\t\t\t\t\t<\/div>\n\t\t\t\t\t\t\t\t<div class=\"elementor-field-type-date elementor-field-group elementor-column elementor-field-group-field_97ac0f7 elementor-col-50 elementor-field-required elementor-mark-required\">\n\t\t\t\t\t\t\t\t\t\t\t\t<label for=\"form-field-field_97ac0f7\" class=\"elementor-field-label\">\n\t\t\t\t\t\t\t\tWann endet die Veranstaltung\t\t\t\t\t\t\t<\/label>\n\t\t\t\t\t\t\n\t\t<input type=\"date\" name=\"form_fields[field_97ac0f7]\" id=\"form-field-field_97ac0f7\" class=\"elementor-field elementor-size-sm  elementor-field-textual elementor-date-field elementor-use-native\" required=\"required\" pattern=\"[0-9]{4}-[0-9]{2}-[0-9]{2}\">\n\t\t\t\t\t\t<\/div>\n\t\t\t\t\t\t\t\t<div class=\"elementor-field-type-time elementor-field-group elementor-column elementor-field-group-field_9660663 elementor-col-50 elementor-field-required elementor-mark-required\">\n\t\t\t\t\t\t\t\t\t\t\t\t<label for=\"form-field-field_9660663\" class=\"elementor-field-label\">\n\t\t\t\t\t\t\t\tWann beginnt die Veranstaltung\t\t\t\t\t\t\t<\/label>\n\t\t\t\t\t\t\t\t<input type=\"time\" name=\"form_fields[field_9660663]\" id=\"form-field-field_9660663\" class=\"elementor-field elementor-size-sm  elementor-field-textual elementor-time-field elementor-use-native\" required=\"required\">\n\t\t\t\t\t\t<\/div>\n\t\t\t\t\t\t\t\t<div class=\"elementor-field-type-time elementor-field-group elementor-column elementor-field-group-field_94776e6 elementor-col-50\">\n\t\t\t\t\t\t\t\t\t\t\t\t<label for=\"form-field-field_94776e6\" class=\"elementor-field-label\">\n\t\t\t\t\t\t\t\tWann endet die Veranstaltung\t\t\t\t\t\t\t<\/label>\n\t\t\t\t\t\t\t\t<input type=\"time\" name=\"form_fields[field_94776e6]\" id=\"form-field-field_94776e6\" class=\"elementor-field elementor-size-sm  elementor-field-textual elementor-time-field elementor-use-native\">\n\t\t\t\t\t\t<\/div>\n\t\t\t\t\t\t\t\t<div class=\"elementor-field-type-text elementor-field-group elementor-column elementor-field-group-field_f1c87bc elementor-col-100 elementor-field-required elementor-mark-required\">\n\t\t\t\t\t\t\t\t\t\t\t\t<label for=\"form-field-field_f1c87bc\" class=\"elementor-field-label\">\n\t\t\t\t\t\t\t\tLink zur Veranstaltung\t\t\t\t\t\t\t<\/label>\n\t\t\t\t\t\t\t\t\t\t\t\t\t\t<input size=\"1\" type=\"text\" name=\"form_fields[field_f1c87bc]\" id=\"form-field-field_f1c87bc\" class=\"elementor-field elementor-size-sm  elementor-field-textual\" required=\"required\">\n\t\t\t\t\t\t\t\t\t\t\t<\/div>\n\t\t\t\t\t\t\t\t<div class=\"elementor-field-type-text elementor-field-group elementor-column elementor-field-group-field_e6dfb3e elementor-col-100\">\n\t\t\t\t\t\t\t\t\t\t\t\t<label for=\"form-field-field_e6dfb3e\" class=\"elementor-field-label\">\n\t\t\t\t\t\t\t\tFalls vorhanden: Ticketlink\t\t\t\t\t\t\t<\/label>\n\t\t\t\t\t\t\t\t\t\t\t\t\t\t<input size=\"1\" type=\"text\" name=\"form_fields[field_e6dfb3e]\" id=\"form-field-field_e6dfb3e\" class=\"elementor-field elementor-size-sm  elementor-field-textual\">\n\t\t\t\t\t\t\t\t\t\t\t<\/div>\n\t\t\t\t\t\t\t\t<div class=\"elementor-field-type-step elementor-field-group elementor-column elementor-field-group-field_1802ae5 elementor-col-100\">\n\t\t\t\t\t\t\t<div class=\"e-field-step elementor-hidden\" data-label=\"Beschreibung\" data-previousButton=\"Zur\u00fcck\" data-nextButton=\"Weiter\" data-iconUrl=\"\" data-iconLibrary=\"\" data-icon=\"\" ><\/div>\n\n\t\t\t\t\t\t<\/div>\n\t\t\t\t\t\t\t\t<div class=\"elementor-field-type-html elementor-field-group elementor-column elementor-field-group-field_3b4a595 elementor-col-100\">\n\t\t\t\t\tBeschreibung der Veranstaltung\t\t\t\t<\/div>\n\t\t\t\t\t\t\t\t<div class=\"elementor-field-type-textarea elementor-field-group elementor-column elementor-field-group-field_df6e1dd elementor-col-100 elementor-field-required elementor-mark-required\">\n\t\t\t\t\t\t\t\t\t\t\t\t<label for=\"form-field-field_df6e1dd\" class=\"elementor-field-label\">\n\t\t\t\t\t\t\t\tZum Beispiel: Welche Angebote gibt es? Was erwartet die Besucherinnen und Besucher? Was macht das Event besonders? Wie ist die Stimmung? Gibt es besondere Highlights? Welche Musik wird gespielt?...\t\t\t\t\t\t\t<\/label>\n\t\t\t\t\t\t<textarea class=\"elementor-field-textual elementor-field  elementor-size-sm\" name=\"form_fields[field_df6e1dd]\" id=\"form-field-field_df6e1dd\" rows=\"17\" required=\"required\"><\/textarea>\t\t\t\t<\/div>\n\t\t\t\t\t\t\t\t<div class=\"elementor-field-type-step elementor-field-group elementor-column elementor-field-group-field_b4134f2 elementor-col-100\">\n\t\t\t\t\t\t\t<div class=\"e-field-step elementor-hidden\" data-label=\"Foto-Upload\" data-previousButton=\"Zur\u00fcck\" data-nextButton=\"Weiter\" data-iconUrl=\"\" data-iconLibrary=\"fas fa-star\" data-icon=\"&lt;svg class=&quot;e-font-icon-svg e-fas-star&quot; viewBox=&quot;0 0 576 512&quot; xmlns=&quot;http:\/\/www.w3.org\/2000\/svg&quot;&gt;&lt;path d=&quot;M259.3 17.8L194 150.2 47.9 171.5c-26.2 3.8-36.7 36.1-17.7 54.6l105.7 103-25 145.5c-4.5 26.3 23.2 46 46.4 33.7L288 439.6l130.7 68.7c23.2 12.2 50.9-7.4 46.4-33.7l-25-145.5 105.7-103c19-18.5 8.5-50.8-17.7-54.6L382 150.2 316.7 17.8c-11.7-23.6-45.6-23.9-57.4 0z&quot;&gt;&lt;\/path&gt;&lt;\/svg&gt;\" ><\/div>\n\n\t\t\t\t\t\t<\/div>\n\t\t\t\t\t\t\t\t<div class=\"elementor-field-type-html elementor-field-group elementor-column elementor-field-group-field_c5574ca elementor-col-100\">\n\t\t\t\t\tFoto-Upload\t\t\t\t<\/div>\n\t\t\t\t\t\t\t\t<div class=\"elementor-field-type-html elementor-field-group elementor-column elementor-field-group-field_53dc4ed elementor-col-100\">\n\t\t\t\t\t1-3 Fotos im Querformat (max. 1 MB), gerne auch Event-Poster.\nFalls Upload nicht m\u00f6glich ist, bitte per Mail an internet@hannover-marketing.de\t\t\t\t<\/div>\n\t\t\t\t\t\t\t\t<div class=\"elementor-field-type-upload elementor-field-group elementor-column elementor-field-group-field_b20c059 elementor-col-100\">\n\t\t\t\t\t\t\t<input type=\"file\" name=\"form_fields[field_b20c059][]\" id=\"form-field-field_b20c059\" class=\"elementor-field elementor-size-sm  elementor-upload-field\" multiple=\"multiple\" data-maxsize=\"1\" data-maxsize-message=\"T\u00e4m\u00e4 tiedosto ylitt\u00e4\u00e4 sallitun enimm\u00e4iskoon.\">\n\n\t\t\t\t\t\t<\/div>\n\t\t\t\t\t\t\t\t<div class=\"elementor-field-type-textarea elementor-field-group elementor-column elementor-field-group-field_f09e913 elementor-col-50\">\n\t\t\t\t\t\t\t\t\t\t\t\t<label for=\"form-field-field_f09e913\" class=\"elementor-field-label\">\n\t\t\t\t\t\t\t\tCopyright-Angaben\t\t\t\t\t\t\t<\/label>\n\t\t\t\t\t\t<textarea class=\"elementor-field-textual elementor-field  elementor-size-sm\" name=\"form_fields[field_f09e913]\" id=\"form-field-field_f09e913\" rows=\"4\"><\/textarea>\t\t\t\t<\/div>\n\t\t\t\t\t\t\t\t<div class=\"elementor-field-type-acceptance elementor-field-group elementor-column elementor-field-group-field_c28a78c elementor-col-100 elementor-field-required elementor-mark-required\">\n\t\t\t\t\t\t\t\t\t\t\t\t<label for=\"form-field-field_c28a78c\" class=\"elementor-field-label\">\n\t\t\t\t\t\t\t\tRechtlicher Hinweis f\u00fcr Bilder\t\t\t\t\t\t\t<\/label>\n\t\t\t\t\t\t\t\t<div class=\"elementor-field-subgroup\">\n\t\t\t<span class=\"elementor-field-option\">\n\t\t\t\t<input type=\"checkbox\" name=\"form_fields[field_c28a78c]\" id=\"form-field-field_c28a78c\" class=\"elementor-field elementor-size-sm  elementor-acceptance-field\" required=\"required\">\n\t\t\t\t<label for=\"form-field-field_c28a78c\">Mit der \u00dcbermittlung der Fotos best\u00e4tige ich, dass alle Angaben korrekt sind und das Urheberrecht nicht verletzt wird. Mit dem Hochladen erkl\u00e4re ich mich einverstanden, dass diese Bilder zur Bewerbung der Veranstaltung auf hannover-living.de genutzt werden d\u00fcrfen.<\/label>\t\t\t<\/span>\n\t\t<\/div>\n\t\t\t\t\t\t<\/div>\n\t\t\t\t\t\t\t\t<div class=\"elementor-field-type-acceptance elementor-field-group elementor-column elementor-field-group-field_9e60b68 elementor-col-100\">\n\t\t\t\t\t\t\t<div class=\"elementor-field-subgroup\">\n\t\t\t<span class=\"elementor-field-option\">\n\t\t\t\t<input type=\"checkbox\" name=\"form_fields[field_9e60b68]\" id=\"form-field-field_9e60b68\" class=\"elementor-field elementor-size-sm  elementor-acceptance-field\">\n\t\t\t\t<label for=\"form-field-field_9e60b68\">Ich erkl\u00e4re mich einverstanden, dass die hochgeladenen Fotos auch zur weiteren Berichterstattung und Bewerbung meiner Events verwendet werden d\u00fcrfen, z.B. als Headerbilder, in Print-Produkten (Beilagen, Flyern & weitere) der Hannover Marketing und Tourismus GmbH etc. Sowie der Was Geht-App.<\/label>\t\t\t<\/span>\n\t\t<\/div>\n\t\t\t\t\t\t<\/div>\n\t\t\t\t\t\t\t\t<div class=\"elementor-field-type-step elementor-field-group elementor-column elementor-field-group-field_93de773 elementor-col-100\">\n\t\t\t\t\t\t\t<div class=\"e-field-step elementor-hidden\" data-label=\"Kontakt Ansprechpartner\" data-previousButton=\"Zur\u00fcck\" data-nextButton=\"Weiter\" data-iconUrl=\"\" data-iconLibrary=\"fas fa-star\" data-icon=\"&lt;svg class=&quot;e-font-icon-svg e-fas-star&quot; viewBox=&quot;0 0 576 512&quot; xmlns=&quot;http:\/\/www.w3.org\/2000\/svg&quot;&gt;&lt;path d=&quot;M259.3 17.8L194 150.2 47.9 171.5c-26.2 3.8-36.7 36.1-17.7 54.6l105.7 103-25 145.5c-4.5 26.3 23.2 46 46.4 33.7L288 439.6l130.7 68.7c23.2 12.2 50.9-7.4 46.4-33.7l-25-145.5 105.7-103c19-18.5 8.5-50.8-17.7-54.6L382 150.2 316.7 17.8c-11.7-23.6-45.6-23.9-57.4 0z&quot;&gt;&lt;\/path&gt;&lt;\/svg&gt;\" ><\/div>\n\n\t\t\t\t\t\t<\/div>\n\t\t\t\t\t\t\t\t<div class=\"elementor-field-type-html elementor-field-group elementor-column elementor-field-group-field_65dc619 elementor-col-100\">\n\t\t\t\t\tKontaktinformationen: Bitte teile uns mit, wie wir euch f\u00fcr R\u00fcckfragen erreichen k\u00f6nnen.\t\t\t\t<\/div>\n\t\t\t\t\t\t\t\t<div class=\"elementor-field-type-text elementor-field-group elementor-column elementor-field-group-field_231d60a elementor-col-100 elementor-field-required elementor-mark-required\">\n\t\t\t\t\t\t\t\t\t\t\t\t<label for=\"form-field-field_231d60a\" class=\"elementor-field-label\">\n\t\t\t\t\t\t\t\tName des Ansprechpartners\t\t\t\t\t\t\t<\/label>\n\t\t\t\t\t\t\t\t\t\t\t\t\t\t<input size=\"1\" type=\"text\" name=\"form_fields[field_231d60a]\" id=\"form-field-field_231d60a\" class=\"elementor-field elementor-size-sm  elementor-field-textual\" required=\"required\">\n\t\t\t\t\t\t\t\t\t\t\t<\/div>\n\t\t\t\t\t\t\t\t<div class=\"elementor-field-type-email elementor-field-group elementor-column elementor-field-group-field_190cdca elementor-col-100 elementor-field-required elementor-mark-required\">\n\t\t\t\t\t\t\t\t\t\t\t\t<label for=\"form-field-field_190cdca\" class=\"elementor-field-label\">\n\t\t\t\t\t\t\t\tE-Mail-Adresse\t\t\t\t\t\t\t<\/label>\n\t\t\t\t\t\t\t\t\t\t\t\t\t\t<input size=\"1\" type=\"email\" name=\"form_fields[field_190cdca]\" id=\"form-field-field_190cdca\" class=\"elementor-field elementor-size-sm  elementor-field-textual\" required=\"required\">\n\t\t\t\t\t\t\t\t\t\t\t<\/div>\n\t\t\t\t\t\t\t\t<div class=\"elementor-field-type-tel elementor-field-group elementor-column elementor-field-group-field_7dff0f1 elementor-col-100\">\n\t\t\t\t\t\t\t\t\t\t\t\t<label for=\"form-field-field_7dff0f1\" class=\"elementor-field-label\">\n\t\t\t\t\t\t\t\tggf. Telefonnummer\t\t\t\t\t\t\t<\/label>\n\t\t\t\t\t\t\t\t<input size=\"1\" type=\"tel\" name=\"form_fields[field_7dff0f1]\" id=\"form-field-field_7dff0f1\" class=\"elementor-field elementor-size-sm  elementor-field-textual\" pattern=\"[0-9()#&amp;+*-=.]+\" title=\"Vain numerot ja puhelinmerkit (#, -, * jne.) hyv\u00e4ksyt\u00e4\u00e4n.\">\n\n\t\t\t\t\t\t<\/div>\n\t\t\t\t\t\t\t\t<div class=\"elementor-field-type-step elementor-field-group elementor-column elementor-field-group-field_9d5aaf2 elementor-col-100\">\n\t\t\t\t\t\t\t<div class=\"e-field-step elementor-hidden\" data-label=\"Sonstiges &amp; Absenden\" data-previousButton=\"Zur\u00fcck\" data-nextButton=\"\" data-iconUrl=\"\" data-iconLibrary=\"\" data-icon=\"\" ><\/div>\n\n\t\t\t\t\t\t<\/div>\n\t\t\t\t\t\t\t\t<div class=\"elementor-field-type-textarea elementor-field-group elementor-column elementor-field-group-field_0e208c7 elementor-col-100\">\n\t\t\t\t\t\t\t\t\t\t\t\t<label for=\"form-field-field_0e208c7\" class=\"elementor-field-label\">\n\t\t\t\t\t\t\t\tBemerkungen & W\u00fcnsche\t\t\t\t\t\t\t<\/label>\n\t\t\t\t\t\t<textarea class=\"elementor-field-textual elementor-field  elementor-size-sm\" name=\"form_fields[field_0e208c7]\" id=\"form-field-field_0e208c7\" rows=\"5\"><\/textarea>\t\t\t\t<\/div>\n\t\t\t\t\t\t\t\t<div class=\"elementor-field-type-acceptance elementor-field-group elementor-column elementor-field-group-field_1937c38 elementor-col-100 elementor-field-required elementor-mark-required\">\n\t\t\t\t\t\t\t\t\t\t\t\t<label for=\"form-field-field_1937c38\" class=\"elementor-field-label\">\n\t\t\t\t\t\t\t\tEinverst\u00e4ndniserkl\u00e4rung\t\t\t\t\t\t\t<\/label>\n\t\t\t\t\t\t\t\t<div class=\"elementor-field-subgroup\">\n\t\t\t<span class=\"elementor-field-option\">\n\t\t\t\t<input type=\"checkbox\" name=\"form_fields[field_1937c38]\" id=\"form-field-field_1937c38\" class=\"elementor-field elementor-size-sm  elementor-acceptance-field\" required=\"required\">\n\t\t\t\t<label for=\"form-field-field_1937c38\">Ich erkl\u00e4re mich damit einverstanden, dass die von mir bereitgestellten Informationen, Bilder und Kontaktdaten zur Bewerbung meiner Veranstaltung auf dieser Webseite ver\u00f6ffentlicht werden d\u00fcrfen.<\/label>\t\t\t<\/span>\n\t\t<\/div>\n\t\t\t\t\t\t<\/div>\n\t\t\t\t\t\t\t\t<div class=\"elementor-field-type-acceptance elementor-field-group elementor-column elementor-field-group-field_05e4d8f elementor-col-100\">\n\t\t\t\t\t\t\t\t\t\t\t\t<label for=\"form-field-field_05e4d8f\" class=\"elementor-field-label\">\n\t\t\t\t\t\t\t\t<br>\t\t\t\t\t\t\t<\/label>\n\t\t\t\t\t\t\t\t<div class=\"elementor-field-subgroup\">\n\t\t\t<span class=\"elementor-field-option\">\n\t\t\t\t<input type=\"checkbox\" name=\"form_fields[field_05e4d8f]\" id=\"form-field-field_05e4d8f\" class=\"elementor-field elementor-size-sm  elementor-acceptance-field\">\n\t\t\t\t<label for=\"form-field-field_05e4d8f\">Dar\u00fcber hinaus d\u00fcrfen die von mir bereitgestellten Informationen auch f\u00fcr weitere Produkte der HMTG lediglich zum Zwecke der Vermarktung meiner Events genutzt werden, z.B. in der Beilage, zur Vorstellung auf Social Media, sowie bei der Was Geht-App.<\/label>\t\t\t<\/span>\n\t\t<\/div>\n\t\t\t\t\t\t<\/div>\n\t\t\t\t\t\t\t\t<div class=\"elementor-field-group elementor-column elementor-field-type-submit elementor-col-100 e-form__buttons\">\n\t\t\t\t\t<button class=\"elementor-button elementor-size-sm\" type=\"submit\">\n\t\t\t\t\t\t<span class=\"elementor-button-content-wrapper\">\n\t\t\t\t\t\t\t\t\t\t\t\t\t\t\t\t\t\t\t\t\t\t<span class=\"elementor-button-text\">Senden<\/span>\n\t\t\t\t\t\t\t\t\t\t\t\t\t<\/span>\n\t\t\t\t\t<\/button>\n\t\t\t\t<\/div>\n\t\t\t<\/div>\n\t\t<\/form>\n\t\t\t\t\t\t<\/div>\n\t\t\t\t<\/div>\n\t\t\t\t\t<\/div>\n\t\t<\/div>\n\t\t\t\t\t<\/div>\n\t\t<\/section>\n\t\t\t\t<\/div>\n\t\t","protected":false},"excerpt":{"rendered":"<p>Aufnahme in die Datenbank: Veranstaltungen Euch liegt es am Herzen, Eure Events in Hannover sichtbar zu machen und einer breiten \u00d6ffentlichkeit zu pr\u00e4sentieren? Mit unserem Aufnahmeformular Events bietet sich Euch eine komfortable M\u00f6glichkeit, Eure Veranstaltungen direkt in die Hannover Living Datenbank einzutragen und von einer professionellen Vermarktung zu profitieren. Das Formular ist einfach gestaltet und [&hellip;]<\/p>\n","protected":false},"author":6,"featured_media":0,"parent":27477,"menu_order":0,"comment_status":"closed","ping_status":"closed","template":"","meta":{"footnotes":""},"class_list":["post-27620","page","type-page","status-publish","hentry"],"_links":{"self":[{"href":"https:\/\/hannover-living.de\/it\/wp-json\/wp\/v2\/pages\/27620","targetHints":{"allow":["GET"]}}],"collection":[{"href":"https:\/\/hannover-living.de\/it\/wp-json\/wp\/v2\/pages"}],"about":[{"href":"https:\/\/hannover-living.de\/it\/wp-json\/wp\/v2\/types\/page"}],"author":[{"embeddable":true,"href":"https:\/\/hannover-living.de\/it\/wp-json\/wp\/v2\/users\/6"}],"replies":[{"embeddable":true,"href":"https:\/\/hannover-living.de\/it\/wp-json\/wp\/v2\/comments?post=27620"}],"version-history":[{"count":7,"href":"https:\/\/hannover-living.de\/it\/wp-json\/wp\/v2\/pages\/27620\/revisions"}],"predecessor-version":[{"id":39294,"href":"https:\/\/hannover-living.de\/it\/wp-json\/wp\/v2\/pages\/27620\/revisions\/39294"}],"up":[{"embeddable":true,"href":"https:\/\/hannover-living.de\/it\/wp-json\/wp\/v2\/pages\/27477"}],"wp:attachment":[{"href":"https:\/\/hannover-living.de\/it\/wp-json\/wp\/v2\/media?parent=27620"}],"curies":[{"name":"wp","href":"https:\/\/api.w.org\/{rel}","templated":true}]}}