{"id":2801,"date":"2018-04-20T15:18:09","date_gmt":"2018-04-20T13:18:09","guid":{"rendered":"http:\/\/web53.s259.goserver.host\/?page_id=2801"},"modified":"2026-01-13T13:11:51","modified_gmt":"2026-01-13T11:11:51","slug":"protezione-dei-dati","status":"publish","type":"page","link":"https:\/\/hannover-living.de\/it\/protezione-dei-dati\/","title":{"rendered":"Protezione dei dati"},"content":{"rendered":"<h1 class=\"fl-heading\"><span class=\"fl-heading-text\">Protezione dei dati<\/span><\/h1>\n<p><strong>Informativa sulla privacy<\/strong><\/p>\n<ol>\n<li><strong> La protezione dei dati in sintesi<\/strong><\/li>\n<\/ol>\n<p><strong>Informazioni generali<\/strong><br \/>\nLe seguenti informazioni forniscono una semplice panoramica di ci\u00f2 che accade ai vostri dati personali quando visitate il nostro sito web. Per dati personali si intendono tutti i dati che possono essere utilizzati per identificarvi personalmente. Informazioni dettagliate sul tema della protezione dei dati sono disponibili nella nostra dichiarazione sulla protezione dei dati riportata sotto questo testo.<br \/>\n<strong>Raccolta di dati sul nostro sito web<\/strong><br \/>\n<strong>Chi \u00e8 responsabile della raccolta dei dati su questo sito?<\/strong><br \/>\nIl trattamento dei dati su questo sito web viene effettuato dal gestore del sito. I dati di contatto del gestore sono riportati nelle note legali di questo sito.<\/p>\n<p><strong>Come raccogliamo i vostri dati?<\/strong><br \/>\nDa un lato, i vostri dati vengono raccolti quando ce li fornite. Pu\u00f2 trattarsi, ad esempio, dei dati inseriti in un modulo di contatto.<br \/>\nAltri dati vengono raccolti automaticamente dai nostri sistemi informatici quando visitate il sito web. Si tratta principalmente di dati tecnici (ad es. browser Internet, sistema operativo o tempo di visualizzazione della pagina). Questi dati vengono raccolti automaticamente non appena si accede al nostro sito web.<\/p>\n<p><strong>Per cosa utilizziamo i vostri dati?<\/strong><br \/>\nAlcuni dati vengono raccolti per garantire che il sito web venga fornito senza errori. Altri dati possono essere utilizzati per analizzare il comportamento degli utenti.<\/p>\n<p><strong>Quali diritti avete in relazione ai vostri dati?<\/strong><br \/>\nAvete il diritto di ricevere gratuitamente in qualsiasi momento informazioni sull'origine, il destinatario e lo scopo dei vostri dati personali memorizzati. Avete inoltre il diritto di richiedere la correzione, il blocco o la cancellazione di tali dati. Per ulteriori domande sulla protezione dei dati, potete contattarci in qualsiasi momento all'indirizzo indicato nella nota legale. Avete inoltre il diritto di presentare un reclamo all'autorit\u00e0 di controllo competente.<\/p>\n<p><strong>Strumenti di analisi e strumenti di fornitori terzi<\/strong><br \/>\nQuando visitate il nostro sito web, il vostro comportamento di navigazione pu\u00f2 essere valutato statisticamente. Ci\u00f2 avviene principalmente attraverso i cookie e i cosiddetti programmi di analisi. L'analisi del vostro comportamento di navigazione \u00e8 solitamente anonima; il comportamento di navigazione non pu\u00f2 essere ricondotto a voi. Potete opporvi a questa analisi o impedirla non utilizzando determinati strumenti. Informazioni dettagliate al riguardo sono contenute nella seguente informativa sulla privacy.<br \/>\nPotete opporvi a questa analisi. Vi informeremo sulle opzioni di opposizione in questa informativa sulla privacy.<\/p>\n<ol start=\"2\">\n<li><strong> Note generali e informazioni obbligatorie<\/strong><\/li>\n<\/ol>\n<p><strong>Protezione dei dati<\/strong><br \/>\nI gestori di queste pagine prendono molto sul serio la protezione dei vostri dati personali. Trattiamo i vostri dati personali in modo confidenziale e in conformit\u00e0 alle disposizioni di legge sulla protezione dei dati e alla presente informativa sulla privacy.<br \/>\nQuando si utilizza questo sito web, vengono raccolti diversi dati personali. I dati personali sono dati che possono essere utilizzati per identificarvi personalmente. La presente informativa sulla privacy spiega quali dati raccogliamo e per quali scopi li utilizziamo. Spiega inoltre come e per quale scopo vengono raccolti.<br \/>\nDesideriamo sottolineare che la trasmissione di dati su Internet (ad esempio, la comunicazione via e-mail) pu\u00f2 presentare lacune nella sicurezza. Non \u00e8 possibile proteggere completamente i dati dall'accesso di terzi.<\/p>\n<p><strong>Nota sull'organismo responsabile<\/strong><br \/>\nIl responsabile del trattamento dei dati su questo sito web \u00e8<\/p>\n<p>Hannover Marketing &amp; Tourismus GmbH<br \/>\nDirettore generale<br \/>\nChristian Katz<br \/>\nVahrenwalder Str. 7<br \/>\n30165 Hannover<br \/>\nTelefono: 0511-1234900<br \/>\nE-mail: info@hannover-marketing.de<\/p>\n<p>Il responsabile del trattamento \u00e8 la persona fisica o giuridica che, da sola o insieme ad altri, determina le finalit\u00e0 e i mezzi del trattamento dei dati personali (ad esempio, nomi, indirizzi e-mail, ecc.).<\/p>\n<p><strong>Revoca del consenso al trattamento dei dati<\/strong><br \/>\nMolte operazioni di trattamento dei dati sono possibili solo con il vostro consenso esplicito. Potete revocare in qualsiasi momento il consenso che avete gi\u00e0 dato. Tutto ci\u00f2 che dovete fare \u00e8 inviarci un'e-mail informale. La legalit\u00e0 del trattamento dei dati effettuato fino alla revoca rimane inalterata.<\/p>\n<p><strong>Diritto di presentare un reclamo all'autorit\u00e0 di controllo competente<\/strong><br \/>\nIn caso di violazione della legge sulla protezione dei dati, l'interessato ha il diritto di presentare un reclamo all'autorit\u00e0 di controllo competente. L'autorit\u00e0 di controllo competente per le questioni relative alla protezione dei dati \u00e8 il responsabile della protezione dei dati dello Stato federale in cui ha sede la nostra azienda. L'elenco dei responsabili della protezione dei dati e i loro dati di contatto sono disponibili al seguente link: <a href=\"https:\/\/www.bfdi.bund.de\/DE\/Infothek\/Anschriften_Links\/anschriften_links-node.html\" target=\"_blank\" rel=\"noopener\">https:\/\/www.bfdi.bund.de\/DE\/Infothek\/Anschriften_Links\/anschriften_links-node.html<\/a>.<\/p>\n<p><strong>Diritto alla portabilit\u00e0 dei dati<\/strong><br \/>\nAvete il diritto di ottenere che i dati da noi trattati automaticamente sulla base del vostro consenso o in adempimento di un contratto vengano consegnati a voi o a terzi in un formato comunemente utilizzato e leggibile da una macchina. Se richiedete il trasferimento diretto dei dati a un altro titolare del trattamento, ci\u00f2 avverr\u00e0 solo nella misura in cui ci\u00f2 sia tecnicamente possibile.<\/p>\n<p><strong>Crittografia SSL o TLS<\/strong><br \/>\nQuesto sito utilizza la crittografia SSL o TLS per motivi di sicurezza e per proteggere la trasmissione di contenuti riservati, come gli ordini o le richieste di informazioni che ci inviate in qualit\u00e0 di gestore del sito. \u00c8 possibile riconoscere una connessione crittografata dal fatto che la riga dell'indirizzo del browser passa da \"http:\/\/\" a \"https:\/\/\" e dal simbolo del lucchetto nella riga del browser. Se la crittografia SSL o TLS \u00e8 attivata, i dati che ci trasmettete non possono essere letti da terzi.<\/p>\n<p><strong>Informazioni, blocco, cancellazione<\/strong><br \/>\nNell'ambito delle disposizioni di legge applicabili, avete il diritto di ottenere in qualsiasi momento informazioni gratuite sui vostri dati personali memorizzati, sulla loro origine e sul loro destinatario e sullo scopo del trattamento dei dati e, se necessario, il diritto alla correzione, al blocco o alla cancellazione di tali dati. Per ulteriori domande sul tema dei dati personali, potete contattarci in qualsiasi momento all'indirizzo indicato nella nota legale.<\/p>\n<p><strong>Obiezione alle e-mail pubblicitarie<\/strong><br \/>\nCon la presente ci opponiamo all'utilizzo dei dati di contatto pubblicati nell'ambito dell'obbligo di notifica legale per l'invio di materiale pubblicitario e informativo non richiesto. I gestori di questo sito web si riservano espressamente il diritto di intraprendere azioni legali in caso di invio non richiesto di informazioni pubblicitarie, come ad esempio le e-mail di spam.<\/p>\n<ol start=\"3\">\n<li><strong> Responsabile della protezione dei dati<\/strong><\/li>\n<\/ol>\n<p><strong>Responsabile della protezione dei dati richiesto dalla legge<\/strong><br \/>\nAbbiamo nominato un responsabile della protezione dei dati per la nostra azienda.<\/p>\n<p class=\"emark\"><span class=\"cnw_skip_translation\">Althammer &amp; Kill<br \/>\nRoscherstrasse 7<br \/>\n30161 Hannover<br \/>\nGermania<\/span><\/p>\n<p class=\"emark\">e-mail: <a href=\"mailto:kontakt-dsb@althammer-kill.de\" data-cke-saved-href=\"mailto:kontakt-dsb@althammer-kill.de\">kontakt-dsb@althammer-kill.de<\/a><\/p>\n<ol start=\"4\">\n<li><strong> Raccolta di dati sul nostro sito web<\/strong><\/li>\n<\/ol>\n<p><strong>Biscotti<\/strong><br \/>\nAlcune pagine Internet utilizzano i cosiddetti cookie. I cookie non danneggiano il computer e non contengono virus. I cookie vengono utilizzati per rendere il nostro sito web pi\u00f9 facile da usare, efficace e sicuro. I cookie sono piccoli file di testo che vengono memorizzati sul vostro computer e salvati dal vostro browser.<br \/>\nLa maggior parte dei cookie che utilizziamo sono i cosiddetti \"cookie di sessione\". Vengono cancellati automaticamente al termine della visita. Altri cookie rimangono memorizzati sul vostro dispositivo finale finch\u00e9 non li cancellate. Questi cookie ci permettono di riconoscere il vostro browser alla vostra prossima visita.<br \/>\nPotete impostare il vostro browser in modo da essere informati sull'impostazione dei cookie e consentire i cookie solo in singoli casi, escludere l'accettazione dei cookie per determinati casi o in generale e attivare la cancellazione automatica dei cookie alla chiusura del browser. Se i cookie vengono disattivati, la funzionalit\u00e0 di questo sito web potrebbe essere limitata.<br \/>\nI cookie necessari per eseguire il processo di comunicazione elettronica o per fornire determinate funzioni richieste dall'utente (ad es. la funzione carrello) vengono memorizzati sulla base dell'art. 6 par. 1 lett. f GDPR. Il gestore del sito web ha un interesse legittimo alla memorizzazione dei cookie per la fornitura tecnicamente priva di errori e ottimizzata dei propri servizi. Nella misura in cui vengono memorizzati altri cookie (ad es. cookie per l'analisi del comportamento di navigazione), questi vengono trattati separatamente nella presente informativa sulla privacy.<br \/>\n<strong>\u00a0<\/strong><\/p>\n<ol start=\"5\">\n<li><strong> I social media<\/strong><\/li>\n<\/ol>\n<p><strong>Plugin per Facebook (pulsante \"Mi piace\" e \"Condividi\")<\/strong><br \/>\nSulle nostre pagine sono integrati plugin del social network Facebook, provider Facebook Inc, 1 Hacker Way, Menlo Park, California 94025, USA. I plugin di Facebook sono riconoscibili dal logo di Facebook o dal pulsante \"Mi piace\" sul nostro sito. Una panoramica dei plugin di Facebook \u00e8 disponibile qui: <a href=\"https:\/\/developers.facebook.com\/docs\/plugins\/\" target=\"_blank\" rel=\"noopener\">https:\/\/developers.facebook.com\/docs\/plugins\/<\/a>.<br \/>\nQuando visitate le nostre pagine, viene stabilita una connessione diretta tra il vostro browser e il server di Facebook tramite il plugin. Facebook riceve l'informazione che avete visitato il nostro sito con il vostro indirizzo IP. Se cliccate sul pulsante \"Mi piace\" di Facebook mentre siete connessi al vostro account Facebook, potete collegare il contenuto delle nostre pagine al vostro profilo Facebook. Ci\u00f2 consente a Facebook di associare la visita alle nostre pagine al vostro account utente. Desideriamo sottolineare che, in quanto fornitori delle pagine, non siamo a conoscenza del contenuto dei dati trasmessi n\u00e9 del loro utilizzo da parte di Facebook. Ulteriori informazioni in merito sono disponibili nell'informativa sulla privacy di Facebook all'indirizzo <a href=\"https:\/\/de-de.facebook.com\/policy.php\" target=\"_blank\" rel=\"noopener\">https:\/\/de-de.facebook.com\/policy.php<\/a>.<br \/>\nSe non volete che Facebook possa associare la vostra visita alle nostre pagine al vostro account utente di Facebook, siete pregati di disconnettervi dal vostro account utente di Facebook.<\/p>\n<p><strong>Chatwith Chatbot<\/strong><br \/>\nUtilizziamo Chatwith per fornire servizi di chatbot sul nostro sito web. Questo chatbot raccoglie ed elabora dati personali come i log delle chat e le interazioni degli utenti. Chatwith opera in stretta conformit\u00e0 con il GDPR e tratta i dati secondo le nostre istruzioni. Per ulteriori informazioni, consultare l'informativa sulla privacy di Chatwith all'indirizzo https:\/\/chatwith.tools\/privacy.<\/p>\n<p><strong>Plugin Instagram<\/strong><br \/>\nLe funzioni del servizio Instagram sono integrate nelle nostre pagine. Queste funzioni sono offerte da Instagram Inc., 1601 Willow Road, Menlo Park, CA 94025, USA.<br \/>\nSe avete effettuato l'accesso al vostro account Instagram, potete collegare il contenuto delle nostre pagine al vostro profilo Instagram cliccando sul pulsante Instagram. Ci\u00f2 consente a Instagram di associare la visita alle nostre pagine al vostro account utente. Desideriamo sottolineare che, in qualit\u00e0 di fornitore delle pagine, non siamo a conoscenza del contenuto dei dati trasmessi n\u00e9 del loro utilizzo da parte di Instagram.<br \/>\nUlteriori informazioni al riguardo sono disponibili nell'informativa sulla privacy di Instagram: <a href=\"https:\/\/instagram.com\/about\/legal\/privacy\/\" target=\"_blank\" rel=\"noopener\">https:\/\/instagram.com\/about\/legal\/privacy\/<\/a>.<\/p>\n<p class=\"paragraph\" style=\"margin: 0cm; vertical-align: baseline;\"><b>Utilizzo del chatbot \"Hanno<\/b><\/p>\n<p class=\"paragraph\" style=\"margin-bottom: 0cm; vertical-align: baseline;\">Sul nostro sito web utilizziamo il chatbot \"Hanno\" di Dr Schengber &amp; Friends GmbH, Schorlemerstr. 12-14, D-48143 M\u00fcnster (DSaF) per migliorare l'accessibilit\u00e0 e la comunicazione con gli utenti e le parti interessate.<\/p>\n<p class=\"paragraph\" style=\"margin-bottom: 0cm; vertical-align: baseline;\">Le informazioni sulla protezione dei dati presso il provider DSaF sono disponibili qui:\u00a0<a href=\"https:\/\/botcamp.ai\/datenschutz\/\" target=\"_blank\" rel=\"noopener\">https:\/\/botcamp.ai\/datenschutz\/<\/a><\/p>\n<p class=\"paragraph\" style=\"margin-bottom: 0cm; vertical-align: baseline;\">Abbiamo stipulato un contratto di elaborazione degli ordini con DSaF, che fornisce sufficienti garanzie per un'elaborazione dei dati conforme alle norme sulla protezione dei dati e sicura.<\/p>\n<p class=\"paragraph\" style=\"margin-bottom: 0cm; vertical-align: baseline;\">Il software del chatbot utilizzato su questo sito utilizza l'apprendimento automatico per comprendere meglio e rispondere agli input degli utenti. A tal fine, gli input vengono inviati a server esterni e l\u00ec analizzati. Questo \u00e8 l'unico modo per consentire il funzionamento del chatbot. Il chatbot non richiede n\u00e9 richiede dati personali in alcun momento. Gli utenti non sono quindi identificabili finch\u00e9 non inseriscono dati personali. I dati non personali immessi vengono utilizzati a fini di apprendimento e memorizzati per scopi formativi. Ci\u00f2 costituisce un interesse legittimo ai sensi dell'articolo 6 (1) (f) del GDPR. Il vostro indirizzo IP viene raccolto dal sistema durante l'utilizzo.<\/p>\n<p class=\"paragraph\" style=\"margin-bottom: 0cm; vertical-align: baseline;\"><b>Finalit\u00e0 del trattamento dei dati<\/b><br \/>\nL'uso dei chatbot ci aiuta a rispondere in modo rapido e affidabile alle richieste degli utenti sul nostro sito web, aumentando cos\u00ec la facilit\u00e0 d'uso e l'accessibilit\u00e0. In ultima analisi, il suo utilizzo serve anche ai nostri interessi pubblicitari e di marketing, in quanto ci consente di contattare pi\u00f9 rapidamente e meglio le persone interessate ai nostri servizi. La raccolta dell'indirizzo IP serve a distinguere l'utente da altri visitatori e chattatori, in modo che non vengano aperte pi\u00f9 chat contemporaneamente dallo stesso utente. L'inserimento di ulteriori dati nella finestra di chat \u00e8 volontario e lo scopo \u00e8 determinato dalla vostra richiesta.<\/p>\n<p class=\"paragraph\" style=\"margin-bottom: 0cm; vertical-align: baseline;\"><b>Base giuridica del trattamento dei dati<\/b><br \/>\nL'elaborazione dei dati avviene sulla base giuridica dell'art. 6(1)(f) GDPR. Il nostro interesse legittimo in questo trattamento dei dati risiede negli scopi sopra menzionati e nel fatto di poter elaborare la vostra richiesta.<\/p>\n<p class=\"paragraph\" style=\"margin-bottom: 0cm; vertical-align: baseline;\"><b>Durata dello stoccaggio<\/b><br \/>\nI dati e i contenuti delle chat sono conservati sui server di DSaF dal sistema per un massimo di 3 mesi, in alcuni casi vengono anche cancellati prima tramite cancellazione manuale da parte nostra.<\/p>\n<p class=\"paragraph\" style=\"margin-bottom: 0cm; vertical-align: baseline;\">In caso contrario, conserviamo i dati raccolti sulla base di un interesse legittimo fino a quando l'interesse legittimo non sussiste pi\u00f9, una valutazione giunge a una conclusione diversa o l'utente ha effettivamente presentato un'obiezione ai sensi dell'art. 21 del GDPR (si veda il paragrafo \"Diritto di opposizione al trattamento sulla base di un interesse legittimo\" evidenziato visivamente al punto C.). Si verifica regolarmente, almeno una volta all'anno, se il legittimo interesse sussiste ancora. In particolare, il nostro interesse viene meno se i dati non sono pi\u00f9 sufficientemente rilevanti per noi ai fini dell'analisi e della statistica dell'utilizzo del sito web a causa del passare del tempo, il che si pu\u00f2 presumere al pi\u00f9 tardi dopo tre anni.<\/p>\n<p class=\"paragraph\" style=\"margin-bottom: 0cm; vertical-align: baseline;\"><b>Possibilit\u00e0 di obiezione e rimozione<\/b><br \/>\nAvete il diritto di opporvi in qualsiasi momento, per motivi legati alla vostra situazione particolare, al trattamento dei dati personali che vi riguardano da parte nostra. Se non siamo in grado di dimostrare l'esistenza di validi motivi per un ulteriore trattamento che prevalgano sui vostri interessi, diritti e libert\u00e0, non tratteremo pi\u00f9 i vostri dati (cfr. art. 21 GDPR). Per farlo, potete contattarci per posta o per e-mail. Con l'obiezione, tuttavia, termina anche la nostra conversazione.<\/p>\n<p class=\"paragraph\" style=\"margin-bottom: 0cm; vertical-align: baseline;\">In questo caso, tutti i dati personali memorizzati nel corso del contatto con noi saranno cancellati, a condizione che non vi siano indicazioni di garanzia contrattuale o di responsabilit\u00e0 o che non abbiamo rivendicazioni nei vostri confronti. In tutti gli altri casi, i dati saranno bloccati in modo che solo la nostra direzione abbia accesso a questi dati e solo ai fini dei motivi di conservazione previsti dalla legge o ai fini della difesa o della rivendicazione di diritti effettivi o potenziali fino alla scadenza del termine di prescrizione (si vedano le nostre informazioni sulla durata della conservazione).<\/p>\n<p>Informativa sulla privacy per urbnups<br \/>\nNella misura in cui utilizziamo i servizi di urbnups sul nostro sito web, si applica anche quanto segue<br \/>\nla seguente dichiarazione sulla protezione dei dati. urbnups offre diversi contenuti nell'ambito del digitale.<br \/>\nTurismo, che potete utilizzare come nostri utenti.<br \/>\nurbnups raccoglie ed elabora i seguenti dati, che sono tecnicamente necessari per fornire all'utente<br \/>\nvisualizzare il servizio desiderato e garantire stabilit\u00e0 e sicurezza<br \/>\n(La base giuridica \u00e8 l'art. 6 comma 1 frase 1 lit. f GDPR):<br \/>\n- Indirizzo IP<br \/>\n- Data e ora della richiesta<br \/>\n- Differenza di fuso orario rispetto all'ora di Greenwich (GMT)<br \/>\n- Contenuto della richiesta (pagina specifica)<br \/>\n- Stato di accesso\/Codice di stato HTTP<br \/>\n- Quantit\u00e0 di dati trasferiti in ciascun caso<br \/>\n- Sito web da cui proviene la richiesta<br \/>\n- Browser<br \/>\n- Il sistema operativo e la sua interfaccia<br \/>\n- Lingua e versione del software del browser.<br \/>\n- L'indirizzo IP trasmesso dal vostro browser non sar\u00e0 condiviso con altri dati in nostro possesso.<br \/>\ni dati raccolti vengono uniti.<br \/>\nNon abbiamo alcuna influenza sui dati raccolti e sulle operazioni di trattamento dei dati di<br \/>\nn\u00e9 siamo a conoscenza dell'intera portata della raccolta dei dati, degli scopi della raccolta dei dati e del loro utilizzo.<br \/>\nelaborazione o i periodi di conservazione.<br \/>\nLa base giuridica per l'utilizzo dei servizi di urbnups \u00e8 l'art. 6 comma 1 frase 1 lit. f GDPR.<br \/>\nUlteriori informazioni sulle finalit\u00e0 e l'ambito della raccolta e del trattamento dei dati<br \/>\nda urbnups pu\u00f2 essere trovata nell'informativa sulla privacy del provider. L\u00ec<br \/>\ntroverete anche ulteriori informazioni sui vostri diritti e obblighi in materia.<br \/>\nImpostazione delle opzioni per la protezione della privacy.<br \/>\nInformativa sulla privacy di urbnups UG (haftungsbeschr\u00e4nkt),<\/p>\n<p><strong>Esclusione di responsabilit\u00e0 <\/strong><\/p>\n<ol>\n<li>Il chatbot impara dal comportamento e dalla comunicazione degli utenti e dei suoi redattori. Pu\u00f2 quindi essere in grado di fare affermazioni che:<\/li>\n<li>a) \u00e8 percepito come inappropriato,<\/li>\n<li>b) che non sono attuali,<\/li>\n<li>c) che non sono completi,<\/li>\n<li>d) che non sono corretti dal punto di vista fattuale.<\/li>\n<\/ol>\n<p>In particolare, non viene fornita alcuna garanzia in merito,<\/p>\n<ol>\n<li>che i luoghi ricercati siano raggiungibili in qualsiasi momento.<\/li>\n<li>che gli orari di apertura siano aggiornati.<\/li>\n<li>che i prezzi (di ingresso) siano aggiornati.<\/li>\n<li>che gli eventi hanno luogo.<\/li>\n<\/ol>\n<p>In caso di dubbio, l'accuratezza delle informazioni generate dall'IA deve essere verificata dalla persona che le utilizza.<\/p>\n<ol start=\"2\">\n<li>Il fornitore esclude espressamente qualsiasi responsabilit\u00e0 per le dichiarazioni fatte dal chatbot. Le richieste di responsabilit\u00e0 relative a danni materiali o immateriali causati dall'uso o dal mancato uso delle informazioni fornite o dall'uso di informazioni errate o incomplete sono fondamentalmente escluse, a meno che non vi siano prove di dolo o grave negligenza. Tutte le offerte sono soggette a modifiche e non sono vincolanti. In particolare, non viene fornita alcuna garanzia.<\/li>\n<\/ol>\n<p>&nbsp;<\/p>\n<p><strong>Servizi di Hannover Marketing und Tourismus GmbH<\/strong><\/p>\n<p>I componenti della societ\u00e0 Hannover Marketing &amp; Tourismus GmbH (HMTG) sono integrati in questo sito web. L'obiettivo di HMTG \u00e8 quello di commercializzare i 21 comuni della Regione di Hannover a livello nazionale. HMTG agisce anche come fornitore di servizi turistici e offre tutti i servizi relativi a un soggiorno nella Regione di Hannover con il suo team di viaggi in citt\u00e0 (compresa la vendita di pacchetti di esperienze e tour della citt\u00e0), servizi di alloggio e informazioni turistiche. A tal fine, HMTG utilizza componenti integrati da Iframes delle seguenti aziende:<\/p>\n<p>Piattaforma di prenotazione alberghiera, pacchetti di esperienze, tour della citt\u00e0, negozio online con vendita di biglietti<\/p>\n<p><strong>Holidu GmbH<\/strong><br \/>\nRiesstrasse 24<br \/>\n80992 Monaco<br \/>\ne-mail: <a href=\"mailto:service@holidu.com\">service@holidu.com<\/a><br \/>\nWeb: <a href=\"https:\/\/www.holidu.de\/hsd\" target=\"_blank\" rel=\"noopener\">www.holidu.de<\/a><br \/>\nTelefono: +49 89 120840988<\/p>\n<p>Metodi di pagamento tramite My.IRS GmbH<\/p>\n<p>Datatrans (Mastercard, Visacard)<br \/>\nDatatrans AG<br \/>\nKreuzb\u00fchlstrasse 26<br \/>\nCH-8008 Zurigo<br \/>\nSvizzera<br \/>\nRegistro di commercio: Cantone di Zurigo, CH-400.3.008.700-8<br \/>\nNumero di partita IVA (imposta sul valore aggiunto): CHE-100.847.043 IVA<br \/>\nDirezione: Hanspeter Maurer, Bettina Reimers, Urs Kisling<br \/>\nTelefono: +41 44 256 81 91<br \/>\nFax: +41 44 256 81 98<br \/>\ne-mail: Generale: info@datatrans.ch<\/p>\n<p>PayPal<br \/>\nSul nostro sito web offriamo, tra l'altro, il pagamento tramite PayPal. Il fornitore di questo servizio di pagamento \u00e8 PayPal (Europe) S.\u00e0.r.l. et Cie, S.C.A., 22-24 Boulevard Royal, L-2449 Lussemburgo (di seguito \"PayPal\").<br \/>\nSe si seleziona il pagamento tramite PayPal, i dati di pagamento inseriti verranno trasmessi a PayPal.<br \/>\nLa trasmissione dei vostri dati a PayPal si basa sull'art. 6 par. 1 lett. a GDPR (consenso) e sull'art. 6 par. 1 lett. b GDPR (trattamento per l'adempimento di un contratto). L'utente ha la possibilit\u00e0 di revocare il proprio consenso al trattamento dei dati in qualsiasi momento. La revoca non pregiudica l'efficacia delle operazioni di trattamento dei dati effettuate in passato.<br \/>\nterra in vista AG<br \/>\nBr\u00fchlmatten 16<br \/>\nD-79295 Sulzburg\/GERMANIA<br \/>\nE-mail: info@land-in.sicht.de<br \/>\nWeb: www.land-in-sicht.de<br \/>\nTelefono: +49 7634 56956-0<br \/>\nFax: +49 7634 56956-99<br \/>\nSede legale di land in sicht AG: D-79295 Sulzburg<br \/>\nTribunale di Friburgo i.Br., HRB 300725<br \/>\nForma giuridica: Societ\u00e0 per azioni (AG)<\/p>","protected":false},"excerpt":{"rendered":"<p>Datenschutz Datenschutzerkl\u00e4rung Datenschutz auf einen Blick Allgemeine Hinweise Die folgenden Hinweise geben einen einfachen \u00dcberblick dar\u00fcber, was mit Ihren personenbezogenen Daten passiert, wenn Sie unsere Website besuchen. Personenbezogene Daten sind alle Daten, mit denen Sie pers\u00f6nlich identifiziert werden k\u00f6nnen. Ausf\u00fchrliche Informationen zum Thema Datenschutz entnehmen Sie unserer unter diesem Text aufgef\u00fchrten Datenschutzerkl\u00e4rung. Datenerfassung auf unserer [&hellip;]<\/p>\n","protected":false},"author":3,"featured_media":0,"parent":0,"menu_order":12,"comment_status":"closed","ping_status":"closed","template":"","meta":{"footnotes":""},"class_list":["post-2801","page","type-page","status-publish","hentry"],"_links":{"self":[{"href":"https:\/\/hannover-living.de\/it\/wp-json\/wp\/v2\/pages\/2801","targetHints":{"allow":["GET"]}}],"collection":[{"href":"https:\/\/hannover-living.de\/it\/wp-json\/wp\/v2\/pages"}],"about":[{"href":"https:\/\/hannover-living.de\/it\/wp-json\/wp\/v2\/types\/page"}],"author":[{"embeddable":true,"href":"https:\/\/hannover-living.de\/it\/wp-json\/wp\/v2\/users\/3"}],"replies":[{"embeddable":true,"href":"https:\/\/hannover-living.de\/it\/wp-json\/wp\/v2\/comments?post=2801"}],"version-history":[{"count":2,"href":"https:\/\/hannover-living.de\/it\/wp-json\/wp\/v2\/pages\/2801\/revisions"}],"predecessor-version":[{"id":44328,"href":"https:\/\/hannover-living.de\/it\/wp-json\/wp\/v2\/pages\/2801\/revisions\/44328"}],"wp:attachment":[{"href":"https:\/\/hannover-living.de\/it\/wp-json\/wp\/v2\/media?parent=2801"}],"curies":[{"name":"wp","href":"https:\/\/api.w.org\/{rel}","templated":true}]}}