{"id":40275,"date":"2025-06-23T15:58:49","date_gmt":"2025-06-23T13:58:49","guid":{"rendered":"https:\/\/hannover-living.de\/?page_id=40275"},"modified":"2025-06-27T12:38:17","modified_gmt":"2025-06-27T10:38:17","slug":"dichiarazione-sullaccessibilita","status":"publish","type":"page","link":"https:\/\/hannover-living.de\/it\/dichiarazione-sullaccessibilita\/","title":{"rendered":"Dichiarazione sull'accessibilit\u00e0"},"content":{"rendered":"<div data-elementor-type=\"wp-page\" data-elementor-id=\"40275\" class=\"elementor elementor-40275\" data-elementor-post-type=\"page\">\n\t\t\t\t<div class=\"elementor-element elementor-element-ebdc5d0 e-flex e-con-boxed e-con e-parent\" data-id=\"ebdc5d0\" data-element_type=\"container\" data-e-type=\"container\">\n\t\t\t\t\t<div class=\"e-con-inner\">\n\t\t\t\t<div class=\"elementor-element elementor-element-da82371 elementor-widget elementor-widget-heading\" data-id=\"da82371\" data-element_type=\"widget\" data-e-type=\"widget\" data-widget_type=\"heading.default\">\n\t\t\t\t<div class=\"elementor-widget-container\">\n\t\t\t\t\t<h1 class=\"elementor-heading-title elementor-size-default\">Dichiarazione sull'accessibilit\u00e0<\/h1>\t\t\t\t<\/div>\n\t\t\t\t<\/div>\n\t\t\t\t<div class=\"elementor-element elementor-element-d82c378 elementor-widget elementor-widget-text-editor\" data-id=\"d82c378\" data-element_type=\"widget\" data-e-type=\"widget\" data-widget_type=\"text-editor.default\">\n\t\t\t\t<div class=\"elementor-widget-container\">\n\t\t\t\t\t\t\t\t\t<ol><li><strong> Ambito di applicazione<\/strong><\/li><\/ol><p style=\"padding-left: 40px;\">La presente dichiarazione di accessibilit\u00e0 si applica al sito web dell'Associazione:<br \/><strong>Hannover Marketing and Tourismus GmbH (HMTG)<\/strong><br \/>www.hannover-living.de \/ http:\/\/www.hannover-tourismus.de \/ negozi online su welcome.visit-hannover.com<\/p><ol start=\"2\"><li><strong> Base giuridica<\/strong><\/li><\/ol><p style=\"padding-left: 40px;\">Questo sito web si impegna a mantenere la propria presenza sul web in conformit\u00e0 con le norme di <strong>Legge sul rafforzamento dell'accessibilit\u00e0 (BFSG)<\/strong> e il <strong>Ordinanza sulle tecnologie dell'informazione senza barriere (BITV 2.0)<\/strong> accessibilit\u00e0 senza barriere.<\/p><ol start=\"3\"><li><strong> Stato di compatibilit\u00e0 con i requisiti<\/strong><\/li><\/ol><p style=\"padding-left: 40px;\">Questo sito web \u00e8 <strong>Parzialmente senza barriere<\/strong>. I requisiti della BITV 2.0 sono parzialmente soddisfatti.<\/p><ol start=\"4\"><li><strong> Metodologia dell'audit<\/strong><\/li><\/ol><p style=\"padding-left: 40px;\">La verifica dell'accessibilit\u00e0 \u00e8 stata effettuata nell'ambito di un progetto di <strong>Autovalutazione<\/strong> dall'HMTG. I singoli elementi sono stati controllati a campione utilizzando strumenti di test tecnici. \u00c8 in corso di pianificazione un audit esterno completo.<\/p><ol start=\"5\"><li><strong> Contenuti non accessibili<\/strong><\/li><\/ol><p style=\"padding-left: 40px;\">Alcune aree sono attualmente ancora <strong>Non completamente privo di barriere<\/strong>:<\/p><ul><li style=\"list-style-type: none;\"><ul><li><strong>Documenti PDF e media incorporati:<\/strong> Alcuni vecchi file PDF non sono privi di barriere. Anche i video incorporati non sempre hanno sottotitoli o descrizioni audio.<\/li><li><strong>Testi alternativi:<\/strong> Le immagini, soprattutto negli articoli pi\u00f9 vecchi, a volte non hanno un testo alternativo sufficiente.<\/li><li><strong>Contrasti e navigazione da tastiera:<\/strong> Alcuni elementi di navigazione e di design non hanno ancora un contrasto sufficiente o non sono completamente accessibili tramite tastiera.<\/li><\/ul><\/li><\/ul><p style=\"padding-left: 40px;\"><strong>Misure previste:<\/strong><\/p><ul><li style=\"list-style-type: none;\"><ul><li>Revisione passo-passo di PDF e contenuti di immagini.<\/li><li>Ottimizzazione dei contrasti di colore e della navigazione.<\/li><li>Integrazione di elementi multimediali accessibili.<\/li><\/ul><\/li><\/ul><p style=\"padding-left: 40px;\"><strong>\u00a0<\/strong><\/p><ol start=\"6\"><li><strong> Alternative senza barriere<\/strong><\/li><\/ol><p style=\"padding-left: 40px;\">Per i contenuti non accessibili offriamo su richiesta <strong>Formati alternativi accessibili<\/strong> (ad esempio, PDF accessibili o informazioni testuali). Utilizzate l'opzione di contatto qui sotto.<\/p><ol start=\"7\"><li><strong> Preparazione della dichiarazione<\/strong><\/li><\/ol><p style=\"padding-left: 40px;\">Questa dichiarazione \u00e8 stata rilasciata il <strong>23 giugno 2025<\/strong> creato e aggiornato l'ultima volta il <strong>23 giugno 2025<\/strong> aggiornato.<\/p><ol start=\"8\"><li><strong> Feedback e contatti<\/strong><\/li><\/ol><p style=\"padding-left: 40px;\">Se notate delle carenze nella progettazione senza barriere del nostro sito web o se avete bisogno di informazioni su contenuti non privi di barriere, non esitate a contattarci:<\/p><p style=\"padding-left: 40px;\"><strong>Hannover Marketing e Tourismus GmbH<\/strong><br \/>Via Vahrenwalder 7<br \/>30165 Hannover<br \/>e-mail: <a href=\"mailto:info@hannover-tourismus.de\">info@hannover-tourismus.de<\/a><br \/>Telefono: +49 (0)511 12345-0<\/p><ol start=\"9\"><li><strong> Procedimenti di esecuzione<\/strong><\/li><\/ol><p style=\"padding-left: 40px;\">Se non ricevete una risposta soddisfacente a una richiesta di informazioni sull'accessibilit\u00e0 di questo sito web, siete invitati a contattare l'ente di controllo competente:<\/p><p style=\"padding-left: 40px;\"><strong>Commissario di Stato per l'accessibilit\u00e0 digitale Bassa Sassonia<\/strong><br \/>Ministero dell'Interno e dello Sport della Bassa Sassonia<br \/>Hanna-Arendt-Platz 2<br \/>30159 Hannover<br \/>e-mail: <a href=\"mailto:digitale-barrierefreiheit@mi.niedersachsen.de\">digitale-barrierefreiheit@mi.niedersachsen.de<\/a><br \/>Telefono: +49 (0)511 120-0<br \/>Sito web: <a href=\"https:\/\/www.mi.niedersachsen.de\" target=\"_blank\" rel=\"noopener\">www.mi.niedersachsen.de<\/a><\/p>\t\t\t\t\t\t\t\t<\/div>\n\t\t\t\t<\/div>\n\t\t\t\t\t<\/div>\n\t\t\t\t<\/div>\n\t\t\t\t<\/div>","protected":false},"excerpt":{"rendered":"<p>Erkl\u00e4rung zur Barrierefreiheit Geltungsbereich Diese Erkl\u00e4rung zur Barrierefreiheit gilt f\u00fcr den Webauftritt der:Hannover Marketing und Tourismus GmbH (HMTG)www.hannover-living.de \/ http:\/\/www.hannover-tourismus.de \/ Onlinshops unter welcome.visit-hannover.com Rechtsgrundlagen Diese Website ist bem\u00fcht, ihren Webauftritt im Einklang mit dem Barrierefreiheitsst\u00e4rkungsgesetz (BFSG) und der Barrierefreie-Informationstechnik-Verordnung (BITV 2.0) barrierefrei zug\u00e4nglich zu machen. Stand der Vereinbarkeit mit den Anforderungen Dieser Webauftritt ist [&hellip;]<\/p>\n","protected":false},"author":1,"featured_media":0,"parent":0,"menu_order":0,"comment_status":"closed","ping_status":"closed","template":"","meta":{"footnotes":""},"class_list":["post-40275","page","type-page","status-publish","hentry"],"_links":{"self":[{"href":"https:\/\/hannover-living.de\/it\/wp-json\/wp\/v2\/pages\/40275","targetHints":{"allow":["GET"]}}],"collection":[{"href":"https:\/\/hannover-living.de\/it\/wp-json\/wp\/v2\/pages"}],"about":[{"href":"https:\/\/hannover-living.de\/it\/wp-json\/wp\/v2\/types\/page"}],"author":[{"embeddable":true,"href":"https:\/\/hannover-living.de\/it\/wp-json\/wp\/v2\/users\/1"}],"replies":[{"embeddable":true,"href":"https:\/\/hannover-living.de\/it\/wp-json\/wp\/v2\/comments?post=40275"}],"version-history":[{"count":9,"href":"https:\/\/hannover-living.de\/it\/wp-json\/wp\/v2\/pages\/40275\/revisions"}],"predecessor-version":[{"id":40305,"href":"https:\/\/hannover-living.de\/it\/wp-json\/wp\/v2\/pages\/40275\/revisions\/40305"}],"wp:attachment":[{"href":"https:\/\/hannover-living.de\/it\/wp-json\/wp\/v2\/media?parent=40275"}],"curies":[{"name":"wp","href":"https:\/\/api.w.org\/{rel}","templated":true}]}}