{"id":20452,"date":"2023-12-11T17:09:49","date_gmt":"2023-12-11T16:09:49","guid":{"rendered":"https:\/\/hannover-living.de\/?page_id=20452"},"modified":"2023-12-11T17:09:49","modified_gmt":"2023-12-11T16:09:49","slug":"%e3%82%af%e3%83%ad%e3%82%b9%e3%82%aa%e3%83%bc%e3%83%90%e3%83%bc%e3%81%a8%e5%85%b1%e5%90%8c","status":"publish","type":"page","link":"https:\/\/hannover-living.de\/ja\/%e3%83%ac%e3%82%b9%e3%83%88%e3%83%a9%e3%83%b3\/%e3%82%af%e3%83%ad%e3%82%b9%e3%82%aa%e3%83%bc%e3%83%90%e3%83%bc%e3%81%a8%e5%85%b1%e5%90%8c\/","title":{"rendered":"\u30af\u30ed\u30b9\u30aa\u30fc\u30d0\u30fc\u793e."},"content":{"rendered":"<div data-elementor-type=\"wp-page\" data-elementor-id=\"20452\" class=\"elementor elementor-20452\" data-elementor-post-type=\"page\">\n\t\t\t\t\t\t<section class=\"elementor-section elementor-top-section elementor-element elementor-element-728c4dd elementor-section-boxed elementor-section-height-default elementor-section-height-default\" data-id=\"728c4dd\" data-element_type=\"section\" data-e-type=\"section\" data-settings=\"{&quot;background_background&quot;:&quot;classic&quot;}\">\n\t\t\t\t\t\t<div class=\"elementor-container elementor-column-gap-no\">\n\t\t\t\t\t<div class=\"elementor-column elementor-col-100 elementor-top-column elementor-element elementor-element-fd3fa8f\" data-id=\"fd3fa8f\" data-element_type=\"column\" data-e-type=\"column\" data-settings=\"{&quot;background_background&quot;:&quot;classic&quot;}\">\n\t\t\t<div class=\"elementor-widget-wrap elementor-element-populated\">\n\t\t\t\t\t\t<section class=\"elementor-section elementor-inner-section elementor-element elementor-element-d291f4b elementor-section-boxed elementor-section-height-default elementor-section-height-default\" data-id=\"d291f4b\" data-element_type=\"section\" data-e-type=\"section\">\n\t\t\t\t\t\t<div class=\"elementor-container elementor-column-gap-default\">\n\t\t\t\t\t<div class=\"elementor-column elementor-col-100 elementor-inner-column elementor-element elementor-element-28daf20\" data-id=\"28daf20\" data-element_type=\"column\" data-e-type=\"column\" data-settings=\"{&quot;background_background&quot;:&quot;classic&quot;}\">\n\t\t\t<div class=\"elementor-widget-wrap elementor-element-populated\">\n\t\t\t\t\t\t<div class=\"elementor-element elementor-element-9b306cc elementor-cta--skin-cover elementor-hidden-phone elementor-hidden-tablet elementor-animated-content elementor-bg-transform elementor-bg-transform-zoom-in elementor-widget elementor-widget-call-to-action\" data-id=\"9b306cc\" data-element_type=\"widget\" data-e-type=\"widget\" data-widget_type=\"call-to-action.default\">\n\t\t\t\t<div class=\"elementor-widget-container\">\n\t\t\t\t\t\t\t<div class=\"elementor-cta\">\n\t\t\t\t\t<div class=\"elementor-cta__bg-wrapper\">\n\t\t\t\t<div class=\"elementor-cta__bg elementor-bg\" style=\"background-image: url(https:\/\/hannover-living.de\/wp-content\/uploads\/2024\/02\/20230730_MSF_2905-1024x683.jpg);\" role=\"img\" aria-label=\"\u30de\u30b7\u30e5\u30bc\u30fc\u30fb\u30d5\u30a7\u30b9\u30c6\u30a3\u30d0\u30eb\"><\/div>\n\t\t\t\t<div class=\"elementor-cta__bg-overlay\"><\/div>\n\t\t\t<\/div>\n\t\t\t\t\t\t\t<div class=\"elementor-cta__content\">\n\t\t\t\t\n\t\t\t\t\t\t\t\t\t<h2 class=\"elementor-cta__title elementor-cta__content-item elementor-content-item elementor-animated-item--grow\">\n\t\t\t\t\t\t\u30af\u30ed\u30b9\u30aa\u30fc\u30d0\u30fc\u793e\t\t\t\t\t<\/h2>\n\t\t\t\t\n\t\t\t\t\n\t\t\t\t\t\t\t<\/div>\n\t\t\t\t\t\t<\/div>\n\t\t\t\t\t\t<\/div>\n\t\t\t\t<\/div>\n\t\t\t\t<div class=\"elementor-element elementor-element-b9d8a78 elementor-widget elementor-widget-text-editor\" data-id=\"b9d8a78\" data-element_type=\"widget\" data-e-type=\"widget\" data-widget_type=\"text-editor.default\">\n\t\t\t\t<div class=\"elementor-widget-container\">\n\t\t\t\t\t\t\t\t\t<p><span style=\"color: #808080;\"><em>\u30b1\u30d3\u30f3\u30fb\u30df\u30e5\u30f3\u30b1\u30eb<\/em><\/span><\/p>\t\t\t\t\t\t\t\t<\/div>\n\t\t\t\t<\/div>\n\t\t\t\t\t<\/div>\n\t\t<\/div>\n\t\t\t\t\t<\/div>\n\t\t<\/section>\n\t\t\t\t\t<\/div>\n\t\t<\/div>\n\t\t\t\t\t<\/div>\n\t\t<\/section>\n\t\t\t\t<section class=\"elementor-section elementor-top-section elementor-element elementor-element-cc42a57 elementor-section-boxed elementor-section-height-default elementor-section-height-default\" data-id=\"cc42a57\" data-element_type=\"section\" data-e-type=\"section\">\n\t\t\t\t\t\t<div class=\"elementor-container elementor-column-gap-default\">\n\t\t\t\t\t<div class=\"elementor-column elementor-col-100 elementor-top-column elementor-element elementor-element-8aa994e\" data-id=\"8aa994e\" data-element_type=\"column\" data-e-type=\"column\">\n\t\t\t<div class=\"elementor-widget-wrap elementor-element-populated\">\n\t\t\t\t\t\t<div class=\"elementor-element elementor-element-0bd8dc9 elementor-widget elementor-widget-jet-listing-grid\" data-id=\"0bd8dc9\" data-element_type=\"widget\" data-e-type=\"widget\" data-settings=\"{&quot;columns&quot;:3,&quot;columns_tablet&quot;:&quot;2&quot;,&quot;columns_mobile&quot;:&quot;1&quot;}\" data-widget_type=\"jet-listing-grid.default\">\n\t\t\t\t<div class=\"elementor-widget-container\">\n\t\t\t\t\t<div class=\"jet-listing-notice\">\u30ea\u30b9\u30c8\u3092\u9078\u629e\u3057\u3066\u304f\u3060\u3055\u3044\u3002<\/div>\t\t\t\t<\/div>\n\t\t\t\t<\/div>\n\t\t\t\t\t<\/div>\n\t\t<\/div>\n\t\t\t\t\t<\/div>\n\t\t<\/section>\n\t\t\t\t<\/div>","protected":false},"excerpt":{"rendered":"<p>Crossover &#038; Co. \u00a9 Kevin M\u00fcnkel Hier trifft modern-klassische K\u00fcche mit hohen Anspr\u00fcchen auf stilvolles und schlichtes Design. Das Restaurant setzt den Fokus auf Gericht und Geschmack und bietet Wohlf\u00fchlk\u00fcche mit Herz. Der Insel Beach Club ist der perfekte Ort zum Entspannen, Arbeiten und geselligen Beisammensein an einem atemberaubenden Standort direkt am Maschsee. Im &#8218;The Wild Duck&#8216; wird ein einzigartiges Konzept der Fusionsk\u00fcche geboten, das asiatische und franz\u00f6sische Elemente harmonisch vereint. Regional, bezahlbar, vegan &amp; l\u00e4ssig mit Niveau. Der R\u00fcpel kombiniert Gem\u00fcsek\u00fcche mit Weinbar und serviert innovative plant based Gerichte f\u00fcr jeden Geschmack. Im Neuen Rathaus k\u00f6nnt ihr nicht nur Hannover von oben entdecken, sondern auch im Lokal &#8222;Der Gartensaal&#8220; [&hellip;]<\/p>\n","protected":false},"author":1,"featured_media":0,"parent":25161,"menu_order":0,"comment_status":"closed","ping_status":"closed","template":"","meta":{"footnotes":""},"class_list":["post-20452","page","type-page","status-publish","hentry"],"_links":{"self":[{"href":"https:\/\/hannover-living.de\/ja\/wp-json\/wp\/v2\/pages\/20452","targetHints":{"allow":["GET"]}}],"collection":[{"href":"https:\/\/hannover-living.de\/ja\/wp-json\/wp\/v2\/pages"}],"about":[{"href":"https:\/\/hannover-living.de\/ja\/wp-json\/wp\/v2\/types\/page"}],"author":[{"embeddable":true,"href":"https:\/\/hannover-living.de\/ja\/wp-json\/wp\/v2\/users\/1"}],"replies":[{"embeddable":true,"href":"https:\/\/hannover-living.de\/ja\/wp-json\/wp\/v2\/comments?post=20452"}],"version-history":[{"count":0,"href":"https:\/\/hannover-living.de\/ja\/wp-json\/wp\/v2\/pages\/20452\/revisions"}],"up":[{"embeddable":true,"href":"https:\/\/hannover-living.de\/ja\/wp-json\/wp\/v2\/pages\/25161"}],"wp:attachment":[{"href":"https:\/\/hannover-living.de\/ja\/wp-json\/wp\/v2\/media?parent=20452"}],"curies":[{"name":"wp","href":"https:\/\/api.w.org\/{rel}","templated":true}]}}