{"id":20457,"date":"2023-12-11T17:14:45","date_gmt":"2023-12-11T16:14:45","guid":{"rendered":"https:\/\/hannover-living.de\/?page_id=20457"},"modified":"2025-06-23T09:18:03","modified_gmt":"2025-06-23T07:18:03","slug":"%e6%98%9f%e4%bb%98%e3%81%8d%e3%83%ac%e3%82%b9%e3%83%88%e3%83%a9%e3%83%b3","status":"publish","type":"page","link":"https:\/\/hannover-living.de\/ja\/%e3%83%ac%e3%82%b9%e3%83%88%e3%83%a9%e3%83%b3\/%e6%98%9f%e4%bb%98%e3%81%8d%e3%83%ac%e3%82%b9%e3%83%88%e3%83%a9%e3%83%b3\/","title":{"rendered":"\u30df\u30b7\u30e5\u30e9\u30f3\u661f\u4ed8\u304d\u30ec\u30b9\u30c8\u30e9\u30f3"},"content":{"rendered":"<div data-elementor-type=\"wp-page\" data-elementor-id=\"20457\" class=\"elementor elementor-20457\" data-elementor-post-type=\"page\">\n\t\t\t\t\t\t<section class=\"elementor-section elementor-top-section elementor-element elementor-element-6062480 elementor-section-boxed elementor-section-height-default elementor-section-height-default\" data-id=\"6062480\" data-element_type=\"section\" data-e-type=\"section\" data-settings=\"{&quot;background_background&quot;:&quot;classic&quot;}\">\n\t\t\t\t\t\t<div class=\"elementor-container elementor-column-gap-no\">\n\t\t\t\t\t<div class=\"elementor-column elementor-col-100 elementor-top-column elementor-element elementor-element-c3841a6\" data-id=\"c3841a6\" data-element_type=\"column\" data-e-type=\"column\" data-settings=\"{&quot;background_background&quot;:&quot;classic&quot;}\">\n\t\t\t<div class=\"elementor-widget-wrap elementor-element-populated\">\n\t\t\t\t\t\t<section class=\"elementor-section elementor-inner-section elementor-element elementor-element-91a62a6 elementor-section-boxed elementor-section-height-default elementor-section-height-default\" data-id=\"91a62a6\" data-element_type=\"section\" data-e-type=\"section\">\n\t\t\t\t\t\t<div class=\"elementor-container elementor-column-gap-default\">\n\t\t\t\t\t<div class=\"elementor-column elementor-col-100 elementor-inner-column elementor-element elementor-element-273a04e\" data-id=\"273a04e\" data-element_type=\"column\" data-e-type=\"column\" data-settings=\"{&quot;background_background&quot;:&quot;classic&quot;}\">\n\t\t\t<div class=\"elementor-widget-wrap elementor-element-populated\">\n\t\t\t\t\t\t<div class=\"elementor-element elementor-element-3f8bb31 elementor-cta--skin-cover elementor-hidden-phone elementor-hidden-tablet elementor-animated-content elementor-bg-transform elementor-bg-transform-zoom-in elementor-widget elementor-widget-call-to-action\" data-id=\"3f8bb31\" data-element_type=\"widget\" data-e-type=\"widget\" data-widget_type=\"call-to-action.default\">\n\t\t\t\t<div class=\"elementor-widget-container\">\n\t\t\t\t\t\t\t<div class=\"elementor-cta\">\n\t\t\t\t\t<div class=\"elementor-cta__bg-wrapper\">\n\t\t\t\t<div class=\"elementor-cta__bg elementor-bg\" style=\"background-image: url(https:\/\/hannover-living.de\/wp-content\/uploads\/2024\/06\/Jante-Lifstylev39183.jpeg);\" role=\"img\" aria-label=\"\u30cf\u30ce\u30fc\u30d5\u30a1\u30fc\u30ea\u30d3\u30f3\u30b0\uff1a\u30df\u30b7\u30e5\u30e9\u30f3\u661f\u4ed8\u304d\u30ec\u30b9\u30c8\u30e9\u30f3\u300c\u30e4\u30f3\u30c6\"><\/div>\n\t\t\t\t<div class=\"elementor-cta__bg-overlay\"><\/div>\n\t\t\t<\/div>\n\t\t\t\t\t\t\t<div class=\"elementor-cta__content\">\n\t\t\t\t\n\t\t\t\t\t\t\t\t\t<h2 class=\"elementor-cta__title elementor-cta__content-item elementor-content-item elementor-animated-item--grow\">\n\t\t\t\t\t\t\u30df\u30b7\u30e5\u30e9\u30f3\u661f\u4ed8\u304d\u30ec\u30b9\u30c8\u30e9\u30f3\t\t\t\t\t<\/h2>\n\t\t\t\t\n\t\t\t\t\n\t\t\t\t\t\t\t<\/div>\n\t\t\t\t\t\t<\/div>\n\t\t\t\t\t\t<\/div>\n\t\t\t\t<\/div>\n\t\t\t\t\t<\/div>\n\t\t<\/div>\n\t\t\t\t\t<\/div>\n\t\t<\/section>\n\t\t\t\t\t<\/div>\n\t\t<\/div>\n\t\t\t\t\t<\/div>\n\t\t<\/section>\n\t\t\t\t<section class=\"elementor-section elementor-top-section elementor-element elementor-element-5b3e6ae elementor-section-boxed elementor-section-height-default elementor-section-height-default\" data-id=\"5b3e6ae\" data-element_type=\"section\" data-e-type=\"section\">\n\t\t\t\t\t\t<div class=\"elementor-container elementor-column-gap-default\">\n\t\t\t\t\t<div class=\"elementor-column elementor-col-100 elementor-top-column elementor-element elementor-element-a8487af\" data-id=\"a8487af\" data-element_type=\"column\" data-e-type=\"column\">\n\t\t\t<div class=\"elementor-widget-wrap elementor-element-populated\">\n\t\t\t\t\t\t<div class=\"elementor-element elementor-element-96e12ac elementor-widget elementor-widget-jet-listing-grid\" data-id=\"96e12ac\" data-element_type=\"widget\" data-e-type=\"widget\" data-settings=\"{&quot;columns&quot;:3,&quot;columns_tablet&quot;:&quot;2&quot;,&quot;columns_mobile&quot;:&quot;1&quot;}\" data-widget_type=\"jet-listing-grid.default\">\n\t\t\t\t<div class=\"elementor-widget-container\">\n\t\t\t\t\t<div class=\"jet-listing-notice\">\u30ea\u30b9\u30c8\u3092\u9078\u629e\u3057\u3066\u304f\u3060\u3055\u3044\u3002<\/div>\t\t\t\t<\/div>\n\t\t\t\t<\/div>\n\t\t\t\t\t<\/div>\n\t\t<\/div>\n\t\t\t\t\t<\/div>\n\t\t<\/section>\n\t\t\t\t<\/div>","protected":false},"excerpt":{"rendered":"<p>Sternerestaurants Im JANTE erwartet euch ein einzigartiges Erlebnis: Kreative K\u00fcche und exzellenter Wein. Die vielf\u00e4ltige K\u00fcche besticht durch aromatische Vielfalt, hochwertige Produkte und ansprechende Pr\u00e4sentation. &nbsp; Entdeckt im Handwerk Casual Fine Dining. Erlebt neue Aromen und ungezwungenen Genuss. Die innovative K\u00fcche mit nachhaltigen Zutaten verbindet Feinschmecker mit offener Atmosph\u00e4re. &nbsp; Im Leineschloss vereinen sich Politik und exquisite K\u00fcche im VOTUM. Chefkoch Benjamin Gallein verw\u00f6hnt euch mit einem kreativen Men\u00fcs. FModerne Atmosph\u00e4re und eine gro\u00dfe Terrasse erg\u00e4nzen den Genuss. &nbsp;<\/p>","protected":false},"author":1,"featured_media":0,"parent":25161,"menu_order":0,"comment_status":"closed","ping_status":"closed","template":"","meta":{"footnotes":""},"class_list":["post-20457","page","type-page","status-publish","hentry"],"_links":{"self":[{"href":"https:\/\/hannover-living.de\/ja\/wp-json\/wp\/v2\/pages\/20457","targetHints":{"allow":["GET"]}}],"collection":[{"href":"https:\/\/hannover-living.de\/ja\/wp-json\/wp\/v2\/pages"}],"about":[{"href":"https:\/\/hannover-living.de\/ja\/wp-json\/wp\/v2\/types\/page"}],"author":[{"embeddable":true,"href":"https:\/\/hannover-living.de\/ja\/wp-json\/wp\/v2\/users\/1"}],"replies":[{"embeddable":true,"href":"https:\/\/hannover-living.de\/ja\/wp-json\/wp\/v2\/comments?post=20457"}],"version-history":[{"count":1,"href":"https:\/\/hannover-living.de\/ja\/wp-json\/wp\/v2\/pages\/20457\/revisions"}],"predecessor-version":[{"id":40274,"href":"https:\/\/hannover-living.de\/ja\/wp-json\/wp\/v2\/pages\/20457\/revisions\/40274"}],"up":[{"embeddable":true,"href":"https:\/\/hannover-living.de\/ja\/wp-json\/wp\/v2\/pages\/25161"}],"wp:attachment":[{"href":"https:\/\/hannover-living.de\/ja\/wp-json\/wp\/v2\/media?parent=20457"}],"curies":[{"name":"wp","href":"https:\/\/api.w.org\/{rel}","templated":true}]}}