{"id":20495,"date":"2023-12-13T09:39:41","date_gmt":"2023-12-13T08:39:41","guid":{"rendered":"https:\/\/hannover-living.de\/?page_id=20495"},"modified":"2025-06-06T15:09:41","modified_gmt":"2025-06-06T13:09:41","slug":"%e3%83%90%e3%83%bc%e3%83%bb%e3%83%91%e3%83%96","status":"publish","type":"page","link":"https:\/\/hannover-living.de\/ja\/%e3%83%8a%e3%82%a4%e3%83%88%e3%83%a9%e3%82%a4%e3%83%95-2\/%e3%83%90%e3%83%bc%e3%83%bb%e3%83%91%e3%83%96\/","title":{"rendered":"\u30d0\u30fc\uff06\u30d1\u30d6"},"content":{"rendered":"<div data-elementor-type=\"wp-page\" data-elementor-id=\"20495\" class=\"elementor elementor-20495\" data-elementor-post-type=\"page\">\n\t\t\t\t\t\t<section class=\"elementor-section elementor-top-section elementor-element elementor-element-7f8d2fd elementor-section-boxed elementor-section-height-default elementor-section-height-default\" data-id=\"7f8d2fd\" data-element_type=\"section\" data-e-type=\"section\" data-settings=\"{&quot;background_background&quot;:&quot;classic&quot;}\">\n\t\t\t\t\t\t<div class=\"elementor-container elementor-column-gap-no\">\n\t\t\t\t\t<div class=\"elementor-column elementor-col-100 elementor-top-column elementor-element elementor-element-b959571\" data-id=\"b959571\" data-element_type=\"column\" data-e-type=\"column\" data-settings=\"{&quot;background_background&quot;:&quot;classic&quot;}\">\n\t\t\t<div class=\"elementor-widget-wrap elementor-element-populated\">\n\t\t\t\t\t\t<section class=\"elementor-section elementor-inner-section elementor-element elementor-element-ad303ed elementor-section-boxed elementor-section-height-default elementor-section-height-default\" data-id=\"ad303ed\" data-element_type=\"section\" data-e-type=\"section\">\n\t\t\t\t\t\t<div class=\"elementor-container elementor-column-gap-default\">\n\t\t\t\t\t<div class=\"elementor-column elementor-col-100 elementor-inner-column elementor-element elementor-element-e116f1e\" data-id=\"e116f1e\" data-element_type=\"column\" data-e-type=\"column\" data-settings=\"{&quot;background_background&quot;:&quot;classic&quot;}\">\n\t\t\t<div class=\"elementor-widget-wrap elementor-element-populated\">\n\t\t\t\t\t\t<div class=\"elementor-element elementor-element-acfe45c elementor-cta--skin-cover elementor-hidden-phone elementor-hidden-tablet elementor-animated-content elementor-bg-transform elementor-bg-transform-zoom-in elementor-widget elementor-widget-call-to-action\" data-id=\"acfe45c\" data-element_type=\"widget\" data-e-type=\"widget\" data-widget_type=\"call-to-action.default\">\n\t\t\t\t<div class=\"elementor-widget-container\">\n\t\t\t\t\t\t\t<div class=\"elementor-cta\">\n\t\t\t\t\t<div class=\"elementor-cta__bg-wrapper\">\n\t\t\t\t<div class=\"elementor-cta__bg elementor-bg\" style=\"background-image: url();\" role=\"img\" aria-label=\"\"><\/div>\n\t\t\t\t<div class=\"elementor-cta__bg-overlay\"><\/div>\n\t\t\t<\/div>\n\t\t\t\t\t\t\t<div class=\"elementor-cta__content\">\n\t\t\t\t\n\t\t\t\t\t\t\t\t\t<h2 class=\"elementor-cta__title elementor-cta__content-item elementor-content-item elementor-animated-item--grow\">\n\t\t\t\t\t\t\u30d0\u30fc\uff06\u30d1\u30d6\t\t\t\t\t<\/h2>\n\t\t\t\t\n\t\t\t\t\n\t\t\t\t\t\t\t<\/div>\n\t\t\t\t\t\t<\/div>\n\t\t\t\t\t\t<\/div>\n\t\t\t\t<\/div>\n\t\t\t\t\t<\/div>\n\t\t<\/div>\n\t\t\t\t\t<\/div>\n\t\t<\/section>\n\t\t\t\t\t<\/div>\n\t\t<\/div>\n\t\t\t\t\t<\/div>\n\t\t<\/section>\n\t\t\t\t<section class=\"elementor-section elementor-top-section elementor-element elementor-element-fdc1e74 elementor-section-boxed elementor-section-height-default elementor-section-height-default\" data-id=\"fdc1e74\" data-element_type=\"section\" data-e-type=\"section\">\n\t\t\t\t\t\t<div class=\"elementor-container elementor-column-gap-default\">\n\t\t\t\t\t<div class=\"elementor-column elementor-col-100 elementor-top-column elementor-element elementor-element-f32ea77\" data-id=\"f32ea77\" data-element_type=\"column\" data-e-type=\"column\">\n\t\t\t<div class=\"elementor-widget-wrap elementor-element-populated\">\n\t\t\t\t\t\t<div class=\"elementor-element elementor-element-a2bc495 elementor-widget elementor-widget-jet-listing-grid\" data-id=\"a2bc495\" data-element_type=\"widget\" data-e-type=\"widget\" data-settings=\"{&quot;columns&quot;:3,&quot;columns_tablet&quot;:&quot;2&quot;,&quot;columns_mobile&quot;:&quot;1&quot;}\" data-widget_type=\"jet-listing-grid.default\">\n\t\t\t\t<div class=\"elementor-widget-container\">\n\t\t\t\t\t<div class=\"jet-listing-notice\">\u30ea\u30b9\u30c8\u3092\u9078\u629e\u3057\u3066\u304f\u3060\u3055\u3044\u3002<\/div>\t\t\t\t<\/div>\n\t\t\t\t<\/div>\n\t\t\t\t\t<\/div>\n\t\t<\/div>\n\t\t\t\t\t<\/div>\n\t\t<\/section>\n\t\t\t\t<section class=\"elementor-section elementor-top-section elementor-element elementor-element-b608cb2 elementor-section-boxed elementor-section-height-default elementor-section-height-default\" data-id=\"b608cb2\" data-element_type=\"section\" data-e-type=\"section\">\n\t\t\t\t\t\t<div class=\"elementor-container elementor-column-gap-default\">\n\t\t\t\t\t<div class=\"elementor-column elementor-col-100 elementor-top-column elementor-element elementor-element-0f10d8e\" data-id=\"0f10d8e\" data-element_type=\"column\" data-e-type=\"column\">\n\t\t\t<div class=\"elementor-widget-wrap elementor-element-populated\">\n\t\t\t\t\t\t<div class=\"elementor-element elementor-element-4c3c000 elementor-widget elementor-widget-html\" data-id=\"4c3c000\" data-element_type=\"widget\" data-e-type=\"widget\" data-widget_type=\"html.default\">\n\t\t\t\t<div class=\"elementor-widget-container\">\n\t\t\t\t\t<urbnups-moments-widget\n  collection-id=\"s2FIJA4pNc8xZX9g8wZV\"\n  >\n  <\/urbnups-moments-widget>\n\n<script\n  type=\"text\/javascript\"\n  src=\"https:\/\/embed.urbnups.com\/snippet\/collection\/v1.js\"\n><\/script>\n\t\t\t\t<\/div>\n\t\t\t\t<\/div>\n\t\t\t\t\t<\/div>\n\t\t<\/div>\n\t\t\t\t\t<\/div>\n\t\t<\/section>\n\t\t\t\t<\/div>","protected":false},"excerpt":{"rendered":"<p>Bars &amp; Kneipen . &nbsp; Als DER Treffpunkt f\u00fcr Fans von Hannover 96 und Sportbegeisterte gleicherma\u00dfen bietet die Nordkurve nicht nur Public Viewing in Atmosph\u00e4re pur, sondern ist auch Eventlocation und Biergarten. &nbsp; Hier wird euch ein authentisches St\u00fcck Irland mitten in Hannover geboten. Im The Hop House bekommt ihr eine beeindruckende Auswahl an irischem Bier, Whiskey und weiteren hochwertigen Spirituosen. &nbsp; Genie\u00dft vergn\u00fcgliche Abendein der &#8222;TaBARluga&#8220;, der Cocktailbar im Best Western Premier Parkhotel Kronsberg. Entspannt euch und lasst euch von unserem breiten Angebot an Cocktails verw\u00f6hnen. &nbsp; Die Pelikan Bar ist ein besonderer Ort, der mit historischer Sch\u00f6nheit die G\u00e4ste fasziniert! Neben k\u00f6stlichem Essen und kreativen Drinks erwarten euch [&hellip;]<\/p>\n","protected":false},"author":1,"featured_media":0,"parent":4776,"menu_order":0,"comment_status":"closed","ping_status":"closed","template":"","meta":{"footnotes":""},"class_list":["post-20495","page","type-page","status-publish","hentry"],"_links":{"self":[{"href":"https:\/\/hannover-living.de\/ja\/wp-json\/wp\/v2\/pages\/20495","targetHints":{"allow":["GET"]}}],"collection":[{"href":"https:\/\/hannover-living.de\/ja\/wp-json\/wp\/v2\/pages"}],"about":[{"href":"https:\/\/hannover-living.de\/ja\/wp-json\/wp\/v2\/types\/page"}],"author":[{"embeddable":true,"href":"https:\/\/hannover-living.de\/ja\/wp-json\/wp\/v2\/users\/1"}],"replies":[{"embeddable":true,"href":"https:\/\/hannover-living.de\/ja\/wp-json\/wp\/v2\/comments?post=20495"}],"version-history":[{"count":2,"href":"https:\/\/hannover-living.de\/ja\/wp-json\/wp\/v2\/pages\/20495\/revisions"}],"predecessor-version":[{"id":41312,"href":"https:\/\/hannover-living.de\/ja\/wp-json\/wp\/v2\/pages\/20495\/revisions\/41312"}],"up":[{"embeddable":true,"href":"https:\/\/hannover-living.de\/ja\/wp-json\/wp\/v2\/pages\/4776"}],"wp:attachment":[{"href":"https:\/\/hannover-living.de\/ja\/wp-json\/wp\/v2\/media?parent=20495"}],"curies":[{"name":"wp","href":"https:\/\/api.w.org\/{rel}","templated":true}]}}