{"id":21452,"date":"2024-01-10T09:39:51","date_gmt":"2024-01-10T08:39:51","guid":{"rendered":"https:\/\/hannover-living.de\/?page_id=21452"},"modified":"2024-01-10T09:39:51","modified_gmt":"2024-01-10T08:39:51","slug":"%e3%83%af%e3%82%a4%e3%83%b3%e3%83%90%e3%83%bc","status":"publish","type":"page","link":"https:\/\/hannover-living.de\/ja\/nightlife\/weinbars\/","title":{"rendered":"\u30ef\u30a4\u30f3\u30d0\u30fc"},"content":{"rendered":"<div data-elementor-type=\"wp-page\" data-elementor-id=\"21452\" class=\"elementor elementor-21452\" data-elementor-post-type=\"page\">\n\t\t\t\t\t\t<section class=\"elementor-section elementor-top-section elementor-element elementor-element-a7dd7c6 elementor-section-boxed elementor-section-height-default elementor-section-height-default\" data-id=\"a7dd7c6\" data-element_type=\"section\" data-e-type=\"section\" data-settings=\"{&quot;background_background&quot;:&quot;classic&quot;}\">\n\t\t\t\t\t\t<div class=\"elementor-container elementor-column-gap-no\">\n\t\t\t\t\t<div class=\"elementor-column elementor-col-100 elementor-top-column elementor-element elementor-element-4786d34\" data-id=\"4786d34\" data-element_type=\"column\" data-e-type=\"column\" data-settings=\"{&quot;background_background&quot;:&quot;classic&quot;}\">\n\t\t\t<div class=\"elementor-widget-wrap elementor-element-populated\">\n\t\t\t\t\t\t<section class=\"elementor-section elementor-inner-section elementor-element elementor-element-eecfb86 elementor-section-boxed elementor-section-height-default elementor-section-height-default\" data-id=\"eecfb86\" data-element_type=\"section\" data-e-type=\"section\">\n\t\t\t\t\t\t<div class=\"elementor-container elementor-column-gap-default\">\n\t\t\t\t\t<div class=\"elementor-column elementor-col-100 elementor-inner-column elementor-element elementor-element-41bdef9\" data-id=\"41bdef9\" data-element_type=\"column\" data-e-type=\"column\" data-settings=\"{&quot;background_background&quot;:&quot;classic&quot;}\">\n\t\t\t<div class=\"elementor-widget-wrap elementor-element-populated\">\n\t\t\t\t\t\t<div class=\"elementor-element elementor-element-c515453 elementor-cta--skin-cover elementor-hidden-phone elementor-hidden-tablet elementor-animated-content elementor-bg-transform elementor-bg-transform-zoom-in elementor-widget elementor-widget-call-to-action\" data-id=\"c515453\" data-element_type=\"widget\" data-e-type=\"widget\" data-isc-images=\"28013\" data-widget_type=\"call-to-action.default\">\n\t\t\t\t<div class=\"elementor-widget-container\">\n\t\t\t\t\t\t\t<div class=\"elementor-cta\">\n\t\t\t\t\t<div class=\"elementor-cta__bg-wrapper\">\n\t\t\t\t<div class=\"elementor-cta__bg elementor-bg\" style=\"background-image: url(https:\/\/hannover-living.de\/wp-content\/uploads\/2024\/08\/Maschseefest-2024_c_Kevin-Muenkel-54-1-1024x606.jpg);\" role=\"img\" aria-label=\"Maschseefest 2024, \u6e56\u7554\u306e\u30ef\u30a4\u30f3, \u30ef\u30a4\u30f3\u30d0\u30fc\"><\/div>\n\t\t\t\t<div class=\"elementor-cta__bg-overlay\"><\/div>\n\t\t\t<\/div>\n\t\t\t\t\t\t\t<div class=\"elementor-cta__content\">\n\t\t\t\t\n\t\t\t\t\t\t\t\t\t<h2 class=\"elementor-cta__title elementor-cta__content-item elementor-content-item elementor-animated-item--grow\">\n\t\t\t\t\t\t\u30ef\u30a4\u30f3\u30d0\u30fc\t\t\t\t\t<\/h2>\n\t\t\t\t\n\t\t\t\t\n\t\t\t\t\t\t\t<\/div>\n\t\t\t\t\t\t<\/div>\n\t\t\t\t\t\t<\/div>\n\t\t\t\t<\/div>\n\t\t\t\t<div class=\"elementor-element elementor-element-c4aa635 elementor-widget elementor-widget-text-editor\" data-id=\"c4aa635\" data-element_type=\"widget\" data-e-type=\"widget\" data-widget_type=\"text-editor.default\">\n\t\t\t\t<div class=\"elementor-widget-container\">\n\t\t\t\t\t\t\t\t\t<p><em><span style=\"color: #808080;\">\u30b1\u30d3\u30f3\u30fb\u30df\u30e5\u30f3\u30b1\u30eb<\/span><\/em><\/p>\t\t\t\t\t\t\t\t<\/div>\n\t\t\t\t<\/div>\n\t\t\t\t\t<\/div>\n\t\t<\/div>\n\t\t\t\t\t<\/div>\n\t\t<\/section>\n\t\t\t\t\t<\/div>\n\t\t<\/div>\n\t\t\t\t\t<\/div>\n\t\t<\/section>\n\t\t\t\t<section class=\"elementor-section elementor-top-section elementor-element elementor-element-8e33d3f elementor-section-boxed elementor-section-height-default elementor-section-height-default\" data-id=\"8e33d3f\" data-element_type=\"section\" data-e-type=\"section\">\n\t\t\t\t\t\t<div class=\"elementor-container elementor-column-gap-default\">\n\t\t\t\t\t<div class=\"elementor-column elementor-col-100 elementor-top-column elementor-element elementor-element-0778d8a\" data-id=\"0778d8a\" data-element_type=\"column\" data-e-type=\"column\">\n\t\t\t<div class=\"elementor-widget-wrap elementor-element-populated\">\n\t\t\t\t\t\t<div class=\"elementor-element elementor-element-813e796 elementor-widget elementor-widget-jet-listing-grid\" data-id=\"813e796\" data-element_type=\"widget\" data-e-type=\"widget\" data-settings=\"{&quot;columns_tablet&quot;:&quot;2&quot;,&quot;columns_mobile&quot;:&quot;1&quot;,&quot;columns&quot;:3}\" data-widget_type=\"jet-listing-grid.default\">\n\t\t\t\t<div class=\"elementor-widget-container\">\n\t\t\t\t\t<div class=\"jet-listing-notice\">\u30ea\u30b9\u30c8\u3092\u9078\u629e\u3057\u3066\u304f\u3060\u3055\u3044\u3002<\/div>\t\t\t\t<\/div>\n\t\t\t\t<\/div>\n\t\t\t\t\t<\/div>\n\t\t<\/div>\n\t\t\t\t\t<\/div>\n\t\t<\/section>\n\t\t\t\t<\/div>","protected":false},"excerpt":{"rendered":"<p>Weinbars \u00a9 Kevin M\u00fcnkel Authentische Steinofenpizza und erlesene Weine in Hannovers S\u00fcdstadt genie\u00dfen \u2013 bei Brechts Pizza &amp; Vino in stilvollem Ambiente und mit idyllischer Terrasse den Abend ausklingen lassen. Regional, bezahlbar, vegan &amp; l\u00e4ssig mit Niveau. Der R\u00fcpel kombiniert Gem\u00fcsek\u00fcche mit Weinbar und serviert innovative plant based Gerichte f\u00fcr jeden Geschmack. Seit mehr als 45 Jahren ist das Beckmanns Weinhaus zu einer der Adressen f\u00fcr frisches, saisonales Essen in gem\u00fctlichem Ambiente in Hannover herangewachsen. Hier werden Genuss und Nachhaltigkeit kombiniert. Grapeful Deli ist ein Naturwein-Loft im Herzen von Hannover-Linden. Im Herzen der wundersch\u00f6nen Oststadt und direkt an dem Stadtwald Eilenriede gelegen, serviert das BECKERS moderne deutsche K\u00fcche mit franz\u00f6sischem [&hellip;]<\/p>\n","protected":false},"author":6,"featured_media":0,"parent":4776,"menu_order":0,"comment_status":"closed","ping_status":"closed","template":"","meta":{"footnotes":""},"class_list":["post-21452","page","type-page","status-publish","hentry"],"_links":{"self":[{"href":"https:\/\/hannover-living.de\/ja\/wp-json\/wp\/v2\/pages\/21452","targetHints":{"allow":["GET"]}}],"collection":[{"href":"https:\/\/hannover-living.de\/ja\/wp-json\/wp\/v2\/pages"}],"about":[{"href":"https:\/\/hannover-living.de\/ja\/wp-json\/wp\/v2\/types\/page"}],"author":[{"embeddable":true,"href":"https:\/\/hannover-living.de\/ja\/wp-json\/wp\/v2\/users\/6"}],"replies":[{"embeddable":true,"href":"https:\/\/hannover-living.de\/ja\/wp-json\/wp\/v2\/comments?post=21452"}],"version-history":[{"count":0,"href":"https:\/\/hannover-living.de\/ja\/wp-json\/wp\/v2\/pages\/21452\/revisions"}],"up":[{"embeddable":true,"href":"https:\/\/hannover-living.de\/ja\/wp-json\/wp\/v2\/pages\/4776"}],"wp:attachment":[{"href":"https:\/\/hannover-living.de\/ja\/wp-json\/wp\/v2\/media?parent=21452"}],"curies":[{"name":"wp","href":"https:\/\/api.w.org\/{rel}","templated":true}]}}