{"id":23061,"date":"2024-02-26T13:02:07","date_gmt":"2024-02-26T12:02:07","guid":{"rendered":"https:\/\/hannover-living.de\/?page_id=23061"},"modified":"2024-02-26T13:02:07","modified_gmt":"2024-02-26T12:02:07","slug":"%e3%82%b9%e3%83%9d%e3%83%bc%e3%83%84","status":"publish","type":"page","link":"https:\/\/hannover-living.de\/ja\/%e3%83%ac%e3%82%b8%e3%83%a3%e3%83%bc\/%e3%82%b9%e3%83%9d%e3%83%bc%e3%83%84\/","title":{"rendered":"\u30b9\u30dd\u30fc\u30c4\uff06\u30a2\u30af\u30c6\u30a3\u30d3\u30c6\u30a3"},"content":{"rendered":"<div data-elementor-type=\"wp-page\" data-elementor-id=\"23061\" class=\"elementor elementor-23061\" data-elementor-post-type=\"page\">\n\t\t\t\t\t\t<section class=\"elementor-section elementor-top-section elementor-element elementor-element-94439c2 elementor-section-boxed elementor-section-height-default elementor-section-height-default\" data-id=\"94439c2\" data-element_type=\"section\" data-e-type=\"section\" data-settings=\"{&quot;background_background&quot;:&quot;classic&quot;}\">\n\t\t\t\t\t\t<div class=\"elementor-container elementor-column-gap-no\">\n\t\t\t\t\t<div class=\"elementor-column elementor-col-100 elementor-top-column elementor-element elementor-element-379c52a\" data-id=\"379c52a\" data-element_type=\"column\" data-e-type=\"column\" data-settings=\"{&quot;background_background&quot;:&quot;classic&quot;}\">\n\t\t\t<div class=\"elementor-widget-wrap elementor-element-populated\">\n\t\t\t\t\t\t<section class=\"elementor-section elementor-inner-section elementor-element elementor-element-4ed2ddd elementor-section-boxed elementor-section-height-default elementor-section-height-default\" data-id=\"4ed2ddd\" data-element_type=\"section\" data-e-type=\"section\">\n\t\t\t\t\t\t<div class=\"elementor-container elementor-column-gap-default\">\n\t\t\t\t\t<div class=\"elementor-column elementor-col-100 elementor-inner-column elementor-element elementor-element-98a9d1c\" data-id=\"98a9d1c\" data-element_type=\"column\" data-e-type=\"column\" data-settings=\"{&quot;background_background&quot;:&quot;classic&quot;}\">\n\t\t\t<div class=\"elementor-widget-wrap elementor-element-populated\">\n\t\t\t\t\t\t<div class=\"elementor-element elementor-element-5fb33d1 elementor-cta--skin-cover elementor-hidden-phone elementor-hidden-tablet elementor-animated-content elementor-bg-transform elementor-bg-transform-zoom-in elementor-widget elementor-widget-call-to-action\" data-id=\"5fb33d1\" data-element_type=\"widget\" data-e-type=\"widget\" data-widget_type=\"call-to-action.default\">\n\t\t\t\t<div class=\"elementor-widget-container\">\n\t\t\t\t\t\t\t<div class=\"elementor-cta\">\n\t\t\t\t\t<div class=\"elementor-cta__bg-wrapper\">\n\t\t\t\t<div class=\"elementor-cta__bg elementor-bg\" style=\"background-image: url(https:\/\/hannover-living.de\/wp-content\/uploads\/2021\/11\/CW_20190821_5924-1024x683-1.jpg);\" role=\"img\" aria-label=\"\u30cf\u30ce\u30fc\u30d5\u30a1\u30fc\u30ea\u30d3\u30f3\u30b0\u30cb\u30e5\u30fc\u30b9\"><\/div>\n\t\t\t\t<div class=\"elementor-cta__bg-overlay\"><\/div>\n\t\t\t<\/div>\n\t\t\t\t\t\t\t<div class=\"elementor-cta__content\">\n\t\t\t\t\n\t\t\t\t\t\t\t\t\t<h2 class=\"elementor-cta__title elementor-cta__content-item elementor-content-item elementor-animated-item--grow\">\n\t\t\t\t\t\t\u30b9\u30dd\u30fc\u30c4\uff06\u30a2\u30af\u30c6\u30a3\u30d3\u30c6\u30a3\t\t\t\t\t<\/h2>\n\t\t\t\t\n\t\t\t\t\n\t\t\t\t\t\t\t<\/div>\n\t\t\t\t\t\t<\/div>\n\t\t\t\t\t\t<\/div>\n\t\t\t\t<\/div>\n\t\t\t\t<div class=\"elementor-element elementor-element-e5e7c24 elementor-widget elementor-widget-jet-listing-grid\" data-id=\"e5e7c24\" data-element_type=\"widget\" data-e-type=\"widget\" data-settings=\"{&quot;columns&quot;:3,&quot;columns_tablet&quot;:&quot;2&quot;,&quot;columns_mobile&quot;:&quot;1&quot;}\" data-widget_type=\"jet-listing-grid.default\">\n\t\t\t\t<div class=\"elementor-widget-container\">\n\t\t\t\t\t<div class=\"jet-listing-notice\">\u30ea\u30b9\u30c8\u3092\u9078\u629e\u3057\u3066\u304f\u3060\u3055\u3044\u3002<\/div>\t\t\t\t<\/div>\n\t\t\t\t<\/div>\n\t\t\t\t\t<\/div>\n\t\t<\/div>\n\t\t\t\t\t<\/div>\n\t\t<\/section>\n\t\t\t\t\t<\/div>\n\t\t<\/div>\n\t\t\t\t\t<\/div>\n\t\t<\/section>\n\t\t\t\t<section class=\"elementor-section elementor-top-section elementor-element elementor-element-513a7ff elementor-section-boxed elementor-section-height-default elementor-section-height-default\" data-id=\"513a7ff\" data-element_type=\"section\" data-e-type=\"section\">\n\t\t\t\t\t\t<div class=\"elementor-container elementor-column-gap-default\">\n\t\t\t\t\t<div class=\"elementor-column elementor-col-100 elementor-top-column elementor-element elementor-element-29efc63\" data-id=\"29efc63\" data-element_type=\"column\" data-e-type=\"column\">\n\t\t\t<div class=\"elementor-widget-wrap\">\n\t\t\t\t\t\t\t<\/div>\n\t\t<\/div>\n\t\t\t\t\t<\/div>\n\t\t<\/section>\n\t\t\t\t<\/div>","protected":false},"excerpt":{"rendered":"<p>Sport &#038; Aktivit\u00e4ten Als Firmenevent, Mannschaftsfeier oder mit Freunden messt ihr euch in verschiedenen sportlichen Disziplinen wie Bowling, Floorball, Tischtennis, Baumstammnageln oder Torwandschie\u00dfen. Hannover wird 2027 zur B\u00fchne der Handball-WM! Mit 18 Spielen in der ZAG Arena und einem spannenden Fan-Programm erwartet die Stadt Handballbegeisterte aus aller Welt. Seit 2010 trifft sich hier die Gaming-Community f\u00fcr epische Schlachten, kreative Workshops und spannende Turniere. Jetzt Teil unserer Gemeinschaft werden! Der Sportpark Hannover ist die in Deutschland gr\u00f6\u00dfte zusammenliegende Sportfl\u00e4che einer Gro\u00dfstadt. Das Areal um die verschiedenen Trainingsst\u00e4tten ist ca. 45 Hektar gro\u00df. Erlebt unvergessliche Momente bei unseren vielf\u00e4ltigen Events und genie\u00dft den Sommer in vollen Z\u00fcgen. Vom 14. Juni bis 20. [&hellip;]<\/p>\n","protected":false},"author":1,"featured_media":0,"parent":23045,"menu_order":0,"comment_status":"closed","ping_status":"closed","template":"","meta":{"footnotes":""},"class_list":["post-23061","page","type-page","status-publish","hentry"],"_links":{"self":[{"href":"https:\/\/hannover-living.de\/ja\/wp-json\/wp\/v2\/pages\/23061","targetHints":{"allow":["GET"]}}],"collection":[{"href":"https:\/\/hannover-living.de\/ja\/wp-json\/wp\/v2\/pages"}],"about":[{"href":"https:\/\/hannover-living.de\/ja\/wp-json\/wp\/v2\/types\/page"}],"author":[{"embeddable":true,"href":"https:\/\/hannover-living.de\/ja\/wp-json\/wp\/v2\/users\/1"}],"replies":[{"embeddable":true,"href":"https:\/\/hannover-living.de\/ja\/wp-json\/wp\/v2\/comments?post=23061"}],"version-history":[{"count":0,"href":"https:\/\/hannover-living.de\/ja\/wp-json\/wp\/v2\/pages\/23061\/revisions"}],"up":[{"embeddable":true,"href":"https:\/\/hannover-living.de\/ja\/wp-json\/wp\/v2\/pages\/23045"}],"wp:attachment":[{"href":"https:\/\/hannover-living.de\/ja\/wp-json\/wp\/v2\/media?parent=23061"}],"curies":[{"name":"wp","href":"https:\/\/api.w.org\/{rel}","templated":true}]}}