{"id":23067,"date":"2024-02-26T13:05:13","date_gmt":"2024-02-26T12:05:13","guid":{"rendered":"https:\/\/hannover-living.de\/?page_id=23067"},"modified":"2025-06-06T12:59:08","modified_gmt":"2025-06-06T10:59:08","slug":"%e3%82%b7%e3%83%a7%e3%83%83%e3%83%94%e3%83%b3%e3%82%b0-2","status":"publish","type":"page","link":"https:\/\/hannover-living.de\/ja\/%e3%83%ac%e3%82%b8%e3%83%a3%e3%83%bc\/%e3%82%b7%e3%83%a7%e3%83%83%e3%83%94%e3%83%b3%e3%82%b0-2\/","title":{"rendered":"\u30b7\u30e7\u30c3\u30d4\u30f3\u30b0"},"content":{"rendered":"<div data-elementor-type=\"wp-page\" data-elementor-id=\"23067\" class=\"elementor elementor-23067\" data-elementor-post-type=\"page\">\n\t\t\t\t\t\t<section class=\"elementor-section elementor-top-section elementor-element elementor-element-3346e43 elementor-section-boxed elementor-section-height-default elementor-section-height-default\" data-id=\"3346e43\" data-element_type=\"section\" data-e-type=\"section\" data-settings=\"{&quot;background_background&quot;:&quot;classic&quot;}\">\n\t\t\t\t\t\t<div class=\"elementor-container elementor-column-gap-no\">\n\t\t\t\t\t<div class=\"elementor-column elementor-col-100 elementor-top-column elementor-element elementor-element-76f01fb\" data-id=\"76f01fb\" data-element_type=\"column\" data-e-type=\"column\" data-settings=\"{&quot;background_background&quot;:&quot;classic&quot;}\">\n\t\t\t<div class=\"elementor-widget-wrap elementor-element-populated\">\n\t\t\t\t\t\t<section class=\"elementor-section elementor-inner-section elementor-element elementor-element-8e15779 elementor-section-boxed elementor-section-height-default elementor-section-height-default\" data-id=\"8e15779\" data-element_type=\"section\" data-e-type=\"section\">\n\t\t\t\t\t\t<div class=\"elementor-container elementor-column-gap-default\">\n\t\t\t\t\t<div class=\"elementor-column elementor-col-100 elementor-inner-column elementor-element elementor-element-4521d17\" data-id=\"4521d17\" data-element_type=\"column\" data-e-type=\"column\" data-settings=\"{&quot;background_background&quot;:&quot;classic&quot;}\">\n\t\t\t<div class=\"elementor-widget-wrap elementor-element-populated\">\n\t\t\t\t\t\t<div class=\"elementor-element elementor-element-7d654b6 elementor-cta--skin-cover elementor-hidden-phone elementor-hidden-tablet elementor-animated-content elementor-bg-transform elementor-bg-transform-zoom-in elementor-widget elementor-widget-call-to-action\" data-id=\"7d654b6\" data-element_type=\"widget\" data-e-type=\"widget\" data-widget_type=\"call-to-action.default\">\n\t\t\t\t<div class=\"elementor-widget-container\">\n\t\t\t\t\t\t\t<div class=\"elementor-cta\">\n\t\t\t\t\t<div class=\"elementor-cta__bg-wrapper\">\n\t\t\t\t<div class=\"elementor-cta__bg elementor-bg\" style=\"background-image: url();\" role=\"img\" aria-label=\"\"><\/div>\n\t\t\t\t<div class=\"elementor-cta__bg-overlay\"><\/div>\n\t\t\t<\/div>\n\t\t\t\t\t\t\t<div class=\"elementor-cta__content\">\n\t\t\t\t\n\t\t\t\t\t\t\t\t\t<h2 class=\"elementor-cta__title elementor-cta__content-item elementor-content-item elementor-animated-item--grow\">\n\t\t\t\t\t\t\u30b7\u30e7\u30c3\u30d4\u30f3\u30b0\t\t\t\t\t<\/h2>\n\t\t\t\t\n\t\t\t\t\n\t\t\t\t\t\t\t<\/div>\n\t\t\t\t\t\t<\/div>\n\t\t\t\t\t\t<\/div>\n\t\t\t\t<\/div>\n\t\t\t\t<div class=\"elementor-element elementor-element-5e39a8c elementor-widget elementor-widget-jet-listing-grid\" data-id=\"5e39a8c\" data-element_type=\"widget\" data-e-type=\"widget\" data-settings=\"{&quot;columns&quot;:3,&quot;columns_tablet&quot;:&quot;2&quot;,&quot;columns_mobile&quot;:&quot;1&quot;}\" data-widget_type=\"jet-listing-grid.default\">\n\t\t\t\t<div class=\"elementor-widget-container\">\n\t\t\t\t\t<div class=\"jet-listing-notice\">\u30ea\u30b9\u30c8\u3092\u9078\u629e\u3057\u3066\u304f\u3060\u3055\u3044\u3002<\/div>\t\t\t\t<\/div>\n\t\t\t\t<\/div>\n\t\t\t\t\t<\/div>\n\t\t<\/div>\n\t\t\t\t\t<\/div>\n\t\t<\/section>\n\t\t\t\t\t<\/div>\n\t\t<\/div>\n\t\t\t\t\t<\/div>\n\t\t<\/section>\n\t\t\t\t<\/div>","protected":false},"excerpt":{"rendered":"<p>Shopping Hier bleiben keine W\u00fcnsche offen: In der Ernst-August-Galerie k\u00f6nnt ihr das umfassende und attraktive Angebot an Gesch\u00e4ften, Gastronomie und Lifestyle an einem Ort genie\u00dfen. &nbsp; Nach einzigartigen Einrichtungsst\u00fccken und Antiquit\u00e4ten aus den letzten 10 bis 200 Jahren k\u00f6nnt ihr in der N\u00e4he vom Lister Platz bei siebenundsiebzig st\u00f6bern. &nbsp; Faire Fasion in Hannover findet ihr im Greenality Store mitten in der Innenstadt. Hier gibt es sowohl faire Bekleidung f\u00fcr Frauen, M\u00e4nner und Kinder als auch nachhaltige Lifestyle-Artikel. &nbsp; Hier findet ihr Eigenkreationen und individuelle Mode &amp; Accessoires in hochwertiger Verarbeitung von den Designerinnen Beata Foit &amp; Marion Kr\u00fcger: alles made in Hannover. &nbsp; \u00dcber 5 Etagen bietet das fairKauf [&hellip;]<\/p>\n","protected":false},"author":1,"featured_media":26935,"parent":23045,"menu_order":0,"comment_status":"closed","ping_status":"closed","template":"","meta":{"footnotes":""},"class_list":["post-23067","page","type-page","status-publish","has-post-thumbnail","hentry"],"_links":{"self":[{"href":"https:\/\/hannover-living.de\/ja\/wp-json\/wp\/v2\/pages\/23067","targetHints":{"allow":["GET"]}}],"collection":[{"href":"https:\/\/hannover-living.de\/ja\/wp-json\/wp\/v2\/pages"}],"about":[{"href":"https:\/\/hannover-living.de\/ja\/wp-json\/wp\/v2\/types\/page"}],"author":[{"embeddable":true,"href":"https:\/\/hannover-living.de\/ja\/wp-json\/wp\/v2\/users\/1"}],"replies":[{"embeddable":true,"href":"https:\/\/hannover-living.de\/ja\/wp-json\/wp\/v2\/comments?post=23067"}],"version-history":[{"count":1,"href":"https:\/\/hannover-living.de\/ja\/wp-json\/wp\/v2\/pages\/23067\/revisions"}],"predecessor-version":[{"id":39307,"href":"https:\/\/hannover-living.de\/ja\/wp-json\/wp\/v2\/pages\/23067\/revisions\/39307"}],"up":[{"embeddable":true,"href":"https:\/\/hannover-living.de\/ja\/wp-json\/wp\/v2\/pages\/23045"}],"wp:featuredmedia":[{"embeddable":true,"href":"https:\/\/hannover-living.de\/ja\/wp-json\/wp\/v2\/media\/26935"}],"wp:attachment":[{"href":"https:\/\/hannover-living.de\/ja\/wp-json\/wp\/v2\/media?parent=23067"}],"curies":[{"name":"wp","href":"https:\/\/api.w.org\/{rel}","templated":true}]}}