{"id":23072,"date":"2024-02-26T13:06:43","date_gmt":"2024-02-26T12:06:43","guid":{"rendered":"https:\/\/hannover-living.de\/?page_id=23072"},"modified":"2024-02-26T13:06:43","modified_gmt":"2024-02-26T12:06:43","slug":"museen1","status":"publish","type":"page","link":"https:\/\/hannover-living.de\/ja\/%e3%83%ac%e3%82%b8%e3%83%a3%e3%83%bc\/museen1\/","title":{"rendered":"\u7f8e\u8853\u9928\u30fb\u535a\u7269\u9928"},"content":{"rendered":"<div data-elementor-type=\"wp-page\" data-elementor-id=\"23072\" class=\"elementor elementor-23072\" data-elementor-post-type=\"page\">\n\t\t\t\t\t\t<section class=\"elementor-section elementor-top-section elementor-element elementor-element-b446ea7 elementor-section-boxed elementor-section-height-default elementor-section-height-default\" data-id=\"b446ea7\" data-element_type=\"section\" data-e-type=\"section\" data-settings=\"{&quot;background_background&quot;:&quot;classic&quot;}\">\n\t\t\t\t\t\t<div class=\"elementor-container elementor-column-gap-no\">\n\t\t\t\t\t<div class=\"elementor-column elementor-col-100 elementor-top-column elementor-element elementor-element-0f9ba86\" data-id=\"0f9ba86\" data-element_type=\"column\" data-e-type=\"column\" data-settings=\"{&quot;background_background&quot;:&quot;classic&quot;}\">\n\t\t\t<div class=\"elementor-widget-wrap elementor-element-populated\">\n\t\t\t\t\t\t<section class=\"elementor-section elementor-inner-section elementor-element elementor-element-4084cff elementor-section-boxed elementor-section-height-default elementor-section-height-default\" data-id=\"4084cff\" data-element_type=\"section\" data-e-type=\"section\">\n\t\t\t\t\t\t<div class=\"elementor-container elementor-column-gap-default\">\n\t\t\t\t\t<div class=\"elementor-column elementor-col-100 elementor-inner-column elementor-element elementor-element-5e31cc2\" data-id=\"5e31cc2\" data-element_type=\"column\" data-e-type=\"column\" data-settings=\"{&quot;background_background&quot;:&quot;classic&quot;}\">\n\t\t\t<div class=\"elementor-widget-wrap elementor-element-populated\">\n\t\t\t\t\t\t<div class=\"elementor-element elementor-element-be670f4 elementor-cta--skin-cover elementor-hidden-phone elementor-hidden-tablet elementor-animated-content elementor-bg-transform elementor-bg-transform-zoom-in elementor-widget elementor-widget-call-to-action\" data-id=\"be670f4\" data-element_type=\"widget\" data-e-type=\"widget\" data-widget_type=\"call-to-action.default\">\n\t\t\t\t<div class=\"elementor-widget-container\">\n\t\t\t\t\t\t\t<div class=\"elementor-cta\">\n\t\t\t\t\t<div class=\"elementor-cta__bg-wrapper\">\n\t\t\t\t<div class=\"elementor-cta__bg elementor-bg\" style=\"background-image: url();\" role=\"img\" aria-label=\"\"><\/div>\n\t\t\t\t<div class=\"elementor-cta__bg-overlay\"><\/div>\n\t\t\t<\/div>\n\t\t\t\t\t\t\t\t<\/div>\n\t\t\t\t\t\t<\/div>\n\t\t\t\t<\/div>\n\t\t\t\t<div class=\"elementor-element elementor-element-b85304b elementor-widget elementor-widget-jet-listing-grid\" data-id=\"b85304b\" data-element_type=\"widget\" data-e-type=\"widget\" data-settings=\"{&quot;columns&quot;:3,&quot;columns_tablet&quot;:&quot;2&quot;,&quot;columns_mobile&quot;:&quot;1&quot;}\" data-widget_type=\"jet-listing-grid.default\">\n\t\t\t\t<div class=\"elementor-widget-container\">\n\t\t\t\t\t<div class=\"jet-listing-notice\">\u30ea\u30b9\u30c8\u3092\u9078\u629e\u3057\u3066\u304f\u3060\u3055\u3044\u3002<\/div>\t\t\t\t<\/div>\n\t\t\t\t<\/div>\n\t\t\t\t\t<\/div>\n\t\t<\/div>\n\t\t\t\t\t<\/div>\n\t\t<\/section>\n\t\t\t\t\t<\/div>\n\t\t<\/div>\n\t\t\t\t\t<\/div>\n\t\t<\/section>\n\t\t\t\t<section class=\"elementor-section elementor-top-section elementor-element elementor-element-2c3eec4 elementor-section-boxed elementor-section-height-default elementor-section-height-default\" data-id=\"2c3eec4\" data-element_type=\"section\" data-e-type=\"section\">\n\t\t\t\t\t\t<div class=\"elementor-container elementor-column-gap-default\">\n\t\t\t\t\t<div class=\"elementor-column elementor-col-100 elementor-top-column elementor-element elementor-element-9015644\" data-id=\"9015644\" data-element_type=\"column\" data-e-type=\"column\">\n\t\t\t<div class=\"elementor-widget-wrap\">\n\t\t\t\t\t\t\t<\/div>\n\t\t<\/div>\n\t\t\t\t\t<\/div>\n\t\t<\/section>\n\t\t\t\t<\/div>","protected":false},"excerpt":{"rendered":"<p>Der Hannover Kiosk \u00fcberbr\u00fcckt die Wartezeit auf das sanierte Historische Museum am Hohen Ufer und ist das moderne, offene und einladende Museum auf Zeit. Nutzt den &#8222;Freien Freitag&#8220; f\u00fcr einen Ausflug ins Sprengel Museum, Landesmuseum, Kestner Museum oder die Kestner Gesellschaft. Denn hier bekommt ihr jeden Freitag den Eintritt f\u00fcr die Dauerausstellungen geschenkt. Zeitgen\u00f6ssisch, international und vielf\u00e4ltig: Die Kestner Gesellschaft verfolgt seit \u00fcber 100 Jahren das Ziel , aktuelle, internationale Kunst nach Hannover zu bringen. Mit dem Schloss Herrenhausen, das als wissenschaftliches Tagungszentrum und Museum genutzt wird, haben die Herrenh\u00e4user G\u00e4rten ihren architektonischen Bezugspunkt zur\u00fcckerhalten. Der 1832 gegr\u00fcndete Kunstverein Hannover ist einer der \u00e4ltesten Kunstvereine Deutschlands und pr\u00e4sentiert internationale Entwicklungen [&hellip;]<\/p>\n","protected":false},"author":1,"featured_media":0,"parent":23045,"menu_order":0,"comment_status":"closed","ping_status":"closed","template":"","meta":{"footnotes":""},"class_list":["post-23072","page","type-page","status-publish","hentry"],"_links":{"self":[{"href":"https:\/\/hannover-living.de\/ja\/wp-json\/wp\/v2\/pages\/23072","targetHints":{"allow":["GET"]}}],"collection":[{"href":"https:\/\/hannover-living.de\/ja\/wp-json\/wp\/v2\/pages"}],"about":[{"href":"https:\/\/hannover-living.de\/ja\/wp-json\/wp\/v2\/types\/page"}],"author":[{"embeddable":true,"href":"https:\/\/hannover-living.de\/ja\/wp-json\/wp\/v2\/users\/1"}],"replies":[{"embeddable":true,"href":"https:\/\/hannover-living.de\/ja\/wp-json\/wp\/v2\/comments?post=23072"}],"version-history":[{"count":0,"href":"https:\/\/hannover-living.de\/ja\/wp-json\/wp\/v2\/pages\/23072\/revisions"}],"up":[{"embeddable":true,"href":"https:\/\/hannover-living.de\/ja\/wp-json\/wp\/v2\/pages\/23045"}],"wp:attachment":[{"href":"https:\/\/hannover-living.de\/ja\/wp-json\/wp\/v2\/media?parent=23072"}],"curies":[{"name":"wp","href":"https:\/\/api.w.org\/{rel}","templated":true}]}}