{"id":40275,"date":"2025-06-23T15:58:49","date_gmt":"2025-06-23T13:58:49","guid":{"rendered":"https:\/\/hannover-living.de\/?page_id=40275"},"modified":"2026-04-27T15:44:13","modified_gmt":"2026-04-27T13:44:13","slug":"%e3%82%a2%e3%82%af%e3%82%bb%e3%82%b7%e3%83%93%e3%83%aa%e3%83%86%e3%82%a3%e3%81%ab%e9%96%a2%e3%81%99%e3%82%8b%e5%a3%b0%e6%98%8e","status":"publish","type":"page","link":"https:\/\/hannover-living.de\/ja\/erklaerung-zur-barrierefreiheit\/","title":{"rendered":"\u30a2\u30af\u30bb\u30b7\u30d3\u30ea\u30c6\u30a3\u5ba3\u8a00"},"content":{"rendered":"<div data-elementor-type=\"wp-page\" data-elementor-id=\"40275\" class=\"elementor elementor-40275\" data-elementor-post-type=\"page\">\n\t\t\t\t<div class=\"elementor-element elementor-element-ebdc5d0 e-flex e-con-boxed e-con e-parent\" data-id=\"ebdc5d0\" data-element_type=\"container\" data-e-type=\"container\">\n\t\t\t\t\t<div class=\"e-con-inner\">\n\t\t\t\t<div class=\"elementor-element elementor-element-da82371 elementor-widget elementor-widget-heading\" data-id=\"da82371\" data-element_type=\"widget\" data-e-type=\"widget\" data-widget_type=\"heading.default\">\n\t\t\t\t<div class=\"elementor-widget-container\">\n\t\t\t\t\t<h1 class=\"elementor-heading-title elementor-size-default\">\u30a2\u30af\u30bb\u30b7\u30d3\u30ea\u30c6\u30a3\u5ba3\u8a00<\/h1>\t\t\t\t<\/div>\n\t\t\t\t<\/div>\n\t\t\t\t<div class=\"elementor-element elementor-element-d82c378 elementor-widget elementor-widget-text-editor\" data-id=\"d82c378\" data-element_type=\"widget\" data-e-type=\"widget\" data-widget_type=\"text-editor.default\">\n\t\t\t\t<div class=\"elementor-widget-container\">\n\t\t\t\t\t\t\t\t\t<ol><li><p><u>\u30d7\u30ed\u30d0\u30a4\u30c0\u30fc\u60c5\u5831<\/u><\/p><p>\u30cf\u30ce\u30fc\u30d0\u30fc\u30fb\u30de\u30fc\u30b1\u30c6\u30a3\u30f3\u30b0\uff06\u30c4\u30fc\u30ea\u30ba\u30e0\u793e\uff08HMTG\uff09<\/p><p>\u30f4\u30a1\u30fc\u30ec\u30f3\u30f4\u30a1\u30eb\u30c0\u30fc\u901a\u308a7<\/p><p>30165\u30cf\u30ce\u30fc\u30d0\u30fc<\/p><p>\u96fb\u8a71\uff1a+49 511 12345-0<\/p><p>E\u30e1\u30fc\u30eb\uff1ainfo@hannover-tourismus.de<\/p><p><u>\u30b5\u30fc\u30d3\u30b9\u6982\u8981\u00a0<\/u><\/p><p>welcome.visit-hannover.com\u306e\u30a6\u30a7\u30d6\u30b5\u30a4\u30c8www.hannover-living.de \/ http:\/\/www.hannover-tourismus.de \/ \u30aa\u30f3\u30e9\u30a4\u30f3\u30b7\u30e7\u30c3\u30d7\u306f\u3001HMTG\u304c\u30cf\u30ce\u30fc\u30d5\u30a1\u30fc\u5730\u65b9\u3067\u63d0\u4f9b\u3059\u308b\u4e2d\u5fc3\u7684\u306a\u30aa\u30f3\u30e9\u30a4\u30f3\u89b3\u5149\u30b5\u30a4\u30c8\u3067\u3059\u3002\u3053\u308c\u3089\u306e\u30a6\u30a7\u30d6\u30b5\u30a4\u30c8\u3067\u306f\u3001\u7279\u306b\u4ee5\u4e0b\u306e\u3053\u3068\u304c\u3067\u304d\u307e\u3059\u3002<\/p><ul><li>\u304a\u571f\u7523\u30aa\u30f3\u30e9\u30a4\u30f3\u30b7\u30e7\u30c3\u30d7\uff08\u5951\u7d04\u30d1\u30fc\u30c8\u30ca\u30fc\uff1aHMTG\uff09\u3067\u5546\u54c1\uff08\u304a\u571f\u7523\uff09\u3092\u6ce8\u6587\u3059\u308b\u3001,\u00a0<\/li><li>\u30d1\u30c3\u30b1\u30fc\u30b8\u30db\u30ea\u30c7\u30fc\u3092\u30aa\u30f3\u30e9\u30a4\u30f3\u3067\u4e88\u7d04\u3059\u308b\uff08HMTG\u304c\u30c4\u30a2\u30fc\u30aa\u30da\u30ec\u30fc\u30bf\u30fc\uff09\uff1b;<\/li><li>\u500b\u4eba\u304a\u3088\u3073\u56e3\u4f53\u30c4\u30a2\u30fc\u306e\u30aa\u30f3\u30e9\u30a4\u30f3\u4e88\u7d04\uff08HMTG\u3092\u30d7\u30ed\u30d0\u30a4\u30c0\u30fc\u3068\u3057\u3066\uff09\u3068\u00a0<\/li><li>HMTG\u304c\u904b\u55b6\u3059\u308b\u5bbf\u6cca\u65bd\u8a2d\u30b5\u30fc\u30d3\u30b9\uff08HMTG\u306f\u5bbf\u6cca\u65bd\u8a2d\u30d7\u30ed\u30d0\u30a4\u30c0\u30fc\u3068\u306e\u5951\u7d04\u4ee3\u7406\u5e97\u3068\u3057\u3066\uff09\u3092\u901a\u3058\u3066\u3001\u30cf\u30ce\u30fc\u30d5\u30a1\u30fc\u304a\u3088\u3073\u540c\u5730\u57df\u306e\u5bbf\u6cca\u65bd\u8a2d\u306e\u7167\u4f1a\u30fb\u4e88\u7d04\u3092\u884c\u3046\u3002<\/li><\/ul><p>\u307e\u305f\u3001\u30cf\u30ce\u30fc\u30d5\u30a1\u30fc\u5730\u65b9\u306e\u89b3\u5149\u540d\u6240\u3001\u30a4\u30d9\u30f3\u30c8\u3001\u89b3\u5149\u30b9\u30dd\u30c3\u30c8\u306b\u95a2\u3059\u308b\u5e45\u5e83\u3044\u60c5\u5831\u3082\u63d0\u4f9b\u3057\u3066\u3044\u307e\u3059\u3002.<\/p><p><u>\u30b5\u30fc\u30d3\u30b9\u5b9f\u65bd\u306b\u95a2\u3059\u308b\u8aac\u660e<\/u><\/p><p>\u30a2\u30af\u30bb\u30b7\u30d6\u30eb\u306a\u30aa\u30f3\u30e9\u30a4\u30f3\u30b5\u30fc\u30d3\u30b9\u3092\u5229\u7528\u3059\u308b\u305f\u3081\u306e\u4e3b\u306a\u624b\u9806\u306f\u4ee5\u4e0b\u306e\u901a\u308a\uff1a<\/p><p><u>\u30aa\u30d5\u30a1\u30fc\u306e\u9078\u629e<\/u><\/p><p>\u30e6\u30fc\u30b6\u30fc\u306f\u3001\u30ca\u30d3\u30b2\u30fc\u30b7\u30e7\u30f3\u6a5f\u80fd\u307e\u305f\u306f\u691c\u7d22\u6a5f\u80fd\u3092\u4f7f\u7528\u3057\u3066\u3001\u5e0c\u671b\u306e\u5206\u91ce\uff08\u300c\u30db\u30c6\u30eb\u3001\u5225\u8358\u3001B&amp;B\u3001\u4f53\u9a13\u30d1\u30c3\u30b1\u30fc\u30b8\u300d\u3001\u300c\u30c1\u30b1\u30c3\u30c8\uff06\u30c4\u30a2\u30fc\u300d\u3001\u300c\u6587\u5316\uff06\u89b3\u5149\u30b9\u30dd\u30c3\u30c8\u300d\u3001\u300c\u30aa\u30f3\u30e9\u30a4\u30f3\u30b7\u30e7\u30c3\u30d7\u30fb\u30cf\u30ce\u30fc\u30d5\u30a1\u30fc\u300d\u306a\u3069\uff09\u3092\u9078\u629e\u3059\u308b\u3053\u3068\u304c\u3067\u304d\u307e\u3059\u3002\u5229\u7528\u53ef\u80fd\u306a\u5546\u54c1\u3084\u30b5\u30fc\u30d3\u30b9\u306f\u3001\u8aac\u660e\u3001\u4fa1\u683c\u3001\u305d\u306e\u4ed6\u306e\u6761\u4ef6\u3068\u3068\u3082\u306b\u8868\u793a\u3055\u308c\u307e\u3059\u3002.<\/p><p><u>\u8a73\u7d30\u8868\u793a\u3068\u30aa\u30d5\u30a1\u30fc\u60c5\u5831<\/u><\/p><p>\u8a73\u7d30\u30da\u30fc\u30b8\u3067\u306f\u3001\u8a73\u7d30\u60c5\u5831\uff08\u30b5\u30fc\u30d3\u30b9\u306e\u7bc4\u56f2\u3001\u65c5\u884c\u65e5\u7a0b\u3001\u30ac\u30a4\u30c9\u30c4\u30a2\u30fc\u306e\u96c6\u5408\u5834\u6240\u3001\u5ba2\u5ba4\u30ab\u30c6\u30b4\u30ea\u30fc\u306a\u3069\uff09\u3092\u63d0\u4f9b\u3057\u3066\u3044\u307e\u3059\u3002\u3053\u308c\u3089\u306e\u60c5\u5831\u306f\u3001\u5951\u7d04\u7de0\u7d50\u3084\u65c5\u884c\u8a08\u753b\u306b\u5fc5\u8981\u3067\u3059\u3002.<\/p><p><u>\u3054\u6ce8\u6587\u3068\u3054\u4e88\u7d04\u306e\u6d41\u308c<\/u><\/p><p>\u30b9\u30fc\u30d9\u30cb\u30a2\u30aa\u30f3\u30e9\u30a4\u30f3\u30b7\u30e7\u30c3\u30d7\u3067\u306f\u3001\u3054\u5e0c\u671b\u306e\u5546\u54c1\u3092\u9078\u629e\u3057\u3001\u5bfe\u5fdc\u3059\u308b\u30dc\u30bf\u30f3\u3092\u62bc\u3059\u3053\u3068\u3067\u3001\u5546\u54c1\u3092\u30b7\u30e7\u30c3\u30d4\u30f3\u30b0\u30d0\u30b9\u30b1\u30c3\u30c8\u306b\u5165\u308c\u308b\u3053\u3068\u304c\u3067\u304d\u307e\u3059\u3002.<\/p><p>\u30d1\u30c3\u30b1\u30fc\u30b8\u30fb\u30db\u30ea\u30c7\u30fc\u3084\u30ac\u30a4\u30c9\u4ed8\u304d\u30c4\u30a2\u30fc\u306e\u5834\u5408\u3001\u65c5\u884c\u65e5\u307e\u305f\u306f\u65e5\u7a0b\u3092\u9078\u629e\u3057\u3001\u500b\u4eba\u60c5\u5831\u3092\u5165\u529b\u3057\u307e\u3059\u3002\u4e88\u7d04\u30d7\u30ed\u30bb\u30b9\u3092\u78ba\u8a8d\u3059\u308b\u3053\u3068\u3067\u3001\u304a\u5ba2\u69d8\u306f\u65c5\u884c\u307e\u305f\u306f\u30b5\u30fc\u30d3\u30b9\u5951\u7d04\u3092\u7de0\u7d50\u3059\u308b\u62d8\u675f\u529b\u306e\u3042\u308b\u30aa\u30d5\u30a1\u30fc\u3092\u63d0\u51fa\u3059\u308b\u3053\u3068\u306b\u306a\u308a\u307e\u3059\u3002.<\/p><p>\u5bbf\u6cca\u30b5\u30fc\u30d3\u30b9\u3067\u306f\u3001\u304a\u5ba2\u69d8\u306e\u30a8\u30f3\u30c8\u30ea\u30fc\u306b\u57fa\u3065\u3044\u3066\u9069\u5207\u306a\u5bbf\u6cca\u65bd\u8a2d\u304c\u6c7a\u5b9a\u3055\u308c\u3001HMTG\u304c\u5404\u30db\u30b9\u30c8\u3068\u306e\u5bbf\u6cca\u5951\u7d04\u306e\u7de0\u7d50\u3092\u624b\u914d\u3057\u307e\u3059\u3002.<\/p><p><u>\u5951\u7d04\u306e\u7de0\u7d50\u3068\u78ba\u8a8d<\/u><\/p><p>\u5951\u7d04\u306f\u3001\u305d\u308c\u305e\u308c\u306eGTC\u306b\u5f93\u3063\u3066\u7de0\u7d50\u3055\u308c\u307e\u3059\u3002\u9867\u5ba2\u306f\u3001\u5951\u7d04\u306e\u78ba\u8a8d\u3068\u3001\u5c65\u884c\u3001\u652f\u6255\u3044\u3001\u304a\u3088\u3073\u8a72\u5f53\u3059\u308b\u5834\u5408\u306f\u30ad\u30e3\u30f3\u30bb\u30eb\u6761\u4ef6\u306b\u95a2\u3059\u308b\u8a73\u7d30\u60c5\u5831\u3092\u53d7\u3051\u53d6\u308a\u307e\u3059\u3002.<\/p><p><u>\u30ab\u30b9\u30bf\u30de\u30fc\u30b5\u30fc\u30d3\u30b9<\/u><\/p><p>\u3054\u8cea\u554f\u304c\u3042\u308b\u5834\u5408\u306f\u3001\u6cd5\u7684\u901a\u77e5\u304a\u3088\u3073GTC\u306b\u8a18\u8f09\u3055\u308c\u3066\u3044\u308b\u9023\u7d61\u5148\u3092\u4f7f\u7528\u3057\u3066HMTG\u306b\u554f\u3044\u5408\u308f\u305b\u308b\u3053\u3068\u304c\u3067\u304d\u307e\u3059\u3002.<\/p><p><u>\u30a2\u30af\u30bb\u30b7\u30d3\u30ea\u30c6\u30a3\u8981\u6c42\u4e8b\u9805\u306e\u9075\u5b88<\/u><\/p><p>\u6cd5\u7684\u8981\u4ef6\u306f\u3001\u30d0\u30ea\u30a2\u30d5\u30ea\u30fc\u30fb\u30a2\u30af\u30bb\u30b7\u30d3\u30ea\u30c6\u30a3\u5f37\u5316\u6cd5\uff08BFSG\uff09\u3001\u7279\u306bBFSG\u7b2c14\u6761\u304a\u3088\u3073\u30d0\u30ea\u30a2\u30d5\u30ea\u30fc\u30fb\u30a2\u30af\u30bb\u30b7\u30d3\u30ea\u30c6\u30a3\u5f37\u5316\u6cd5\u65bd\u884c\u898f\u5247\uff08BFSGV\uff09\u306e\u500b\u5225\u898f\u5b9a\u306b\u8d77\u56e0\u3057\u307e\u3059\u3002\u5f53\u30a6\u30a7\u30d6\u30b5\u30a4\u30c8\u306f\u3001BFSG\u7b2c3\u6761\u7b2c2\u9805\u3068\u4f75\u305b\u3001BFSGV\u7b2c12\u6761\u3001\u7b2c19\u6761\u306e\u8981\u4ef6\u306b\u6e96\u62e0\u3057\u3066\u3044\u307e\u3059\u3002\u00a7 BFSG\u7b2c3\u6761\u7b2c2\u9805\u3002.<\/p><p>BFSG\u7b2c4\u6761\u306f\u3001\u6b27\u5dde\u9023\u5408\u5b98\u5831\u306b\u63b2\u8f09\u3055\u308c\u305f\u6574\u5408\u898f\u683c\u306b\u6e96\u62e0\u3059\u308b\u30b5\u30fc\u30d3\u30b9\u306f\u3001\u5f53\u8a72\u6574\u5408\u898f\u683c\u304c\u8981\u6c42\u4e8b\u9805\u3092\u7db2\u7f85\u3057\u3066\u3044\u308b\u9650\u308a\u3001BFSGV\u306e\u8981\u6c42\u4e8b\u9805\u3092\u6e80\u305f\u3057\u3066\u3044\u308b\u3068\u63a8\u5b9a\u3059\u308b\u3002\u8abf\u548c\u6b27\u5dde\u898f\u683cEN 301 549\u306f\u3001\u305d\u306e\u7b2c9\u7ae0\u3067\u3001\u30a6\u30a7\u30d6\u30b5\u30a4\u30c8\u306e\u30a2\u30af\u30bb\u30b7\u30d3\u30ea\u30c6\u30a3\u306b\u95a2\u3059\u308b\u8981\u4ef6\u3092\u5b9a\u3081\u3066\u304a\u308a\u3001\u30a6\u30a7\u30d6\u30b3\u30f3\u30c6\u30f3\u30c4\u30fb\u30a2\u30af\u30bb\u30b7\u30d3\u30ea\u30c6\u30a3\u30fb\u30ac\u30a4\u30c9\u30e9\u30a4\u30f3\uff08WCAG\uff09\u30d0\u30fc\u30b8\u30e7\u30f32.1\u3001\u9069\u5408\u30ec\u30d9\u30ebAA\u306e\u8981\u4ef6\u3092\u6e80\u305f\u3057\u3066\u3044\u308c\u3070\u3001EN 301 549\u306e\u610f\u5473\u306b\u304a\u3044\u3066\u30a6\u30a7\u30d6\u30b5\u30a4\u30c8\u306f\u30a2\u30af\u30bb\u30b7\u30d6\u30eb\u3067\u3042\u308b\u3068\u898f\u5b9a\u3057\u3066\u3044\u307e\u3059\u3002\u79c1\u305f\u3061\u306f\u3001\u30a2\u30af\u30bb\u30b7\u30d3\u30ea\u30c6\u30a3\u3092\u5b9f\u73fe\u3059\u308b\u305f\u3081\u306e\u6cd5\u7684\u8981\u4ef6\u3092\u8d85\u3048\u3001\u9069\u5408\u6027\u30ec\u30d9\u30ebAA\u306eWCAG\u30d0\u30fc\u30b8\u30e7\u30f32.2\u3092\u5b9f\u88c5\u3059\u308b\u3053\u3068\u3092\u6c7a\u5b9a\u3057\u307e\u3057\u305f\u3002.<\/p><p>\u3053\u308c\u3089\u306e\u7406\u7531\u306b\u3088\u308a\u3001\u672c\u30a6\u30a7\u30d6\u30b5\u30a4\u30c8\u306f\u3001BFSG\u7b2c12\u6761BFSGV\u3068\u4f75\u305b\u3001BFSG\u7b2c14\u6761\u7b2c1\u9805\u7b2c1\u53f7\u3001\u7b2c4\u9805\u306b\u5f93\u3063\u3066\u30a2\u30af\u30bb\u30b7\u30d6\u30eb\u3067\u3059\u3002\u00a7 BFSGV\u7b2c12\u6761\u306b\u3088\u308a\u3001\u672c\u30a6\u30a7\u30d6\u30b5\u30a4\u30c8\u306f\u3001\u6574\u5408\u6b27\u5dde\u898f\u683cEN 301 549\u306e\u7b2c9\u7ae0\u304a\u3088\u3073\u30a6\u30a7\u30d6\u30b3\u30f3\u30c6\u30f3\u30c4\u30fb\u30a2\u30af\u30bb\u30b7\u30d3\u30ea\u30c6\u30a3\u30fb\u30ac\u30a4\u30c9\u30e9\u30a4\u30f3\uff08WCAG\uff09\u30d0\u30fc\u30b8\u30e7\u30f32.2\u306b\u57fa\u3065\u304d\u3001\u9069\u5408\u30ec\u30d9\u30ebAA\u3067\u30a2\u30af\u30bb\u30b7\u30d6\u30eb\u3067\u3059\u3002.<\/p><p>\u6700\u3082\u91cd\u8981\u306a\u5bfe\u7b56\u306f\u4ee5\u4e0b\u306e\u901a\u308a\u3067\u3042\u308b\u3002<\/p><p><u>\u30b3\u30f3\u30c6\u30f3\u30c4\u306e\u8a8d\u77e5\u5ea6<\/u><br \/>\u30c6\u30ad\u30b9\u30c8\u3001\u64cd\u4f5c\u90e8\u3001\u30d5\u30a9\u30fc\u30e0\u306f\u5341\u5206\u306a\u8272\u306e\u30b3\u30f3\u30c8\u30e9\u30b9\u30c8\u3068\u8aad\u307f\u3084\u3059\u3044\u30d5\u30a9\u30f3\u30c8\u3067\u30c7\u30b6\u30a4\u30f3\u3055\u308c\u3066\u3044\u308b\u3002\u91cd\u8981\u306a\u60c5\u5831\u306f\u30c6\u30ad\u30b9\u30c8\u5f62\u5f0f\u3067\u63d0\u4f9b\u3055\u308c\u3001\u30b9\u30af\u30ea\u30fc\u30f3\u30ea\u30fc\u30c0\u30fc\u3067\u4f7f\u7528\u3067\u304d\u308b\u3002\u5951\u7d04\u306e\u7406\u89e3\u3084\u7de0\u7d50\u306b\u95a2\u9023\u3059\u308b\u30c6\u30ad\u30b9\u30c8\u4ee5\u5916\u306e\u30b3\u30f3\u30c6\u30f3\u30c4\u306f\u3001\u4ee3\u66ff\u30c6\u30ad\u30b9\u30c8\u3067\u63d0\u4f9b\u3055\u308c\u308b\u3002.<\/p><p><u>\u6a5f\u80fd\u306e\u4f7f\u3044\u3084\u3059\u3055<\/u><br \/>\u30da\u30fc\u30b8\u3084\u30aa\u30f3\u30e9\u30a4\u30f3\u30d5\u30a9\u30fc\u30e0\uff08\u4e88\u7d04\u3084\u652f\u6255\u3044\u30d7\u30ed\u30bb\u30b9\u3092\u542b\u3080\uff09\u306f\u5b8c\u5168\u306b\u30ad\u30fc\u30dc\u30fc\u30c9\u3067\u30a2\u30af\u30bb\u30b9\u3067\u304d\u308b\u3002\u30d5\u30a9\u30fc\u30ab\u30b9\u30de\u30fc\u30ab\u30fc\u304c\u8868\u793a\u3055\u308c\u3001\u4e00\u8cab\u3057\u305f\u30ca\u30d3\u30b2\u30fc\u30b7\u30e7\u30f3\u30d1\u30bf\u30fc\u30f3\u304c\u4f7f\u7528\u3055\u308c\u3066\u3044\u307e\u3059\u3002.<\/p><p><u>\u7406\u89e3\u3057\u3084\u3059\u3055<\/u><br \/>\u5546\u54c1\u3084\u30b5\u30fc\u30d3\u30b9\u306e\u8aac\u660e\u3001\u4fa1\u683c\u3001\u91cd\u8981\u306a\u5951\u7d04\u6761\u4ef6\uff08\u30ad\u30e3\u30f3\u30bb\u30eb\u3084\u652f\u6255\u3044\u306a\u3069\uff09\u306f\u3001\u660e\u78ba\u3067\u7406\u89e3\u3057\u3084\u3059\u3044\u8a00\u8449\u3067\u66f8\u304b\u308c\u3066\u3044\u308b\u3002\u30d5\u30a9\u30fc\u30e0\u306e\u30a8\u30e9\u30fc\u30e1\u30c3\u30bb\u30fc\u30b8\u306f\u3001\u5165\u529b\u30df\u30b9\u3092\u7c21\u5358\u306b\u4fee\u6b63\u3067\u304d\u308b\u3088\u3046\u3001\u610f\u5473\u306e\u3042\u308b\u3082\u306e\u3068\u3059\u308b\u3002.<\/p><p><u>\u5805\u7262\u306a\u6280\u8853\u7684\u5b9f\u88c5<\/u><br \/>\u30a6\u30a7\u30d6\u30b5\u30a4\u30c8\u306f\u3001\u4e00\u822c\u7684\u306a\u30d6\u30e9\u30a6\u30b6\u3084\u652f\u63f4\u6280\u8853\uff08\u30b9\u30af\u30ea\u30fc\u30f3\u30ea\u30fc\u30c0\u30fc\u3084\u70b9\u5b57\u30c7\u30a3\u30b9\u30d7\u30ec\u30a4\u306a\u3069\uff09\u3067\u78ba\u5b9f\u306b\u52d5\u4f5c\u3059\u308b\u3088\u3046\u306b\u958b\u767a\u30fb\u7dad\u6301\u3055\u308c\u3066\u3044\u307e\u3059\u3002.<\/p><p><u>\u96fb\u5b50\u5546\u53d6\u5f15\u306b\u304a\u3051\u308b\u53d6\u5f15\u30d7\u30ed\u30bb\u30b9\u306e\u30d0\u30ea\u30a2\u30d5\u30ea\u30fc\u5316<\/u><br \/>\u8cb7\u3044\u7269\u304b\u3054\/\u4e88\u7d04\u753b\u9762\u306b\u3088\u308b\u30aa\u30d5\u30a1\u30fc\u306e\u9078\u629e\u304b\u3089\u3001\u500b\u4eba\u60c5\u5831\u306e\u5165\u529b\u3001\u62d8\u675f\u529b\u306e\u3042\u308b\u6ce8\u6587\/\u4e88\u7d04\u307e\u3067\u3001\u5951\u7d04\u7de0\u7d50\u306b\u4e0d\u53ef\u6b20\u306a\u30b9\u30c6\u30c3\u30d7\u306f\u8ad6\u7406\u7684\u306b\u69cb\u6210\u3055\u308c\u3001\u660e\u78ba\u306b\u8868\u793a\u3055\u308c\u3001\u30d0\u30ea\u30a2\u30d5\u30ea\u30fc\u306b\u8a2d\u8a08\u3055\u308c\u3066\u3044\u307e\u3059\u3002.\u00a0<\/p><p>\u7279\u5b9a\u306e\u30aa\u30d5\u30a1\u30fc\uff08\u30ac\u30a4\u30c9\u30c4\u30a2\u30fc\u3001\u5bbf\u6cca\u65bd\u8a2d\u3001\u30a4\u30d9\u30f3\u30c8\u4f1a\u5834\u306a\u3069\uff09\u306e\u30a2\u30af\u30bb\u30b7\u30d3\u30ea\u30c6\u30a3\u6a5f\u80fd\u306b\u95a2\u3059\u308b\u60c5\u5831\u304c\u5404\u30b5\u30fc\u30d3\u30b9\u30d7\u30ed\u30d0\u30a4\u30c0\u30fc\u304b\u3089\u63d0\u4f9b\u3055\u308c\u308b\u5834\u5408\u3001HMTG\u306f\u3053\u308c\u3092\u30a2\u30af\u30bb\u30b7\u30d6\u30eb\u306a\u5f62\u3067\u5229\u7528\u3067\u304d\u308b\u3088\u3046\u306b\u3057\u307e\u3059\u3002\u201c<\/p><p>\u00a0<\/p><p><u>\u6d88\u8cbb\u8005\u60c5\u5831\u00a0<\/u><a href=\"https:\/\/dejure.org\/gesetze\/EGBGB\/246.html\" target=\"_blank\" rel=\"noopener\"><u>EGBGB\u7b2c246\u6761<\/u><\/a><\/p><p>\u30a2\u30af\u30bb\u30b7\u30d3\u30ea\u30c6\u30a3\u306b\u95a2\u3059\u308b\u3053\u306e\u5ba3\u8a00\u306b\u52a0\u3048\u3001HMTG\u306f\u4ee5\u4e0b\u306e\u5ba3\u8a00\u3082\u63d0\u4f9b\u3057\u3066\u3044\u308b\u3002\u00a0<a href=\"https:\/\/dejure.org\/gesetze\/EGBGB\/246.html\" target=\"_blank\" rel=\"noopener\">EGBGB\u7b2c246\u6761<\/a>\u00a0\u9867\u5ba2\u306f\u3001GTC\u304a\u3088\u3073\u6ce8\u6587\u307e\u305f\u306f\u4e88\u7d04\u30d7\u30ed\u30bb\u30b9\u306e\u4e00\u74b0\u3068\u3057\u3066\u3001\u5fc5\u8981\u306a\u6d88\u8cbb\u8005\u60c5\u5831\u3092\u63d0\u4f9b\u3055\u308c\u307e\u3059\u3002\u3053\u308c\u306b\u306f\u7279\u306b\u4ee5\u4e0b\u304c\u542b\u307e\u308c\u307e\u3059\u3002<\/p><ul><li>\u4f4f\u6240\u3001\u9023\u7d61\u624b\u6bb5\uff08\u96fb\u8a71\u3001\u96fb\u5b50\u30e1\u30fc\u30eb\uff09\u3092\u542b\u3080HMTG\u306e\u8eab\u5143\u304a\u3088\u3073\u9023\u7d61\u5148\u8a73\u7d30\u3002.\u00a0<\/li><li>\u63d0\u4f9b\u3055\u308c\u308b\u5546\u54c1\u3068\u30b5\u30fc\u30d3\u30b9\u306e\u672c\u8cea\u7684\u306a\u7279\u5fb4\u3001,<\/li><li>\u6599\u91d1\u306b\u306f\u7a0e\u91d1\u3068\u8ffd\u52a0\u6599\u91d1\u304c\u542b\u307e\u308c\u3066\u3044\u307e\u3059\u3001,<\/li><li>\u652f\u6255\u3044\u3001\u914d\u9001\u3001\u30b5\u30fc\u30d3\u30b9\u306e\u6761\u4ef6,<\/li><li>\u6cd5\u5f8b\u3067\u5b9a\u3081\u3089\u308c\u3066\u3044\u308b\u5834\u5408\u306f\u53d6\u6d88\u6a29\u3001\u65c5\u884c\u30b5\u30fc\u30d3\u30b9\u3084\u30ac\u30a4\u30c9\u30c4\u30a2\u30fc\u306e\u53d6\u6d88\u6761\u4ef6\u306b\u95a2\u3059\u308b\u60c5\u5831\u3001,<\/li><li>\u7279\u306b\u6cd5\u4eba\u306e\u304a\u5ba2\u69d8\u306b\u3064\u3044\u3066\u306f\u3001\u9069\u7528\u3055\u308c\u308b\u6cd5\u5236\u5ea6\u304a\u3088\u3073\u7ba1\u8f44\u5730\u306b\u95a2\u3059\u308b\u60c5\u5831<\/li><\/ul><p><u>\u00a0\u7ba1\u8f44\u306e\u5e02\u5834\u76e3\u8996\u5f53\u5c40<\/u><\/p><p>\u9023\u90a6\u30a2\u30af\u30bb\u30b7\u30d3\u30ea\u30c6\u30a3\u5e02\u5834\u76e3\u8996\u30bb\u30f3\u30bf\u30fc\uff08MLBF A\u00f6R\uff09<br \/>\u30ab\u30fc\u30eb\u30fb\u30df\u30e9\u30fc\u901a\u308a6<br \/>39112 \u30de\u30af\u30c7\u30d6\u30eb\u30af<br \/>\u96fb\u8a71\uff1a+49 391 567 6970<br \/>E\u30e1\u30fc\u30eb\u00a0<a href=\"mailto:kontakt@mlbf-barrierefrei.de\">kontakt@mlbf-barrierefrei.de<\/a><\/p><p>\u00a0\u3053\u306e\u5ba3\u8a00\u306e\u6700\u7d42\u66f4\u65b0\u65e524.04.2026<\/p><\/li><\/ol>\t\t\t\t\t\t\t\t<\/div>\n\t\t\t\t<\/div>\n\t\t\t\t\t<\/div>\n\t\t\t\t<\/div>\n\t\t\t\t<\/div>","protected":false},"excerpt":{"rendered":"<p>Erkl\u00e4rung zur Barrierefreiheit Information zum Anbieter Hannover Marketing und Tourismus GmbH (HMTG) Vahrenwalder Str. 7 30165 Hannover Telefon: +49 511 12345-0 E-Mail: info@hannover-tourismus.de Allgemeine Beschreibung der Dienstleistung\u00a0 Die Websiten\u00a0www.hannover-living.de \/ http:\/\/www.hannover-tourismus.de \/ Onlinshops unter welcome.visit-hannover.com sind das zentrale touristische Online-Angebot der HMTG f\u00fcr den Raum Hannover. \u00dcber diese Webseiten k\u00f6nnen Verbraucher insbesondere: Waren (Souvenirs)\u00a0im Souvenir-Onlineshop bestellen (Vertragspartnerin: HMTG),\u00a0 Pauschalreisen online buchen\u00a0(HMTG als Reiseveranstalterin); Einzel- und Gruppenf\u00fchrungen\u00a0online buchen (HMTG als Anbieterin) sowie\u00a0 Unterk\u00fcnfte\u00a0in Hannover und der Region \u00fcber die durch HMTG betriebene Zimmervermittlung anfragen und buchen (HMTG als Vermittlerin von Vertr\u00e4gen mit Beherbergungsbetrieben Daneben werden umfangreiche Informationen zu Sehensw\u00fcrdigkeiten, Veranstaltungen und touristischen Angeboten in der Region Hannover bereitgestellt. Erl\u00e4uterungen zur Durchf\u00fchrung [&hellip;]<\/p>\n","protected":false},"author":1,"featured_media":0,"parent":0,"menu_order":0,"comment_status":"closed","ping_status":"closed","template":"","meta":{"footnotes":""},"class_list":["post-40275","page","type-page","status-publish","hentry"],"_links":{"self":[{"href":"https:\/\/hannover-living.de\/ja\/wp-json\/wp\/v2\/pages\/40275","targetHints":{"allow":["GET"]}}],"collection":[{"href":"https:\/\/hannover-living.de\/ja\/wp-json\/wp\/v2\/pages"}],"about":[{"href":"https:\/\/hannover-living.de\/ja\/wp-json\/wp\/v2\/types\/page"}],"author":[{"embeddable":true,"href":"https:\/\/hannover-living.de\/ja\/wp-json\/wp\/v2\/users\/1"}],"replies":[{"embeddable":true,"href":"https:\/\/hannover-living.de\/ja\/wp-json\/wp\/v2\/comments?post=40275"}],"version-history":[{"count":10,"href":"https:\/\/hannover-living.de\/ja\/wp-json\/wp\/v2\/pages\/40275\/revisions"}],"predecessor-version":[{"id":44646,"href":"https:\/\/hannover-living.de\/ja\/wp-json\/wp\/v2\/pages\/40275\/revisions\/44646"}],"wp:attachment":[{"href":"https:\/\/hannover-living.de\/ja\/wp-json\/wp\/v2\/media?parent=40275"}],"curies":[{"name":"wp","href":"https:\/\/api.w.org\/{rel}","templated":true}]}}