{"id":566,"date":"2016-03-03T20:40:56","date_gmt":"2016-03-03T19:40:56","guid":{"rendered":"http:\/\/web53.s259.goserver.host\/?page_id=566"},"modified":"2026-01-13T13:19:33","modified_gmt":"2026-01-13T11:19:33","slug":"%e3%82%a4%e3%83%b3%e3%83%97%e3%83%aa%e3%83%b3%e3%83%88","status":"publish","type":"page","link":"https:\/\/hannover-living.de\/ja\/%e3%82%a4%e3%83%b3%e3%83%97%e3%83%aa%e3%83%b3%e3%83%88\/","title":{"rendered":"\u30a4\u30f3\u30d7\u30ea\u30f3\u30c8"},"content":{"rendered":"<div class=\"fl-col-group fl-node-5c5add02ac5bd\" data-node=\"5c5add02ac5bd\">\n<div class=\"fl-col fl-node-5c5add02ac5be\" data-node=\"5c5add02ac5be\">\n<div class=\"fl-col-content fl-node-content\">\n<div class=\"fl-module fl-module-heading fl-node-5c5add02ac5c1\" data-node=\"5c5add02ac5c1\">\n<div class=\"fl-module-content fl-node-content\">\n<h1 class=\"fl-heading\"><span class=\"fl-heading-text\">\u30a4\u30f3\u30d7\u30ea\u30f3\u30c8<\/span><\/h1>\n<\/div>\n<\/div>\n<\/div>\n<\/div>\n<\/div>\n<div class=\"fl-col-group fl-node-5c5add02ac5c5\" data-node=\"5c5add02ac5c5\">\n<div class=\"fl-col fl-node-5c5add02ac5c6\" data-node=\"5c5add02ac5c6\">\n<div class=\"fl-col-content fl-node-content\">\n<div class=\"fl-module fl-module-rich-text fl-node-5c5add02ac5bc\" data-node=\"5c5add02ac5bc\">\n<div class=\"fl-module-content fl-node-content\">\n<div class=\"fl-rich-text\">\n<h3>DDG\u7b2c5\u6761\u306b\u57fa\u3065\u304f\u60c5\u5831<\/h3>\n<\/div>\n<\/div>\n<\/div>\n<\/div>\n<\/div>\n<\/div>\n<p>\u30cf\u30ce\u30fc\u30d0\u30fc\u30fb\u30de\u30fc\u30b1\u30c6\u30a3\u30f3\u30b0\uff06\u30c4\u30fc\u30ea\u30ba\u30e0\u793e<br \/>\n\u30de\u30cd\u30fc\u30b8\u30f3\u30b0\u30fb\u30c7\u30a3\u30ec\u30af\u30bf\u30fc\uff1a<br \/>\n\u30af\u30ea\u30b9\u30c1\u30e3\u30f3\u30fb\u30ab\u30c3\u30c4<br \/>\n\u30f4\u30a1\u30fc\u30ec\u30f3\u30f4\u30a1\u30eb\u30c0\u30fc\u901a\u308a7<br \/>\n30165\u30cf\u30ce\u30fc\u30d0\u30fc<br \/>\nE\u30e1\u30fc\u30eb\u00a0<a id=\"cryptemail_50a25944b67ac\" title=\"info@hannover-tourismus.de\" href=\"mailto:info@hannover-tourismus.de\">info@hannover-tourismus.de<\/a><br \/>\n\u96fb\u8a71\uff1a+49 511 12349-00<br \/>\n\u30d5\u30a1\u30c3\u30af\u30b9: +49 511 123490-10<\/p>\n<p class=\"emark\"><strong>\u9023\u7d61\u5148<\/strong><br \/>\n\u30c9\u30ea\u30fc\u30f3\u30fb\u30b7\u30e5\u30df\u30c3\u30c8\u30d2\u30a7\u30f3<br \/>\n\u96fb\u8a71\uff1a+49 511 168 349-31<br \/>\n\u30d5\u30a1\u30c3\u30af\u30b9: +49 511 123490-10<br \/>\nE\u30e1\u30fc\u30eb\uff1aschmidtchen@hannover-marketing.de<\/p>\n<p>\u5546\u696d\u767b\u8a18\uff1a\u30bb\u30af\u30b7\u30e7\u30f3B No.59223<br \/>\n\u767b\u9332\u88c1\u5224\u6240\uff1a\u30cf\u30ce\u30fc\u30d0\u30fc<\/p>\n<p><strong>\u6d88\u8cbb\u7a0eID<\/strong><br \/>\n\u6d88\u8cbb\u7a0e\u6cd5\u7b2c27\u6761\u306b\u57fa\u3065\u304f\u6d88\u8cbb\u7a0e\u8b58\u5225\u756a\u53f7\uff1a<br \/>\nDE211133985<\/p>\n<p><strong>EU\u306e\u7d1b\u4e89\u89e3\u6c7a<br \/>\n<\/strong>\u6b27\u5dde\u59d4\u54e1\u4f1a\u306f\u30aa\u30f3\u30e9\u30a4\u30f3\u7d1b\u4e89\u89e3\u6c7a\u30d7\u30e9\u30c3\u30c8\u30d5\u30a9\u30fc\u30e0\uff08OS\uff09\u3092\u63d0\u4f9b\u3057\u3066\u3044\u308b\uff1a\u00a0<a href=\"https:\/\/ec.europa.eu\/consumers\/odr\" target=\"_blank\" rel=\"noopener noreferrer\">https:\/\/ec.europa.eu\/consumers\/odr<\/a>.<br \/>\n\u5f53\u793e\u306eE\u30e1\u30fc\u30eb\u30a2\u30c9\u30ec\u30b9\u306f\u3001\u4e0a\u8a18\u306e\u6cd5\u7684\u901a\u77e5\u306b\u8a18\u8f09\u3055\u308c\u3066\u3044\u307e\u3059\u3002<\/p>\n<p><strong>\u30b3\u30f3\u30c6\u30f3\u30c4\u306b\u5bfe\u3059\u308b\u8cac\u4efb<br \/>\n<\/strong>\u30b5\u30fc\u30d3\u30b9\u30d7\u30ed\u30d0\u30a4\u30c0\u30fc\u3067\u3042\u308b\u5f53\u793e\u306f\u3001DDG\u7b2c7\u6761(1)\u304a\u3088\u3073\u4e00\u822c\u7684\u306a\u6cd5\u4ee4\u306b\u5f93\u3044\u3001\u672c\u30da\u30fc\u30b8\u4e0a\u306e\u5f53\u793e\u81ea\u8eab\u306e\u30b3\u30f3\u30c6\u30f3\u30c4\u306b\u8cac\u4efb\u3092\u8ca0\u3044\u307e\u3059\u3002\u305f\u3060\u3057\u3001DDG\u7b2c8\u6761\u304b\u3089\u7b2c10\u6761\u306b\u57fa\u3065\u304d\u3001\u30b5\u30fc\u30d3\u30b9\u30d7\u30ed\u30d0\u30a4\u30c0\u30fc\u3068\u3057\u3066\u3001\u9001\u4fe1\u307e\u305f\u306f\u4fdd\u5b58\u3055\u308c\u305f\u7b2c\u4e09\u8005\u306e\u60c5\u5831\u3092\u76e3\u8996\u3057\u305f\u308a\u3001\u9055\u6cd5\u884c\u70ba\u3092\u793a\u3059\u72b6\u6cc1\u3092\u8abf\u67fb\u3057\u305f\u308a\u3059\u308b\u7fa9\u52d9\u306f\u3042\u308a\u307e\u305b\u3093\u3002<\/p>\n<p>\u4e00\u822c\u7684\u306a\u6cd5\u5f8b\u306b\u5f93\u3063\u3066\u60c5\u5831\u306e\u524a\u9664\u3084\u5229\u7528\u3092\u963b\u6b62\u3059\u308b\u7fa9\u52d9\u306f\u3001\u3053\u306e\u5f71\u97ff\u3092\u53d7\u3051\u307e\u305b\u3093\u3002\u305f\u3060\u3057\u3001\u3053\u306e\u70b9\u306b\u95a2\u3059\u308b\u8cac\u4efb\u306f\u3001\u5f53\u793e\u304c\u7279\u5b9a\u306e\u4fb5\u5bb3\u3092\u8a8d\u8b58\u3057\u305f\u6642\u70b9\u304b\u3089\u767a\u751f\u3057\u307e\u3059\u3002\u5f53\u793e\u304c\u304b\u304b\u308b\u4fb5\u5bb3\u306b\u6c17\u3065\u304d\u6b21\u7b2c\u3001\u5f53\u793e\u306f\u76f4\u3061\u306b\u5f53\u8a72\u30b3\u30f3\u30c6\u30f3\u30c4\u3092\u524a\u9664\u3057\u307e\u3059\u3002<\/p>\n<p><strong>\u30ea\u30f3\u30af\u306b\u95a2\u3059\u308b\u8cac\u4efb<br \/>\n<\/strong>\u5f53\u793e\u306e\u30a6\u30a7\u30d6\u30b5\u30a4\u30c8\u306b\u306f\u3001\u5f53\u793e\u304c\u5f71\u97ff\u529b\u3092\u6301\u305f\u306a\u3044\u5916\u90e8\u306e\u7b2c\u4e09\u8005\u306e\u30a6\u30a7\u30d6\u30b5\u30a4\u30c8\u3078\u306e\u30ea\u30f3\u30af\u304c\u542b\u307e\u308c\u3066\u3044\u307e\u3059\u3002\u5f93\u3063\u3066\u3001\u5f0a\u793e\u306f\u3053\u306e\u3088\u3046\u306a\u7b2c\u4e09\u8005\u306e\u30b3\u30f3\u30c6\u30f3\u30c4\u306b\u3064\u3044\u3066\u3044\u304b\u306a\u308b\u8cac\u4efb\u3082\u8ca0\u3044\u307e\u305b\u3093\u3002\u30ea\u30f3\u30af\u3055\u308c\u305f\u30da\u30fc\u30b8\u306e\u5185\u5bb9\u306b\u3064\u3044\u3066\u306f\u3001\u5404\u30da\u30fc\u30b8\u306e\u63d0\u4f9b\u8005\u307e\u305f\u306f\u904b\u55b6\u8005\u304c\u5e38\u306b\u8cac\u4efb\u3092\u8ca0\u3044\u307e\u3059\u3002\u30ea\u30f3\u30af\u3055\u308c\u305f\u30da\u30fc\u30b8\u306f\u3001\u30ea\u30f3\u30af\u6642\u306b\u6cd5\u7684\u9055\u53cd\u306e\u53ef\u80fd\u6027\u304c\u306a\u3044\u304b\u30c1\u30a7\u30c3\u30af\u3055\u308c\u3066\u3044\u307e\u3059\u3002\u30ea\u30f3\u30af\u6642\u306b\u9055\u6cd5\u306a\u30b3\u30f3\u30c6\u30f3\u30c4\u306f\u78ba\u8a8d\u3067\u304d\u307e\u305b\u3093\u3067\u3057\u305f\u3002<\/p>\n<p>\u3057\u304b\u3057\u306a\u304c\u3089\u3001\u30ea\u30f3\u30af\u5148\u306e\u30da\u30fc\u30b8\u306e\u5185\u5bb9\u3092\u5e38\u6642\u76e3\u8996\u3059\u308b\u3053\u3068\u306f\u3001\u4fb5\u5bb3\u306e\u5177\u4f53\u7684\u306a\u8a3c\u62e0\u304c\u306a\u3044\u9650\u308a\u5408\u7406\u7684\u3067\u306f\u3042\u308a\u307e\u305b\u3093\u3002\u5f0a\u793e\u304c\u4f55\u3089\u304b\u306e\u6cd5\u7684\u4fb5\u5bb3\u3092\u8a8d\u8b58\u3057\u305f\u5834\u5408\u3001\u305d\u306e\u3088\u3046\u306a\u30ea\u30f3\u30af\u306f\u76f4\u3061\u306b\u524a\u9664\u3057\u307e\u3059\u3002<\/p>\n<p><strong>\u8457\u4f5c\u6a29<br \/>\n<\/strong>\u672c\u30da\u30fc\u30b8\u306e\u30b3\u30f3\u30c6\u30f3\u30c4\u304a\u3088\u3073\u30b5\u30a4\u30c8\u904b\u55b6\u8005\u304c\u4f5c\u6210\u3057\u305f\u8457\u4f5c\u7269\u306f\u3001\u30c9\u30a4\u30c4\u306e\u8457\u4f5c\u6a29\u6cd5\u306b\u5f93\u3044\u307e\u3059\u3002\u8907\u88fd\u3001\u52a0\u5de5\u3001\u9812\u5e03\u3001\u305d\u306e\u4ed6\u8457\u4f5c\u6a29\u6cd5\u306e\u7bc4\u56f2\u5916\u306e\u5229\u7528\u306b\u306f\u3001\u305d\u308c\u305e\u308c\u306e\u8457\u4f5c\u8005\u307e\u305f\u306f\u4f5c\u6210\u8005\u306e\u66f8\u9762\u306b\u3088\u308b\u540c\u610f\u304c\u5fc5\u8981\u3067\u3059\u3002\u672c\u30b5\u30a4\u30c8\u306e\u30c0\u30a6\u30f3\u30ed\u30fc\u30c9\u304a\u3088\u3073\u8907\u88fd\u306f\u3001\u79c1\u7684\u304b\u3064\u975e\u5546\u696d\u7684\u306a\u4f7f\u7528\u306b\u9650\u308a\u8a31\u53ef\u3055\u308c\u307e\u3059\u3002<\/p>\n<p>\u672c\u30b5\u30a4\u30c8\u306e\u30b3\u30f3\u30c6\u30f3\u30c4\u304c\u904b\u55b6\u8005\u306b\u3088\u3063\u3066\u4f5c\u6210\u3055\u308c\u305f\u3082\u306e\u3067\u306a\u3044\u9650\u308a\u3001\u7b2c\u4e09\u8005\u306e\u8457\u4f5c\u6a29\u306f\u5c0a\u91cd\u3055\u308c\u307e\u3059\u3002\u7279\u306b\u3001\u7b2c\u4e09\u8005\u306e\u30b3\u30f3\u30c6\u30f3\u30c4\u306b\u306f\u305d\u306e\u65e8\u304c\u8868\u793a\u3055\u308c\u3066\u3044\u307e\u3059\u3002\u305d\u308c\u306b\u3082\u304b\u304b\u308f\u3089\u305a\u3001\u8457\u4f5c\u6a29\u4fb5\u5bb3\u306b\u304a\u6c17\u3065\u304d\u306e\u5834\u5408\u306f\u3001\u305d\u306e\u65e8\u3054\u9023\u7d61\u304f\u3060\u3055\u3044\u3002\u4fb5\u5bb3\u306b\u6c17\u3065\u3044\u305f\u5834\u5408\u3001\u76f4\u3061\u306b\u305d\u306e\u3088\u3046\u306a\u30b3\u30f3\u30c6\u30f3\u30c4\u3092\u524a\u9664\u3057\u307e\u3059\u3002<\/p>\n<p>\u30cf\u30ce\u30fc\u30d0\u30fc\u30fb\u30de\u30fc\u30b1\u30c6\u30a3\u30f3\u30b0\u30fb\u30a2\u30f3\u30c9\u30fb\u30c4\u30fc\u30ea\u30ba\u30e0\u793e\uff08Hannover Marketing &amp; Tourismus GmbH\uff09\u306e\u30a6\u30a7\u30d6\u30b5\u30a4\u30c8\u306b\u63b2\u8f09\u3055\u308c\u3066\u3044\u308b\u60c5\u5831\u306f\u3001\u5e38\u6642\u76e3\u8996\u3055\u308c\u3001\u7d99\u7d9a\u7684\u306b\u66f4\u65b0\u3055\u308c\u3066\u3044\u307e\u3059\u3002\u305d\u308c\u306b\u3082\u304b\u304b\u308f\u3089\u305a\u3001\u5165\u5ff5\u306a\u30c1\u30a7\u30c3\u30af\u306b\u3082\u304b\u304b\u308f\u3089\u305a\u3001\u305d\u306e\u9593\u306b\u30c7\u30fc\u30bf\u304c\u5909\u66f4\u3055\u308c\u3066\u3044\u308b\u53ef\u80fd\u6027\u304c\u3042\u308a\u307e\u3059\u3002\u3053\u306e\u305f\u3081\u3001\u30cf\u30ce\u30fc\u30d0\u30fc\u30fb\u30de\u30fc\u30b1\u30c6\u30a3\u30f3\u30b0\u30fb\u30a2\u30f3\u30c9\u30fb\u30c4\u30fc\u30ea\u30ba\u30e0\u793e\u306f\u3001\u3053\u308c\u3089\u306e\u30da\u30fc\u30b8\u3067\u63d0\u4f9b\u3055\u308c\u308b\u60c5\u5831\u306e\u6b63\u78ba\u6027\u3001\u5b8c\u5168\u6027\u3001\u6642\u4e8b\u6027\u306b\u95a2\u3057\u3066\u3001\u3044\u304b\u306a\u308b\u8cac\u4efb\u3082\u4fdd\u8a3c\u3082\u8ca0\u3044\u307e\u305b\u3093\u3002\u3053\u308c\u306f\u3001\u5f53\u30a6\u30a7\u30d6\u30b5\u30a4\u30c8\u306e\u30cf\u30a4\u30d1\u30fc\u30ea\u30f3\u30af\u306b\u3088\u3063\u3066\u53c2\u7167\u3055\u308c\u308b\u3059\u3079\u3066\u306e\u30a6\u30a7\u30d6\u30b5\u30a4\u30c8\u306b\u3082\u9069\u7528\u3055\u308c\u307e\u3059\u3002\u30cf\u30ce\u30fc\u30d0\u30fc \u30de\u30fc\u30b1\u30c6\u30a3\u30f3\u30b0\uff06\u30c4\u30fc\u30ea\u30ba\u30e0\u793e\u306f\u3001\u3053\u308c\u3089\u306e\u30b5\u30a4\u30c8\u306e\u5185\u5bb9\u306b\u95a2\u3057\u3066\u8cac\u4efb\u3092\u8ca0\u3044\u307e\u305b\u3093\u3002<\/p>","protected":false},"excerpt":{"rendered":"<p>Impressum Angaben gem\u00e4\u00df \u00a7 5 DDG Hannover Marketing und Tourismus GmbH Gesch\u00e4ftsf\u00fchrer: Christian Katz Vahrenwalder Stra\u00dfe 7 30165 Hannover E-Mail:\u00a0info@hannover-tourismus.de Tel.: +49 511 12349-00 Fax: +49 511 123490-10 Kontakt: Doreen Schmidtchen Tel.: +49 511 168 349-31 Fax: +49 511 123490-10 E-Mail: schmidtchen@hannover-marketing.de Handelsregister: Abt. B Nr. 59223 Registergericht: Hannover Umsatzsteuer-ID Umsatzsteuer-Identifikationsnummer gem\u00e4\u00df \u00a7 27 a Umsatzsteuergesetz: DE211133985 EU-Streitschlichtung Die Europ\u00e4ische Kommission stellt eine Plattform zur Online-Streitbeilegung (OS) bereit:\u00a0https:\/\/ec.europa.eu\/consumers\/odr. Unsere E-Mail-Adresse finden Sie oben im Impressum. Haftung f\u00fcr Inhalte Als Diensteanbieter sind wir gem\u00e4\u00df \u00a7 7 Abs.1 DDG f\u00fcr eigene Inhalte auf diesen Seiten nach den allgemeinen Gesetzen verantwortlich. Nach \u00a7\u00a7 8 bis 10 DDG sind wir als Diensteanbieter jedoch nicht [&hellip;]<\/p>\n","protected":false},"author":3,"featured_media":0,"parent":0,"menu_order":3,"comment_status":"closed","ping_status":"closed","template":"","meta":{"footnotes":""},"class_list":["post-566","page","type-page","status-publish","hentry"],"_links":{"self":[{"href":"https:\/\/hannover-living.de\/ja\/wp-json\/wp\/v2\/pages\/566","targetHints":{"allow":["GET"]}}],"collection":[{"href":"https:\/\/hannover-living.de\/ja\/wp-json\/wp\/v2\/pages"}],"about":[{"href":"https:\/\/hannover-living.de\/ja\/wp-json\/wp\/v2\/types\/page"}],"author":[{"embeddable":true,"href":"https:\/\/hannover-living.de\/ja\/wp-json\/wp\/v2\/users\/3"}],"replies":[{"embeddable":true,"href":"https:\/\/hannover-living.de\/ja\/wp-json\/wp\/v2\/comments?post=566"}],"version-history":[{"count":2,"href":"https:\/\/hannover-living.de\/ja\/wp-json\/wp\/v2\/pages\/566\/revisions"}],"predecessor-version":[{"id":44329,"href":"https:\/\/hannover-living.de\/ja\/wp-json\/wp\/v2\/pages\/566\/revisions\/44329"}],"wp:attachment":[{"href":"https:\/\/hannover-living.de\/ja\/wp-json\/wp\/v2\/media?parent=566"}],"curies":[{"name":"wp","href":"https:\/\/api.w.org\/{rel}","templated":true}]}}