{"id":40275,"date":"2025-06-23T15:58:49","date_gmt":"2025-06-23T13:58:49","guid":{"rendered":"https:\/\/hannover-living.de\/?page_id=40275"},"modified":"2026-04-27T15:44:13","modified_gmt":"2026-04-27T13:44:13","slug":"%ec%a0%91%ea%b7%bc%ec%84%b1-%ec%84%a0%ec%96%b8","status":"publish","type":"page","link":"https:\/\/hannover-living.de\/ko\/erklaerung-zur-barrierefreiheit\/","title":{"rendered":"\uc811\uadfc\uc131\uc5d0 \ub300\ud55c \uc120\uc5b8"},"content":{"rendered":"<div data-elementor-type=\"wp-page\" data-elementor-id=\"40275\" class=\"elementor elementor-40275\" data-elementor-post-type=\"page\">\n\t\t\t\t<div class=\"elementor-element elementor-element-ebdc5d0 e-flex e-con-boxed e-con e-parent\" data-id=\"ebdc5d0\" data-element_type=\"container\" data-e-type=\"container\">\n\t\t\t\t\t<div class=\"e-con-inner\">\n\t\t\t\t<div class=\"elementor-element elementor-element-da82371 elementor-widget elementor-widget-heading\" data-id=\"da82371\" data-element_type=\"widget\" data-e-type=\"widget\" data-widget_type=\"heading.default\">\n\t\t\t\t<div class=\"elementor-widget-container\">\n\t\t\t\t\t<h1 class=\"elementor-heading-title elementor-size-default\">\uc811\uadfc\uc131\uc5d0 \ub300\ud55c \uc120\uc5b8<\/h1>\t\t\t\t<\/div>\n\t\t\t\t<\/div>\n\t\t\t\t<div class=\"elementor-element elementor-element-d82c378 elementor-widget elementor-widget-text-editor\" data-id=\"d82c378\" data-element_type=\"widget\" data-e-type=\"widget\" data-widget_type=\"text-editor.default\">\n\t\t\t\t<div class=\"elementor-widget-container\">\n\t\t\t\t\t\t\t\t\t<ol><li><p><u>\uc81c\uacf5\uc5c5\uccb4\uc5d0 \ub300\ud55c \uc815\ubcf4<\/u><\/p><p>\ud558\ub178\ubc84 \ub9c8\ucf00\ud305 \ubc0f \uad00\uad11\uccad(HMTG)<\/p><p>\ubc14\ub80c\ubc1c\ub354 7\ubc88\uc9c0<\/p><p>30165 \ud558\ub178\ubc84<\/p><p>\uc804\ud654: +49 511 12345-0<\/p><p>\uc774\uba54\uc77c: info@hannover-tourismus.de<\/p><p><u>\uc11c\ube44\uc2a4\uc5d0 \ub300\ud55c \uc77c\ubc18\uc801\uc778 \uc124\uba85\u00a0<\/u><\/p><p>\uc6f9\uc0ac\uc774\ud2b8 www.hannover-living.de \/ http:\/\/www.hannover-tourismus.de \/ welcome.visit-hannover.com\uc758 \uc628\ub77c\uc778 \uc0f5\uc740 \ud558\ub178\ubc84 \uc9c0\uc5ed\uc744 \uc704\ud55c HMTG\uc758 \uc911\uc559 \uc628\ub77c\uc778 \uad00\uad11 \uc0c1\ud488\uc785\ub2c8\ub2e4. \uc18c\ube44\uc790\ub294 \uc774 \uc6f9\uc0ac\uc774\ud2b8\ub97c \ud1b5\ud574 \ub2e4\uc74c\uc744 \uc218\ud589\ud560 \uc218 \uc788\uc2b5\ub2c8\ub2e4.<\/p><ul><li>\uae30\ub150\ud488 \uc628\ub77c\uc778 \uc0c1\uc810(\uacc4\uc57d \ud30c\ud2b8\ub108: HMTG)\uc5d0\uc11c \uc0c1\ud488(\uae30\ub150\ud488)\uc744 \uc8fc\ubb38\ud558\uc138\uc694,\u00a0<\/li><li>\uc628\ub77c\uc778\uc73c\ub85c \ud328\ud0a4\uc9c0 \ud734\uac00\ub97c \uc608\uc57d\ud558\uc138\uc694(\uc5ec\ud589\uc0ac: HMTG);<\/li><li>\uac1c\uc778 \ubc0f \uadf8\ub8f9 \ud22c\uc5b4\ub97c \uc628\ub77c\uc778\uc73c\ub85c \uc608\uc57d(\uc81c\uacf5\uc5c5\uccb4: HMTG) \ubc0f\u00a0<\/li><li>HMTG\uac00 \uc6b4\uc601\ud558\ub294 \uc219\ubc15 \uc11c\ube44\uc2a4\ub97c \ud1b5\ud574 \ud558\ub178\ubc84 \ubc0f \uc9c0\uc5ed \ub0b4 \uc219\ubc15 \uc2dc\uc124\uc5d0 \ub300\ud55c \ubb38\uc758 \ubc0f \uc608\uc57d(\uc219\ubc15 \uc81c\uacf5\uc5c5\uccb4\uc640\uc758 \uacc4\uc57d\uc744 \ub300\ud589\ud558\ub294 HMTG)<\/li><\/ul><p>\ub610\ud55c \ud558\ub178\ubc84 \uc9c0\uc5ed\uc758 \uba85\uc18c, \uc774\ubca4\ud2b8 \ubc0f \uad00\uad11 \uba85\uc18c\uc5d0 \ub300\ud55c \uad11\ubc94\uc704\ud55c \uc815\ubcf4\ub97c \uc81c\uacf5\ud569\ub2c8\ub2e4.<\/p><p><u>\uc11c\ube44\uc2a4 \uad6c\ud604\uc5d0 \ub300\ud55c \uc124\uba85<\/u><\/p><p>\uc811\uadfc \uac00\ub2a5\ud55c \uc628\ub77c\uc778 \uc11c\ube44\uc2a4\ub97c \uc0ac\uc6a9\ud558\uae30 \uc704\ud55c \uc8fc\uc694 \ub2e8\uacc4\ub294 \ub2e4\uc74c\uacfc \uac19\uc2b5\ub2c8\ub2e4:<\/p><p><u>\uc624\ud37c \uc120\ud0dd<\/u><\/p><p>\uc0ac\uc6a9\uc790\ub294 \ud0d0\uc0c9 \ub610\ub294 \uac80\uc0c9 \uae30\ub2a5\uc744 \uc0ac\uc6a9\ud558\uc5ec \uc6d0\ud558\ub294 \uc9c0\uc5ed(\uc608: \u201e\ud638\ud154, \ud734\uac00\uc6a9 \uc8fc\ud0dd, \ubbfc\ubc15 \ubc0f \uccb4\ud5d8 \ud328\ud0a4\uc9c0\u201c, \u201e\ud2f0\ucf13 \ubc0f \ud22c\uc5b4\u201c, \u201e\ubb38\ud654 \ubc0f \uba85\uc18c\u201c, \u201e\uc628\ub77c\uc778 \uc0c1\uc810 \ud558\ub178\ubc84\u201c)\uc744 \uc120\ud0dd\ud569\ub2c8\ub2e4. \uc0ac\uc6a9 \uac00\ub2a5\ud55c \uc0c1\ud488\uacfc \uc11c\ube44\uc2a4\uac00 \uc124\uba85, \uac00\uaca9 \ubc0f \uae30\ud0c0 \uc870\uac74\uacfc \ud568\uaed8 \ud45c\uc2dc\ub429\ub2c8\ub2e4.<\/p><p><u>\uc0c1\uc138 \ubcf4\uae30 \ubc0f \uc624\ud37c \uc815\ubcf4<\/u><\/p><p>\uc0c1\uc138 \ud398\uc774\uc9c0\uc5d0\uc11c\ub294 \uc0ac\uc6a9\uc790\uc5d0\uac8c \ucd94\uac00 \uc815\ubcf4(\uc608: \uc11c\ube44\uc2a4 \ubc94\uc704, \uc5ec\ud589 \ub0a0\uc9dc, \uac00\uc774\ub4dc \ud22c\uc5b4\uc758 \ubbf8\ud305 \ud3ec\uc778\ud2b8, \uac1d\uc2e4 \uce74\ud14c\uace0\ub9ac)\ub97c \uc81c\uacf5\ud569\ub2c8\ub2e4. \uc774 \uc815\ubcf4\ub294 \uacc4\uc57d \uccb4\uacb0 \ubc0f \uc5ec\ud589 \uacc4\ud68d\uc5d0 \ud544\uc694\ud569\ub2c8\ub2e4.<\/p><p><u>\uc8fc\ubb38 \ubc0f \uc608\uc57d \ud504\ub85c\uc138\uc2a4<\/u><\/p><p>\uae30\ub150\ud488 \uc628\ub77c\uc778 \uc0c1\uc810\uc5d0\uc11c\ub294 \uc6d0\ud558\ub294 \uc0c1\ud488\uc744 \uc120\ud0dd\ud558\uace0 \ud574\ub2f9 \ubc84\ud2bc\uc744 \ub20c\ub7ec \uc7a5\ubc14\uad6c\ub2c8\uc5d0 \uc0c1\ud488\uc744 \ub2f4\uc744 \uc218 \uc788\uc73c\uba70, \uc774\ud6c4 \uacb0\uc81c \uacfc\uc815\uc5d0\uc11c \uc8fc\uc18c\uc640 \uacb0\uc81c \uc138\ubd80 \uc815\ubcf4\ub97c \uc785\ub825\ud558\uace0 \ubc14\uc778\ub529 \uc8fc\ubb38\uc744 \ud560 \uc218 \uc788\uc2b5\ub2c8\ub2e4.<\/p><p>\ud328\ud0a4\uc9c0 \ud734\uac00 \ubc0f \uac00\uc774\ub4dc \ud22c\uc5b4\uc758 \uacbd\uc6b0 \uc5ec\ud589 \ub0a0\uc9dc \ub610\ub294 \ub0a0\uc9dc\ub97c \uc120\ud0dd\ud558\uace0 \uac1c\uc778 \ub370\uc774\ud130\ub97c \uc785\ub825\ud55c \ud6c4 \uc608\uc57d \uc808\ucc28\ub97c \ud655\uc778\ud568\uc73c\ub85c\uc368 \uace0\uac1d\uc740 \uc5ec\ud589 \ub610\ub294 \uc11c\ube44\uc2a4 \uacc4\uc57d\uc744 \uccb4\uacb0\ud558\uae30 \uc704\ud55c \uad6c\uc18d\ub825 \uc788\ub294 \uc81c\uc548\uc744 \uc81c\ucd9c\ud569\ub2c8\ub2e4.<\/p><p>\uc219\ubc15 \uc11c\ube44\uc2a4\uc5d0\uc11c\ub294 \uace0\uac1d\uc774 \uc785\ub825\ud55c \uc815\ubcf4\ub97c \ubc14\ud0d5\uc73c\ub85c \uc801\ud569\ud55c \uc219\uc18c\uac00 \uacb0\uc815\ub418\uace0, HMTG\uac00 \ud574\ub2f9 \ud638\uc2a4\ud2b8\uc640 \uc219\ubc15 \uacc4\uc57d\uc744 \uccb4\uacb0\ud569\ub2c8\ub2e4.<\/p><p><u>\uacc4\uc57d \uccb4\uacb0 \ubc0f \ud655\uc778<\/u><\/p><p>\uacc4\uc57d\uc740 \uac01 GTC\uc5d0 \ub530\ub77c \uccb4\uacb0\ub418\uba70, \uace0\uac1d\uc740 \uacc4\uc57d \ud655\uc778\uc11c\uc640 \uc774\ud589, \uacb0\uc81c \ubc0f \ud574\ub2f9\ub418\ub294 \uacbd\uc6b0 \ucde8\uc18c \uc870\uac74\uc5d0 \ub300\ud55c \ucd94\uac00 \uc815\ubcf4\ub97c \ubc1b\uac8c \ub429\ub2c8\ub2e4.<\/p><p><u>\uace0\uac1d \uc11c\ube44\uc2a4<\/u><\/p><p>\uace0\uac1d\uc774 \uad81\uae08\ud55c \uc810\uc774 \uc788\ub294 \uacbd\uc6b0 \ubc95\uc801 \uace0\uc9c0 \ubc0f GTC\uc5d0 \uc81c\uacf5\ub41c \uc5f0\ub77d\ucc98 \uc815\ubcf4\ub97c \uc0ac\uc6a9\ud558\uc5ec HMTG\uc5d0 \ubb38\uc758\ud560 \uc218 \uc788\uc2b5\ub2c8\ub2e4.<\/p><p><u>\uc811\uadfc\uc131 \uc694\uad6c \uc0ac\ud56d \ucda9\uc871<\/u><\/p><p>\ubc95\uc801 \uc694\uac74\uc740 \uc7a5\uc560\ubb3c \uc5c6\ub294 \uc811\uadfc\uc131 \uac15\ud654\ubc95(BFSG), \ud2b9\ud788 BFSG 14\uc870 \ubc0f \uc7a5\uc560\ubb3c \uc5c6\ub294 \uc811\uadfc\uc131 \uac15\ud654\ubc95 \uc870\ub840\uc758 \uac1c\ubcc4 \uc870\ud56d\uc5d0\uc11c \ube44\ub86f\ub429\ub2c8\ub2e4(BFSGV). \uc774 \uc6f9\uc0ac\uc774\ud2b8\ub294 \u00a7\u00a7 12, 19 BFSGV\uc758 \uc694\uac74\uacfc \u00a7 3\ud56d 2 BFSG\uc758 \uc694\uac74\uc744 \uc900\uc218\ud569\ub2c8\ub2e4. \u00a7 3 (2) BFSG.<\/p><p>\uc139\uc158 4 BFSG\ub294 \uc720\ub7fd \uc5f0\ud569\uc758 \uacf5\uc2dd \uc800\ub110\uc5d0 \ucc38\uc870\uac00 \uac8c\uc7ac\ub41c \uc870\ud654 \ud45c\uc900\uc744 \uc900\uc218\ud558\ub294 \uc11c\ube44\uc2a4\ub294 \ud574\ub2f9 \uc694\uad6c \uc0ac\ud56d\uc774 \uad00\ub828 \uc870\ud654 \ud45c\uc900\uc5d0 \uc801\uc6a9\ub418\ub294 \ud55c BFSGV\uc758 \uc694\uad6c \uc0ac\ud56d\uc744 \ucda9\uc871\ud558\ub294 \uac83\uc73c\ub85c \ucd94\uc815\ud569\ub2c8\ub2e4. \uc774\ub294 \uc720\ub7fd \ud45c\uc900 EN 301 549\uc758 9\ubc88\uc9f8 \uc7a5\uc5d0\uc11c \uc6f9\uc0ac\uc774\ud2b8\uc758 \uc811\uadfc\uc131\uc5d0 \ub300\ud55c \uc694\uad6c \uc0ac\ud56d\uc744 \uc81c\uc2dc\ud558\uace0 \uc6f9 \ucf58\ud150\uce20 \uc811\uadfc\uc131 \uc9c0\uce68(WCAG) \ubc84\uc804 2.1, \uc801\ud569\uc131 \uc218\uc900 AA\uc758 \uc694\uad6c \uc0ac\ud56d\uc744 \ucda9\uc871\ud558\ub294 \uacbd\uc6b0 EN 301 549\uc758 \uc758\ubbf8 \ub0b4\uc5d0\uc11c \uc6f9\uc0ac\uc774\ud2b8\uac00 \uc811\uadfc \uac00\ub2a5\ud558\ub2e4\uace0 \uaddc\uc815\ud558\uace0 \uc788\ub294 \uac83\uacfc \uad00\ub828\ud558\uc5ec \ud574\ub2f9\ub429\ub2c8\ub2e4. \uc800\ud76c\ub294 \uc811\uadfc\uc131 \uc81c\uc791\uc5d0 \ub300\ud55c \ubc95\uc801 \uc694\uac74\uc744 \ub6f0\uc5b4\ub118\uc5b4 WCAG \ubc84\uc804 2.2\ub97c \uc900\uc218 \uc218\uc900 AA\ub85c \uad6c\ud604\ud558\uae30\ub85c \uacb0\uc815\ud588\uc2b5\ub2c8\ub2e4.<\/p><p>\uc774\ub7ec\ud55c \uc774\uc720\ub85c \ubcf8 \uc6f9\uc0ac\uc774\ud2b8\ub294 \u00a7\u00a7 14\uc870 1\ud56d 1, 4 BFSG\uc640 \u00a7 12\uc870 BFSGV\uc5d0 \ub530\ub77c \uc561\uc138\uc2a4\ud560 \uc218 \uc788\uc2b5\ub2c8\ub2e4. \ubcf8 \uc6f9\uc0ac\uc774\ud2b8\ub294 \uc720\ub7fd \ud45c\uc900 EN 301 549\uc758 \uc81c9\uc7a5 \ubc0f \uc6f9 \ucf58\ud150\uce20 \uc811\uadfc\uc131 \uc9c0\uce68(WCAG) \ubc84\uc804 2.2\uc5d0 \ub530\ub77c \uc801\ud569\uc131 \uc218\uc900 AA\uc5d0 \ub530\ub77c \uc811\uadfc \uac00\ub2a5\ud569\ub2c8\ub2e4(\u00a7\u00a7 12 BFSGV).<\/p><p>\uac00\uc7a5 \uc911\uc694\ud55c \uc870\uce58\ub294 \ub2e4\uc74c\uacfc \uac19\uc2b5\ub2c8\ub2e4.<\/p><p><u>\ucf58\ud150\uce20\uc758 \uc778\uc9c0 \uac00\ub2a5\uc131<\/u><br \/>\ud14d\uc2a4\ud2b8, \ucee8\ud2b8\ub864 \uc694\uc18c \ubc0f \uc591\uc2dd\uc740 \ucda9\ubd84\ud55c \uc0c9\uc0c1 \ub300\ube44\uc640 \uc77d\uae30 \uc26c\uc6b4 \uae00\uaf34\ub85c \ub514\uc790\uc778\ub418\uc5c8\uc73c\uba70, \ud544\uc218 \uc815\ubcf4\ub294 \ud14d\uc2a4\ud2b8 \ud615\uc2dd\uc73c\ub85c \uc81c\uacf5\ub418\uba70 \ud654\uba74 \ub9ac\ub354\ub85c \uc0ac\uc6a9\ud560 \uc218 \uc788\uc2b5\ub2c8\ub2e4. \uacc4\uc57d\uc758 \uc774\ud574 \ub610\ub294 \uccb4\uacb0\uacfc \uad00\ub828\ub41c \ube44\ud14d\uc2a4\ud2b8 \ucf58\ud150\uce20\ub294 \ub300\uccb4 \ud14d\uc2a4\ud2b8\uc640 \ud568\uaed8 \uc81c\uacf5\ub429\ub2c8\ub2e4.<\/p><p><u>\uae30\ub2a5\uc758 \uc0ac\uc6a9\uc131<\/u><br \/>\ud398\uc774\uc9c0\uc640 \uc628\ub77c\uc778 \uc591\uc2dd(\uc608\uc57d \ubc0f \uacb0\uc81c \ud504\ub85c\uc138\uc2a4 \ud3ec\ud568)\uc740 \ud0a4\ubcf4\ub4dc\ub85c \uc644\uc804\ud788 \uc561\uc138\uc2a4\ud560 \uc218 \uc788\uc2b5\ub2c8\ub2e4. \ucd08\uc810 \ub9c8\ucee4\uac00 \ud45c\uc2dc\ub418\uace0 \uc77c\uad00\ub41c \ud0d0\uc0c9 \ud328\ud134\uc774 \uc0ac\uc6a9\ub429\ub2c8\ub2e4.<\/p><p><u>\uc774\ud574\uc131<\/u><br \/>\uc81c\ud488 \ubc0f \uc11c\ube44\uc2a4 \uc124\uba85, \uac00\uaca9, \uc911\uc694\ud55c \uacc4\uc57d \uc870\uac74(\uc608: \ucde8\uc18c \ubc0f \uacb0\uc81c \uad00\ub828)\uc740 \uba85\ud655\ud558\uace0 \uc774\ud574\ud558\uae30 \uc26c\uc6b4 \uc5b8\uc5b4\ub85c \uc791\uc131\ub429\ub2c8\ub2e4. \uc785\ub825 \uc624\ub958\ub97c \uc27d\uac8c \uc218\uc815\ud560 \uc218 \uc788\ub3c4\ub85d \uc591\uc2dd\uc758 \uc624\ub958 \uba54\uc2dc\uc9c0\uac00 \uc758\ubbf8 \uc788\uac8c \ud45c\uc2dc\ub429\ub2c8\ub2e4.<\/p><p><u>\uac15\ub825\ud55c \uae30\uc220 \uad6c\ud604<\/u><br \/>\ubcf8 \uc6f9\uc0ac\uc774\ud2b8\ub294 \uc77c\ubc18\uc801\uc778 \ube0c\ub77c\uc6b0\uc800 \ubc0f \ubcf4\uc870 \uae30\uc220(\uc608: \uc2a4\ud06c\ub9b0 \ub9ac\ub354, \uc810\uc790 \ub514\uc2a4\ud50c\ub808\uc774)\uc5d0\uc11c \uc548\uc815\uc801\uc73c\ub85c \uc791\ub3d9\ud558\ub3c4\ub85d \uac1c\ubc1c \ubc0f \uc720\uc9c0 \uad00\ub9ac\ub429\ub2c8\ub2e4.<\/p><p><u>\uc774\ucee4\uba38\uc2a4\uc5d0\uc11c \uc7a5\uc560\ubb3c \uc5c6\ub294 \uac70\ub798 \ud504\ub85c\uc138\uc2a4<\/u><br \/>\uc7a5\ubc14\uad6c\ub2c8\/\uc608\uc57d \ud654\uba74\uc744 \ud1b5\ud55c \uc0c1\ud488 \uc120\ud0dd\ubd80\ud130 \uac1c\uc778 \ub370\uc774\ud130 \uc785\ub825, \uad6c\uc18d\ub825 \uc788\ub294 \uc8fc\ubb38\/\uc608\uc57d\uc5d0 \uc774\ub974\uae30\uae4c\uc9c0 \uacc4\uc57d \uccb4\uacb0\uc744 \uc704\ud55c \ud544\uc218 \ub2e8\uacc4\ub294 \ub17c\ub9ac\uc801\uc73c\ub85c \uad6c\uc870\ud654\ub418\uace0 \uba85\ud655\ud558\uac8c \ub77c\ubca8\uc774 \uc9c0\uc815\ub418\uc5b4 \uc788\uc73c\uba70 \uc7a5\uc560\ubb3c\uc774 \uc5c6\ub3c4\ub85d \uc124\uacc4\ub418\uc5b4 \uc788\uc2b5\ub2c8\ub2e4.\u00a0<\/p><p>\ud2b9\uc815 \uc0c1\ud488(\uc608: \uac00\uc774\ub4dc \ud22c\uc5b4, \uc219\ubc15, \uc774\ubca4\ud2b8 \uc7a5\uc18c)\uc758 \uc811\uadfc\uc131 \uae30\ub2a5\uc5d0 \ub300\ud55c \uc815\ubcf4\uac00 \uac01 \uc11c\ube44\uc2a4 \uc81c\uacf5\uc5c5\uccb4\uc5d0\uc11c \uc81c\uacf5\ud558\ub294 \uacbd\uc6b0, HMTG\ub294 \uc774\ub97c \uc811\uadfc \uac00\ub2a5\ud55c \ud615\ud0dc\ub85c \uc81c\uacf5\ud560 \uac83\uc785\ub2c8\ub2e4.\u201c<\/p><p>\u00a0<\/p><p><u>\ub2e4\uc74c \uae30\uc900\uc5d0 \ub530\ub978 \uc18c\ube44\uc790 \uc815\ubcf4\u00a0<\/u><a href=\"https:\/\/dejure.org\/gesetze\/EGBGB\/246.html\" target=\"_blank\" rel=\"noopener\"><u>\uc81c246\uc870 EGBGB<\/u><\/a><\/p><p>\uc811\uadfc\uc131\uc5d0 \ub300\ud55c \uc774 \uc120\uc5b8\uacfc \ub354\ubd88\uc5b4, HMTG\ub294 \ub610\ud55c\u00a0<a href=\"https:\/\/dejure.org\/gesetze\/EGBGB\/246.html\" target=\"_blank\" rel=\"noopener\">\uc81c246\uc870 EGBGB<\/a>\u00a0\uace0\uac1d\uc740 GTC\uc5d0\uc11c \uc8fc\ubb38 \ub610\ub294 \uc608\uc57d \uacfc\uc815\uc758 \uc77c\ubd80\ub85c \ud544\uc694\ud55c \uc18c\ube44\uc790 \uc815\ubcf4\ub97c \uc81c\uacf5\ubc1b\uc2b5\ub2c8\ub2e4. \uc5ec\uae30\uc5d0\ub294 \ud2b9\ud788 \ub2e4\uc74c\uc774 \ud3ec\ud568\ub429\ub2c8\ub2e4.<\/p><ul><li>\uc8fc\uc18c \ubc0f \ud1b5\uc2e0 \uc218\ub2e8(\uc804\ud654, \uc774\uba54\uc77c)\uc744 \ud3ec\ud568\ud55c HMTG\uc758 \uc2e0\uc6d0 \ubc0f \uc5f0\ub77d\ucc98 \uc815\ubcf4.\u00a0<\/li><li>\uc81c\uacf5\ub418\ub294 \uc0c1\ud488 \ubc0f \uc11c\ube44\uc2a4\uc758 \ud544\uc218 \ud2b9\uc131,<\/li><li>\uac00\uaca9\uc5d0\ub294 \uc138\uae08 \ubc0f \ucd94\uac00 \ube44\uc6a9\uc774 \ud3ec\ud568\ub418\uc5b4 \uc788\uc2b5\ub2c8\ub2e4,<\/li><li>\uacb0\uc81c, \ubc30\uc1a1 \ubc0f \uc11c\ube44\uc2a4 \uc57d\uad00,<\/li><li>\ubc95\ub960\uc5d0 \uaddc\uc815\ub41c \uacbd\uc6b0 \ucde8\uc18c\uad8c \ubc0f \uc5ec\ud589 \uc11c\ube44\uc2a4 \ubc0f \uac00\uc774\ub4dc \ud22c\uc5b4\uc758 \ucde8\uc18c \uc870\uac74\uc5d0 \ub300\ud55c \uc815\ubcf4,<\/li><li>\ud2b9\ud788 \ube44\uc988\ub2c8\uc2a4 \uace0\uac1d\uc744 \uc704\ud55c \ud574\ub2f9 \ubc95\ub960 \uc2dc\uc2a4\ud15c \ubc0f \uad00\ud560 \uc9c0\uc5ed\uc5d0 \ub300\ud55c \uc815\ubcf4<\/li><\/ul><p><u>\u00a0\uad00\ud560 \uc2dc\uc7a5 \uac10\uc2dc \uae30\uad00<\/u><\/p><p>\uc81c\ud488 \ubc0f \uc11c\ube44\uc2a4 \uc811\uadfc\uc131\uc744 \uc704\ud55c \uc5f0\ubc29\uc8fc \uc2dc\uc7a5 \uac10\uc2dc \uc13c\ud130(MLBF A\u00f6R)<br \/>\uce7c-\ubc00\ub7ec-\uc2a4\ud2b8\ub9bf 6<br \/>39112 \ub9c8\uadf8\ub370\ubd80\ub974\ud06c<br \/>\uc804\ud654: +49 391 567 6970<br \/>\uc774\uba54\uc77c:\u00a0<a href=\"mailto:kontakt@mlbf-barrierefrei.de\">kontakt@mlbf-barrierefrei.de<\/a><\/p><p>\u00a0\uc774 \uc120\uc5b8\uc740 \ub9c8\uc9c0\ub9c9\uc73c\ub85c \uc5c5\ub370\uc774\ud2b8\ub41c \ub0a0\uc9dc 24.04.2026<\/p><\/li><\/ol>\t\t\t\t\t\t\t\t<\/div>\n\t\t\t\t<\/div>\n\t\t\t\t\t<\/div>\n\t\t\t\t<\/div>\n\t\t\t\t<\/div>","protected":false},"excerpt":{"rendered":"<p>Erkl\u00e4rung zur Barrierefreiheit Information zum Anbieter Hannover Marketing und Tourismus GmbH (HMTG) Vahrenwalder Str. 7 30165 Hannover Telefon: +49 511 12345-0 E-Mail: info@hannover-tourismus.de Allgemeine Beschreibung der Dienstleistung\u00a0 Die Websiten\u00a0www.hannover-living.de \/ http:\/\/www.hannover-tourismus.de \/ Onlinshops unter welcome.visit-hannover.com sind das zentrale touristische Online-Angebot der HMTG f\u00fcr den Raum Hannover. \u00dcber diese Webseiten k\u00f6nnen Verbraucher insbesondere: Waren (Souvenirs)\u00a0im Souvenir-Onlineshop [&hellip;]<\/p>\n","protected":false},"author":1,"featured_media":0,"parent":0,"menu_order":0,"comment_status":"closed","ping_status":"closed","template":"","meta":{"footnotes":""},"class_list":["post-40275","page","type-page","status-publish","hentry"],"_links":{"self":[{"href":"https:\/\/hannover-living.de\/ko\/wp-json\/wp\/v2\/pages\/40275","targetHints":{"allow":["GET"]}}],"collection":[{"href":"https:\/\/hannover-living.de\/ko\/wp-json\/wp\/v2\/pages"}],"about":[{"href":"https:\/\/hannover-living.de\/ko\/wp-json\/wp\/v2\/types\/page"}],"author":[{"embeddable":true,"href":"https:\/\/hannover-living.de\/ko\/wp-json\/wp\/v2\/users\/1"}],"replies":[{"embeddable":true,"href":"https:\/\/hannover-living.de\/ko\/wp-json\/wp\/v2\/comments?post=40275"}],"version-history":[{"count":10,"href":"https:\/\/hannover-living.de\/ko\/wp-json\/wp\/v2\/pages\/40275\/revisions"}],"predecessor-version":[{"id":44646,"href":"https:\/\/hannover-living.de\/ko\/wp-json\/wp\/v2\/pages\/40275\/revisions\/44646"}],"wp:attachment":[{"href":"https:\/\/hannover-living.de\/ko\/wp-json\/wp\/v2\/media?parent=40275"}],"curies":[{"name":"wp","href":"https:\/\/api.w.org\/{rel}","templated":true}]}}