{"id":23074,"date":"2024-02-26T13:07:57","date_gmt":"2024-02-26T12:07:57","guid":{"rendered":"https:\/\/hannover-living.de\/?page_id=23074"},"modified":"2024-02-26T13:07:57","modified_gmt":"2024-02-26T12:07:57","slug":"buehnen","status":"publish","type":"page","link":"https:\/\/hannover-living.de\/pl\/czas-wolny\/buehnen\/","title":{"rendered":"Sceny i teatr"},"content":{"rendered":"<div data-elementor-type=\"wp-page\" data-elementor-id=\"23074\" class=\"elementor elementor-23074\" data-elementor-post-type=\"page\">\n\t\t\t\t\t\t<section class=\"elementor-section elementor-top-section elementor-element elementor-element-8518c7c elementor-section-boxed elementor-section-height-default elementor-section-height-default\" data-id=\"8518c7c\" data-element_type=\"section\" data-e-type=\"section\" data-settings=\"{&quot;background_background&quot;:&quot;classic&quot;}\">\n\t\t\t\t\t\t<div class=\"elementor-container elementor-column-gap-no\">\n\t\t\t\t\t<div class=\"elementor-column elementor-col-100 elementor-top-column elementor-element elementor-element-f6908ed\" data-id=\"f6908ed\" data-element_type=\"column\" data-e-type=\"column\" data-settings=\"{&quot;background_background&quot;:&quot;classic&quot;}\">\n\t\t\t<div class=\"elementor-widget-wrap elementor-element-populated\">\n\t\t\t\t\t\t<section class=\"elementor-section elementor-inner-section elementor-element elementor-element-ff75ab1 elementor-section-boxed elementor-section-height-default elementor-section-height-default\" data-id=\"ff75ab1\" data-element_type=\"section\" data-e-type=\"section\">\n\t\t\t\t\t\t<div class=\"elementor-container elementor-column-gap-default\">\n\t\t\t\t\t<div class=\"elementor-column elementor-col-100 elementor-inner-column elementor-element elementor-element-f65141f\" data-id=\"f65141f\" data-element_type=\"column\" data-e-type=\"column\" data-settings=\"{&quot;background_background&quot;:&quot;classic&quot;}\">\n\t\t\t<div class=\"elementor-widget-wrap elementor-element-populated\">\n\t\t\t\t\t\t<div class=\"elementor-element elementor-element-9dcb2f2 elementor-cta--skin-cover elementor-hidden-phone elementor-hidden-tablet elementor-animated-content elementor-bg-transform elementor-bg-transform-zoom-in elementor-widget elementor-widget-call-to-action\" data-id=\"9dcb2f2\" data-element_type=\"widget\" data-e-type=\"widget\" data-widget_type=\"call-to-action.default\">\n\t\t\t\t<div class=\"elementor-widget-container\">\n\t\t\t\t\t\t\t<div class=\"elementor-cta\">\n\t\t\t\t\t<div class=\"elementor-cta__bg-wrapper\">\n\t\t\t\t<div class=\"elementor-cta__bg elementor-bg\" style=\"background-image: url();\" role=\"img\" aria-label=\"\"><\/div>\n\t\t\t\t<div class=\"elementor-cta__bg-overlay\"><\/div>\n\t\t\t<\/div>\n\t\t\t\t\t\t\t<div class=\"elementor-cta__content\">\n\t\t\t\t\n\t\t\t\t\t\t\t\t\t<h2 class=\"elementor-cta__title elementor-cta__content-item elementor-content-item elementor-animated-item--grow\">\n\t\t\t\t\t\tSceny i teatr\t\t\t\t\t<\/h2>\n\t\t\t\t\n\t\t\t\t\n\t\t\t\t\t\t\t<\/div>\n\t\t\t\t\t\t<\/div>\n\t\t\t\t\t\t<\/div>\n\t\t\t\t<\/div>\n\t\t\t\t<div class=\"elementor-element elementor-element-515e507 elementor-widget elementor-widget-jet-listing-grid\" data-id=\"515e507\" data-element_type=\"widget\" data-e-type=\"widget\" data-settings=\"{&quot;columns&quot;:3,&quot;columns_tablet&quot;:&quot;2&quot;,&quot;columns_mobile&quot;:&quot;1&quot;}\" data-widget_type=\"jet-listing-grid.default\">\n\t\t\t\t<div class=\"elementor-widget-container\">\n\t\t\t\t\t<div class=\"jet-listing-notice\">Wybierz ofert\u0119, aby wy\u015bwietli\u0107.<\/div>\t\t\t\t<\/div>\n\t\t\t\t<\/div>\n\t\t\t\t\t<\/div>\n\t\t<\/div>\n\t\t\t\t\t<\/div>\n\t\t<\/section>\n\t\t\t\t\t<\/div>\n\t\t<\/div>\n\t\t\t\t\t<\/div>\n\t\t<\/section>\n\t\t\t\t<\/div>","protected":false},"excerpt":{"rendered":"<p>B\u00fchnen &#038; Theater Das kultige Karree ist etwas ganz Besonderes in der Stadt. Hier k\u00f6nnt ihr genussreiche cineatische Stunden vor unserer Leinwand im Sommerkino genie\u00dfen! Macht es euch im Astor auf den gem\u00fctlichen Sesseln bequem und lasst euch direkt am Platz mit Getr\u00e4nken und Fingerfood verw\u00f6hnen \u2013 ein entspannter und erlebnisreicher Filmgenuss ist garantiert! Seit [&hellip;]<\/p>\n","protected":false},"author":1,"featured_media":0,"parent":23045,"menu_order":0,"comment_status":"closed","ping_status":"closed","template":"","meta":{"footnotes":""},"class_list":["post-23074","page","type-page","status-publish","hentry"],"_links":{"self":[{"href":"https:\/\/hannover-living.de\/pl\/wp-json\/wp\/v2\/pages\/23074","targetHints":{"allow":["GET"]}}],"collection":[{"href":"https:\/\/hannover-living.de\/pl\/wp-json\/wp\/v2\/pages"}],"about":[{"href":"https:\/\/hannover-living.de\/pl\/wp-json\/wp\/v2\/types\/page"}],"author":[{"embeddable":true,"href":"https:\/\/hannover-living.de\/pl\/wp-json\/wp\/v2\/users\/1"}],"replies":[{"embeddable":true,"href":"https:\/\/hannover-living.de\/pl\/wp-json\/wp\/v2\/comments?post=23074"}],"version-history":[{"count":0,"href":"https:\/\/hannover-living.de\/pl\/wp-json\/wp\/v2\/pages\/23074\/revisions"}],"up":[{"embeddable":true,"href":"https:\/\/hannover-living.de\/pl\/wp-json\/wp\/v2\/pages\/23045"}],"wp:attachment":[{"href":"https:\/\/hannover-living.de\/pl\/wp-json\/wp\/v2\/media?parent=23074"}],"curies":[{"name":"wp","href":"https:\/\/api.w.org\/{rel}","templated":true}]}}