{"id":26836,"date":"2024-06-17T11:02:06","date_gmt":"2024-06-17T09:02:06","guid":{"rendered":"https:\/\/hannover-living.de\/?page_id=26836"},"modified":"2025-07-18T10:33:30","modified_gmt":"2025-07-18T08:33:30","slug":"360-graus","status":"publish","type":"page","link":"https:\/\/hannover-living.de\/pt\/360-grad\/","title":{"rendered":"Experimente Hanover relaxada em 360 graus"},"content":{"rendered":"<div data-elementor-type=\"wp-page\" data-elementor-id=\"26836\" class=\"elementor elementor-26836\" data-elementor-post-type=\"page\">\n\t\t\t\t\t\t<section class=\"elementor-section elementor-top-section elementor-element elementor-element-6b2dbb4 elementor-section-boxed elementor-section-height-default elementor-section-height-default\" data-id=\"6b2dbb4\" data-element_type=\"section\" data-e-type=\"section\">\n\t\t\t\t\t\t<div class=\"elementor-container elementor-column-gap-default\">\n\t\t\t\t\t<div class=\"elementor-column elementor-col-100 elementor-top-column elementor-element elementor-element-a66b7bc\" data-id=\"a66b7bc\" data-element_type=\"column\" data-e-type=\"column\">\n\t\t\t<div class=\"elementor-widget-wrap elementor-element-populated\">\n\t\t\t\t\t\t<div class=\"elementor-element elementor-element-08f888b elementor--h-position-center elementor--v-position-middle elementor-arrows-position-inside elementor-pagination-position-inside elementor-widget elementor-widget-slides\" data-id=\"08f888b\" data-element_type=\"widget\" data-e-type=\"widget\" data-settings=\"{&quot;autoplay_speed&quot;:7000,&quot;transition_speed&quot;:800,&quot;navigation&quot;:&quot;both&quot;,&quot;autoplay&quot;:&quot;yes&quot;,&quot;pause_on_hover&quot;:&quot;yes&quot;,&quot;pause_on_interaction&quot;:&quot;yes&quot;,&quot;infinite&quot;:&quot;yes&quot;,&quot;transition&quot;:&quot;slide&quot;}\" data-widget_type=\"slides.default\">\n\t\t\t\t<div class=\"elementor-widget-container\">\n\t\t\t\t\t\t\t\t\t<div class=\"elementor-swiper\">\n\t\t\t\t\t<div class=\"elementor-slides-wrapper elementor-main-swiper swiper\" role=\"region\" aria-roledescription=\"carousel\" aria-label=\"Controlo deslizante\" dir=\"ltr\" data-animation=\"zoomIn\">\n\t\t\t\t<div class=\"swiper-wrapper elementor-slides\">\n\t\t\t\t\t\t\t\t\t\t<div class=\"elementor-repeater-item-9d343b9 swiper-slide\" role=\"group\" aria-roledescription=\"slide\"><div class=\"swiper-slide-bg elementor-ken-burns elementor-ken-burns--out\" role=\"img\" aria-label=\"Deister, visita de 360\u00b0\"><\/div><div class=\"elementor-background-overlay\"><\/div><div class=\"swiper-slide-inner\" ><div class=\"swiper-slide-contents\"><div class=\"elementor-slide-heading\">Experimente Hanover relaxada em 360<\/div><\/div><\/div><\/div>\t\t\t\t<\/div>\n\t\t\t\t\t\t\t<\/div>\n\t\t\t\t<\/div>\n\t\t\t\t\t\t\t\t<\/div>\n\t\t\t\t<\/div>\n\t\t\t\t\t<\/div>\n\t\t<\/div>\n\t\t\t\t\t<\/div>\n\t\t<\/section>\n\t\t\t\t<section class=\"elementor-section elementor-top-section elementor-element elementor-element-88613dc elementor-section-boxed elementor-section-height-default elementor-section-height-default\" data-id=\"88613dc\" data-element_type=\"section\" data-e-type=\"section\">\n\t\t\t\t\t\t<div class=\"elementor-container elementor-column-gap-default\">\n\t\t\t\t\t<div class=\"elementor-column elementor-col-100 elementor-top-column elementor-element elementor-element-629ff9d\" data-id=\"629ff9d\" data-element_type=\"column\" data-e-type=\"column\">\n\t\t\t<div class=\"elementor-widget-wrap elementor-element-populated\">\n\t\t\t\t\t\t<div class=\"elementor-element elementor-element-da993b4 elementor-widget elementor-widget-spacer\" data-id=\"da993b4\" data-element_type=\"widget\" data-e-type=\"widget\" data-widget_type=\"spacer.default\">\n\t\t\t\t<div class=\"elementor-widget-container\">\n\t\t\t\t\t\t\t<div class=\"elementor-spacer\">\n\t\t\t<div class=\"elementor-spacer-inner\"><\/div>\n\t\t<\/div>\n\t\t\t\t\t\t<\/div>\n\t\t\t\t<\/div>\n\t\t\t\t<div class=\"elementor-element elementor-element-5712dd7 elementor-widget elementor-widget-text-editor\" data-id=\"5712dd7\" data-element_type=\"widget\" data-e-type=\"widget\" data-widget_type=\"text-editor.default\">\n\t\t\t\t<div class=\"elementor-widget-container\">\n\t\t\t\t\t\t\t\t\t<h3>Antecipa\u00e7\u00e3o digital para Hanover!<\/h3><p>Descubra Hanover virtualmente, experimente-a ao vivo no local: Embarque numa viagem sustent\u00e1vel e digital a Han\u00f4ver e explore a cidade - as visitas de 360 graus tornam-no poss\u00edvel.<\/p><p>Veja o <a href=\"https:\/\/www.hannover-living.de\/wp-content\/uploads\/panorama\/StadtrundgangHannoverSehenswert.html\" target=\"_blank\" rel=\"noopener\">Locais de interesse <\/a>a cidade virtualmente e a partir do conforto do seu sof\u00e1. Aguarde uma experi\u00eancia de RV no <a href=\"https:\/\/www.hannover-living.de\/wp-content\/uploads\/panorama\/RundgangZoo.html\">Hanover Adventure Zoo<\/a>a <a href=\"https:\/\/www.hannover-living.de\/wp-content\/uploads\/panorama\/Gaertengesamt.html\">Jardins de Herrenhausen<\/a>a <a href=\"https:\/\/www.hannover-living.de\/wp-content\/uploads\/panorama\/Rathausgesamtneu2019.html\" target=\"_blank\" rel=\"noopener\">Nova c\u00e2mara municipal<\/a> ou o <a href=\"https:\/\/www.hannover-living.de\/wp-content\/uploads\/panorama\/StadtrundgangHannoverAltstadt.html\" target=\"_blank\" rel=\"noopener\">Cidade velha<\/a>. Viajar com as visitas de 360 graus ao <a href=\"https:\/\/www.hannover-living.de\/wp-content\/uploads\/panorama\/RundgangSteinhuderMeer.html\" target=\"_blank\" rel=\"noopener\">Mar Steinhuder<\/a> ou para o <a href=\"https:\/\/www.hannover-living.de\/wp-content\/uploads\/panorama\/Marienburg360.html\" target=\"_blank\" rel=\"noopener\">Castelo de Marienburg<\/a> - convenientemente com o seu telem\u00f3vel, tablet ou PC. Aqui pode obter inspira\u00e7\u00e3o para futuras viagens.<\/p><p>A prop\u00f3sito: A localiza\u00e7\u00e3o no cora\u00e7\u00e3o da Alemanha, com liga\u00e7\u00f5es ferrovi\u00e1rias em todas as direc\u00e7\u00f5es, facilita as desloca\u00e7\u00f5es de uma forma amiga do ambiente. Existem bons transportes p\u00fablicos no local para uma estadia sustent\u00e1vel.<\/p>\t\t\t\t\t\t\t\t<\/div>\n\t\t\t\t<\/div>\n\t\t\t\t<div class=\"elementor-element elementor-element-310b4b3 elementor-widget elementor-widget-spacer\" data-id=\"310b4b3\" data-element_type=\"widget\" data-e-type=\"widget\" data-widget_type=\"spacer.default\">\n\t\t\t\t<div class=\"elementor-widget-container\">\n\t\t\t\t\t\t\t<div class=\"elementor-spacer\">\n\t\t\t<div class=\"elementor-spacer-inner\"><\/div>\n\t\t<\/div>\n\t\t\t\t\t\t<\/div>\n\t\t\t\t<\/div>\n\t\t\t\t\t<\/div>\n\t\t<\/div>\n\t\t\t\t\t<\/div>\n\t\t<\/section>\n\t\t\t\t<section class=\"elementor-section elementor-top-section elementor-element elementor-element-d6b9b49 elementor-section-full_width elementor-section-height-default elementor-section-height-default\" data-id=\"d6b9b49\" data-element_type=\"section\" data-e-type=\"section\">\n\t\t\t\t\t\t<div class=\"elementor-container elementor-column-gap-custom\">\n\t\t\t\t\t<div class=\"elementor-column elementor-col-33 elementor-top-column elementor-element elementor-element-018f076\" data-id=\"018f076\" data-element_type=\"column\" data-e-type=\"column\">\n\t\t\t<div class=\"elementor-widget-wrap elementor-element-populated\">\n\t\t\t\t\t\t<div class=\"elementor-element elementor-element-e50f0ae elementor-cta--valign-top elementor-widget__width-inherit elementor-cta--skin-classic elementor-animated-content elementor-widget elementor-widget-call-to-action\" data-id=\"e50f0ae\" data-element_type=\"widget\" data-e-type=\"widget\" data-isc-images=\"26887\" data-widget_type=\"call-to-action.default\">\n\t\t\t\t<div class=\"elementor-widget-container\">\n\t\t\t\t\t\t\t<a class=\"elementor-cta\" href=\"https:\/\/hannover-living.de\/wp-content\/uploads\/panorama\/RundgangGartenjahr2025.html\">\n\t\t\t\t\t<div class=\"elementor-cta__bg-wrapper\">\n\t\t\t\t<div class=\"elementor-cta__bg elementor-bg\" style=\"background-image: url(https:\/\/hannover-living.de\/wp-content\/uploads\/2024\/06\/HMTG_VR_Herrenhausen-1024x576.jpg);\" role=\"img\" aria-label=\"Hannover verde, visita de 360\u00b0, \u00a9 HMTG\"><\/div>\n\t\t\t\t<div class=\"elementor-cta__bg-overlay\"><\/div>\n\t\t\t<\/div>\n\t\t\t\t\t\t\t<div class=\"elementor-cta__content\">\n\t\t\t\t\n\t\t\t\t\t\t\t\t\t<h2 class=\"elementor-cta__title elementor-cta__content-item elementor-content-item\">\n\t\t\t\t\t\tHanover Verde\t\t\t\t\t<\/h2>\n\t\t\t\t\n\t\t\t\t\t\t\t\t\t<div class=\"elementor-cta__description elementor-cta__content-item elementor-content-item\">\n\t\t\t\t\t\tAntecipa\u00e7\u00e3o digital dos parques e jardins de Han\u00f4ver: descubra de perto os o\u00e1sis verdes da cidade com a visita em realidade virtual de 360 graus! Deixe-se inspirar pela diversidade e beleza dos pulm\u00f5es verdes de Han\u00f4ver.\t\t\t\t\t<\/div>\n\t\t\t\t\n\t\t\t\t\t\t\t<\/div>\n\t\t\t\t\t\t<\/a>\n\t\t\t\t\t\t<\/div>\n\t\t\t\t<\/div>\n\t\t\t\t\t<\/div>\n\t\t<\/div>\n\t\t\t\t<div class=\"elementor-column elementor-col-33 elementor-top-column elementor-element elementor-element-905cc4a\" data-id=\"905cc4a\" data-element_type=\"column\" data-e-type=\"column\">\n\t\t\t<div class=\"elementor-widget-wrap elementor-element-populated\">\n\t\t\t\t\t\t<div class=\"elementor-element elementor-element-9bdb89f elementor-cta--valign-top elementor-widget__width-inherit elementor-cta--skin-classic elementor-animated-content elementor-widget elementor-widget-call-to-action\" data-id=\"9bdb89f\" data-element_type=\"widget\" data-e-type=\"widget\" data-isc-images=\"26891\" data-widget_type=\"call-to-action.default\">\n\t\t\t\t<div class=\"elementor-widget-container\">\n\t\t\t\t\t\t\t<a class=\"elementor-cta\" href=\"https:\/\/www.hannover-living.de\/wp-content\/uploads\/panorama\/RundgangZoo.html\">\n\t\t\t\t\t<div class=\"elementor-cta__bg-wrapper\">\n\t\t\t\t<div class=\"elementor-cta__bg elementor-bg\" style=\"background-image: url(https:\/\/hannover-living.de\/wp-content\/uploads\/2024\/06\/HMTG_VR_Zoo-1024x576.jpg);\" role=\"img\" aria-label=\"Adventure Zoo, visita de 360\u00b0, \u00a9 HMTG\"><\/div>\n\t\t\t\t<div class=\"elementor-cta__bg-overlay\"><\/div>\n\t\t\t<\/div>\n\t\t\t\t\t\t\t<div class=\"elementor-cta__content\">\n\t\t\t\t\n\t\t\t\t\t\t\t\t\t<h2 class=\"elementor-cta__title elementor-cta__content-item elementor-content-item\">\n\t\t\t\t\t\tHanover Adventure Zoo\t\t\t\t\t<\/h2>\n\t\t\t\t\n\t\t\t\t\t\t\t\t\t<div class=\"elementor-cta__description elementor-cta__content-item elementor-content-item\">\n\t\t\t\t\t\tAntecipa\u00e7\u00e3o digital de aventuras emocionantes: descubra animais ex\u00f3ticos e mundos fascinantes com o nosso passeio em RV pelo Hannover Adventure Zoo! Inspire-se na diversidade e na magia do jardim zool\u00f3gico e viva momentos inesquec\u00edveis.\t\t\t\t\t<\/div>\n\t\t\t\t\n\t\t\t\t\t\t\t<\/div>\n\t\t\t\t\t\t<\/a>\n\t\t\t\t\t\t<\/div>\n\t\t\t\t<\/div>\n\t\t\t\t\t<\/div>\n\t\t<\/div>\n\t\t\t\t<div class=\"elementor-column elementor-col-33 elementor-top-column elementor-element elementor-element-753b33c\" data-id=\"753b33c\" data-element_type=\"column\" data-e-type=\"column\">\n\t\t\t<div class=\"elementor-widget-wrap elementor-element-populated\">\n\t\t\t\t\t\t<div class=\"elementor-element elementor-element-e5c9f59 elementor-cta--valign-top elementor-widget__width-inherit elementor-cta--skin-classic elementor-animated-content elementor-widget elementor-widget-call-to-action\" data-id=\"e5c9f59\" data-element_type=\"widget\" data-e-type=\"widget\" data-isc-images=\"26888\" data-widget_type=\"call-to-action.default\">\n\t\t\t\t<div class=\"elementor-widget-container\">\n\t\t\t\t\t\t\t<a class=\"elementor-cta\" href=\"https:\/\/hannover-living.de\/wp-content\/uploads\/panorama\/StadtrundgangHannoverRoterFaden.html\">\n\t\t\t\t\t<div class=\"elementor-cta__bg-wrapper\">\n\t\t\t\t<div class=\"elementor-cta__bg elementor-bg\" style=\"background-image: url(https:\/\/hannover-living.de\/wp-content\/uploads\/2024\/06\/HMTG_VR_Roter-Faden-1024x576.jpg);\" role=\"img\" aria-label=\"Fio vermelho, visita de 360\u00b0\"><\/div>\n\t\t\t\t<div class=\"elementor-cta__bg-overlay\"><\/div>\n\t\t\t<\/div>\n\t\t\t\t\t\t\t<div class=\"elementor-cta__content\">\n\t\t\t\t\n\t\t\t\t\t\t\t\t\t<h2 class=\"elementor-cta__title elementor-cta__content-item elementor-content-item\">\n\t\t\t\t\t\tVisita \u00e0 cidade: fio vermelho\t\t\t\t\t<\/h2>\n\t\t\t\t\n\t\t\t\t\t\t\t\t\t<div class=\"elementor-cta__description elementor-cta__content-item elementor-content-item\">\n\t\t\t\t\t\tAntecipa\u00e7\u00e3o digital dos melhores locais e atrac\u00e7\u00f5es tur\u00edsticas: Com a visita guiada de 360 graus ao longo da Linha Vermelha, pode fazer uma visita explorat\u00f3ria a Han\u00f4ver a partir de casa e conhecer virtualmente os 36 pontos de interesse. \t\t\t\t\t<\/div>\n\t\t\t\t\n\t\t\t\t\t\t\t<\/div>\n\t\t\t\t\t\t<\/a>\n\t\t\t\t\t\t<\/div>\n\t\t\t\t<\/div>\n\t\t\t\t\t<\/div>\n\t\t<\/div>\n\t\t\t\t\t<\/div>\n\t\t<\/section>\n\t\t\t\t<section class=\"elementor-section elementor-top-section elementor-element elementor-element-2a8e2c3 elementor-section-full_width elementor-section-height-default elementor-section-height-default\" data-id=\"2a8e2c3\" data-element_type=\"section\" data-e-type=\"section\">\n\t\t\t\t\t\t<div class=\"elementor-container elementor-column-gap-custom\">\n\t\t\t\t\t<div class=\"elementor-column elementor-col-33 elementor-top-column elementor-element elementor-element-a14f32c\" data-id=\"a14f32c\" data-element_type=\"column\" data-e-type=\"column\">\n\t\t\t<div class=\"elementor-widget-wrap elementor-element-populated\">\n\t\t\t\t\t\t<div class=\"elementor-element elementor-element-60a977b elementor-cta--valign-top elementor-widget__width-inherit elementor-cta--skin-classic elementor-animated-content elementor-widget elementor-widget-call-to-action\" data-id=\"60a977b\" data-element_type=\"widget\" data-e-type=\"widget\" data-isc-images=\"26889\" data-widget_type=\"call-to-action.default\">\n\t\t\t\t<div class=\"elementor-widget-container\">\n\t\t\t\t\t\t\t<a class=\"elementor-cta\" href=\"https:\/\/www.hannover-living.de\/wp-content\/uploads\/panorama\/MuseenHannoveroS.html\">\n\t\t\t\t\t<div class=\"elementor-cta__bg-wrapper\">\n\t\t\t\t<div class=\"elementor-cta__bg elementor-bg\" style=\"background-image: url(https:\/\/hannover-living.de\/wp-content\/uploads\/2024\/06\/HMTG_VR_Sprengel-1024x576.jpg);\" role=\"img\" aria-label=\"Museus, visita de 360\u00b0\"><\/div>\n\t\t\t\t<div class=\"elementor-cta__bg-overlay\"><\/div>\n\t\t\t<\/div>\n\t\t\t\t\t\t\t<div class=\"elementor-cta__content\">\n\t\t\t\t\n\t\t\t\t\t\t\t\t\t<h2 class=\"elementor-cta__title elementor-cta__content-item elementor-content-item\">\n\t\t\t\t\t\tMuseus em Hanover\t\t\t\t\t<\/h2>\n\t\t\t\t\n\t\t\t\t\t\t\t\t\t<div class=\"elementor-cta__description elementor-cta__content-item elementor-content-item\">\n\t\t\t\t\t\tAntecipa\u00e7\u00e3o digital dos destaques culturais: Os museus de Han\u00f4ver oferecem exposi\u00e7\u00f5es impressionantes e colec\u00e7\u00f5es fascinantes \u00e0 espera de serem descobertas. Deixe-se encantar pelo mundo da arte, da hist\u00f3ria e da ci\u00eancia.\t\t\t\t\t<\/div>\n\t\t\t\t\n\t\t\t\t\t\t\t<\/div>\n\t\t\t\t\t\t<\/a>\n\t\t\t\t\t\t<\/div>\n\t\t\t\t<\/div>\n\t\t\t\t\t<\/div>\n\t\t<\/div>\n\t\t\t\t<div class=\"elementor-column elementor-col-33 elementor-top-column elementor-element elementor-element-1ff480a\" data-id=\"1ff480a\" data-element_type=\"column\" data-e-type=\"column\">\n\t\t\t<div class=\"elementor-widget-wrap elementor-element-populated\">\n\t\t\t\t\t\t<div class=\"elementor-element elementor-element-adec614 elementor-cta--valign-top elementor-widget__width-inherit elementor-cta--skin-classic elementor-animated-content elementor-widget elementor-widget-call-to-action\" data-id=\"adec614\" data-element_type=\"widget\" data-e-type=\"widget\" data-isc-images=\"26885\" data-widget_type=\"call-to-action.default\">\n\t\t\t\t<div class=\"elementor-widget-container\">\n\t\t\t\t\t\t\t<a class=\"elementor-cta\" href=\"https:\/\/www.hannover-living.de\/wp-content\/uploads\/panorama\/RundgangDeister.html\">\n\t\t\t\t\t<div class=\"elementor-cta__bg-wrapper\">\n\t\t\t\t<div class=\"elementor-cta__bg elementor-bg\" style=\"background-image: url(https:\/\/hannover-living.de\/wp-content\/uploads\/2024\/06\/HMTG_VR_Deister-1024x576.jpg);\" role=\"img\" aria-label=\"Deister, visita de 360\u00b0\"><\/div>\n\t\t\t\t<div class=\"elementor-cta__bg-overlay\"><\/div>\n\t\t\t<\/div>\n\t\t\t\t\t\t\t<div class=\"elementor-cta__content\">\n\t\t\t\t\n\t\t\t\t\t\t\t\t\t<h2 class=\"elementor-cta__title elementor-cta__content-item elementor-content-item\">\n\t\t\t\t\t\tDeister\t\t\t\t\t<\/h2>\n\t\t\t\t\n\t\t\t\t\t\t\t\t\t<div class=\"elementor-cta__description elementor-cta__content-item elementor-content-item\">\n\t\t\t\t\t\tAntecipa\u00e7\u00e3o digital de experi\u00eancias na natureza: O Deister inspira com os seus pitorescos trilhos para caminhadas e vistas de cortar a respira\u00e7\u00e3o que est\u00e3o \u00e0 espera de serem exploradas. Desfrute da paz e da beleza desta \u00e1rea de lazer \u00fanica.\t\t\t\t\t<\/div>\n\t\t\t\t\n\t\t\t\t\t\t\t<\/div>\n\t\t\t\t\t\t<\/a>\n\t\t\t\t\t\t<\/div>\n\t\t\t\t<\/div>\n\t\t\t\t\t<\/div>\n\t\t<\/div>\n\t\t\t\t<div class=\"elementor-column elementor-col-33 elementor-top-column elementor-element elementor-element-3f75a3d\" data-id=\"3f75a3d\" data-element_type=\"column\" data-e-type=\"column\">\n\t\t\t<div class=\"elementor-widget-wrap elementor-element-populated\">\n\t\t\t\t\t\t<div class=\"elementor-element elementor-element-509b98f elementor-cta--valign-top elementor-widget__width-inherit elementor-cta--skin-classic elementor-animated-content elementor-widget elementor-widget-call-to-action\" data-id=\"509b98f\" data-element_type=\"widget\" data-e-type=\"widget\" data-isc-images=\"26890\" data-widget_type=\"call-to-action.default\">\n\t\t\t\t<div class=\"elementor-widget-container\">\n\t\t\t\t\t\t\t<a class=\"elementor-cta\" href=\"https:\/\/www.hannover-living.de\/wp-content\/uploads\/panorama\/RundgangRegionHannover.html\">\n\t\t\t\t\t<div class=\"elementor-cta__bg-wrapper\">\n\t\t\t\t<div class=\"elementor-cta__bg elementor-bg\" style=\"background-image: url(https:\/\/hannover-living.de\/wp-content\/uploads\/2024\/06\/HMTG_VR_Steinhude-1024x576.jpg);\" role=\"img\" aria-label=\"Regi\u00e3o de f\u00e9rias, visita de 360\u00b0\"><\/div>\n\t\t\t\t<div class=\"elementor-cta__bg-overlay\"><\/div>\n\t\t\t<\/div>\n\t\t\t\t\t\t\t<div class=\"elementor-cta__content\">\n\t\t\t\t\n\t\t\t\t\t\t\t\t\t<h2 class=\"elementor-cta__title elementor-cta__content-item elementor-content-item\">\n\t\t\t\t\t\tRegi\u00e3o de f\u00e9rias de Han\u00f4ver - 24 locais\t\t\t\t\t<\/h2>\n\t\t\t\t\n\t\t\t\t\t\t\t\t\t<div class=\"elementor-cta__description elementor-cta__content-item elementor-content-item\">\n\t\t\t\t\t\tAntecipa\u00e7\u00e3o digital de f\u00e9rias inesquec\u00edveis: A regi\u00e3o de f\u00e9rias de Han\u00f4ver atrai-nos com o pitoresco Steinhuder Meer e o fascinante recinto dos bisontes. Desfrute da mistura perfeita de natureza, relaxamento e aventura em 360 graus.\t\t\t\t\t<\/div>\n\t\t\t\t\n\t\t\t\t\t\t\t<\/div>\n\t\t\t\t\t\t<\/a>\n\t\t\t\t\t\t<\/div>\n\t\t\t\t<\/div>\n\t\t\t\t\t<\/div>\n\t\t<\/div>\n\t\t\t\t\t<\/div>\n\t\t<\/section>\n\t\t\t\t<section class=\"elementor-section elementor-top-section elementor-element elementor-element-3841233 elementor-section-full_width elementor-section-height-default elementor-section-height-default\" data-id=\"3841233\" data-element_type=\"section\" data-e-type=\"section\">\n\t\t\t\t\t\t<div class=\"elementor-container elementor-column-gap-custom\">\n\t\t\t\t\t<div class=\"elementor-column elementor-col-33 elementor-top-column elementor-element elementor-element-2bd68c6\" data-id=\"2bd68c6\" data-element_type=\"column\" data-e-type=\"column\">\n\t\t\t<div class=\"elementor-widget-wrap elementor-element-populated\">\n\t\t\t\t\t\t<div class=\"elementor-element elementor-element-8726042 elementor-cta--valign-top elementor-widget__width-inherit elementor-cta--skin-classic elementor-animated-content elementor-widget elementor-widget-call-to-action\" data-id=\"8726042\" data-element_type=\"widget\" data-e-type=\"widget\" data-isc-images=\"26886\" data-widget_type=\"call-to-action.default\">\n\t\t\t\t<div class=\"elementor-widget-container\">\n\t\t\t\t\t\t\t<a class=\"elementor-cta\" href=\"https:\/\/www.hannover-living.de\/wp-content\/uploads\/panorama\/Kongress360coworking.html\">\n\t\t\t\t\t<div class=\"elementor-cta__bg-wrapper\">\n\t\t\t\t<div class=\"elementor-cta__bg elementor-bg\" style=\"background-image: url(https:\/\/hannover-living.de\/wp-content\/uploads\/2024\/06\/HMTG_VR_Hafven-1024x576.jpg);\" role=\"img\" aria-label=\"Espa\u00e7os de co-working, visita de 360\u00b0\"><\/div>\n\t\t\t\t<div class=\"elementor-cta__bg-overlay\"><\/div>\n\t\t\t<\/div>\n\t\t\t\t\t\t\t<div class=\"elementor-cta__content\">\n\t\t\t\t\n\t\t\t\t\t\t\t\t\t<h2 class=\"elementor-cta__title elementor-cta__content-item elementor-content-item\">\n\t\t\t\t\t\tEspa\u00e7os de co-working\t\t\t\t\t<\/h2>\n\t\t\t\t\n\t\t\t\t\t\t\t\t\t<div class=\"elementor-cta__description elementor-cta__content-item elementor-content-item\">\n\t\t\t\t\t\tAntecipa\u00e7\u00e3o digital de espa\u00e7os de trabalho inspiradores: Os espa\u00e7os de co-working de Han\u00f4ver oferecem ambientes de trabalho modernos e redes criativas. Descubra o equil\u00edbrio perfeito entre produtividade e comunidade e escolha o melhor local para trabalhar virtualmente.\t\t\t\t\t<\/div>\n\t\t\t\t\n\t\t\t\t\t\t\t<\/div>\n\t\t\t\t\t\t<\/a>\n\t\t\t\t\t\t<\/div>\n\t\t\t\t<\/div>\n\t\t\t\t\t<\/div>\n\t\t<\/div>\n\t\t\t\t<div class=\"elementor-column elementor-col-33 elementor-top-column elementor-element elementor-element-51a6001\" data-id=\"51a6001\" data-element_type=\"column\" data-e-type=\"column\">\n\t\t\t<div class=\"elementor-widget-wrap elementor-element-populated\">\n\t\t\t\t\t\t<div class=\"elementor-element elementor-element-3151dbb elementor-cta--valign-top elementor-widget__width-inherit elementor-cta--skin-classic elementor-animated-content elementor-widget elementor-widget-call-to-action\" data-id=\"3151dbb\" data-element_type=\"widget\" data-e-type=\"widget\" data-isc-images=\"26484\" data-widget_type=\"call-to-action.default\">\n\t\t\t\t<div class=\"elementor-widget-container\">\n\t\t\t\t\t\t\t<a class=\"elementor-cta\" href=\"https:\/\/hannover-living.de\/pt\/castelo-de-marienburg-em-360\/\">\n\t\t\t\t\t<div class=\"elementor-cta__bg-wrapper\">\n\t\t\t\t<div class=\"elementor-cta__bg elementor-bg\" style=\"background-image: url(https:\/\/hannover-living.de\/wp-content\/uploads\/2024\/05\/Tourismus-Marienburg-Familie-scaled-1-1024x819.jpg);\" role=\"img\" aria-label=\"Hanover Living: Marienburg\"><\/div>\n\t\t\t\t<div class=\"elementor-cta__bg-overlay\"><\/div>\n\t\t\t<\/div>\n\t\t\t\t\t\t\t<div class=\"elementor-cta__content\">\n\t\t\t\t\n\t\t\t\t\t\t\t\t\t<h2 class=\"elementor-cta__title elementor-cta__content-item elementor-content-item\">\n\t\t\t\t\t\tCastelo de Marienburg\t\t\t\t\t<\/h2>\n\t\t\t\t\n\t\t\t\t\t\t\t\t\t<div class=\"elementor-cta__description elementor-cta__content-item elementor-content-item\">\n\t\t\t\t\t\tAntecipa\u00e7\u00e3o digital de experi\u00eancias de contos de fadas. Apesar dos trabalhos de renova\u00e7\u00e3o, os amantes do Castelo de Marienburg e os f\u00e3s de Maxton Hall t\u00eam a oportunidade de explorar o castelo aqui - as nossas visitas de 360 graus tornam-no poss\u00edvel.\t\t\t\t\t<\/div>\n\t\t\t\t\n\t\t\t\t\t\t\t<\/div>\n\t\t\t\t\t\t<\/a>\n\t\t\t\t\t\t<\/div>\n\t\t\t\t<\/div>\n\t\t\t\t\t<\/div>\n\t\t<\/div>\n\t\t\t\t<div class=\"elementor-column elementor-col-33 elementor-top-column elementor-element elementor-element-e0c7416\" data-id=\"e0c7416\" data-element_type=\"column\" data-e-type=\"column\">\n\t\t\t<div class=\"elementor-widget-wrap elementor-element-populated\">\n\t\t\t\t\t\t<div class=\"elementor-element elementor-element-27b8ee8 elementor-cta--valign-top elementor-widget__width-inherit elementor-cta--skin-classic elementor-animated-content elementor-widget elementor-widget-call-to-action\" data-id=\"27b8ee8\" data-element_type=\"widget\" data-e-type=\"widget\" data-isc-images=\"30534\" data-widget_type=\"call-to-action.default\">\n\t\t\t\t<div class=\"elementor-widget-container\">\n\t\t\t\t\t\t\t<a class=\"elementor-cta\" href=\"https:\/\/www.hannover-living.de\/wp-content\/uploads\/panorama\/Weihnachtsrundgang_D.html\">\n\t\t\t\t\t<div class=\"elementor-cta__bg-wrapper\">\n\t\t\t\t<div class=\"elementor-cta__bg elementor-bg\" style=\"background-image: url(https:\/\/hannover-living.de\/wp-content\/uploads\/2024\/11\/360\u00b0-Weihnachtsmarkt-1024x627.jpg);\" role=\"img\" aria-label=\"Hannover Living: Mercado de Natal\"><\/div>\n\t\t\t\t<div class=\"elementor-cta__bg-overlay\"><\/div>\n\t\t\t<\/div>\n\t\t\t\t\t\t\t<div class=\"elementor-cta__content\">\n\t\t\t\t\n\t\t\t\t\t\t\t\t\t<h2 class=\"elementor-cta__title elementor-cta__content-item elementor-content-item\">\n\t\t\t\t\t\tMercado de Natal\t\t\t\t\t<\/h2>\n\t\t\t\t\n\t\t\t\t\t\t\t\t\t<div class=\"elementor-cta__description elementor-cta__content-item elementor-content-item\">\n\t\t\t\t\t\tAntecipa\u00e7\u00e3o digital de um pa\u00eds das maravilhas festivo de inverno. O mercado de Natal de Han\u00f4ver encanta os visitantes com a sua atmosfera \u00fanica e as suas deliciosas iguarias. J\u00e1 pode explorar virtualmente os locais mais bonitos do mercado e inspirar-se.\t\t\t\t\t<\/div>\n\t\t\t\t\n\t\t\t\t\t\t\t<\/div>\n\t\t\t\t\t\t<\/a>\n\t\t\t\t\t\t<\/div>\n\t\t\t\t<\/div>\n\t\t\t\t\t<\/div>\n\t\t<\/div>\n\t\t\t\t\t<\/div>\n\t\t<\/section>\n\t\t\t\t<\/div>","protected":false},"excerpt":{"rendered":"<p>Antecipa\u00e7\u00e3o digital de Han\u00f4ver: descubra os pontos tur\u00edsticos da cidade de forma virtual e c\u00f3moda em 360 graus. Mergulhe nos Jardins de Herrenhausen, na C\u00e2mara Municipal Nova ou na Cidade Velha - a partir do conforto do seu telem\u00f3vel, tablet ou PC.<\/p>","protected":false},"author":6,"featured_media":26887,"parent":0,"menu_order":0,"comment_status":"closed","ping_status":"closed","template":"","meta":{"footnotes":""},"class_list":["post-26836","page","type-page","status-publish","has-post-thumbnail","hentry"],"_links":{"self":[{"href":"https:\/\/hannover-living.de\/pt\/wp-json\/wp\/v2\/pages\/26836","targetHints":{"allow":["GET"]}}],"collection":[{"href":"https:\/\/hannover-living.de\/pt\/wp-json\/wp\/v2\/pages"}],"about":[{"href":"https:\/\/hannover-living.de\/pt\/wp-json\/wp\/v2\/types\/page"}],"author":[{"embeddable":true,"href":"https:\/\/hannover-living.de\/pt\/wp-json\/wp\/v2\/users\/6"}],"replies":[{"embeddable":true,"href":"https:\/\/hannover-living.de\/pt\/wp-json\/wp\/v2\/comments?post=26836"}],"version-history":[{"count":7,"href":"https:\/\/hannover-living.de\/pt\/wp-json\/wp\/v2\/pages\/26836\/revisions"}],"predecessor-version":[{"id":41022,"href":"https:\/\/hannover-living.de\/pt\/wp-json\/wp\/v2\/pages\/26836\/revisions\/41022"}],"wp:featuredmedia":[{"embeddable":true,"href":"https:\/\/hannover-living.de\/pt\/wp-json\/wp\/v2\/media\/26887"}],"wp:attachment":[{"href":"https:\/\/hannover-living.de\/pt\/wp-json\/wp\/v2\/media?parent=26836"}],"curies":[{"name":"wp","href":"https:\/\/api.w.org\/{rel}","templated":true}]}}