{"id":37846,"date":"2025-05-15T11:46:23","date_gmt":"2025-05-15T09:46:23","guid":{"rendered":"https:\/\/hannover-living.de\/?page_id=37846"},"modified":"2025-08-13T14:55:00","modified_gmt":"2025-08-13T12:55:00","slug":"alojamento-em-hanover","status":"publish","type":"page","link":"https:\/\/hannover-living.de\/pt\/alojamento-em-hanover\/","title":{"rendered":"Alojamento em Hanover"},"content":{"rendered":"<div data-elementor-type=\"wp-page\" data-elementor-id=\"37846\" class=\"elementor elementor-37846\" data-elementor-post-type=\"page\">\n\t\t\t\t<div class=\"elementor-element elementor-element-1b5600c e-flex e-con-boxed e-con e-parent\" data-id=\"1b5600c\" data-element_type=\"container\" data-e-type=\"container\">\n\t\t\t\t\t<div class=\"e-con-inner\">\n\t\t\t\t<div class=\"elementor-element elementor-element-0140f71 elementor-widget elementor-widget-image\" data-id=\"0140f71\" data-element_type=\"widget\" data-e-type=\"widget\" data-widget_type=\"image.default\">\n\t\t\t\t<div class=\"elementor-widget-container\">\n\t\t\t\t\t\t\t\t\t\t\t\t\t\t\t<img loading=\"lazy\" decoding=\"async\" width=\"2000\" height=\"1000\" src=\"https:\/\/hannover-living.de\/wp-content\/uploads\/2025\/05\/Kein-Titel-2000-x-1000-px.png\" class=\"attachment-full size-full wp-image-37854\" alt=\"Uma cama com almofadas e uma janela com vista\" srcset=\"https:\/\/hannover-living.de\/wp-content\/uploads\/2025\/05\/Kein-Titel-2000-x-1000-px.png 2000w, https:\/\/hannover-living.de\/wp-content\/uploads\/2025\/05\/Kein-Titel-2000-x-1000-px-300x150.png 300w, https:\/\/hannover-living.de\/wp-content\/uploads\/2025\/05\/Kein-Titel-2000-x-1000-px-1024x512.png 1024w, https:\/\/hannover-living.de\/wp-content\/uploads\/2025\/05\/Kein-Titel-2000-x-1000-px-768x384.png 768w, https:\/\/hannover-living.de\/wp-content\/uploads\/2025\/05\/Kein-Titel-2000-x-1000-px-1536x768.png 1536w, https:\/\/hannover-living.de\/wp-content\/uploads\/2025\/05\/Kein-Titel-2000-x-1000-px-18x9.png 18w\" sizes=\"auto, (max-width: 2000px) 100vw, 2000px\" \/>\t\t\t\t\t\t\t\t\t\t\t\t\t\t\t<\/div>\n\t\t\t\t<\/div>\n\t\t\t\t\t<\/div>\n\t\t\t\t<\/div>\n\t\t<div class=\"elementor-element elementor-element-163cc45 e-flex e-con-boxed e-con e-parent\" data-id=\"163cc45\" data-element_type=\"container\" data-e-type=\"container\">\n\t\t\t\t\t<div class=\"e-con-inner\">\n\t\t\t\t<div class=\"elementor-element elementor-element-b7ec699 elementor-widget elementor-widget-heading\" data-id=\"b7ec699\" data-element_type=\"widget\" data-e-type=\"widget\" data-widget_type=\"heading.default\">\n\t\t\t\t<div class=\"elementor-widget-container\">\n\t\t\t\t\t<h2 class=\"elementor-heading-title elementor-size-default\">Hotel e apartamentos - o seu alojamento em Han\u00f4ver<\/h2>\t\t\t\t<\/div>\n\t\t\t\t<\/div>\n\t\t\t\t\t<\/div>\n\t\t\t\t<\/div>\n\t\t<div class=\"elementor-element elementor-element-7d84aa3 e-flex e-con-boxed e-con e-parent\" data-id=\"7d84aa3\" data-element_type=\"container\" data-e-type=\"container\">\n\t\t\t\t\t<div class=\"e-con-inner\">\n\t\t\t\t<div class=\"elementor-element elementor-element-e8c3cf3 elementor-widget elementor-widget-text-editor\" data-id=\"e8c3cf3\" data-element_type=\"widget\" data-e-type=\"widget\" data-widget_type=\"text-editor.default\">\n\t\t\t\t<div class=\"elementor-widget-container\">\n\t\t\t\t\t\t\t\t\t<p>Viagem \u00e0 cidade, visita a uma feira ou f\u00e9rias em fam\u00edlia - se est\u00e1 \u00e0 procura de uma <strong data-start=\"988\" data-end=\"1014\">Alojamento em Hanover<\/strong> encontrar\u00e1 uma impressionante sele\u00e7\u00e3o de op\u00e7\u00f5es de alojamento adequadas. A capital da Baixa Sax\u00f3nia disp\u00f5e de hot\u00e9is centrais, apartamentos de f\u00e9rias de charme e alojamentos privados acolhedores.<\/p>\t\t\t\t\t\t\t\t<\/div>\n\t\t\t\t<\/div>\n\t\t\t\t\t<\/div>\n\t\t\t\t<\/div>\n\t\t<div class=\"elementor-element elementor-element-fe7fa7e e-grid e-con-boxed e-con e-parent\" data-id=\"fe7fa7e\" data-element_type=\"container\" data-e-type=\"container\">\n\t\t\t\t\t<div class=\"e-con-inner\">\n\t\t\t\t<div class=\"elementor-element elementor-element-a10a993 elementor-cta--skin-classic elementor-animated-content elementor-bg-transform elementor-bg-transform-zoom-in elementor-widget elementor-widget-call-to-action\" data-id=\"a10a993\" data-element_type=\"widget\" data-e-type=\"widget\" data-widget_type=\"call-to-action.default\">\n\t\t\t\t<div class=\"elementor-widget-container\">\n\t\t\t\t\t\t\t<div class=\"elementor-cta\">\n\t\t\t\t\t<div class=\"elementor-cta__bg-wrapper\">\n\t\t\t\t<div class=\"elementor-cta__bg elementor-bg\" style=\"background-image: url(https:\/\/hannover-living.de\/wp-content\/uploads\/2025\/05\/Gemini_Generated_Image_cpjjqicpjjqicpjj1-1024x1024.jpg);\" role=\"img\" aria-label=\"Alojamento em Hanover - Exemplo\"><\/div>\n\t\t\t\t<div class=\"elementor-cta__bg-overlay\"><\/div>\n\t\t\t<\/div>\n\t\t\t\t\t\t\t<div class=\"elementor-cta__content\">\n\t\t\t\t\n\t\t\t\t\t\t\t\t\t<h2 class=\"elementor-cta__title elementor-cta__content-item elementor-content-item\">\n\t\t\t\t\t\tHot\u00e9is - conforto e dist\u00e2ncias curtas\t\t\t\t\t<\/h2>\n\t\t\t\t\n\t\t\t\t\t\t\t\t\t<div class=\"elementor-cta__description elementor-cta__content-item elementor-content-item\">\n\t\t\t\t\t\tSe d\u00e1 especial import\u00e2ncia ao servi\u00e7o, a uma localiza\u00e7\u00e3o central e a boas liga\u00e7\u00f5es de transportes, um hotel \u00e9 uma boa escolha. \t\t\t\t\t<\/div>\n\t\t\t\t\n\t\t\t\t\t\t\t\t\t<div class=\"elementor-cta__button-wrapper elementor-cta__content-item elementor-content-item\">\n\t\t\t\t\t<a class=\"elementor-cta__button elementor-button elementor-size-\" href=\"https:\/\/welcome.visit-hannover.com\/Hotelportal\/start?reset=1&#038;persistentParameters=1\" target=\"_blank\" rel=\"noopener\">\n\t\t\t\t\t\tClique aqui\t\t\t\t\t<\/a>\n\t\t\t\t\t<\/div>\n\t\t\t\t\t\t\t<\/div>\n\t\t\t\t\t\t<\/div>\n\t\t\t\t\t\t<\/div>\n\t\t\t\t<\/div>\n\t\t\t\t<div class=\"elementor-element elementor-element-61709a4 elementor-cta--skin-classic elementor-animated-content elementor-bg-transform elementor-bg-transform-zoom-in elementor-widget elementor-widget-call-to-action\" data-id=\"61709a4\" data-element_type=\"widget\" data-e-type=\"widget\" data-widget_type=\"call-to-action.default\">\n\t\t\t\t<div class=\"elementor-widget-container\">\n\t\t\t\t\t\t\t<div class=\"elementor-cta\">\n\t\t\t\t\t<div class=\"elementor-cta__bg-wrapper\">\n\t\t\t\t<div class=\"elementor-cta__bg elementor-bg\" style=\"background-image: url(https:\/\/hannover-living.de\/wp-content\/uploads\/2025\/05\/poreen1896_68024_Photorealistic_image_of_a_friendly_modern_va_63a64b03-3a0d-4090-bb92-6d56e4f93cf2_0.png);\" role=\"img\" aria-label=\"Alojamento em Hanover\"><\/div>\n\t\t\t\t<div class=\"elementor-cta__bg-overlay\"><\/div>\n\t\t\t<\/div>\n\t\t\t\t\t\t\t<div class=\"elementor-cta__content\">\n\t\t\t\t\n\t\t\t\t\t\t\t\t\t<h2 class=\"elementor-cta__title elementor-cta__content-item elementor-content-item\">\n\t\t\t\t\t\tApartamentos - Sinta-se em casa\t\t\t\t\t<\/h2>\n\t\t\t\t\n\t\t\t\t\t\t\t\t\t<div class=\"elementor-cta__description elementor-cta__content-item elementor-content-item\">\n\t\t\t\t\t\tSe prefere viajar de forma independente ou se viaja com a fam\u00edlia, vale a pena considerar os apartamentos de f\u00e9rias. \t\t\t\t\t<\/div>\n\t\t\t\t\n\t\t\t\t\t\t\t\t\t<div class=\"elementor-cta__button-wrapper elementor-cta__content-item elementor-content-item\">\n\t\t\t\t\t<a class=\"elementor-cta__button elementor-button elementor-size-\" href=\"https:\/\/tportal.tomas.travel\/hannover-privatvermietung\/ukv\/?lang=de\" target=\"_blank\" rel=\"noopener\">\n\t\t\t\t\t\tClique aqui\t\t\t\t\t<\/a>\n\t\t\t\t\t<\/div>\n\t\t\t\t\t\t\t<\/div>\n\t\t\t\t\t\t<\/div>\n\t\t\t\t\t\t<\/div>\n\t\t\t\t<\/div>\n\t\t\t\t<div class=\"elementor-element elementor-element-47b2e5f elementor-cta--skin-classic elementor-animated-content elementor-bg-transform elementor-bg-transform-zoom-in elementor-widget elementor-widget-call-to-action\" data-id=\"47b2e5f\" data-element_type=\"widget\" data-e-type=\"widget\" data-widget_type=\"call-to-action.default\">\n\t\t\t\t<div class=\"elementor-widget-container\">\n\t\t\t\t\t\t\t<div class=\"elementor-cta\">\n\t\t\t\t\t<div class=\"elementor-cta__bg-wrapper\">\n\t\t\t\t<div class=\"elementor-cta__bg elementor-bg\" style=\"background-image: url(https:\/\/hannover-living.de\/wp-content\/uploads\/2025\/05\/Linden-Christian-Wyrwa-6-1024x683.jpg);\" role=\"img\" aria-label=\"Grupo com pessoas em Hanover Linden\"><\/div>\n\t\t\t\t<div class=\"elementor-cta__bg-overlay\"><\/div>\n\t\t\t<\/div>\n\t\t\t\t\t\t\t<div class=\"elementor-cta__content\">\n\t\t\t\t\n\t\t\t\t\t\t\t\t\t<h2 class=\"elementor-cta__title elementor-cta__content-item elementor-content-item\">\n\t\t\t\t\t\tViajar em grupo\t\t\t\t\t<\/h2>\n\t\t\t\t\n\t\t\t\t\t\t\t\t\t<div class=\"elementor-cta__description elementor-cta__content-item elementor-content-item\">\n\t\t\t\t\t\tHanover oferece actividades de lazer emocionantes e numerosas op\u00e7\u00f5es de alojamento para grupos.\t\t\t\t\t<\/div>\n\t\t\t\t\n\t\t\t\t\t\t\t\t\t<div class=\"elementor-cta__button-wrapper elementor-cta__content-item elementor-content-item\">\n\t\t\t\t\t<a class=\"elementor-cta__button elementor-button elementor-size-\" href=\"https:\/\/www.visit-hannover.com\/Hotels,-FeWo,-B-Bs-Erlebnispakete\/Erlebnispakete-Gruppenangebote\/Alle-Gruppenangebote\" target=\"_blank\" rel=\"noopener\">\n\t\t\t\t\t\tClique aqui\t\t\t\t\t<\/a>\n\t\t\t\t\t<\/div>\n\t\t\t\t\t\t\t<\/div>\n\t\t\t\t\t\t<\/div>\n\t\t\t\t\t\t<\/div>\n\t\t\t\t<\/div>\n\t\t\t\t\t<\/div>\n\t\t\t\t<\/div>\n\t\t<div class=\"elementor-element elementor-element-46e592f e-flex e-con-boxed e-con e-parent\" data-id=\"46e592f\" data-element_type=\"container\" data-e-type=\"container\">\n\t\t\t\t\t<div class=\"e-con-inner\">\n\t\t\t\t<div class=\"elementor-element elementor-element-841402b elementor-cta--skin-cover elementor-animated-content elementor-bg-transform elementor-bg-transform-zoom-in elementor-widget elementor-widget-call-to-action\" data-id=\"841402b\" data-element_type=\"widget\" data-e-type=\"widget\" data-widget_type=\"call-to-action.default\">\n\t\t\t\t<div class=\"elementor-widget-container\">\n\t\t\t\t\t\t\t<div class=\"elementor-cta\">\n\t\t\t\t\t<div class=\"elementor-cta__bg-wrapper\">\n\t\t\t\t<div class=\"elementor-cta__bg elementor-bg\" style=\"background-image: url(https:\/\/hannover-living.de\/wp-content\/uploads\/2025\/05\/HL-Header13-1024x327.png);\" role=\"img\" aria-label=\"Vista a\u00e9rea da Nova C\u00e2mara Municipal de Han\u00f4ver no \u00e2mbito das visitas guiadas e dos passeios pela cidade.\"><\/div>\n\t\t\t\t<div class=\"elementor-cta__bg-overlay\"><\/div>\n\t\t\t<\/div>\n\t\t\t\t\t\t\t<div class=\"elementor-cta__content\">\n\t\t\t\t\n\t\t\t\t\t\t\t\t\t<h2 class=\"elementor-cta__title elementor-cta__content-item elementor-content-item elementor-animated-item--grow\">\n\t\t\t\t\t\tPacotes de experi\u00eancias na primavera e no ver\u00e3o\t\t\t\t\t<\/h2>\n\t\t\t\t\n\t\t\t\t\t\t\t\t\t<div class=\"elementor-cta__description elementor-cta__content-item elementor-content-item elementor-animated-item--grow\">\n\t\t\t\t\t\tDesfrute de pacotes de experi\u00eancias em Han\u00f4ver na primavera e no ver\u00e3o - a combina\u00e7\u00e3o perfeita para o seu tempo fora, com foco em experi\u00eancias na cidade e na natureza.\t\t\t\t\t<\/div>\n\t\t\t\t\n\t\t\t\t\t\t\t\t\t<div class=\"elementor-cta__button-wrapper elementor-cta__content-item elementor-content-item elementor-animated-item--grow\">\n\t\t\t\t\t<a class=\"elementor-cta__button elementor-button elementor-size-\" href=\"https:\/\/hannover-living.de\/pt\/destaques\/pacotes-de-experiencias-na-primavera-e-no-verao\/\">\n\t\t\t\t\t\tClique aqui\t\t\t\t\t<\/a>\n\t\t\t\t\t<\/div>\n\t\t\t\t\t\t\t<\/div>\n\t\t\t\t\t\t<\/div>\n\t\t\t\t\t\t<\/div>\n\t\t\t\t<\/div>\n\t\t\t\t\t<\/div>\n\t\t\t\t<\/div>\n\t\t<div class=\"elementor-element elementor-element-0e2cc6d e-grid e-con-boxed e-con e-parent\" data-id=\"0e2cc6d\" data-element_type=\"container\" data-e-type=\"container\">\n\t\t\t\t\t<div class=\"e-con-inner\">\n\t\t\t\t<div class=\"elementor-element elementor-element-7710411 elementor-cta--skin-classic elementor-animated-content elementor-bg-transform elementor-bg-transform-zoom-in elementor-widget elementor-widget-call-to-action\" data-id=\"7710411\" data-element_type=\"widget\" data-e-type=\"widget\" data-widget_type=\"call-to-action.default\">\n\t\t\t\t<div class=\"elementor-widget-container\">\n\t\t\t\t\t\t\t<div class=\"elementor-cta\">\n\t\t\t\t\t<div class=\"elementor-cta__bg-wrapper\">\n\t\t\t\t<div class=\"elementor-cta__bg elementor-bg\" style=\"background-image: url(https:\/\/hannover-living.de\/wp-content\/uploads\/2025\/04\/Hauptbahnhof-Ernst-Agust-Platz-_Martin-Kirchner-1-scaled-1-1024x682.jpg);\" role=\"img\" aria-label=\"Esta\u00e7\u00e3o central com a est\u00e1tua de Ernst August\"><\/div>\n\t\t\t\t<div class=\"elementor-cta__bg-overlay\"><\/div>\n\t\t\t<\/div>\n\t\t\t\t\t\t\t<div class=\"elementor-cta__content\">\n\t\t\t\t\n\t\t\t\t\t\t\t\t\t<h2 class=\"elementor-cta__title elementor-cta__content-item elementor-content-item\">\n\t\t\t\t\t\t Localiza\u00e7\u00e3o central e liga\u00e7\u00f5es\t\t\t\t\t<\/h2>\n\t\t\t\t\n\t\t\t\t\t\t\t\t\t<div class=\"elementor-cta__description elementor-cta__content-item elementor-content-item\">\n\t\t\t\t\t\tViajar para Han\u00f4ver \u00e9 conveniente e descomplicado - independentemente de viajar de comboio, de carro ou de bicicleta. \t\t\t\t\t<\/div>\n\t\t\t\t\n\t\t\t\t\t\t\t\t\t<div class=\"elementor-cta__button-wrapper elementor-cta__content-item elementor-content-item\">\n\t\t\t\t\t<a class=\"elementor-cta__button elementor-button elementor-size-\" href=\"https:\/\/www.visit-hannover.com\/Hotels,-FeWo,-B-Bs-Erlebnispakete\/Anreise-Abreise\" target=\"_blank\" rel=\"noopener\">\n\t\t\t\t\t\tClique aqui\t\t\t\t\t<\/a>\n\t\t\t\t\t<\/div>\n\t\t\t\t\t\t\t<\/div>\n\t\t\t\t\t\t<\/div>\n\t\t\t\t\t\t<\/div>\n\t\t\t\t<\/div>\n\t\t\t\t<div class=\"elementor-element elementor-element-8130c40 elementor-cta--skin-classic elementor-animated-content elementor-bg-transform elementor-bg-transform-zoom-in elementor-widget elementor-widget-call-to-action\" data-id=\"8130c40\" data-element_type=\"widget\" data-e-type=\"widget\" data-widget_type=\"call-to-action.default\">\n\t\t\t\t<div class=\"elementor-widget-container\">\n\t\t\t\t\t\t\t<div class=\"elementor-cta\">\n\t\t\t\t\t<div class=\"elementor-cta__bg-wrapper\">\n\t\t\t\t<div class=\"elementor-cta__bg elementor-bg\" style=\"background-image: url(https:\/\/hannover-living.de\/wp-content\/uploads\/2025\/05\/poreen1896_68024_Photorealistic_image_of_a_friendly_modern_va_5fc8692d-4e8c-47a6-ba8e-44ef38475cfe_2-1024x683.png);\" role=\"img\" aria-label=\"Alojamento em Hanover\"><\/div>\n\t\t\t\t<div class=\"elementor-cta__bg-overlay\"><\/div>\n\t\t\t<\/div>\n\t\t\t\t\t\t\t<div class=\"elementor-cta__content\">\n\t\t\t\t\n\t\t\t\t\t\t\t\t\t<h2 class=\"elementor-cta__title elementor-cta__content-item elementor-content-item\">\n\t\t\t\t\t\tQuotas de convoca\u00e7\u00e3o de eventos\t\t\t\t\t<\/h2>\n\t\t\t\t\n\t\t\t\t\t\t\t\t\t<div class=\"elementor-cta__description elementor-cta__content-item elementor-content-item\">\n\t\t\t\t\t\tEst\u00e1 a planear um evento, uma confer\u00eancia ou a viajar com um grande grupo? Nesse caso, vale a pena recorrer a contingentes de emerg\u00eancia. \t\t\t\t\t<\/div>\n\t\t\t\t\n\t\t\t\t\t\t\t\t\t<div class=\"elementor-cta__button-wrapper elementor-cta__content-item elementor-content-item\">\n\t\t\t\t\t<a class=\"elementor-cta__button elementor-button elementor-size-\" href=\"https:\/\/hannover-living.de\/pt\/contingente-disponivel\/\">\n\t\t\t\t\t\tClique aqui\t\t\t\t\t<\/a>\n\t\t\t\t\t<\/div>\n\t\t\t\t\t\t\t<\/div>\n\t\t\t\t\t\t<\/div>\n\t\t\t\t\t\t<\/div>\n\t\t\t\t<\/div>\n\t\t\t\t<div class=\"elementor-element elementor-element-ffbc012 elementor-cta--skin-classic elementor-animated-content elementor-bg-transform elementor-bg-transform-zoom-in elementor-widget elementor-widget-call-to-action\" data-id=\"ffbc012\" data-element_type=\"widget\" data-e-type=\"widget\" data-widget_type=\"call-to-action.default\">\n\t\t\t\t<div class=\"elementor-widget-container\">\n\t\t\t\t\t\t\t<div class=\"elementor-cta\">\n\t\t\t\t\t<div class=\"elementor-cta__bg-wrapper\">\n\t\t\t\t<div class=\"elementor-cta__bg elementor-bg\" style=\"background-image: url(https:\/\/hannover-living.de\/wp-content\/uploads\/2025\/05\/HL-Header12-1536x491.png);\" role=\"img\" aria-label=\"Parede com prateleiras de madeira cheias de brochuras tur\u00edsticas sobre Han\u00f4ver num centro de informa\u00e7\u00e3o tur\u00edstica de Han\u00f4ver.\"><\/div>\n\t\t\t\t<div class=\"elementor-cta__bg-overlay\"><\/div>\n\t\t\t<\/div>\n\t\t\t\t\t\t\t<div class=\"elementor-cta__content\">\n\t\t\t\t\n\t\t\t\t\t\t\t\t\t<h2 class=\"elementor-cta__title elementor-cta__content-item elementor-content-item\">\n\t\t\t\t\t\tO Centro de Informa\u00e7\u00e3o Tur\u00edstica\t\t\t\t\t<\/h2>\n\t\t\t\t\n\t\t\t\t\t\t\t\t\t<div class=\"elementor-cta__description elementor-cta__content-item elementor-content-item\">\n\t\t\t\t\t\tA equipa no local tamb\u00e9m o ajudar\u00e1 a curto prazo se os seus planos de viagem mudarem ou se estiver a planear excurs\u00f5es na regi\u00e3o. \t\t\t\t\t<\/div>\n\t\t\t\t\n\t\t\t\t\t\t\t\t\t<div class=\"elementor-cta__button-wrapper elementor-cta__content-item elementor-content-item\">\n\t\t\t\t\t<a class=\"elementor-cta__button elementor-button elementor-size-\" href=\"https:\/\/hannover-living.de\/pt\/informacoes-turisticas-de-hanover\/\">\n\t\t\t\t\t\tClique aqui\t\t\t\t\t<\/a>\n\t\t\t\t\t<\/div>\n\t\t\t\t\t\t\t<\/div>\n\t\t\t\t\t\t<\/div>\n\t\t\t\t\t\t<\/div>\n\t\t\t\t<\/div>\n\t\t<div class=\"elementor-element elementor-element-63cffcb e-con-full e-flex e-con e-child\" data-id=\"63cffcb\" data-element_type=\"container\" data-e-type=\"container\">\n\t\t\t\t<\/div>\n\t\t\t\t\t<\/div>\n\t\t\t\t<\/div>\n\t\t<div class=\"elementor-element elementor-element-65d3f5c e-flex e-con-boxed e-con e-parent\" data-id=\"65d3f5c\" data-element_type=\"container\" data-e-type=\"container\">\n\t\t\t\t\t<div class=\"e-con-inner\">\n\t\t\t\t<div class=\"elementor-element elementor-element-fe51332 elementor-cta--skin-cover elementor-animated-content elementor-bg-transform elementor-bg-transform-zoom-in elementor-widget elementor-widget-call-to-action\" data-id=\"fe51332\" data-element_type=\"widget\" data-e-type=\"widget\" data-widget_type=\"call-to-action.default\">\n\t\t\t\t<div class=\"elementor-widget-container\">\n\t\t\t\t\t\t\t<div class=\"elementor-cta\">\n\t\t\t\t\t<div class=\"elementor-cta__bg-wrapper\">\n\t\t\t\t<div class=\"elementor-cta__bg elementor-bg\" style=\"background-image: url(https:\/\/hannover-living.de\/wp-content\/uploads\/2024\/09\/Titel-Suedstadt_Maschsee-Patrick-Grafjpg_WEB-1024x683.jpg);\" role=\"img\" aria-label=\"Suedstadt Maschsee\"><\/div>\n\t\t\t\t<div class=\"elementor-cta__bg-overlay\"><\/div>\n\t\t\t<\/div>\n\t\t\t\t\t\t\t<div class=\"elementor-cta__content\">\n\t\t\t\t\n\t\t\t\t\t\t\t\t\t<h2 class=\"elementor-cta__title elementor-cta__content-item elementor-content-item elementor-animated-item--grow\">\n\t\t\t\t\t\tLocaliza\u00e7\u00e3o tranquila ou mesmo no centro? Os melhores bairros para ficar\t\t\t\t\t<\/h2>\n\t\t\t\t\n\t\t\t\t\t\t\t\t\t<div class=\"elementor-cta__description elementor-cta__content-item elementor-content-item elementor-animated-item--grow\">\n\t\t\t\t\t\tDependendo das suas prefer\u00eancias, vale a pena prestar aten\u00e7\u00e3o \u00e0 localiza\u00e7\u00e3o do seu alojamento. \t\t\t\t\t<\/div>\n\t\t\t\t\n\t\t\t\t\t\t\t\t\t<div class=\"elementor-cta__button-wrapper elementor-cta__content-item elementor-content-item elementor-animated-item--grow\">\n\t\t\t\t\t<a class=\"elementor-cta__button elementor-button elementor-size-\" href=\"https:\/\/hannover-living.de\/pt\/dicas-sobre-os-bairros-da-cidade\/\">\n\t\t\t\t\t\tClique aqui\t\t\t\t\t<\/a>\n\t\t\t\t\t<\/div>\n\t\t\t\t\t\t\t<\/div>\n\t\t\t\t\t\t<\/div>\n\t\t\t\t\t\t<\/div>\n\t\t\t\t<\/div>\n\t\t\t\t\t<\/div>\n\t\t\t\t<\/div>\n\t\t\t\t<\/div>","protected":false},"excerpt":{"rendered":"<p>Hotel und Apartments &#8211; Eure Unterkunft in Hannover St\u00e4dtetrip, Messebesuch oder Familienurlaub \u2013 wer eine Unterkunft in Hannover sucht, findet eine beeindruckende Auswahl an passenden \u00dcbernachtungsm\u00f6glichkeiten. Die nieders\u00e4chsische Landeshauptstadt \u00fcberzeugt mit zentralen Hotels, charmanten Ferienwohnungen\/ Apartments und gem\u00fctlichen Privatunterk\u00fcnften. Hotels &#8211; Komfort und kurze Wege Wer besonderen Wert auf Service, zentrale Lage und gute Anbindung [&hellip;]<\/p>\n","protected":false},"author":7,"featured_media":4373,"parent":0,"menu_order":0,"comment_status":"closed","ping_status":"closed","template":"","meta":{"footnotes":""},"class_list":["post-37846","page","type-page","status-publish","has-post-thumbnail","hentry"],"_links":{"self":[{"href":"https:\/\/hannover-living.de\/pt\/wp-json\/wp\/v2\/pages\/37846","targetHints":{"allow":["GET"]}}],"collection":[{"href":"https:\/\/hannover-living.de\/pt\/wp-json\/wp\/v2\/pages"}],"about":[{"href":"https:\/\/hannover-living.de\/pt\/wp-json\/wp\/v2\/types\/page"}],"author":[{"embeddable":true,"href":"https:\/\/hannover-living.de\/pt\/wp-json\/wp\/v2\/users\/7"}],"replies":[{"embeddable":true,"href":"https:\/\/hannover-living.de\/pt\/wp-json\/wp\/v2\/comments?post=37846"}],"version-history":[{"count":10,"href":"https:\/\/hannover-living.de\/pt\/wp-json\/wp\/v2\/pages\/37846\/revisions"}],"predecessor-version":[{"id":41369,"href":"https:\/\/hannover-living.de\/pt\/wp-json\/wp\/v2\/pages\/37846\/revisions\/41369"}],"wp:featuredmedia":[{"embeddable":true,"href":"https:\/\/hannover-living.de\/pt\/wp-json\/wp\/v2\/media\/4373"}],"wp:attachment":[{"href":"https:\/\/hannover-living.de\/pt\/wp-json\/wp\/v2\/media?parent=37846"}],"curies":[{"name":"wp","href":"https:\/\/api.w.org\/{rel}","templated":true}]}}