{"id":20473,"date":"2023-12-11T17:42:28","date_gmt":"2023-12-11T16:42:28","guid":{"rendered":"https:\/\/hannover-living.de\/?page_id=20473"},"modified":"2023-12-11T17:42:28","modified_gmt":"2023-12-11T16:42:28","slug":"%d0%b7%d0%b0%d0%b2%d1%82%d1%80%d0%b0%d0%ba-%d0%b2-%d0%ba%d0%b0%d1%84%d0%b5","status":"publish","type":"page","link":"https:\/\/hannover-living.de\/ru\/%d1%80%d0%b5%d1%81%d1%82%d0%be%d1%80%d0%b0%d0%bd%d1%8b\/%d0%b7%d0%b0%d0%b2%d1%82%d1%80%d0%b0%d0%ba-%d0%b2-%d0%ba%d0%b0%d1%84%d0%b5\/","title":{"rendered":"\u041a\u0430\u0444\u0435 \u0438 \u0437\u0430\u0432\u0442\u0440\u0430\u043a"},"content":{"rendered":"<div data-elementor-type=\"wp-page\" data-elementor-id=\"20473\" class=\"elementor elementor-20473\" data-elementor-post-type=\"page\">\n\t\t\t\t\t\t<section class=\"elementor-section elementor-top-section elementor-element elementor-element-2a434dd elementor-section-boxed elementor-section-height-default elementor-section-height-default\" data-id=\"2a434dd\" data-element_type=\"section\" data-e-type=\"section\" data-settings=\"{&quot;background_background&quot;:&quot;classic&quot;}\">\n\t\t\t\t\t\t<div class=\"elementor-container elementor-column-gap-no\">\n\t\t\t\t\t<div class=\"elementor-column elementor-col-100 elementor-top-column elementor-element elementor-element-7031651\" data-id=\"7031651\" data-element_type=\"column\" data-e-type=\"column\" data-settings=\"{&quot;background_background&quot;:&quot;classic&quot;}\">\n\t\t\t<div class=\"elementor-widget-wrap elementor-element-populated\">\n\t\t\t\t\t\t<section class=\"elementor-section elementor-inner-section elementor-element elementor-element-034514b elementor-section-boxed elementor-section-height-default elementor-section-height-default\" data-id=\"034514b\" data-element_type=\"section\" data-e-type=\"section\">\n\t\t\t\t\t\t<div class=\"elementor-container elementor-column-gap-default\">\n\t\t\t\t\t<div class=\"elementor-column elementor-col-100 elementor-inner-column elementor-element elementor-element-180ac8d\" data-id=\"180ac8d\" data-element_type=\"column\" data-e-type=\"column\" data-settings=\"{&quot;background_background&quot;:&quot;classic&quot;}\">\n\t\t\t<div class=\"elementor-widget-wrap elementor-element-populated\">\n\t\t\t\t\t\t<div class=\"elementor-element elementor-element-1247a81 elementor-cta--skin-cover elementor-hidden-phone elementor-hidden-tablet elementor-animated-content elementor-bg-transform elementor-bg-transform-zoom-in elementor-widget elementor-widget-call-to-action\" data-id=\"1247a81\" data-element_type=\"widget\" data-e-type=\"widget\" data-widget_type=\"call-to-action.default\">\n\t\t\t\t<div class=\"elementor-widget-container\">\n\t\t\t\t\t\t\t<div class=\"elementor-cta\">\n\t\t\t\t\t<div class=\"elementor-cta__bg-wrapper\">\n\t\t\t\t<div class=\"elementor-cta__bg elementor-bg\" style=\"background-image: url(https:\/\/hannover-living.de\/wp-content\/uploads\/2024\/02\/1-1-1024x683.jpg);\" role=\"img\" aria-label=\"vorveg\"><\/div>\n\t\t\t\t<div class=\"elementor-cta__bg-overlay\"><\/div>\n\t\t\t<\/div>\n\t\t\t\t\t\t\t<div class=\"elementor-cta__content\">\n\t\t\t\t\n\t\t\t\t\t\t\t\t\t<h2 class=\"elementor-cta__title elementor-cta__content-item elementor-content-item elementor-animated-item--grow\">\n\t\t\t\t\t\t\u041a\u0430\u0444\u0435 \u0438 \u0437\u0430\u0432\u0442\u0440\u0430\u043a\t\t\t\t\t<\/h2>\n\t\t\t\t\n\t\t\t\t\n\t\t\t\t\t\t\t<\/div>\n\t\t\t\t\t\t<\/div>\n\t\t\t\t\t\t<\/div>\n\t\t\t\t<\/div>\n\t\t\t\t<div class=\"elementor-element elementor-element-7d889c0 elementor-widget elementor-widget-text-editor\" data-id=\"7d889c0\" data-element_type=\"widget\" data-e-type=\"widget\" data-widget_type=\"text-editor.default\">\n\t\t\t\t<div class=\"elementor-widget-container\">\n\t\t\t\t\t\t\t\t\t<p><span style=\"color: #808080;\"><em>\u00a9 vorveg\/Florian Skupski<\/em><\/span><\/p>\t\t\t\t\t\t\t\t<\/div>\n\t\t\t\t<\/div>\n\t\t\t\t\t<\/div>\n\t\t<\/div>\n\t\t\t\t\t<\/div>\n\t\t<\/section>\n\t\t\t\t\t<\/div>\n\t\t<\/div>\n\t\t\t\t\t<\/div>\n\t\t<\/section>\n\t\t\t\t<section class=\"elementor-section elementor-top-section elementor-element elementor-element-ffe1a1c elementor-section-boxed elementor-section-height-default elementor-section-height-default\" data-id=\"ffe1a1c\" data-element_type=\"section\" data-e-type=\"section\">\n\t\t\t\t\t\t<div class=\"elementor-container elementor-column-gap-default\">\n\t\t\t\t\t<div class=\"elementor-column elementor-col-100 elementor-top-column elementor-element elementor-element-cca10b2\" data-id=\"cca10b2\" data-element_type=\"column\" data-e-type=\"column\">\n\t\t\t<div class=\"elementor-widget-wrap elementor-element-populated\">\n\t\t\t\t\t\t<div class=\"elementor-element elementor-element-1b30b05 elementor-widget elementor-widget-jet-listing-grid\" data-id=\"1b30b05\" data-element_type=\"widget\" data-e-type=\"widget\" data-settings=\"{&quot;columns&quot;:3,&quot;columns_tablet&quot;:&quot;2&quot;,&quot;columns_mobile&quot;:&quot;1&quot;}\" data-widget_type=\"jet-listing-grid.default\">\n\t\t\t\t<div class=\"elementor-widget-container\">\n\t\t\t\t\t<div class=\"jet-listing-notice\">\u041f\u043e\u0436\u0430\u043b\u0443\u0439\u0441\u0442\u0430, \u0432\u044b\u0431\u0435\u0440\u0438\u0442\u0435 \u043b\u0438\u0441\u0442\u0438\u043d\u0433 \u0434\u043b\u044f \u043e\u0442\u043e\u0431\u0440\u0430\u0436\u0435\u043d\u0438\u044f.<\/div>\t\t\t\t<\/div>\n\t\t\t\t<\/div>\n\t\t\t\t\t<\/div>\n\t\t<\/div>\n\t\t\t\t\t<\/div>\n\t\t<\/section>\n\t\t\t\t<\/div>","protected":false},"excerpt":{"rendered":"<p>Caf\u00e9 &#038; Breakfast \u00a9 vorveg\/Florian Skupski Als veganes Caf\u00e9 unterst\u00fctzt das vorveg die Frische und Qualit\u00e4t lokaler Erzeugnisse, f\u00f6rdert heimische Produzenten und st\u00e4rkt so die Verbindung zur Heimat und ihren Produkten. Im Sommer ist das V17 Anlaufstelle f\u00fcr Spezialit\u00e4ten Kaffee und leckere selbstgemachte Kuchen, die ihr auf der sonnigen Terasse bei guter Musik genie\u00dfen k\u00f6nnt. [&hellip;]<\/p>\n","protected":false},"author":1,"featured_media":0,"parent":25161,"menu_order":0,"comment_status":"closed","ping_status":"closed","template":"","meta":{"footnotes":""},"class_list":["post-20473","page","type-page","status-publish","hentry"],"_links":{"self":[{"href":"https:\/\/hannover-living.de\/ru\/wp-json\/wp\/v2\/pages\/20473","targetHints":{"allow":["GET"]}}],"collection":[{"href":"https:\/\/hannover-living.de\/ru\/wp-json\/wp\/v2\/pages"}],"about":[{"href":"https:\/\/hannover-living.de\/ru\/wp-json\/wp\/v2\/types\/page"}],"author":[{"embeddable":true,"href":"https:\/\/hannover-living.de\/ru\/wp-json\/wp\/v2\/users\/1"}],"replies":[{"embeddable":true,"href":"https:\/\/hannover-living.de\/ru\/wp-json\/wp\/v2\/comments?post=20473"}],"version-history":[{"count":0,"href":"https:\/\/hannover-living.de\/ru\/wp-json\/wp\/v2\/pages\/20473\/revisions"}],"up":[{"embeddable":true,"href":"https:\/\/hannover-living.de\/ru\/wp-json\/wp\/v2\/pages\/25161"}],"wp:attachment":[{"href":"https:\/\/hannover-living.de\/ru\/wp-json\/wp\/v2\/media?parent=20473"}],"curies":[{"name":"wp","href":"https:\/\/api.w.org\/{rel}","templated":true}]}}