{"id":40275,"date":"2025-06-23T15:58:49","date_gmt":"2025-06-23T13:58:49","guid":{"rendered":"https:\/\/hannover-living.de\/?page_id=40275"},"modified":"2025-06-27T12:38:17","modified_gmt":"2025-06-27T10:38:17","slug":"%d0%b7%d0%b0%d1%8f%d0%b2%d0%bb%d0%b5%d0%bd%d0%b8%d0%b5-%d0%be-%d0%b4%d0%be%d1%81%d1%82%d1%83%d0%bf%d0%bd%d0%be%d1%81%d1%82%d0%b8","status":"publish","type":"page","link":"https:\/\/hannover-living.de\/ru\/%d0%b7%d0%b0%d1%8f%d0%b2%d0%bb%d0%b5%d0%bd%d0%b8%d0%b5-%d0%be-%d0%b4%d0%be%d1%81%d1%82%d1%83%d0%bf%d0%bd%d0%be%d1%81%d1%82%d0%b8\/","title":{"rendered":"\u0414\u0435\u043a\u043b\u0430\u0440\u0430\u0446\u0438\u044f \u043e \u0434\u043e\u0441\u0442\u0443\u043f\u043d\u043e\u0441\u0442\u0438"},"content":{"rendered":"<div data-elementor-type=\"wp-page\" data-elementor-id=\"40275\" class=\"elementor elementor-40275\" data-elementor-post-type=\"page\">\n\t\t\t\t<div class=\"elementor-element elementor-element-ebdc5d0 e-flex e-con-boxed e-con e-parent\" data-id=\"ebdc5d0\" data-element_type=\"container\" data-e-type=\"container\">\n\t\t\t\t\t<div class=\"e-con-inner\">\n\t\t\t\t<div class=\"elementor-element elementor-element-da82371 elementor-widget elementor-widget-heading\" data-id=\"da82371\" data-element_type=\"widget\" data-e-type=\"widget\" data-widget_type=\"heading.default\">\n\t\t\t\t<div class=\"elementor-widget-container\">\n\t\t\t\t\t<h1 class=\"elementor-heading-title elementor-size-default\">\u0414\u0435\u043a\u043b\u0430\u0440\u0430\u0446\u0438\u044f \u043e \u0434\u043e\u0441\u0442\u0443\u043f\u043d\u043e\u0441\u0442\u0438<\/h1>\t\t\t\t<\/div>\n\t\t\t\t<\/div>\n\t\t\t\t<div class=\"elementor-element elementor-element-d82c378 elementor-widget elementor-widget-text-editor\" data-id=\"d82c378\" data-element_type=\"widget\" data-e-type=\"widget\" data-widget_type=\"text-editor.default\">\n\t\t\t\t<div class=\"elementor-widget-container\">\n\t\t\t\t\t\t\t\t\t<ol><li><strong> \u041e\u0431\u043b\u0430\u0441\u0442\u044c \u043f\u0440\u0438\u043c\u0435\u043d\u0435\u043d\u0438\u044f<\/strong><\/li><\/ol><p style=\"padding-left: 40px;\">\u0414\u0430\u043d\u043d\u0430\u044f \u0434\u0435\u043a\u043b\u0430\u0440\u0430\u0446\u0438\u044f \u043e \u0434\u043e\u0441\u0442\u0443\u043f\u043d\u043e\u0441\u0442\u0438 \u0440\u0430\u0441\u043f\u0440\u043e\u0441\u0442\u0440\u0430\u043d\u044f\u0435\u0442\u0441\u044f \u043d\u0430 \u0432\u0435\u0431-\u0441\u0430\u0439\u0442 \u043a\u043e\u043c\u043f\u0430\u043d\u0438\u0438:<br \/><strong>\u0413\u0430\u043d\u043d\u043e\u0432\u0435\u0440 \u041c\u0430\u0440\u043a\u0435\u0442\u0438\u043d\u0433 \u0438 \u0422\u0443\u0440\u0438\u0437\u043c \u0413\u043c\u0431\u0425 (HMTG)<\/strong><br \/>www.hannover-living.de \/ http:\/\/www.hannover-tourismus.de \/ \u0418\u043d\u0442\u0435\u0440\u043d\u0435\u0442-\u043c\u0430\u0433\u0430\u0437\u0438\u043d\u044b \u043d\u0430 \u0441\u0430\u0439\u0442\u0435 welcome.visit-hannover.com<\/p><ol start=\"2\"><li><strong> \u041f\u0440\u0430\u0432\u043e\u0432\u0430\u044f \u043e\u0441\u043d\u043e\u0432\u0430<\/strong><\/li><\/ol><p style=\"padding-left: 40px;\">\u042d\u0442\u043e\u0442 \u0441\u0430\u0439\u0442 \u0441\u0442\u0440\u0435\u043c\u0438\u0442\u0441\u044f \u043f\u043e\u0434\u0434\u0435\u0440\u0436\u0438\u0432\u0430\u0442\u044c \u0441\u0432\u043e\u0435 \u043f\u0440\u0438\u0441\u0443\u0442\u0441\u0442\u0432\u0438\u0435 \u0432 \u0441\u0435\u0442\u0438 \u0432 \u0441\u043e\u043e\u0442\u0432\u0435\u0442\u0441\u0442\u0432\u0438\u0438 \u0441 <strong>\u0417\u0430\u043a\u043e\u043d \u043e\u0431 \u0443\u0441\u0438\u043b\u0435\u043d\u0438\u0438 \u0434\u043e\u0441\u0442\u0443\u043f\u043d\u043e\u0441\u0442\u0438 (BFSG)<\/strong> \u0438 <strong>\u0423\u043a\u0430\u0437 \u043e \u0431\u0435\u0437\u0431\u0430\u0440\u044c\u0435\u0440\u043d\u044b\u0445 \u0438\u043d\u0444\u043e\u0440\u043c\u0430\u0446\u0438\u043e\u043d\u043d\u044b\u0445 \u0442\u0435\u0445\u043d\u043e\u043b\u043e\u0433\u0438\u044f\u0445 (BITV 2.0)<\/strong> \u0431\u0435\u0437\u0431\u0430\u0440\u044c\u0435\u0440\u043d\u0430\u044f \u0434\u043e\u0441\u0442\u0443\u043f\u043d\u043e\u0441\u0442\u044c.<\/p><ol start=\"3\"><li><strong> \u0421\u043e\u0441\u0442\u043e\u044f\u043d\u0438\u0435 \u0441\u043e\u0432\u043c\u0435\u0441\u0442\u0438\u043c\u043e\u0441\u0442\u0438 \u0441 \u0442\u0440\u0435\u0431\u043e\u0432\u0430\u043d\u0438\u044f\u043c\u0438<\/strong><\/li><\/ol><p style=\"padding-left: 40px;\">\u042d\u0442\u043e\u0442 \u0441\u0430\u0439\u0442 <strong>\u0427\u0430\u0441\u0442\u0438\u0447\u043d\u043e \u0431\u0435\u0437\u0431\u0430\u0440\u044c\u0435\u0440\u043d\u044b\u0439<\/strong>. \u0422\u0440\u0435\u0431\u043e\u0432\u0430\u043d\u0438\u044f BITV 2.0 \u0432\u044b\u043f\u043e\u043b\u043d\u0435\u043d\u044b \u0447\u0430\u0441\u0442\u0438\u0447\u043d\u043e.<\/p><ol start=\"4\"><li><strong> \u041c\u0435\u0442\u043e\u0434\u043e\u043b\u043e\u0433\u0438\u044f \u0430\u0443\u0434\u0438\u0442\u0430<\/strong><\/li><\/ol><p style=\"padding-left: 40px;\">\u041f\u0440\u043e\u0432\u0435\u0440\u043a\u0430 \u0434\u043e\u0441\u0442\u0443\u043f\u043d\u043e\u0441\u0442\u0438 \u0431\u044b\u043b\u0430 \u043f\u0440\u043e\u0432\u0435\u0434\u0435\u043d\u0430 \u0432 \u0440\u0430\u043c\u043a\u0430\u0445 <strong>\u0421\u0430\u043c\u043e\u043e\u0446\u0435\u043d\u043a\u0430<\/strong> HMTG. \u041e\u0442\u0434\u0435\u043b\u044c\u043d\u044b\u0435 \u044d\u043b\u0435\u043c\u0435\u043d\u0442\u044b \u0431\u044b\u043b\u0438 \u0432\u044b\u0431\u043e\u0440\u043e\u0447\u043d\u043e \u043f\u0440\u043e\u0432\u0435\u0440\u0435\u043d\u044b \u0441 \u043f\u043e\u043c\u043e\u0449\u044c\u044e \u0442\u0435\u0445\u043d\u0438\u0447\u0435\u0441\u043a\u0438\u0445 \u0441\u0440\u0435\u0434\u0441\u0442\u0432 \u0442\u0435\u0441\u0442\u0438\u0440\u043e\u0432\u0430\u043d\u0438\u044f. \u0412 \u043d\u0430\u0441\u0442\u043e\u044f\u0449\u0435\u0435 \u0432\u0440\u0435\u043c\u044f \u043f\u043b\u0430\u043d\u0438\u0440\u0443\u0435\u0442\u0441\u044f \u043f\u0440\u043e\u0432\u0435\u0434\u0435\u043d\u0438\u0435 \u043a\u043e\u043c\u043f\u043b\u0435\u043a\u0441\u043d\u043e\u0433\u043e \u0432\u043d\u0435\u0448\u043d\u0435\u0433\u043e \u0430\u0443\u0434\u0438\u0442\u0430.<\/p><ol start=\"5\"><li><strong> \u041d\u0435\u0434\u043e\u0441\u0442\u0443\u043f\u043d\u043e\u0435 \u0441\u043e\u0434\u0435\u0440\u0436\u0438\u043c\u043e\u0435<\/strong><\/li><\/ol><p style=\"padding-left: 40px;\">\u041d\u0435\u043a\u043e\u0442\u043e\u0440\u044b\u0435 \u0440\u0430\u0439\u043e\u043d\u044b \u0432 \u043d\u0430\u0441\u0442\u043e\u044f\u0449\u0435\u0435 \u0432\u0440\u0435\u043c\u044f \u0432\u0441\u0435 \u0435\u0449\u0435 <strong>\u041d\u0435 \u0441\u043e\u0432\u0441\u0435\u043c \u0431\u0435\u0437\u0431\u0430\u0440\u044c\u0435\u0440\u043d\u044b\u0435<\/strong>:<\/p><ul><li style=\"list-style-type: none;\"><ul><li><strong>\u0414\u043e\u043a\u0443\u043c\u0435\u043d\u0442\u044b PDF \u0438 \u0432\u0441\u0442\u0440\u043e\u0435\u043d\u043d\u044b\u0435 \u043c\u0435\u0434\u0438\u0430\u0444\u0430\u0439\u043b\u044b:<\/strong> \u041d\u0435\u043a\u043e\u0442\u043e\u0440\u044b\u0435 \u0441\u0442\u0430\u0440\u044b\u0435 \u0444\u0430\u0439\u043b\u044b PDF \u043d\u0435 \u044f\u0432\u043b\u044f\u044e\u0442\u0441\u044f \u0431\u0435\u0437\u0431\u0430\u0440\u044c\u0435\u0440\u043d\u044b\u043c\u0438. \u0412\u0441\u0442\u0440\u043e\u0435\u043d\u043d\u044b\u0435 \u0432\u0438\u0434\u0435\u043e\u0440\u043e\u043b\u0438\u043a\u0438 \u0442\u0430\u043a\u0436\u0435 \u043d\u0435 \u0432\u0441\u0435\u0433\u0434\u0430 \u0438\u043c\u0435\u044e\u0442 \u0441\u0443\u0431\u0442\u0438\u0442\u0440\u044b \u0438\u043b\u0438 \u0430\u0443\u0434\u0438\u043e\u043e\u043f\u0438\u0441\u0430\u043d\u0438\u044f.<\/li><li><strong>\u0410\u043b\u044c\u0442\u0435\u0440\u043d\u0430\u0442\u0438\u0432\u043d\u044b\u0435 \u0442\u0435\u043a\u0441\u0442\u044b:<\/strong> \u0418\u0437\u043e\u0431\u0440\u0430\u0436\u0435\u043d\u0438\u044f, \u043e\u0441\u043e\u0431\u0435\u043d\u043d\u043e \u0432 \u0441\u0442\u0430\u0440\u044b\u0445 \u0441\u0442\u0430\u0442\u044c\u044f\u0445, \u0438\u043d\u043e\u0433\u0434\u0430 \u043d\u0435 \u0438\u043c\u0435\u044e\u0442 \u0434\u043e\u0441\u0442\u0430\u0442\u043e\u0447\u043d\u043e\u0433\u043e \u0430\u043b\u044c\u0442\u0435\u0440\u043d\u0430\u0442\u0438\u0432\u043d\u043e\u0433\u043e \u0442\u0435\u043a\u0441\u0442\u0430.<\/li><li><strong>\u041a\u043e\u043d\u0442\u0440\u0430\u0441\u0442\u044b \u0438 \u043d\u0430\u0432\u0438\u0433\u0430\u0446\u0438\u044f \u043f\u043e \u043a\u043b\u0430\u0432\u0438\u0430\u0442\u0443\u0440\u0435:<\/strong> \u041d\u0435\u043a\u043e\u0442\u043e\u0440\u044b\u0435 \u044d\u043b\u0435\u043c\u0435\u043d\u0442\u044b \u043d\u0430\u0432\u0438\u0433\u0430\u0446\u0438\u0438 \u0438 \u0434\u0438\u0437\u0430\u0439\u043d\u0430 \u043d\u0435 \u043e\u0431\u043b\u0430\u0434\u0430\u044e\u0442 \u0434\u043e\u0441\u0442\u0430\u0442\u043e\u0447\u043d\u043e\u0439 \u043a\u043e\u043d\u0442\u0440\u0430\u0441\u0442\u043d\u043e\u0441\u0442\u044c\u044e \u0438\u043b\u0438 \u043d\u0435 \u043f\u043e\u043b\u043d\u043e\u0441\u0442\u044c\u044e \u0434\u043e\u0441\u0442\u0443\u043f\u043d\u044b \u0441 \u043a\u043b\u0430\u0432\u0438\u0430\u0442\u0443\u0440\u044b.<\/li><\/ul><\/li><\/ul><p style=\"padding-left: 40px;\"><strong>\u041f\u043b\u0430\u043d\u0438\u0440\u0443\u0435\u043c\u044b\u0435 \u043c\u0435\u0440\u044b:<\/strong><\/p><ul><li style=\"list-style-type: none;\"><ul><li>\u041f\u043e\u0448\u0430\u0433\u043e\u0432\u0430\u044f \u0440\u0435\u0432\u0438\u0437\u0438\u044f PDF-\u0444\u0430\u0439\u043b\u043e\u0432 \u0438 \u0441\u043e\u0434\u0435\u0440\u0436\u0438\u043c\u043e\u0433\u043e \u0438\u0437\u043e\u0431\u0440\u0430\u0436\u0435\u043d\u0438\u0439.<\/li><li>\u041e\u043f\u0442\u0438\u043c\u0438\u0437\u0430\u0446\u0438\u044f \u0446\u0432\u0435\u0442\u043e\u0432\u044b\u0445 \u043a\u043e\u043d\u0442\u0440\u0430\u0441\u0442\u043e\u0432 \u0438 \u043d\u0430\u0432\u0438\u0433\u0430\u0446\u0438\u0438.<\/li><li>\u0418\u043d\u0442\u0435\u0433\u0440\u0430\u0446\u0438\u044f \u0434\u043e\u0441\u0442\u0443\u043f\u043d\u044b\u0445 \u043c\u0443\u043b\u044c\u0442\u0438\u043c\u0435\u0434\u0438\u0439\u043d\u044b\u0445 \u044d\u043b\u0435\u043c\u0435\u043d\u0442\u043e\u0432.<\/li><\/ul><\/li><\/ul><p style=\"padding-left: 40px;\"><strong>\u00a0<\/strong><\/p><ol start=\"6\"><li><strong> \u0411\u0435\u0437\u0431\u0430\u0440\u044c\u0435\u0440\u043d\u044b\u0435 \u0430\u043b\u044c\u0442\u0435\u0440\u043d\u0430\u0442\u0438\u0432\u044b<\/strong><\/li><\/ol><p style=\"padding-left: 40px;\">\u0414\u043b\u044f \u043d\u0435\u0434\u043e\u0441\u0442\u0443\u043f\u043d\u044b\u0445 \u043c\u0430\u0442\u0435\u0440\u0438\u0430\u043b\u043e\u0432 \u043c\u044b \u043f\u0440\u0435\u0434\u043b\u0430\u0433\u0430\u0435\u043c \u043f\u043e \u0437\u0430\u043f\u0440\u043e\u0441\u0443 <strong>\u0410\u043b\u044c\u0442\u0435\u0440\u043d\u0430\u0442\u0438\u0432\u043d\u044b\u0435 \u0434\u043e\u0441\u0442\u0443\u043f\u043d\u044b\u0435 \u0444\u043e\u0440\u043c\u0430\u0442\u044b<\/strong> (\u043d\u0430\u043f\u0440\u0438\u043c\u0435\u0440, \u0434\u043e\u0441\u0442\u0443\u043f\u043d\u044b\u0435 PDF-\u0444\u0430\u0439\u043b\u044b \u0438\u043b\u0438 \u0442\u0435\u043a\u0441\u0442\u043e\u0432\u0430\u044f \u0438\u043d\u0444\u043e\u0440\u043c\u0430\u0446\u0438\u044f). \u041f\u043e\u0436\u0430\u043b\u0443\u0439\u0441\u0442\u0430, \u0432\u043e\u0441\u043f\u043e\u043b\u044c\u0437\u0443\u0439\u0442\u0435\u0441\u044c \u043f\u0440\u0438\u0432\u0435\u0434\u0435\u043d\u043d\u043e\u0439 \u043d\u0438\u0436\u0435 \u043a\u043e\u043d\u0442\u0430\u043a\u0442\u043d\u043e\u0439 \u0438\u043d\u0444\u043e\u0440\u043c\u0430\u0446\u0438\u0435\u0439.<\/p><ol start=\"7\"><li><strong> \u041f\u043e\u0434\u0433\u043e\u0442\u043e\u0432\u043a\u0430 \u0434\u0435\u043a\u043b\u0430\u0440\u0430\u0446\u0438\u0438<\/strong><\/li><\/ol><p style=\"padding-left: 40px;\">\u042d\u0442\u0430 \u0434\u0435\u043a\u043b\u0430\u0440\u0430\u0446\u0438\u044f \u0431\u044b\u043b\u0430 \u043e\u043f\u0443\u0431\u043b\u0438\u043a\u043e\u0432\u0430\u043d\u0430 <strong>23 \u0438\u044e\u043d\u044f 2025 \u0433.<\/strong> \u0441\u043e\u0437\u0434\u0430\u043d \u0438 \u043f\u043e\u0441\u043b\u0435\u0434\u043d\u0438\u0439 \u0440\u0430\u0437 \u043e\u0431\u043d\u043e\u0432\u043b\u044f\u043b\u0441\u044f \u043d\u0430 <strong>23 \u0438\u044e\u043d\u044f 2025 \u0433.<\/strong> \u043e\u0431\u043d\u043e\u0432\u043b\u0435\u043d\u043d\u044b\u0439.<\/p><ol start=\"8\"><li><strong> \u041e\u0442\u0437\u044b\u0432\u044b \u0438 \u043a\u043e\u043d\u0442\u0430\u043a\u0442\u044b<\/strong><\/li><\/ol><p style=\"padding-left: 40px;\">\u0415\u0441\u043b\u0438 \u0432\u044b \u0437\u0430\u043c\u0435\u0442\u0438\u043b\u0438 \u043a\u0430\u043a\u0438\u0435-\u043b\u0438\u0431\u043e \u043d\u0435\u0434\u043e\u0441\u0442\u0430\u0442\u043a\u0438 \u0432 \u0434\u043e\u0441\u0442\u0443\u043f\u043d\u043e\u043c \u0434\u0438\u0437\u0430\u0439\u043d\u0435 \u043d\u0430\u0448\u0435\u0433\u043e \u0441\u0430\u0439\u0442\u0430 \u0438\u043b\u0438 \u0432\u0430\u043c \u0442\u0440\u0435\u0431\u0443\u0435\u0442\u0441\u044f \u0438\u043d\u0444\u043e\u0440\u043c\u0430\u0446\u0438\u044f \u043e \u043d\u0435\u0434\u043e\u0441\u0442\u0443\u043f\u043d\u043e\u043c \u0441\u043e\u0434\u0435\u0440\u0436\u0438\u043c\u043e\u043c, \u043f\u043e\u0436\u0430\u043b\u0443\u0439\u0441\u0442\u0430, \u0441\u0432\u044f\u0436\u0438\u0442\u0435\u0441\u044c \u0441 \u043d\u0430\u043c\u0438:<\/p><p style=\"padding-left: 40px;\"><strong>\u0413\u0430\u043d\u043d\u043e\u0432\u0435\u0440 \u041c\u0430\u0440\u043a\u0435\u0442\u0438\u043d\u0433 \u0438 \u0422\u0443\u0440\u0438\u0437\u043c \u0413\u043c\u0431\u0425<\/strong><br \/>\u0423\u043b\u0438\u0446\u0430 \u0412\u0430\u0445\u0440\u0435\u043d\u0432\u0430\u043b\u044c\u0434\u0435\u0440 7<br \/>30165 \u0413\u0430\u043d\u043d\u043e\u0432\u0435\u0440<br \/>e-mail: <a href=\"mailto:info@hannover-tourismus.de\">info@hannover-tourismus.de<\/a><br \/>\u0422\u0435\u043b\u0435\u0444\u043e\u043d: +49 (0)511 12345-0<\/p><ol start=\"9\"><li><strong> \u0418\u0441\u043f\u043e\u043b\u043d\u0438\u0442\u0435\u043b\u044c\u043d\u043e\u0435 \u043f\u0440\u043e\u0438\u0437\u0432\u043e\u0434\u0441\u0442\u0432\u043e<\/strong><\/li><\/ol><p style=\"padding-left: 40px;\">\u0415\u0441\u043b\u0438 \u0432\u044b \u043d\u0435 \u043f\u043e\u043b\u0443\u0447\u0438\u0442\u0435 \u0443\u0434\u043e\u0432\u043b\u0435\u0442\u0432\u043e\u0440\u0438\u0442\u0435\u043b\u044c\u043d\u043e\u0433\u043e \u043e\u0442\u0432\u0435\u0442\u0430 \u043d\u0430 \u0437\u0430\u043f\u0440\u043e\u0441 \u043e \u0434\u043e\u0441\u0442\u0443\u043f\u043d\u043e\u0441\u0442\u0438 \u0434\u0430\u043d\u043d\u043e\u0433\u043e \u0432\u0435\u0431-\u0441\u0430\u0439\u0442\u0430, \u0432\u044b \u043c\u043e\u0436\u0435\u0442\u0435 \u043e\u0431\u0440\u0430\u0442\u0438\u0442\u044c\u0441\u044f \u0432 \u0441\u043e\u043e\u0442\u0432\u0435\u0442\u0441\u0442\u0432\u0443\u044e\u0449\u0438\u0439 \u043e\u0440\u0433\u0430\u043d \u043f\u043e \u043a\u043e\u043d\u0442\u0440\u043e\u043b\u044e \u0437\u0430 \u0441\u043e\u0431\u043b\u044e\u0434\u0435\u043d\u0438\u0435\u043c \u0437\u0430\u043a\u043e\u043d\u043e\u0434\u0430\u0442\u0435\u043b\u044c\u0441\u0442\u0432\u0430:<\/p><p style=\"padding-left: 40px;\"><strong>\u0413\u043e\u0441\u0443\u0434\u0430\u0440\u0441\u0442\u0432\u0435\u043d\u043d\u044b\u0439 \u0443\u043f\u043e\u043b\u043d\u043e\u043c\u043e\u0447\u0435\u043d\u043d\u044b\u0439 \u043f\u043e \u0446\u0438\u0444\u0440\u043e\u0432\u043e\u0439 \u0434\u043e\u0441\u0442\u0443\u043f\u043d\u043e\u0441\u0442\u0438 \u041d\u0438\u0436\u043d\u044f\u044f \u0421\u0430\u043a\u0441\u043e\u043d\u0438\u044f<\/strong><br \/>\u041c\u0438\u043d\u0438\u0441\u0442\u0435\u0440\u0441\u0442\u0432\u043e \u0432\u043d\u0443\u0442\u0440\u0435\u043d\u043d\u0438\u0445 \u0434\u0435\u043b \u0438 \u0441\u043f\u043e\u0440\u0442\u0430 \u041d\u0438\u0436\u043d\u0435\u0439 \u0421\u0430\u043a\u0441\u043e\u043d\u0438\u0438<br \/>\u0425\u0430\u043d\u043d\u0430-\u0410\u0440\u0435\u043d\u0434\u0442-\u041f\u043b\u0430\u0446 2<br \/>30159 Hannover<br \/>e-mail: <a href=\"mailto:digitale-barrierefreiheit@mi.niedersachsen.de\">digitale-barrierefreiheit@mi.niedersachsen.de<\/a><br \/>\u0422\u0435\u043b\u0435\u0444\u043e\u043d: +49 (0)511 120-0<br \/>\u0412\u0435\u0431-\u0441\u0430\u0439\u0442: <a href=\"https:\/\/www.mi.niedersachsen.de\" target=\"_blank\" rel=\"noopener\">www.mi.niedersachsen.de<\/a><\/p>\t\t\t\t\t\t\t\t<\/div>\n\t\t\t\t<\/div>\n\t\t\t\t\t<\/div>\n\t\t\t\t<\/div>\n\t\t\t\t<\/div>","protected":false},"excerpt":{"rendered":"<p>Erkl\u00e4rung zur Barrierefreiheit Geltungsbereich Diese Erkl\u00e4rung zur Barrierefreiheit gilt f\u00fcr den Webauftritt der:Hannover Marketing und Tourismus GmbH (HMTG)www.hannover-living.de \/ http:\/\/www.hannover-tourismus.de \/ Onlinshops unter welcome.visit-hannover.com Rechtsgrundlagen Diese Website ist bem\u00fcht, ihren Webauftritt im Einklang mit dem Barrierefreiheitsst\u00e4rkungsgesetz (BFSG) und der Barrierefreie-Informationstechnik-Verordnung (BITV 2.0) barrierefrei zug\u00e4nglich zu machen. Stand der Vereinbarkeit mit den Anforderungen Dieser Webauftritt ist [&hellip;]<\/p>\n","protected":false},"author":1,"featured_media":0,"parent":0,"menu_order":0,"comment_status":"closed","ping_status":"closed","template":"","meta":{"footnotes":""},"class_list":["post-40275","page","type-page","status-publish","hentry"],"_links":{"self":[{"href":"https:\/\/hannover-living.de\/ru\/wp-json\/wp\/v2\/pages\/40275","targetHints":{"allow":["GET"]}}],"collection":[{"href":"https:\/\/hannover-living.de\/ru\/wp-json\/wp\/v2\/pages"}],"about":[{"href":"https:\/\/hannover-living.de\/ru\/wp-json\/wp\/v2\/types\/page"}],"author":[{"embeddable":true,"href":"https:\/\/hannover-living.de\/ru\/wp-json\/wp\/v2\/users\/1"}],"replies":[{"embeddable":true,"href":"https:\/\/hannover-living.de\/ru\/wp-json\/wp\/v2\/comments?post=40275"}],"version-history":[{"count":9,"href":"https:\/\/hannover-living.de\/ru\/wp-json\/wp\/v2\/pages\/40275\/revisions"}],"predecessor-version":[{"id":40305,"href":"https:\/\/hannover-living.de\/ru\/wp-json\/wp\/v2\/pages\/40275\/revisions\/40305"}],"wp:attachment":[{"href":"https:\/\/hannover-living.de\/ru\/wp-json\/wp\/v2\/media?parent=40275"}],"curies":[{"name":"wp","href":"https:\/\/api.w.org\/{rel}","templated":true}]}}