{"id":40275,"date":"2025-06-23T15:58:49","date_gmt":"2025-06-23T13:58:49","guid":{"rendered":"https:\/\/hannover-living.de\/?page_id=40275"},"modified":"2025-06-27T12:38:17","modified_gmt":"2025-06-27T10:38:17","slug":"foerklaring-om-tillgaenglighet","status":"publish","type":"page","link":"https:\/\/hannover-living.de\/sv\/foerklaring-om-tillgaenglighet\/","title":{"rendered":"F\u00f6rklaring om tillg\u00e4nglighet"},"content":{"rendered":"<div data-elementor-type=\"wp-page\" data-elementor-id=\"40275\" class=\"elementor elementor-40275\" data-elementor-post-type=\"page\">\n\t\t\t\t<div class=\"elementor-element elementor-element-ebdc5d0 e-flex e-con-boxed e-con e-parent\" data-id=\"ebdc5d0\" data-element_type=\"container\" data-e-type=\"container\">\n\t\t\t\t\t<div class=\"e-con-inner\">\n\t\t\t\t<div class=\"elementor-element elementor-element-da82371 elementor-widget elementor-widget-heading\" data-id=\"da82371\" data-element_type=\"widget\" data-e-type=\"widget\" data-widget_type=\"heading.default\">\n\t\t\t\t<div class=\"elementor-widget-container\">\n\t\t\t\t\t<h1 class=\"elementor-heading-title elementor-size-default\">F\u00f6rklaring om tillg\u00e4nglighet<\/h1>\t\t\t\t<\/div>\n\t\t\t\t<\/div>\n\t\t\t\t<div class=\"elementor-element elementor-element-d82c378 elementor-widget elementor-widget-text-editor\" data-id=\"d82c378\" data-element_type=\"widget\" data-e-type=\"widget\" data-widget_type=\"text-editor.default\">\n\t\t\t\t<div class=\"elementor-widget-container\">\n\t\t\t\t\t\t\t\t\t<ol><li><strong> Till\u00e4mpningsomr\u00e5de<\/strong><\/li><\/ol><p style=\"padding-left: 40px;\">Denna f\u00f6rklaring om tillg\u00e4nglighet g\u00e4ller f\u00f6r webbplatsen f\u00f6r:<br \/><strong>Hannover Marketing and Tourismus GmbH (HMTG)<\/strong><br \/>www.hannover-living.de \/ http:\/\/www.hannover-tourismus.de \/ webbutiker p\u00e5 welcome.visit-hannover.com<\/p><ol start=\"2\"><li><strong> R\u00e4ttslig grund<\/strong><\/li><\/ol><p style=\"padding-left: 40px;\">Denna webbplats str\u00e4var efter att uppr\u00e4tth\u00e5lla sin n\u00e4rvaro p\u00e5 webben i enlighet med <strong>Lag om f\u00f6rst\u00e4rkning av tillg\u00e4ngligheten (BFSG)<\/strong> och <strong>F\u00f6rordning om hinderfri informationsteknik (BITV 2.0)<\/strong> hinderfri tillg\u00e4nglighet.<\/p><ol start=\"3\"><li><strong> Status f\u00f6r kompatibilitet med kraven<\/strong><\/li><\/ol><p style=\"padding-left: 40px;\">Denna webbplats \u00e4r <strong>Delvis barri\u00e4rfri<\/strong>. Kraven i BITV 2.0 \u00e4r delvis uppfyllda.<\/p><ol start=\"4\"><li><strong> Metod f\u00f6r revisionen<\/strong><\/li><\/ol><p style=\"padding-left: 40px;\">Tillg\u00e4nglighetskontrollen utf\u00f6rdes som en del av en <strong>Sj\u00e4lvutv\u00e4rdering<\/strong> av HMTG. Enskilda delar kontrollerades slumpm\u00e4ssigt med hj\u00e4lp av tekniska testverktyg. En omfattande extern revision \u00e4r f\u00f6r n\u00e4rvarande under planering.<\/p><ol start=\"5\"><li><strong> Icke-tillg\u00e4ngligt inneh\u00e5ll<\/strong><\/li><\/ol><p style=\"padding-left: 40px;\">Vissa omr\u00e5den \u00e4r f\u00f6r n\u00e4rvarande fortfarande <strong>Inte helt barri\u00e4rfri<\/strong>:<\/p><ul><li style=\"list-style-type: none;\"><ul><li><strong>PDF-dokument och inb\u00e4ddad media:<\/strong> Vissa \u00e4ldre PDF-filer \u00e4r inte tillg\u00e4nglighetsanpassade. Inb\u00e4ddade videor har inte heller alltid undertexter eller ljudbeskrivningar.<\/li><li><strong>Alternativa texter:<\/strong> Bilder, s\u00e4rskilt i \u00e4ldre artiklar, har ibland inte tillr\u00e4ckliga alternativa texter.<\/li><li><strong>Kontraster och tangentbordsnavigering:<\/strong> Vissa navigerings- och designelement har \u00e4nnu inte tillr\u00e4cklig kontrast i alla delar eller \u00e4r inte helt tillg\u00e4ngliga via tangentbordet.<\/li><\/ul><\/li><\/ul><p style=\"padding-left: 40px;\"><strong>Planerade \u00e5tg\u00e4rder:<\/strong><\/p><ul><li style=\"list-style-type: none;\"><ul><li>Steg-f\u00f6r-steg-revision av PDF-filer och bildinneh\u00e5ll.<\/li><li>Optimering av f\u00e4rgkontraster och navigering.<\/li><li>Integrering av tillg\u00e4ngliga multimediaelement.<\/li><\/ul><\/li><\/ul><p style=\"padding-left: 40px;\"><strong>\u00a0<\/strong><\/p><ol start=\"6\"><li><strong> Barri\u00e4rfria alternativ<\/strong><\/li><\/ol><p style=\"padding-left: 40px;\">F\u00f6r icke-\u00e5tkomligt inneh\u00e5ll erbjuder vi p\u00e5 beg\u00e4ran <strong>Alternativa tillg\u00e4ngliga format<\/strong> (t.ex. tillg\u00e4ngliga PDF-filer eller textbaserad information). V\u00e4nligen anv\u00e4nd kontaktalternativet nedan.<\/p><ol start=\"7\"><li><strong> Utarbetande av deklarationen<\/strong><\/li><\/ol><p style=\"padding-left: 40px;\">Denna f\u00f6rklaring utf\u00e4rdades den <strong>23 juni 2025<\/strong> skapad och senast uppdaterad den <strong>23 juni 2025<\/strong> uppdaterad.<\/p><ol start=\"8\"><li><strong> Feedback och kontakt<\/strong><\/li><\/ol><p style=\"padding-left: 40px;\">Om du uppt\u00e4cker n\u00e5gra brister n\u00e4r det g\u00e4ller den tillg\u00e4ngliga utformningen av v\u00e5r webbplats eller om du beh\u00f6ver information om inneh\u00e5ll som inte \u00e4r tillg\u00e4ngligt, tveka inte att kontakta oss:<\/p><p style=\"padding-left: 40px;\"><strong>Hannover Marketing and Tourismus GmbH<\/strong><br \/>Vahrenwalder Street 7<br \/>30165 Hanover<br \/>E-post: <a href=\"mailto:info@hannover-tourismus.de\">info@hannover-tourismus.de<\/a><br \/>Telefon: +49 (0)511 12345-0<\/p><ol start=\"9\"><li><strong> Verkst\u00e4llighetsf\u00f6rfaranden<\/strong><\/li><\/ol><p style=\"padding-left: 40px;\">Om du inte f\u00e5r ett tillfredsst\u00e4llande svar p\u00e5 en tillg\u00e4nglighetsf\u00f6rfr\u00e5gan om denna webbplats, \u00e4r du v\u00e4lkommen att kontakta det relevanta tillsynsorganet:<\/p><p style=\"padding-left: 40px;\"><strong>Delstatskommission\u00e4r f\u00f6r digital tillg\u00e4nglighet i Niedersachsen<\/strong><br \/>Niedersachsens inrikes- och idrottsministerium<br \/>Hanna-Arendt-Platz 2<br \/>30159 Hannover<br \/>E-post: <a href=\"mailto:digitale-barrierefreiheit@mi.niedersachsen.de\">digitale-barrierefreiheit@mi.niedersachsen.de<\/a><br \/>Telefon: +49 (0)511 120-0<br \/>Hemsida: <a href=\"https:\/\/www.mi.niedersachsen.de\" target=\"_blank\" rel=\"noopener\">www.mi.niedersachsen.de<\/a><\/p>\t\t\t\t\t\t\t\t<\/div>\n\t\t\t\t<\/div>\n\t\t\t\t\t<\/div>\n\t\t\t\t<\/div>\n\t\t\t\t<\/div>","protected":false},"excerpt":{"rendered":"<p>Erkl\u00e4rung zur Barrierefreiheit Geltungsbereich Diese Erkl\u00e4rung zur Barrierefreiheit gilt f\u00fcr den Webauftritt der:Hannover Marketing und Tourismus GmbH (HMTG)www.hannover-living.de \/ http:\/\/www.hannover-tourismus.de \/ Onlinshops unter welcome.visit-hannover.com Rechtsgrundlagen Diese Website ist bem\u00fcht, ihren Webauftritt im Einklang mit dem Barrierefreiheitsst\u00e4rkungsgesetz (BFSG) und der Barrierefreie-Informationstechnik-Verordnung (BITV 2.0) barrierefrei zug\u00e4nglich zu machen. Stand der Vereinbarkeit mit den Anforderungen Dieser Webauftritt ist [&hellip;]<\/p>\n","protected":false},"author":1,"featured_media":0,"parent":0,"menu_order":0,"comment_status":"closed","ping_status":"closed","template":"","meta":{"footnotes":""},"class_list":["post-40275","page","type-page","status-publish","hentry"],"_links":{"self":[{"href":"https:\/\/hannover-living.de\/sv\/wp-json\/wp\/v2\/pages\/40275","targetHints":{"allow":["GET"]}}],"collection":[{"href":"https:\/\/hannover-living.de\/sv\/wp-json\/wp\/v2\/pages"}],"about":[{"href":"https:\/\/hannover-living.de\/sv\/wp-json\/wp\/v2\/types\/page"}],"author":[{"embeddable":true,"href":"https:\/\/hannover-living.de\/sv\/wp-json\/wp\/v2\/users\/1"}],"replies":[{"embeddable":true,"href":"https:\/\/hannover-living.de\/sv\/wp-json\/wp\/v2\/comments?post=40275"}],"version-history":[{"count":9,"href":"https:\/\/hannover-living.de\/sv\/wp-json\/wp\/v2\/pages\/40275\/revisions"}],"predecessor-version":[{"id":40305,"href":"https:\/\/hannover-living.de\/sv\/wp-json\/wp\/v2\/pages\/40275\/revisions\/40305"}],"wp:attachment":[{"href":"https:\/\/hannover-living.de\/sv\/wp-json\/wp\/v2\/media?parent=40275"}],"curies":[{"name":"wp","href":"https:\/\/api.w.org\/{rel}","templated":true}]}}