{"id":26836,"date":"2024-06-17T11:02:06","date_gmt":"2024-06-17T09:02:06","guid":{"rendered":"https:\/\/hannover-living.de\/?page_id=26836"},"modified":"2025-07-18T10:33:30","modified_gmt":"2025-07-18T08:33:30","slug":"360-derece","status":"publish","type":"page","link":"https:\/\/hannover-living.de\/tr\/360-derece\/","title":{"rendered":"Hannover'i 360 derece rahat bir \u015fekilde deneyimleyin"},"content":{"rendered":"<div data-elementor-type=\"wp-page\" data-elementor-id=\"26836\" class=\"elementor elementor-26836\" data-elementor-post-type=\"page\">\n\t\t\t\t\t\t<section class=\"elementor-section elementor-top-section elementor-element elementor-element-6b2dbb4 elementor-section-boxed elementor-section-height-default elementor-section-height-default\" data-id=\"6b2dbb4\" data-element_type=\"section\" data-e-type=\"section\">\n\t\t\t\t\t\t<div class=\"elementor-container elementor-column-gap-default\">\n\t\t\t\t\t<div class=\"elementor-column elementor-col-100 elementor-top-column elementor-element elementor-element-a66b7bc\" data-id=\"a66b7bc\" data-element_type=\"column\" data-e-type=\"column\">\n\t\t\t<div class=\"elementor-widget-wrap elementor-element-populated\">\n\t\t\t\t\t\t<div class=\"elementor-element elementor-element-08f888b elementor--h-position-center elementor--v-position-middle elementor-arrows-position-inside elementor-pagination-position-inside elementor-widget elementor-widget-slides\" data-id=\"08f888b\" data-element_type=\"widget\" data-e-type=\"widget\" data-settings=\"{&quot;autoplay_speed&quot;:7000,&quot;transition_speed&quot;:800,&quot;navigation&quot;:&quot;both&quot;,&quot;autoplay&quot;:&quot;yes&quot;,&quot;pause_on_hover&quot;:&quot;yes&quot;,&quot;pause_on_interaction&quot;:&quot;yes&quot;,&quot;infinite&quot;:&quot;yes&quot;,&quot;transition&quot;:&quot;slide&quot;}\" data-widget_type=\"slides.default\">\n\t\t\t\t<div class=\"elementor-widget-container\">\n\t\t\t\t\t\t\t\t\t<div class=\"elementor-swiper\">\n\t\t\t\t\t<div class=\"elementor-slides-wrapper elementor-main-swiper swiper\" role=\"region\" aria-roledescription=\"carousel\" aria-label=\"Kayd\u0131r\u0131c\u0131\" dir=\"ltr\" data-animation=\"zoomIn\">\n\t\t\t\t<div class=\"swiper-wrapper elementor-slides\">\n\t\t\t\t\t\t\t\t\t\t<div class=\"elementor-repeater-item-9d343b9 swiper-slide\" role=\"group\" aria-roledescription=\"slide\"><div class=\"swiper-slide-bg elementor-ken-burns elementor-ken-burns--out\" role=\"img\" aria-label=\"Deister, 360\u00b0 tur\"><\/div><div class=\"elementor-background-overlay\"><\/div><div class=\"swiper-slide-inner\" ><div class=\"swiper-slide-contents\"><div class=\"elementor-slide-heading\">Hannover'i 360 derece rahat bir \u015fekilde deneyimleyin<\/div><\/div><\/div><\/div>\t\t\t\t<\/div>\n\t\t\t\t\t\t\t<\/div>\n\t\t\t\t<\/div>\n\t\t\t\t\t\t\t\t<\/div>\n\t\t\t\t<\/div>\n\t\t\t\t\t<\/div>\n\t\t<\/div>\n\t\t\t\t\t<\/div>\n\t\t<\/section>\n\t\t\t\t<section class=\"elementor-section elementor-top-section elementor-element elementor-element-88613dc elementor-section-boxed elementor-section-height-default elementor-section-height-default\" data-id=\"88613dc\" data-element_type=\"section\" data-e-type=\"section\">\n\t\t\t\t\t\t<div class=\"elementor-container elementor-column-gap-default\">\n\t\t\t\t\t<div class=\"elementor-column elementor-col-100 elementor-top-column elementor-element elementor-element-629ff9d\" data-id=\"629ff9d\" data-element_type=\"column\" data-e-type=\"column\">\n\t\t\t<div class=\"elementor-widget-wrap elementor-element-populated\">\n\t\t\t\t\t\t<div class=\"elementor-element elementor-element-da993b4 elementor-widget elementor-widget-spacer\" data-id=\"da993b4\" data-element_type=\"widget\" data-e-type=\"widget\" data-widget_type=\"spacer.default\">\n\t\t\t\t<div class=\"elementor-widget-container\">\n\t\t\t\t\t\t\t<div class=\"elementor-spacer\">\n\t\t\t<div class=\"elementor-spacer-inner\"><\/div>\n\t\t<\/div>\n\t\t\t\t\t\t<\/div>\n\t\t\t\t<\/div>\n\t\t\t\t<div class=\"elementor-element elementor-element-5712dd7 elementor-widget elementor-widget-text-editor\" data-id=\"5712dd7\" data-element_type=\"widget\" data-e-type=\"widget\" data-widget_type=\"text-editor.default\">\n\t\t\t\t<div class=\"elementor-widget-container\">\n\t\t\t\t\t\t\t\t\t<h3>Hanover i\u00e7in dijital beklenti!<\/h3><p>Hannover'i sanal olarak ke\u015ffedin, yerinde canl\u0131 olarak deneyimleyin: S\u00fcrd\u00fcr\u00fclebilir ve dijital bir Hannover gezisine \u00e7\u0131k\u0131n ve \u015fehri ke\u015ffedin - 360 derece turlar bunu m\u00fcmk\u00fcn k\u0131l\u0131yor.<\/p><p>\u015euna bir g\u00f6z at\u0131n <a href=\"https:\/\/www.hannover-living.de\/wp-content\/uploads\/panorama\/StadtrundgangHannoverSehenswert.html\" target=\"_blank\" rel=\"noopener\">\u0130lgi \u00e7ekici yerler <\/a>\u015fehri sanal olarak ve koltu\u011funuzun rahatl\u0131\u011f\u0131nda ke\u015ffedin. VR deneyimi i\u00e7in sab\u0131rs\u0131zlan\u0131yoruz <a href=\"https:\/\/www.hannover-living.de\/wp-content\/uploads\/panorama\/RundgangZoo.html\">Hanover Macera Hayvanat Bah\u00e7esi<\/a>ve <a href=\"https:\/\/www.hannover-living.de\/wp-content\/uploads\/panorama\/Gaertengesamt.html\">Herrenhausen Bah\u00e7eleri<\/a>ve <a href=\"https:\/\/www.hannover-living.de\/wp-content\/uploads\/panorama\/Rathausgesamtneu2019.html\" target=\"_blank\" rel=\"noopener\">Yeni belediye binas\u0131<\/a> ya da <a href=\"https:\/\/www.hannover-living.de\/wp-content\/uploads\/panorama\/StadtrundgangHannoverAltstadt.html\" target=\"_blank\" rel=\"noopener\">Eski \u015eehir<\/a>. 360 derece turlar ile seyahat etmek <a href=\"https:\/\/www.hannover-living.de\/wp-content\/uploads\/panorama\/RundgangSteinhuderMeer.html\" target=\"_blank\" rel=\"noopener\">Steinhuder Denizi<\/a> ya da <a href=\"https:\/\/www.hannover-living.de\/wp-content\/uploads\/panorama\/Marienburg360.html\" target=\"_blank\" rel=\"noopener\">Marienburg Kalesi<\/a> - cep telefonunuz, tabletiniz veya bilgisayar\u0131n\u0131zla rahat\u00e7a. Burada gelecekteki seyahatleriniz i\u00e7in ilham toplayabilirsiniz.<\/p><p>Bu arada: Almanya'n\u0131n kalbinde yer alan ve her y\u00f6ne demiryolu ba\u011flant\u0131lar\u0131 bulunan konum, iklim dostu bir \u015fekilde seyahat etmeyi kolayla\u015ft\u0131rmaktad\u0131r. S\u00fcrd\u00fcr\u00fclebilir bir konaklama i\u00e7in tesis i\u00e7inde iyi bir toplu ta\u015f\u0131ma vard\u0131r.<\/p>\t\t\t\t\t\t\t\t<\/div>\n\t\t\t\t<\/div>\n\t\t\t\t<div class=\"elementor-element elementor-element-310b4b3 elementor-widget elementor-widget-spacer\" data-id=\"310b4b3\" data-element_type=\"widget\" data-e-type=\"widget\" data-widget_type=\"spacer.default\">\n\t\t\t\t<div class=\"elementor-widget-container\">\n\t\t\t\t\t\t\t<div class=\"elementor-spacer\">\n\t\t\t<div class=\"elementor-spacer-inner\"><\/div>\n\t\t<\/div>\n\t\t\t\t\t\t<\/div>\n\t\t\t\t<\/div>\n\t\t\t\t\t<\/div>\n\t\t<\/div>\n\t\t\t\t\t<\/div>\n\t\t<\/section>\n\t\t\t\t<section class=\"elementor-section elementor-top-section elementor-element elementor-element-d6b9b49 elementor-section-full_width elementor-section-height-default elementor-section-height-default\" data-id=\"d6b9b49\" data-element_type=\"section\" data-e-type=\"section\">\n\t\t\t\t\t\t<div class=\"elementor-container elementor-column-gap-custom\">\n\t\t\t\t\t<div class=\"elementor-column elementor-col-33 elementor-top-column elementor-element elementor-element-018f076\" data-id=\"018f076\" data-element_type=\"column\" data-e-type=\"column\">\n\t\t\t<div class=\"elementor-widget-wrap elementor-element-populated\">\n\t\t\t\t\t\t<div class=\"elementor-element elementor-element-e50f0ae elementor-cta--valign-top elementor-widget__width-inherit elementor-cta--skin-classic elementor-animated-content elementor-widget elementor-widget-call-to-action\" data-id=\"e50f0ae\" data-element_type=\"widget\" data-e-type=\"widget\" data-widget_type=\"call-to-action.default\">\n\t\t\t\t<div class=\"elementor-widget-container\">\n\t\t\t\t\t\t\t<a class=\"elementor-cta\" href=\"https:\/\/hannover-living.de\/wp-content\/uploads\/panorama\/RundgangGartenjahr2025.html\">\n\t\t\t\t\t<div class=\"elementor-cta__bg-wrapper\">\n\t\t\t\t<div class=\"elementor-cta__bg elementor-bg\" style=\"background-image: url(https:\/\/hannover-living.de\/wp-content\/uploads\/2024\/06\/HMTG_VR_Herrenhausen-1024x576.jpg);\" role=\"img\" aria-label=\"Ye\u015fil Hannover, 360\u00b0 tur, \u00a9 HMTG\"><\/div>\n\t\t\t\t<div class=\"elementor-cta__bg-overlay\"><\/div>\n\t\t\t<\/div>\n\t\t\t\t\t\t\t<div class=\"elementor-cta__content\">\n\t\t\t\t\n\t\t\t\t\t\t\t\t\t<h2 class=\"elementor-cta__title elementor-cta__content-item elementor-content-item\">\n\t\t\t\t\t\tYe\u015fil Hanover\t\t\t\t\t<\/h2>\n\t\t\t\t\n\t\t\t\t\t\t\t\t\t<div class=\"elementor-cta__description elementor-cta__content-item elementor-content-item\">\n\t\t\t\t\t\tHannover'in park ve bah\u00e7elerinin dijital beklentisi: 360 derece sanal ger\u00e7eklik turu ile \u015fehrin ye\u015fil vahalar\u0131n\u0131 yak\u0131ndan ke\u015ffedin! Hannover'in ye\u015fil akci\u011ferlerinin \u00e7e\u015fitlili\u011fi ve g\u00fczelli\u011finden ilham al\u0131n.\t\t\t\t\t<\/div>\n\t\t\t\t\n\t\t\t\t\t\t\t<\/div>\n\t\t\t\t\t\t<\/a>\n\t\t\t\t\t\t<\/div>\n\t\t\t\t<\/div>\n\t\t\t\t\t<\/div>\n\t\t<\/div>\n\t\t\t\t<div class=\"elementor-column elementor-col-33 elementor-top-column elementor-element elementor-element-905cc4a\" data-id=\"905cc4a\" data-element_type=\"column\" data-e-type=\"column\">\n\t\t\t<div class=\"elementor-widget-wrap elementor-element-populated\">\n\t\t\t\t\t\t<div class=\"elementor-element elementor-element-9bdb89f elementor-cta--valign-top elementor-widget__width-inherit elementor-cta--skin-classic elementor-animated-content elementor-widget elementor-widget-call-to-action\" data-id=\"9bdb89f\" data-element_type=\"widget\" data-e-type=\"widget\" data-widget_type=\"call-to-action.default\">\n\t\t\t\t<div class=\"elementor-widget-container\">\n\t\t\t\t\t\t\t<a class=\"elementor-cta\" href=\"https:\/\/www.hannover-living.de\/wp-content\/uploads\/panorama\/RundgangZoo.html\">\n\t\t\t\t\t<div class=\"elementor-cta__bg-wrapper\">\n\t\t\t\t<div class=\"elementor-cta__bg elementor-bg\" style=\"background-image: url(https:\/\/hannover-living.de\/wp-content\/uploads\/2024\/06\/HMTG_VR_Zoo-1024x576.jpg);\" role=\"img\" aria-label=\"Macera Hayvanat Bah\u00e7esi, 360\u00b0 tur, \u00a9 HMTG\"><\/div>\n\t\t\t\t<div class=\"elementor-cta__bg-overlay\"><\/div>\n\t\t\t<\/div>\n\t\t\t\t\t\t\t<div class=\"elementor-cta__content\">\n\t\t\t\t\n\t\t\t\t\t\t\t\t\t<h2 class=\"elementor-cta__title elementor-cta__content-item elementor-content-item\">\n\t\t\t\t\t\tHanover Macera Hayvanat Bah\u00e7esi\t\t\t\t\t<\/h2>\n\t\t\t\t\n\t\t\t\t\t\t\t\t\t<div class=\"elementor-cta__description elementor-cta__content-item elementor-content-item\">\n\t\t\t\t\t\tHeyecan verici maceralar\u0131n dijital beklentisi: Hannover Macera Hayvanat Bah\u00e7esi'ndeki VR turumuzla egzotik hayvanlar\u0131 ve b\u00fcy\u00fcleyici d\u00fcnyalar\u0131 ke\u015ffedin! Hayvanat bah\u00e7esinin \u00e7e\u015fitlili\u011fi ve b\u00fcy\u00fcs\u00fcnden ilham al\u0131n ve unutulmaz anlar ya\u015fay\u0131n.\t\t\t\t\t<\/div>\n\t\t\t\t\n\t\t\t\t\t\t\t<\/div>\n\t\t\t\t\t\t<\/a>\n\t\t\t\t\t\t<\/div>\n\t\t\t\t<\/div>\n\t\t\t\t\t<\/div>\n\t\t<\/div>\n\t\t\t\t<div class=\"elementor-column elementor-col-33 elementor-top-column elementor-element elementor-element-753b33c\" data-id=\"753b33c\" data-element_type=\"column\" data-e-type=\"column\">\n\t\t\t<div class=\"elementor-widget-wrap elementor-element-populated\">\n\t\t\t\t\t\t<div class=\"elementor-element elementor-element-e5c9f59 elementor-cta--valign-top elementor-widget__width-inherit elementor-cta--skin-classic elementor-animated-content elementor-widget elementor-widget-call-to-action\" data-id=\"e5c9f59\" data-element_type=\"widget\" data-e-type=\"widget\" data-widget_type=\"call-to-action.default\">\n\t\t\t\t<div class=\"elementor-widget-container\">\n\t\t\t\t\t\t\t<a class=\"elementor-cta\" href=\"https:\/\/hannover-living.de\/wp-content\/uploads\/panorama\/StadtrundgangHannoverRoterFaden.html\">\n\t\t\t\t\t<div class=\"elementor-cta__bg-wrapper\">\n\t\t\t\t<div class=\"elementor-cta__bg elementor-bg\" style=\"background-image: url(https:\/\/hannover-living.de\/wp-content\/uploads\/2024\/06\/HMTG_VR_Roter-Faden-1024x576.jpg);\" role=\"img\" aria-label=\"K\u0131rm\u0131z\u0131 iplik, 360\u00b0 tur\"><\/div>\n\t\t\t\t<div class=\"elementor-cta__bg-overlay\"><\/div>\n\t\t\t<\/div>\n\t\t\t\t\t\t\t<div class=\"elementor-cta__content\">\n\t\t\t\t\n\t\t\t\t\t\t\t\t\t<h2 class=\"elementor-cta__title elementor-cta__content-item elementor-content-item\">\n\t\t\t\t\t\t\u015eehir turu: K\u0131rm\u0131z\u0131 iplik\t\t\t\t\t<\/h2>\n\t\t\t\t\n\t\t\t\t\t\t\t\t\t<div class=\"elementor-cta__description elementor-cta__content-item elementor-content-item\">\n\t\t\t\t\t\tEn iyi noktalar\u0131n ve turistik yerlerin dijital beklentisi: Red Thread boyunca 360 derecelik \u015fehir turu ile Hannover'i evinizden ke\u015ffedebilir ve 36 \u00f6nemli noktay\u0131 sanal olarak tan\u0131yabilirsiniz. \t\t\t\t\t<\/div>\n\t\t\t\t\n\t\t\t\t\t\t\t<\/div>\n\t\t\t\t\t\t<\/a>\n\t\t\t\t\t\t<\/div>\n\t\t\t\t<\/div>\n\t\t\t\t\t<\/div>\n\t\t<\/div>\n\t\t\t\t\t<\/div>\n\t\t<\/section>\n\t\t\t\t<section class=\"elementor-section elementor-top-section elementor-element elementor-element-2a8e2c3 elementor-section-full_width elementor-section-height-default elementor-section-height-default\" data-id=\"2a8e2c3\" data-element_type=\"section\" data-e-type=\"section\">\n\t\t\t\t\t\t<div class=\"elementor-container elementor-column-gap-custom\">\n\t\t\t\t\t<div class=\"elementor-column elementor-col-33 elementor-top-column elementor-element elementor-element-a14f32c\" data-id=\"a14f32c\" data-element_type=\"column\" data-e-type=\"column\">\n\t\t\t<div class=\"elementor-widget-wrap elementor-element-populated\">\n\t\t\t\t\t\t<div class=\"elementor-element elementor-element-60a977b elementor-cta--valign-top elementor-widget__width-inherit elementor-cta--skin-classic elementor-animated-content elementor-widget elementor-widget-call-to-action\" data-id=\"60a977b\" data-element_type=\"widget\" data-e-type=\"widget\" data-widget_type=\"call-to-action.default\">\n\t\t\t\t<div class=\"elementor-widget-container\">\n\t\t\t\t\t\t\t<a class=\"elementor-cta\" href=\"https:\/\/www.hannover-living.de\/wp-content\/uploads\/panorama\/MuseenHannoveroS.html\">\n\t\t\t\t\t<div class=\"elementor-cta__bg-wrapper\">\n\t\t\t\t<div class=\"elementor-cta__bg elementor-bg\" style=\"background-image: url(https:\/\/hannover-living.de\/wp-content\/uploads\/2024\/06\/HMTG_VR_Sprengel-1024x576.jpg);\" role=\"img\" aria-label=\"M\u00fczeler, 360\u00b0 tur\"><\/div>\n\t\t\t\t<div class=\"elementor-cta__bg-overlay\"><\/div>\n\t\t\t<\/div>\n\t\t\t\t\t\t\t<div class=\"elementor-cta__content\">\n\t\t\t\t\n\t\t\t\t\t\t\t\t\t<h2 class=\"elementor-cta__title elementor-cta__content-item elementor-content-item\">\n\t\t\t\t\t\tHannover'deki M\u00fczeler\t\t\t\t\t<\/h2>\n\t\t\t\t\n\t\t\t\t\t\t\t\t\t<div class=\"elementor-cta__description elementor-cta__content-item elementor-content-item\">\n\t\t\t\t\t\tK\u00fclt\u00fcrel olaylar\u0131n dijital beklentisi: Hannover'in m\u00fczeleri etkileyici sergiler ve ke\u015ffedilmeyi bekleyen b\u00fcy\u00fcleyici koleksiyonlar sunuyor. Kendinizi sanat, tarih ve bilim d\u00fcnyas\u0131n\u0131n b\u00fcy\u00fcs\u00fcne b\u0131rak\u0131n.\t\t\t\t\t<\/div>\n\t\t\t\t\n\t\t\t\t\t\t\t<\/div>\n\t\t\t\t\t\t<\/a>\n\t\t\t\t\t\t<\/div>\n\t\t\t\t<\/div>\n\t\t\t\t\t<\/div>\n\t\t<\/div>\n\t\t\t\t<div class=\"elementor-column elementor-col-33 elementor-top-column elementor-element elementor-element-1ff480a\" data-id=\"1ff480a\" data-element_type=\"column\" data-e-type=\"column\">\n\t\t\t<div class=\"elementor-widget-wrap elementor-element-populated\">\n\t\t\t\t\t\t<div class=\"elementor-element elementor-element-adec614 elementor-cta--valign-top elementor-widget__width-inherit elementor-cta--skin-classic elementor-animated-content elementor-widget elementor-widget-call-to-action\" data-id=\"adec614\" data-element_type=\"widget\" data-e-type=\"widget\" data-widget_type=\"call-to-action.default\">\n\t\t\t\t<div class=\"elementor-widget-container\">\n\t\t\t\t\t\t\t<a class=\"elementor-cta\" href=\"https:\/\/www.hannover-living.de\/wp-content\/uploads\/panorama\/RundgangDeister.html\">\n\t\t\t\t\t<div class=\"elementor-cta__bg-wrapper\">\n\t\t\t\t<div class=\"elementor-cta__bg elementor-bg\" style=\"background-image: url(https:\/\/hannover-living.de\/wp-content\/uploads\/2024\/06\/HMTG_VR_Deister-1024x576.jpg);\" role=\"img\" aria-label=\"Deister, 360\u00b0 tur\"><\/div>\n\t\t\t\t<div class=\"elementor-cta__bg-overlay\"><\/div>\n\t\t\t<\/div>\n\t\t\t\t\t\t\t<div class=\"elementor-cta__content\">\n\t\t\t\t\n\t\t\t\t\t\t\t\t\t<h2 class=\"elementor-cta__title elementor-cta__content-item elementor-content-item\">\n\t\t\t\t\t\tDeister\t\t\t\t\t<\/h2>\n\t\t\t\t\n\t\t\t\t\t\t\t\t\t<div class=\"elementor-cta__description elementor-cta__content-item elementor-content-item\">\n\t\t\t\t\t\tDo\u011fa deneyimlerinin dijital beklentisi: Deister, pitoresk y\u00fcr\u00fcy\u00fc\u015f parkurlar\u0131 ve ke\u015ffedilmeyi bekleyen nefes kesici manzaralar\u0131yla ilham veriyor. Bu e\u015fsiz rekreasyon alan\u0131n\u0131n huzur ve g\u00fczelli\u011finin tad\u0131n\u0131 \u00e7\u0131kar\u0131n.\t\t\t\t\t<\/div>\n\t\t\t\t\n\t\t\t\t\t\t\t<\/div>\n\t\t\t\t\t\t<\/a>\n\t\t\t\t\t\t<\/div>\n\t\t\t\t<\/div>\n\t\t\t\t\t<\/div>\n\t\t<\/div>\n\t\t\t\t<div class=\"elementor-column elementor-col-33 elementor-top-column elementor-element elementor-element-3f75a3d\" data-id=\"3f75a3d\" data-element_type=\"column\" data-e-type=\"column\">\n\t\t\t<div class=\"elementor-widget-wrap elementor-element-populated\">\n\t\t\t\t\t\t<div class=\"elementor-element elementor-element-509b98f elementor-cta--valign-top elementor-widget__width-inherit elementor-cta--skin-classic elementor-animated-content elementor-widget elementor-widget-call-to-action\" data-id=\"509b98f\" data-element_type=\"widget\" data-e-type=\"widget\" data-widget_type=\"call-to-action.default\">\n\t\t\t\t<div class=\"elementor-widget-container\">\n\t\t\t\t\t\t\t<a class=\"elementor-cta\" href=\"https:\/\/www.hannover-living.de\/wp-content\/uploads\/panorama\/RundgangRegionHannover.html\">\n\t\t\t\t\t<div class=\"elementor-cta__bg-wrapper\">\n\t\t\t\t<div class=\"elementor-cta__bg elementor-bg\" style=\"background-image: url(https:\/\/hannover-living.de\/wp-content\/uploads\/2024\/06\/HMTG_VR_Steinhude-1024x576.jpg);\" role=\"img\" aria-label=\"Tatil b\u00f6lgesi, 360\u00b0 tur\"><\/div>\n\t\t\t\t<div class=\"elementor-cta__bg-overlay\"><\/div>\n\t\t\t<\/div>\n\t\t\t\t\t\t\t<div class=\"elementor-cta__content\">\n\t\t\t\t\n\t\t\t\t\t\t\t\t\t<h2 class=\"elementor-cta__title elementor-cta__content-item elementor-content-item\">\n\t\t\t\t\t\tHannover tatil b\u00f6lgesi - 24 nokta\t\t\t\t\t<\/h2>\n\t\t\t\t\n\t\t\t\t\t\t\t\t\t<div class=\"elementor-cta__description elementor-cta__content-item elementor-content-item\">\n\t\t\t\t\t\tUnutulmaz tatillerin dijital beklentisi: Hannover'in tatil b\u00f6lgesi, pitoresk Steinhuder Meer ve b\u00fcy\u00fcleyici bizon muhafazas\u0131 ile \u00e7a\u011f\u0131r\u0131yor. Do\u011fan\u0131n, dinlenmenin ve maceran\u0131n m\u00fckemmel kar\u0131\u015f\u0131m\u0131n\u0131n 360 derece keyfini \u00e7\u0131kar\u0131n.\t\t\t\t\t<\/div>\n\t\t\t\t\n\t\t\t\t\t\t\t<\/div>\n\t\t\t\t\t\t<\/a>\n\t\t\t\t\t\t<\/div>\n\t\t\t\t<\/div>\n\t\t\t\t\t<\/div>\n\t\t<\/div>\n\t\t\t\t\t<\/div>\n\t\t<\/section>\n\t\t\t\t<section class=\"elementor-section elementor-top-section elementor-element elementor-element-3841233 elementor-section-full_width elementor-section-height-default elementor-section-height-default\" data-id=\"3841233\" data-element_type=\"section\" data-e-type=\"section\">\n\t\t\t\t\t\t<div class=\"elementor-container elementor-column-gap-custom\">\n\t\t\t\t\t<div class=\"elementor-column elementor-col-33 elementor-top-column elementor-element elementor-element-2bd68c6\" data-id=\"2bd68c6\" data-element_type=\"column\" data-e-type=\"column\">\n\t\t\t<div class=\"elementor-widget-wrap elementor-element-populated\">\n\t\t\t\t\t\t<div class=\"elementor-element elementor-element-8726042 elementor-cta--valign-top elementor-widget__width-inherit elementor-cta--skin-classic elementor-animated-content elementor-widget elementor-widget-call-to-action\" data-id=\"8726042\" data-element_type=\"widget\" data-e-type=\"widget\" data-widget_type=\"call-to-action.default\">\n\t\t\t\t<div class=\"elementor-widget-container\">\n\t\t\t\t\t\t\t<a class=\"elementor-cta\" href=\"https:\/\/www.hannover-living.de\/wp-content\/uploads\/panorama\/Kongress360coworking.html\">\n\t\t\t\t\t<div class=\"elementor-cta__bg-wrapper\">\n\t\t\t\t<div class=\"elementor-cta__bg elementor-bg\" style=\"background-image: url(https:\/\/hannover-living.de\/wp-content\/uploads\/2024\/06\/HMTG_VR_Hafven-1024x576.jpg);\" role=\"img\" aria-label=\"Ortak \u00e7al\u0131\u015fma alanlar\u0131, 360\u00b0 tur\"><\/div>\n\t\t\t\t<div class=\"elementor-cta__bg-overlay\"><\/div>\n\t\t\t<\/div>\n\t\t\t\t\t\t\t<div class=\"elementor-cta__content\">\n\t\t\t\t\n\t\t\t\t\t\t\t\t\t<h2 class=\"elementor-cta__title elementor-cta__content-item elementor-content-item\">\n\t\t\t\t\t\tOrtak \u00e7al\u0131\u015fma alanlar\u0131\t\t\t\t\t<\/h2>\n\t\t\t\t\n\t\t\t\t\t\t\t\t\t<div class=\"elementor-cta__description elementor-cta__content-item elementor-content-item\">\n\t\t\t\t\t\t\u0130lham verici \u00e7al\u0131\u015fma alanlar\u0131n\u0131n dijital beklentisi: Hannover'in ortak \u00e7al\u0131\u015fma alanlar\u0131 modern \u00e7al\u0131\u015fma ortamlar\u0131 ve yarat\u0131c\u0131 a\u011flar sunuyor. \u00dcretkenlik ve topluluk aras\u0131ndaki m\u00fckemmel dengeyi ke\u015ffedin ve sanal olarak \u00e7al\u0131\u015fmak i\u00e7in en iyi yeri se\u00e7in.\t\t\t\t\t<\/div>\n\t\t\t\t\n\t\t\t\t\t\t\t<\/div>\n\t\t\t\t\t\t<\/a>\n\t\t\t\t\t\t<\/div>\n\t\t\t\t<\/div>\n\t\t\t\t\t<\/div>\n\t\t<\/div>\n\t\t\t\t<div class=\"elementor-column elementor-col-33 elementor-top-column elementor-element elementor-element-51a6001\" data-id=\"51a6001\" data-element_type=\"column\" data-e-type=\"column\">\n\t\t\t<div class=\"elementor-widget-wrap elementor-element-populated\">\n\t\t\t\t\t\t<div class=\"elementor-element elementor-element-3151dbb elementor-cta--valign-top elementor-widget__width-inherit elementor-cta--skin-classic elementor-animated-content elementor-widget elementor-widget-call-to-action\" data-id=\"3151dbb\" data-element_type=\"widget\" data-e-type=\"widget\" data-widget_type=\"call-to-action.default\">\n\t\t\t\t<div class=\"elementor-widget-container\">\n\t\t\t\t\t\t\t<a class=\"elementor-cta\" href=\"https:\/\/hannover-living.de\/tr\/360-derece-marienburg-kalesi\/\">\n\t\t\t\t\t<div class=\"elementor-cta__bg-wrapper\">\n\t\t\t\t<div class=\"elementor-cta__bg elementor-bg\" style=\"background-image: url(https:\/\/hannover-living.de\/wp-content\/uploads\/2024\/05\/Tourismus-Marienburg-Familie-scaled-1-1024x819.jpg);\" role=\"img\" aria-label=\"Hanover Living: Marienburg\"><\/div>\n\t\t\t\t<div class=\"elementor-cta__bg-overlay\"><\/div>\n\t\t\t<\/div>\n\t\t\t\t\t\t\t<div class=\"elementor-cta__content\">\n\t\t\t\t\n\t\t\t\t\t\t\t\t\t<h2 class=\"elementor-cta__title elementor-cta__content-item elementor-content-item\">\n\t\t\t\t\t\tMarienburg Kalesi\t\t\t\t\t<\/h2>\n\t\t\t\t\n\t\t\t\t\t\t\t\t\t<div class=\"elementor-cta__description elementor-cta__content-item elementor-content-item\">\n\t\t\t\t\t\tMasals\u0131 deneyimlerin dijital beklentisi. Yenileme \u00e7al\u0131\u015fmalar\u0131na ra\u011fmen, Marienburg Kalesi severler ve Maxton Hall hayranlar\u0131 burada kaleyi ke\u015ffetme f\u0131rsat\u0131na sahipler - 360 derecelik turlar\u0131m\u0131z bunu m\u00fcmk\u00fcn k\u0131l\u0131yor.\t\t\t\t\t<\/div>\n\t\t\t\t\n\t\t\t\t\t\t\t<\/div>\n\t\t\t\t\t\t<\/a>\n\t\t\t\t\t\t<\/div>\n\t\t\t\t<\/div>\n\t\t\t\t\t<\/div>\n\t\t<\/div>\n\t\t\t\t<div class=\"elementor-column elementor-col-33 elementor-top-column elementor-element elementor-element-e0c7416\" data-id=\"e0c7416\" data-element_type=\"column\" data-e-type=\"column\">\n\t\t\t<div class=\"elementor-widget-wrap elementor-element-populated\">\n\t\t\t\t\t\t<div class=\"elementor-element elementor-element-27b8ee8 elementor-cta--valign-top elementor-widget__width-inherit elementor-cta--skin-classic elementor-animated-content elementor-widget elementor-widget-call-to-action\" data-id=\"27b8ee8\" data-element_type=\"widget\" data-e-type=\"widget\" data-widget_type=\"call-to-action.default\">\n\t\t\t\t<div class=\"elementor-widget-container\">\n\t\t\t\t\t\t\t<a class=\"elementor-cta\" href=\"https:\/\/www.hannover-living.de\/wp-content\/uploads\/panorama\/Weihnachtsrundgang_D.html\">\n\t\t\t\t\t<div class=\"elementor-cta__bg-wrapper\">\n\t\t\t\t<div class=\"elementor-cta__bg elementor-bg\" style=\"background-image: url(https:\/\/hannover-living.de\/wp-content\/uploads\/2024\/11\/360\u00b0-Weihnachtsmarkt-1024x627.jpg);\" role=\"img\" aria-label=\"Hannover Living: Noel pazar\u0131\"><\/div>\n\t\t\t\t<div class=\"elementor-cta__bg-overlay\"><\/div>\n\t\t\t<\/div>\n\t\t\t\t\t\t\t<div class=\"elementor-cta__content\">\n\t\t\t\t\n\t\t\t\t\t\t\t\t\t<h2 class=\"elementor-cta__title elementor-cta__content-item elementor-content-item\">\n\t\t\t\t\t\tNoel pazar\u0131\t\t\t\t\t<\/h2>\n\t\t\t\t\n\t\t\t\t\t\t\t\t\t<div class=\"elementor-cta__description elementor-cta__content-item elementor-content-item\">\n\t\t\t\t\t\t\u015eenlikli bir k\u0131\u015f harikalar diyar\u0131n\u0131n dijital beklentisi. Hannover'in Noel pazar\u0131 e\u015fsiz atmosferi ve lezzetli ikramlar\u0131yla ziyaret\u00e7ileri b\u00fcy\u00fcl\u00fcyor. Pazar\u0131n en g\u00fczel yerlerini \u015fimdiden sanal olarak ke\u015ffedebilir ve ilham alabilirsiniz.\t\t\t\t\t<\/div>\n\t\t\t\t\n\t\t\t\t\t\t\t<\/div>\n\t\t\t\t\t\t<\/a>\n\t\t\t\t\t\t<\/div>\n\t\t\t\t<\/div>\n\t\t\t\t\t<\/div>\n\t\t<\/div>\n\t\t\t\t\t<\/div>\n\t\t<\/section>\n\t\t\t\t<\/div>","protected":false},"excerpt":{"rendered":"<p>Hannover'in dijital beklentisi: \u015fehrin turistik yerlerini 360 derece sanal ve rahat bir \u015fekilde ke\u015ffedin. Cep telefonunuzun, tabletinizin veya bilgisayar\u0131n\u0131z\u0131n rahatl\u0131\u011f\u0131nda kendinizi Herrenhausen Bah\u00e7eleri'ne, Yeni Belediye Binas\u0131'na veya Eski \u015eehir'e b\u0131rak\u0131n.<\/p>","protected":false},"author":6,"featured_media":26887,"parent":0,"menu_order":0,"comment_status":"closed","ping_status":"closed","template":"","meta":{"footnotes":""},"class_list":["post-26836","page","type-page","status-publish","has-post-thumbnail","hentry"],"_links":{"self":[{"href":"https:\/\/hannover-living.de\/tr\/wp-json\/wp\/v2\/pages\/26836","targetHints":{"allow":["GET"]}}],"collection":[{"href":"https:\/\/hannover-living.de\/tr\/wp-json\/wp\/v2\/pages"}],"about":[{"href":"https:\/\/hannover-living.de\/tr\/wp-json\/wp\/v2\/types\/page"}],"author":[{"embeddable":true,"href":"https:\/\/hannover-living.de\/tr\/wp-json\/wp\/v2\/users\/6"}],"replies":[{"embeddable":true,"href":"https:\/\/hannover-living.de\/tr\/wp-json\/wp\/v2\/comments?post=26836"}],"version-history":[{"count":7,"href":"https:\/\/hannover-living.de\/tr\/wp-json\/wp\/v2\/pages\/26836\/revisions"}],"predecessor-version":[{"id":41022,"href":"https:\/\/hannover-living.de\/tr\/wp-json\/wp\/v2\/pages\/26836\/revisions\/41022"}],"wp:featuredmedia":[{"embeddable":true,"href":"https:\/\/hannover-living.de\/tr\/wp-json\/wp\/v2\/media\/26887"}],"wp:attachment":[{"href":"https:\/\/hannover-living.de\/tr\/wp-json\/wp\/v2\/media?parent=26836"}],"curies":[{"name":"wp","href":"https:\/\/api.w.org\/{rel}","templated":true}]}}