{"id":38597,"date":"2025-05-22T12:56:40","date_gmt":"2025-05-22T10:56:40","guid":{"rendered":"https:\/\/hannover-living.de\/?page_id=38597"},"modified":"2025-05-28T14:37:02","modified_gmt":"2025-05-28T12:37:02","slug":"gruplar-icin-rehberlik-hizmetleri","status":"publish","type":"page","link":"https:\/\/hannover-living.de\/tr\/gruplar-icin-rehberlik-hizmetleri\/","title":{"rendered":"Gruplar i\u00e7in rehberli turlar"},"content":{"rendered":"<div data-elementor-type=\"wp-page\" data-elementor-id=\"38597\" class=\"elementor elementor-38597\" data-elementor-post-type=\"page\">\n\t\t\t\t<div class=\"elementor-element elementor-element-ed34941 e-flex e-con-boxed e-con e-parent\" data-id=\"ed34941\" data-element_type=\"container\" data-e-type=\"container\">\n\t\t\t\t\t<div class=\"e-con-inner\">\n\t\t<div class=\"elementor-element elementor-element-be9b046 e-con-full e-flex e-con e-child\" data-id=\"be9b046\" data-element_type=\"container\" data-e-type=\"container\">\n\t\t\t\t<div class=\"elementor-element elementor-element-415ab2a elementor-widget__width-initial elementor-widget elementor-widget-heading\" data-id=\"415ab2a\" data-element_type=\"widget\" data-e-type=\"widget\" data-widget_type=\"heading.default\">\n\t\t\t\t<div class=\"elementor-widget-container\">\n\t\t\t\t\t<h2 class=\"elementor-heading-title elementor-size-default\">Gruplar i\u00e7in rehberli turlar<\/h2>\t\t\t\t<\/div>\n\t\t\t\t<\/div>\n\t\t\t\t<\/div>\n\t\t<div class=\"elementor-element elementor-element-cef6d10 e-con-full e-flex e-con e-child\" data-id=\"cef6d10\" data-element_type=\"container\" data-e-type=\"container\">\n\t\t\t\t<div class=\"elementor-element elementor-element-a0f102e elementor-widget elementor-widget-text-editor\" data-id=\"a0f102e\" data-element_type=\"widget\" data-e-type=\"widget\" data-widget_type=\"text-editor.default\">\n\t\t\t\t<div class=\"elementor-widget-container\">\n\t\t\t\t\t\t\t\t\t<p class=\"tp-box-subheadline tp-headline-quaternary\"><strong>\u015eehir gezisi ekibi - \u015eehir turlar\u0131<br \/><\/strong><span class=\"tp-address-phone\">Telefon: +49 511 12345 333<br \/><\/span><a class=\"tp-address-email\" href=\"mailto:staedtereise@hannover-tourismus.de\">staedtereise@hannover-tourismus.de<\/a><\/p>\t\t\t\t\t\t\t\t<\/div>\n\t\t\t\t<\/div>\n\t\t\t\t<\/div>\n\t\t\t\t\t<\/div>\n\t\t\t\t<\/div>\n\t\t<div class=\"elementor-element elementor-element-909e58a e-flex e-con-boxed e-con e-parent\" data-id=\"909e58a\" data-element_type=\"container\" data-e-type=\"container\">\n\t\t\t\t\t<div class=\"e-con-inner\">\n\t\t\t\t<div class=\"elementor-element elementor-element-c5a0ce5 elementor-widget elementor-widget-html\" data-id=\"c5a0ce5\" data-element_type=\"widget\" data-e-type=\"widget\" data-widget_type=\"html.default\">\n\t\t\t\t<div class=\"elementor-widget-container\">\n\t\t\t\t\t<script>\nwindow.TWEBSHOP = {\nconfig: 'Hannover_nds',\ntheme: {\nsticky: {\noffset: 80,\nzIndex: 1\n  }\n        }\n      }\n    <\/script>\n    <style>\n    #twebshop .text-sm {\n    font-size: 14px!important;\n    line-height: 20px!important;\n    font-weight: normal;\n}\n#twebshop .leading-none {\n    line-height: 1!important;\n    color: #0F5498;\n}\n<style>\n#twebshop {\n--tw-button-color: #3b3b3b;\n--tw-button-text-color: #ffff;\n--tw-button-price-color: #06542c;\n--tw-button-price-text-color: #ffff;\n--tw-box-color: #b3b3b3;\n--tw-box-text-color: #0000;\n--tw-booking-color: #0F5498;\n}<\/style>\n<div id=\"twebshop-guide-shop\"><\/div>\n               <script src=\"https:\/\/twebshop.tomas-travel.com\/app\/guide\/shop\/app.js\"><\/script>\t\t\t\t<\/div>\n\t\t\t\t<\/div>\n\t\t\t\t\t<\/div>\n\t\t\t\t<\/div>\n\t\t<div class=\"elementor-element elementor-element-a33b89a e-grid e-con-boxed e-con e-parent\" data-id=\"a33b89a\" data-element_type=\"container\" data-e-type=\"container\">\n\t\t\t\t\t<div class=\"e-con-inner\">\n\t\t\t\t<div class=\"elementor-element elementor-element-ae0a2b0 elementor-cta--skin-cover elementor-animated-content elementor-bg-transform elementor-bg-transform-zoom-in elementor-widget elementor-widget-call-to-action\" data-id=\"ae0a2b0\" data-element_type=\"widget\" data-e-type=\"widget\" data-widget_type=\"call-to-action.default\">\n\t\t\t\t<div class=\"elementor-widget-container\">\n\t\t\t\t\t\t\t<div class=\"elementor-cta\">\n\t\t\t\t\t<div class=\"elementor-cta__bg-wrapper\">\n\t\t\t\t<div class=\"elementor-cta__bg elementor-bg\" style=\"background-image: url(https:\/\/hannover-living.de\/wp-content\/uploads\/2025\/05\/Untertitel6-1024x768.png);\" role=\"img\" aria-label=\"Do\u011fada bisiklet\"><\/div>\n\t\t\t\t<div class=\"elementor-cta__bg-overlay\"><\/div>\n\t\t\t<\/div>\n\t\t\t\t\t\t\t<div class=\"elementor-cta__content\">\n\t\t\t\t\n\t\t\t\t\t\t\t\t\t<h2 class=\"elementor-cta__title elementor-cta__content-item elementor-content-item elementor-animated-item--grow\">\n\t\t\t\t\t\tAGB'ler\t\t\t\t\t<\/h2>\n\t\t\t\t\n\t\t\t\t\n\t\t\t\t\t\t\t\t\t<div class=\"elementor-cta__button-wrapper elementor-cta__content-item elementor-content-item elementor-animated-item--grow\">\n\t\t\t\t\t<a class=\"elementor-cta__button elementor-button elementor-size-\" href=\"https:\/\/www.visit-hannover.com\/AGB\" target=\"_blank\" rel=\"noopener\">\n\t\t\t\t\t\tBuraya t\u0131klay\u0131n\t\t\t\t\t<\/a>\n\t\t\t\t\t<\/div>\n\t\t\t\t\t\t\t<\/div>\n\t\t\t\t\t\t<\/div>\n\t\t\t\t\t\t<\/div>\n\t\t\t\t<\/div>\n\t\t\t\t<div class=\"elementor-element elementor-element-fd17b7b elementor-cta--skin-cover elementor-animated-content elementor-bg-transform elementor-bg-transform-zoom-in elementor-widget elementor-widget-call-to-action\" data-id=\"fd17b7b\" data-element_type=\"widget\" data-e-type=\"widget\" data-widget_type=\"call-to-action.default\">\n\t\t\t\t<div class=\"elementor-widget-container\">\n\t\t\t\t\t\t\t<div class=\"elementor-cta\">\n\t\t\t\t\t<div class=\"elementor-cta__bg-wrapper\">\n\t\t\t\t<div class=\"elementor-cta__bg elementor-bg\" style=\"background-image: url(https:\/\/hannover-living.de\/wp-content\/uploads\/2025\/05\/Lichtenbergplatz-Christian-Wyrwa-11-300x200.jpg);\" role=\"img\" aria-label=\"Hannover&#039;de \u015fehir turlar\u0131 ve \u015fehir y\u00fcr\u00fcy\u00fc\u015f\u00fc\"><\/div>\n\t\t\t\t<div class=\"elementor-cta__bg-overlay\"><\/div>\n\t\t\t<\/div>\n\t\t\t\t\t\t\t<div class=\"elementor-cta__content\">\n\t\t\t\t\n\t\t\t\t\t\t\t\t\t<h2 class=\"elementor-cta__title elementor-cta__content-item elementor-content-item elementor-animated-item--grow\">\n\t\t\t\t\t\t\u015eehir turlar\u0131\t\t\t\t\t<\/h2>\n\t\t\t\t\n\t\t\t\t\n\t\t\t\t\t\t\t\t\t<div class=\"elementor-cta__button-wrapper elementor-cta__content-item elementor-content-item elementor-animated-item--grow\">\n\t\t\t\t\t<a class=\"elementor-cta__button elementor-button elementor-size-\" href=\"https:\/\/hannover-living.de\/tr\/sehir-turlari-rezervasyonu-yapin\/#\/\">\n\t\t\t\t\t\tBuraya t\u0131klay\u0131n\t\t\t\t\t<\/a>\n\t\t\t\t\t<\/div>\n\t\t\t\t\t\t\t<\/div>\n\t\t\t\t\t\t<\/div>\n\t\t\t\t\t\t<\/div>\n\t\t\t\t<\/div>\n\t\t\t\t<div class=\"elementor-element elementor-element-d315448 elementor-cta--skin-cover elementor-animated-content elementor-bg-transform elementor-bg-transform-zoom-in elementor-widget elementor-widget-call-to-action\" data-id=\"d315448\" data-element_type=\"widget\" data-e-type=\"widget\" data-widget_type=\"call-to-action.default\">\n\t\t\t\t<div class=\"elementor-widget-container\">\n\t\t\t\t\t\t\t<div class=\"elementor-cta\">\n\t\t\t\t\t<div class=\"elementor-cta__bg-wrapper\">\n\t\t\t\t<div class=\"elementor-cta__bg elementor-bg\" style=\"background-image: url(https:\/\/hannover-living.de\/wp-content\/uploads\/2025\/05\/HL-Header13-1024x327.png);\" role=\"img\" aria-label=\"\u015eehir turlar\u0131 ve \u015fehir y\u00fcr\u00fcy\u00fc\u015flerinin bir par\u00e7as\u0131 olarak Hannover&#039;in Yeni Belediye Binas\u0131&#039;n\u0131n havadan g\u00f6r\u00fcn\u00fcm\u00fc.\"><\/div>\n\t\t\t\t<div class=\"elementor-cta__bg-overlay\"><\/div>\n\t\t\t<\/div>\n\t\t\t\t\t\t\t<div class=\"elementor-cta__content\">\n\t\t\t\t\n\t\t\t\t\t\t\t\t\t<h2 class=\"elementor-cta__title elementor-cta__content-item elementor-content-item elementor-animated-item--grow\">\n\t\t\t\t\t\tTurist Bilgileri\t\t\t\t\t<\/h2>\n\t\t\t\t\n\t\t\t\t\n\t\t\t\t\t\t\t\t\t<div class=\"elementor-cta__button-wrapper elementor-cta__content-item elementor-content-item elementor-animated-item--grow\">\n\t\t\t\t\t<a class=\"elementor-cta__button elementor-button elementor-size-\" href=\"https:\/\/hannover-living.de\/tr\/hannover-turizm-danisma-buerosu\/\">\n\t\t\t\t\t\tBuraya t\u0131klay\u0131n\t\t\t\t\t<\/a>\n\t\t\t\t\t<\/div>\n\t\t\t\t\t\t\t<\/div>\n\t\t\t\t\t\t<\/div>\n\t\t\t\t\t\t<\/div>\n\t\t\t\t<\/div>\n\t\t\t\t\t<\/div>\n\t\t\t\t<\/div>\n\t\t\t\t<\/div>","protected":false},"excerpt":{"rendered":"<p>Hannover'e yapaca\u011f\u0131n\u0131z grup gezinizi, tarihi, k\u00fclt\u00fcrel veya tematik gibi \u00e7e\u015fitli turlarla planlay\u0131n ve unutulmaz an\u0131lar biriktirin.<\/p>","protected":false},"author":7,"featured_media":37901,"parent":0,"menu_order":0,"comment_status":"closed","ping_status":"closed","template":"","meta":{"footnotes":""},"class_list":["post-38597","page","type-page","status-publish","has-post-thumbnail","hentry"],"_links":{"self":[{"href":"https:\/\/hannover-living.de\/tr\/wp-json\/wp\/v2\/pages\/38597","targetHints":{"allow":["GET"]}}],"collection":[{"href":"https:\/\/hannover-living.de\/tr\/wp-json\/wp\/v2\/pages"}],"about":[{"href":"https:\/\/hannover-living.de\/tr\/wp-json\/wp\/v2\/types\/page"}],"author":[{"embeddable":true,"href":"https:\/\/hannover-living.de\/tr\/wp-json\/wp\/v2\/users\/7"}],"replies":[{"embeddable":true,"href":"https:\/\/hannover-living.de\/tr\/wp-json\/wp\/v2\/comments?post=38597"}],"version-history":[{"count":10,"href":"https:\/\/hannover-living.de\/tr\/wp-json\/wp\/v2\/pages\/38597\/revisions"}],"predecessor-version":[{"id":38942,"href":"https:\/\/hannover-living.de\/tr\/wp-json\/wp\/v2\/pages\/38597\/revisions\/38942"}],"wp:featuredmedia":[{"embeddable":true,"href":"https:\/\/hannover-living.de\/tr\/wp-json\/wp\/v2\/media\/37901"}],"wp:attachment":[{"href":"https:\/\/hannover-living.de\/tr\/wp-json\/wp\/v2\/media?parent=38597"}],"curies":[{"name":"wp","href":"https:\/\/api.w.org\/{rel}","templated":true}]}}