{"id":20457,"date":"2023-12-11T17:14:45","date_gmt":"2023-12-11T16:14:45","guid":{"rendered":"https:\/\/hannover-living.de\/?page_id=20457"},"modified":"2025-06-23T09:18:03","modified_gmt":"2025-06-23T07:18:03","slug":"%d0%b7%d1%96%d1%80%d0%ba%d0%be%d0%b2%d1%96-%d1%80%d0%b5%d1%81%d1%82%d0%be%d1%80%d0%b0%d0%bd%d0%b8","status":"publish","type":"page","link":"https:\/\/hannover-living.de\/uk\/%d1%80%d0%b5%d1%81%d1%82%d0%be%d1%80%d0%b0%d0%bd%d0%b8\/%d0%b7%d1%96%d1%80%d0%ba%d0%be%d0%b2%d1%96-%d1%80%d0%b5%d1%81%d1%82%d0%be%d1%80%d0%b0%d0%bd%d0%b8\/","title":{"rendered":"\u0420\u0435\u0441\u0442\u043e\u0440\u0430\u043d\u0438 \u0437 \u0437\u0456\u0440\u043a\u0430\u043c\u0438 \u041c\u0456\u0448\u043b\u0435\u043d"},"content":{"rendered":"<div data-elementor-type=\"wp-page\" data-elementor-id=\"20457\" class=\"elementor elementor-20457\" data-elementor-post-type=\"page\">\n\t\t\t\t\t\t<section class=\"elementor-section elementor-top-section elementor-element elementor-element-6062480 elementor-section-boxed elementor-section-height-default elementor-section-height-default\" data-id=\"6062480\" data-element_type=\"section\" data-e-type=\"section\" data-settings=\"{&quot;background_background&quot;:&quot;classic&quot;}\">\n\t\t\t\t\t\t<div class=\"elementor-container elementor-column-gap-no\">\n\t\t\t\t\t<div class=\"elementor-column elementor-col-100 elementor-top-column elementor-element elementor-element-c3841a6\" data-id=\"c3841a6\" data-element_type=\"column\" data-e-type=\"column\" data-settings=\"{&quot;background_background&quot;:&quot;classic&quot;}\">\n\t\t\t<div class=\"elementor-widget-wrap elementor-element-populated\">\n\t\t\t\t\t\t<section class=\"elementor-section elementor-inner-section elementor-element elementor-element-91a62a6 elementor-section-boxed elementor-section-height-default elementor-section-height-default\" data-id=\"91a62a6\" data-element_type=\"section\" data-e-type=\"section\">\n\t\t\t\t\t\t<div class=\"elementor-container elementor-column-gap-default\">\n\t\t\t\t\t<div class=\"elementor-column elementor-col-100 elementor-inner-column elementor-element elementor-element-273a04e\" data-id=\"273a04e\" data-element_type=\"column\" data-e-type=\"column\" data-settings=\"{&quot;background_background&quot;:&quot;classic&quot;}\">\n\t\t\t<div class=\"elementor-widget-wrap elementor-element-populated\">\n\t\t\t\t\t\t<div class=\"elementor-element elementor-element-3f8bb31 elementor-cta--skin-cover elementor-hidden-phone elementor-hidden-tablet elementor-animated-content elementor-bg-transform elementor-bg-transform-zoom-in elementor-widget elementor-widget-call-to-action\" data-id=\"3f8bb31\" data-element_type=\"widget\" data-e-type=\"widget\" data-widget_type=\"call-to-action.default\">\n\t\t\t\t<div class=\"elementor-widget-container\">\n\t\t\t\t\t\t\t<div class=\"elementor-cta\">\n\t\t\t\t\t<div class=\"elementor-cta__bg-wrapper\">\n\t\t\t\t<div class=\"elementor-cta__bg elementor-bg\" style=\"background-image: url(https:\/\/hannover-living.de\/wp-content\/uploads\/2024\/06\/Jante-Lifstylev39183.jpeg);\" role=\"img\" aria-label=\"Hannover Living: \u0440\u0435\u0441\u0442\u043e\u0440\u0430\u043d Jante, \u043d\u0430\u0433\u043e\u0440\u043e\u0434\u0436\u0435\u043d\u0438\u0439 \u0437\u0456\u0440\u043a\u043e\u044e \u041c\u0456\u0448\u043b\u0435\u043d\"><\/div>\n\t\t\t\t<div class=\"elementor-cta__bg-overlay\"><\/div>\n\t\t\t<\/div>\n\t\t\t\t\t\t\t<div class=\"elementor-cta__content\">\n\t\t\t\t\n\t\t\t\t\t\t\t\t\t<h2 class=\"elementor-cta__title elementor-cta__content-item elementor-content-item elementor-animated-item--grow\">\n\t\t\t\t\t\t\u0420\u0435\u0441\u0442\u043e\u0440\u0430\u043d\u0438 \u0437 \u0437\u0456\u0440\u043a\u0430\u043c\u0438 \u041c\u0456\u0448\u043b\u0435\u043d\t\t\t\t\t<\/h2>\n\t\t\t\t\n\t\t\t\t\n\t\t\t\t\t\t\t<\/div>\n\t\t\t\t\t\t<\/div>\n\t\t\t\t\t\t<\/div>\n\t\t\t\t<\/div>\n\t\t\t\t\t<\/div>\n\t\t<\/div>\n\t\t\t\t\t<\/div>\n\t\t<\/section>\n\t\t\t\t\t<\/div>\n\t\t<\/div>\n\t\t\t\t\t<\/div>\n\t\t<\/section>\n\t\t\t\t<section class=\"elementor-section elementor-top-section elementor-element elementor-element-5b3e6ae elementor-section-boxed elementor-section-height-default elementor-section-height-default\" data-id=\"5b3e6ae\" data-element_type=\"section\" data-e-type=\"section\">\n\t\t\t\t\t\t<div class=\"elementor-container elementor-column-gap-default\">\n\t\t\t\t\t<div class=\"elementor-column elementor-col-100 elementor-top-column elementor-element elementor-element-a8487af\" data-id=\"a8487af\" data-element_type=\"column\" data-e-type=\"column\">\n\t\t\t<div class=\"elementor-widget-wrap elementor-element-populated\">\n\t\t\t\t\t\t<div class=\"elementor-element elementor-element-96e12ac elementor-widget elementor-widget-jet-listing-grid\" data-id=\"96e12ac\" data-element_type=\"widget\" data-e-type=\"widget\" data-settings=\"{&quot;columns&quot;:3,&quot;columns_tablet&quot;:&quot;2&quot;,&quot;columns_mobile&quot;:&quot;1&quot;}\" data-widget_type=\"jet-listing-grid.default\">\n\t\t\t\t<div class=\"elementor-widget-container\">\n\t\t\t\t\t<div class=\"jet-listing-notice\">\u0411\u0443\u0434\u044c \u043b\u0430\u0441\u043a\u0430, \u0432\u0438\u0431\u0435\u0440\u0456\u0442\u044c \u0441\u043f\u0438\u0441\u043e\u043a, \u044f\u043a\u0438\u0439 \u043f\u043e\u0442\u0440\u0456\u0431\u043d\u043e \u043f\u043e\u043a\u0430\u0437\u0430\u0442\u0438.<\/div>\t\t\t\t<\/div>\n\t\t\t\t<\/div>\n\t\t\t\t\t<\/div>\n\t\t<\/div>\n\t\t\t\t\t<\/div>\n\t\t<\/section>\n\t\t\t\t<\/div>","protected":false},"excerpt":{"rendered":"<p>Sternerestaurants Im JANTE erwartet euch ein einzigartiges Erlebnis: Kreative K\u00fcche und exzellenter Wein. Die vielf\u00e4ltige K\u00fcche besticht durch aromatische Vielfalt, hochwertige Produkte und ansprechende Pr\u00e4sentation. &nbsp; Entdeckt im Handwerk Casual Fine Dining. Erlebt neue Aromen und ungezwungenen Genuss. Die innovative K\u00fcche mit nachhaltigen Zutaten verbindet Feinschmecker mit offener Atmosph\u00e4re. &nbsp; Im Leineschloss vereinen sich Politik [&hellip;]<\/p>\n","protected":false},"author":1,"featured_media":0,"parent":25161,"menu_order":0,"comment_status":"closed","ping_status":"closed","template":"","meta":{"footnotes":""},"class_list":["post-20457","page","type-page","status-publish","hentry"],"_links":{"self":[{"href":"https:\/\/hannover-living.de\/uk\/wp-json\/wp\/v2\/pages\/20457","targetHints":{"allow":["GET"]}}],"collection":[{"href":"https:\/\/hannover-living.de\/uk\/wp-json\/wp\/v2\/pages"}],"about":[{"href":"https:\/\/hannover-living.de\/uk\/wp-json\/wp\/v2\/types\/page"}],"author":[{"embeddable":true,"href":"https:\/\/hannover-living.de\/uk\/wp-json\/wp\/v2\/users\/1"}],"replies":[{"embeddable":true,"href":"https:\/\/hannover-living.de\/uk\/wp-json\/wp\/v2\/comments?post=20457"}],"version-history":[{"count":1,"href":"https:\/\/hannover-living.de\/uk\/wp-json\/wp\/v2\/pages\/20457\/revisions"}],"predecessor-version":[{"id":40274,"href":"https:\/\/hannover-living.de\/uk\/wp-json\/wp\/v2\/pages\/20457\/revisions\/40274"}],"up":[{"embeddable":true,"href":"https:\/\/hannover-living.de\/uk\/wp-json\/wp\/v2\/pages\/25161"}],"wp:attachment":[{"href":"https:\/\/hannover-living.de\/uk\/wp-json\/wp\/v2\/media?parent=20457"}],"curies":[{"name":"wp","href":"https:\/\/api.w.org\/{rel}","templated":true}]}}