{"id":566,"date":"2016-03-03T20:40:56","date_gmt":"2016-03-03T19:40:56","guid":{"rendered":"http:\/\/web53.s259.goserver.host\/?page_id=566"},"modified":"2026-01-13T13:19:33","modified_gmt":"2026-01-13T11:19:33","slug":"%d0%b2%d0%b8%d1%85%d1%96%d0%b4%d0%bd%d1%96-%d0%b4%d0%b0%d0%bd%d1%96","status":"publish","type":"page","link":"https:\/\/hannover-living.de\/uk\/%d0%b2%d0%b8%d1%85%d1%96%d0%b4%d0%bd%d1%96-%d0%b4%d0%b0%d0%bd%d1%96\/","title":{"rendered":"\u0412\u0456\u0434\u0431\u0438\u0442\u043e\u043a"},"content":{"rendered":"<div class=\"fl-col-group fl-node-5c5add02ac5bd\" data-node=\"5c5add02ac5bd\">\n<div class=\"fl-col fl-node-5c5add02ac5be\" data-node=\"5c5add02ac5be\">\n<div class=\"fl-col-content fl-node-content\">\n<div class=\"fl-module fl-module-heading fl-node-5c5add02ac5c1\" data-node=\"5c5add02ac5c1\">\n<div class=\"fl-module-content fl-node-content\">\n<h1 class=\"fl-heading\"><span class=\"fl-heading-text\">\u0412\u0456\u0434\u0431\u0438\u0442\u043e\u043a<\/span><\/h1>\n<\/div>\n<\/div>\n<\/div>\n<\/div>\n<\/div>\n<div class=\"fl-col-group fl-node-5c5add02ac5c5\" data-node=\"5c5add02ac5c5\">\n<div class=\"fl-col fl-node-5c5add02ac5c6\" data-node=\"5c5add02ac5c6\">\n<div class=\"fl-col-content fl-node-content\">\n<div class=\"fl-module fl-module-rich-text fl-node-5c5add02ac5bc\" data-node=\"5c5add02ac5bc\">\n<div class=\"fl-module-content fl-node-content\">\n<div class=\"fl-rich-text\">\n<h3>\u0406\u043d\u0444\u043e\u0440\u043c\u0430\u0446\u0456\u044f \u0432\u0456\u0434\u043f\u043e\u0432\u0456\u0434\u043d\u043e \u0434\u043e \u00a7 5 DDG<\/h3>\n<\/div>\n<\/div>\n<\/div>\n<\/div>\n<\/div>\n<\/div>\n<p>Hannover Marketing and Tourismus GmbH<br \/>\n\u041a\u0435\u0440\u0443\u044e\u0447\u0438\u0439 \u0434\u0438\u0440\u0435\u043a\u0442\u043e\u0440:<br \/>\n\u041a\u0440\u0456\u0441\u0442\u0456\u0430\u043d \u041a\u0430\u0446<br \/>\n\u0412\u0443\u043b\u0438\u0446\u044f Vahrenwalder 7<br \/>\n30165 \u0413\u0430\u043d\u043d\u043e\u0432\u0435\u0440<br \/>\n\u0435\u043b\u0435\u043a\u0442\u0440\u043e\u043d\u043d\u0443 \u043f\u043e\u0448\u0442\u0443:\u00a0<a id=\"cryptemail_50a25944b67ac\" title=\"info@hannover-tourismus.de\" href=\"mailto:info@hannover-tourismus.de\">info@hannover-tourismus.de<\/a><br \/>\n\u0422\u0435\u043b\u0435\u0444\u043e\u043d: +49 511 12349-00<br \/>\n\u0424\u0430\u043a\u0441: +49 511 123490-10<\/p>\n<p class=\"emark\"><strong>\u041a\u043e\u043d\u0442\u0430\u043a\u0442:<\/strong><br \/>\n\u0414\u043e\u0440\u0456\u043d \u0428\u043c\u0456\u0434\u0442\u0447\u0435\u043d<br \/>\n\u0422\u0435\u043b\u0435\u0444\u043e\u043d: +49 511 168 349-31<br \/>\n\u0424\u0430\u043a\u0441: +49 511 123490-10<br \/>\n\u0415\u043b\u0435\u043a\u0442\u0440\u043e\u043d\u043d\u0430 \u043f\u043e\u0448\u0442\u0430: schmidtchen@hannover-marketing.de<\/p>\n<p>\u041a\u043e\u043c\u0435\u0440\u0446\u0456\u0439\u043d\u0438\u0439 \u0440\u0435\u0454\u0441\u0442\u0440: \u0421\u0435\u043a\u0446\u0456\u044f B \u2116 59223<br \/>\n\u0421\u0443\u0434 \u0440\u0435\u0454\u0441\u0442\u0440\u0430\u0446\u0456\u0457: \u0413\u0430\u043d\u043d\u043e\u0432\u0435\u0440<\/p>\n<p><strong>\u0406\u0434\u0435\u043d\u0442\u0438\u0444\u0456\u043a\u0430\u0446\u0456\u0439\u043d\u0438\u0439 \u043d\u043e\u043c\u0435\u0440 \u043f\u043b\u0430\u0442\u043d\u0438\u043a\u0430 \u043f\u043e\u0434\u0430\u0442\u043a\u0443 \u0437 \u043f\u0440\u043e\u0434\u0430\u0436\u0443<\/strong><br \/>\n\u0406\u0434\u0435\u043d\u0442\u0438\u0444\u0456\u043a\u0430\u0446\u0456\u0439\u043d\u0438\u0439 \u043d\u043e\u043c\u0435\u0440 \u043f\u043b\u0430\u0442\u043d\u0438\u043a\u0430 \u043f\u043e\u0434\u0430\u0442\u043a\u0443 \u0437 \u043f\u0440\u043e\u0434\u0430\u0436\u0443 \u0432\u0456\u0434\u043f\u043e\u0432\u0456\u0434\u043d\u043e \u0434\u043e \u00a7 27 a \u0437\u0430\u043a\u043e\u043d\u0443 \u043f\u0440\u043e \u043f\u043e\u0434\u0430\u0442\u043e\u043a \u0437 \u043f\u0440\u043e\u0434\u0430\u0436\u0443:<br \/>\nDE211133985<\/p>\n<p><strong>\u0412\u0438\u0440\u0456\u0448\u0435\u043d\u043d\u044f \u0441\u043f\u043e\u0440\u0456\u0432 \u0432 \u0404\u0421<br \/>\n<\/strong>\u0404\u0432\u0440\u043e\u043f\u0435\u0439\u0441\u044c\u043a\u0430 \u041a\u043e\u043c\u0456\u0441\u0456\u044f \u043d\u0430\u0434\u0430\u0454 \u043f\u043b\u0430\u0442\u0444\u043e\u0440\u043c\u0443 \u0434\u043b\u044f \u043e\u043d\u043b\u0430\u0439\u043d \u0432\u0438\u0440\u0456\u0448\u0435\u043d\u043d\u044f \u0441\u043f\u043e\u0440\u0456\u0432 (\u041e\u0421):\u00a0<a href=\"https:\/\/ec.europa.eu\/consumers\/odr\" target=\"_blank\" rel=\"noopener noreferrer\">https:\/\/ec.europa.eu\/consumers\/odr<\/a>.<br \/>\n\u0412\u0438 \u043c\u043e\u0436\u0435\u0442\u0435 \u0437\u043d\u0430\u0439\u0442\u0438 \u043d\u0430\u0448\u0443 \u0435\u043b\u0435\u043a\u0442\u0440\u043e\u043d\u043d\u0443 \u0430\u0434\u0440\u0435\u0441\u0443 \u0432 \u044e\u0440\u0438\u0434\u0438\u0447\u043d\u043e\u043c\u0443 \u043f\u043e\u0432\u0456\u0434\u043e\u043c\u043b\u0435\u043d\u043d\u0456 \u0432\u0438\u0449\u0435.<\/p>\n<p><strong>\u0412\u0456\u0434\u043f\u043e\u0432\u0456\u0434\u0430\u043b\u044c\u043d\u0456\u0441\u0442\u044c \u0437\u0430 \u0437\u043c\u0456\u0441\u0442<br \/>\n<\/strong>\u042f\u043a \u043f\u043e\u0441\u0442\u0430\u0447\u0430\u043b\u044c\u043d\u0438\u043a \u043f\u043e\u0441\u043b\u0443\u0433, \u043c\u0438 \u043d\u0435\u0441\u0435\u043c\u043e \u0432\u0456\u0434\u043f\u043e\u0432\u0456\u0434\u0430\u043b\u044c\u043d\u0456\u0441\u0442\u044c \u0437\u0430 \u0432\u043b\u0430\u0441\u043d\u0438\u0439 \u043a\u043e\u043d\u0442\u0435\u043d\u0442 \u043d\u0430 \u0446\u0438\u0445 \u0441\u0442\u043e\u0440\u0456\u043d\u043a\u0430\u0445 \u0432\u0456\u0434\u043f\u043e\u0432\u0456\u0434\u043d\u043e \u0434\u043e \u00a7 7 (1) DDG \u0442\u0430 \u0437\u0430\u0433\u0430\u043b\u044c\u043d\u043e\u0433\u043e \u0437\u0430\u043a\u043e\u043d\u043e\u0434\u0430\u0432\u0441\u0442\u0432\u0430. \u041e\u0434\u043d\u0430\u043a, \u0432\u0456\u0434\u043f\u043e\u0432\u0456\u0434\u043d\u043e \u0434\u043e \u00a7\u00a7 8-10 DDG, \u044f\u043a \u043f\u043e\u0441\u0442\u0430\u0447\u0430\u043b\u044c\u043d\u0438\u043a \u043f\u043e\u0441\u043b\u0443\u0433 \u043c\u0438 \u043d\u0435 \u0437\u043e\u0431\u043e\u0432'\u044f\u0437\u0430\u043d\u0456 \u043a\u043e\u043d\u0442\u0440\u043e\u043b\u044e\u0432\u0430\u0442\u0438 \u043f\u0435\u0440\u0435\u0434\u0430\u043d\u0443 \u0430\u0431\u043e \u0437\u0431\u0435\u0440\u0435\u0436\u0435\u043d\u0443 \u0456\u043d\u0444\u043e\u0440\u043c\u0430\u0446\u0456\u044e \u0442\u0440\u0435\u0442\u0456\u0445 \u043e\u0441\u0456\u0431 \u0430\u0431\u043e \u0440\u043e\u0437\u0441\u043b\u0456\u0434\u0443\u0432\u0430\u0442\u0438 \u043e\u0431\u0441\u0442\u0430\u0432\u0438\u043d\u0438, \u0449\u043e \u0432\u043a\u0430\u0437\u0443\u044e\u0442\u044c \u043d\u0430 \u043d\u0435\u0437\u0430\u043a\u043e\u043d\u043d\u0443 \u0434\u0456\u044f\u043b\u044c\u043d\u0456\u0441\u0442\u044c.<\/p>\n<p>\u0426\u0435 \u043d\u0435 \u0432\u043f\u043b\u0438\u0432\u0430\u0454 \u043d\u0430 \u0437\u043e\u0431\u043e\u0432'\u044f\u0437\u0430\u043d\u043d\u044f \u0432\u0438\u0434\u0430\u043b\u0438\u0442\u0438 \u0430\u0431\u043e \u0437\u0430\u0431\u043b\u043e\u043a\u0443\u0432\u0430\u0442\u0438 \u0432\u0438\u043a\u043e\u0440\u0438\u0441\u0442\u0430\u043d\u043d\u044f \u0456\u043d\u0444\u043e\u0440\u043c\u0430\u0446\u0456\u0457 \u0432\u0456\u0434\u043f\u043e\u0432\u0456\u0434\u043d\u043e \u0434\u043e \u0437\u0430\u0433\u0430\u043b\u044c\u043d\u043e\u0433\u043e \u0437\u0430\u043a\u043e\u043d\u043e\u0434\u0430\u0432\u0441\u0442\u0432\u0430. \u041e\u0434\u043d\u0430\u043a \u0432\u0456\u0434\u043f\u043e\u0432\u0456\u0434\u0430\u043b\u044c\u043d\u0456\u0441\u0442\u044c \u0443 \u0446\u044c\u043e\u043c\u0443 \u0432\u0456\u0434\u043d\u043e\u0448\u0435\u043d\u043d\u0456 \u043c\u043e\u0436\u043b\u0438\u0432\u0430 \u043b\u0438\u0448\u0435 \u0437 \u043c\u043e\u043c\u0435\u043d\u0442\u0443, \u043a\u043e\u043b\u0438 \u043d\u0430\u043c \u0441\u0442\u0430\u043d\u0435 \u0432\u0456\u0434\u043e\u043c\u043e \u043f\u0440\u043e \u043a\u043e\u043d\u043a\u0440\u0435\u0442\u043d\u0435 \u043f\u043e\u0440\u0443\u0448\u0435\u043d\u043d\u044f. \u042f\u043a \u0442\u0456\u043b\u044c\u043a\u0438 \u043d\u0430\u043c \u0441\u0442\u0430\u043d\u0435 \u0432\u0456\u0434\u043e\u043c\u043e \u043f\u0440\u043e \u0442\u0430\u043a\u0456 \u043f\u043e\u0440\u0443\u0448\u0435\u043d\u043d\u044f, \u043c\u0438 \u043d\u0435\u0433\u0430\u0439\u043d\u043e \u0432\u0438\u0434\u0430\u043b\u0438\u043c\u043e \u0446\u0435\u0439 \u043a\u043e\u043d\u0442\u0435\u043d\u0442.<\/p>\n<p><strong>\u0412\u0456\u0434\u043f\u043e\u0432\u0456\u0434\u0430\u043b\u044c\u043d\u0456\u0441\u0442\u044c \u0437\u0430 \u043f\u043e\u0441\u0438\u043b\u0430\u043d\u043d\u044f<br \/>\n<\/strong>\u041d\u0430\u0448 \u0441\u0430\u0439\u0442 \u043c\u0456\u0441\u0442\u0438\u0442\u044c \u043f\u043e\u0441\u0438\u043b\u0430\u043d\u043d\u044f \u043d\u0430 \u0437\u043e\u0432\u043d\u0456\u0448\u043d\u0456 \u0432\u0435\u0431-\u0441\u0430\u0439\u0442\u0438 \u0442\u0440\u0435\u0442\u0456\u0445 \u043e\u0441\u0456\u0431, \u043d\u0430 \u0437\u043c\u0456\u0441\u0442 \u044f\u043a\u0438\u0445 \u043c\u0438 \u043d\u0435 \u043c\u0430\u0454\u043c\u043e \u0436\u043e\u0434\u043d\u043e\u0433\u043e \u0432\u043f\u043b\u0438\u0432\u0443. \u0422\u043e\u043c\u0443 \u043c\u0438 \u043d\u0435 \u043d\u0435\u0441\u0435\u043c\u043e \u0436\u043e\u0434\u043d\u043e\u0457 \u0432\u0456\u0434\u043f\u043e\u0432\u0456\u0434\u0430\u043b\u044c\u043d\u043e\u0441\u0442\u0456 \u0437\u0430 \u0432\u043c\u0456\u0441\u0442 \u0446\u0438\u0445 \u0441\u0430\u0439\u0442\u0456\u0432 \u0442\u0440\u0435\u0442\u0456\u0445 \u043e\u0441\u0456\u0431. \u0412\u0456\u0434\u043f\u043e\u0432\u0456\u0434\u0430\u043b\u044c\u043d\u0456\u0441\u0442\u044c \u0437\u0430 \u0437\u043c\u0456\u0441\u0442 \u0441\u0442\u043e\u0440\u0456\u043d\u043e\u043a, \u043d\u0430 \u044f\u043a\u0456 \u0432\u0435\u0434\u0443\u0442\u044c \u043f\u043e\u0441\u0438\u043b\u0430\u043d\u043d\u044f, \u0437\u0430\u0432\u0436\u0434\u0438 \u043d\u0435\u0441\u0435 \u0432\u0456\u0434\u043f\u043e\u0432\u0456\u0434\u043d\u0438\u0439 \u043f\u0440\u043e\u0432\u0430\u0439\u0434\u0435\u0440 \u0430\u0431\u043e \u043e\u043f\u0435\u0440\u0430\u0442\u043e\u0440 \u0446\u0438\u0445 \u0441\u0442\u043e\u0440\u0456\u043d\u043e\u043a. \u0421\u0442\u043e\u0440\u0456\u043d\u043a\u0438, \u043d\u0430 \u044f\u043a\u0456 \u0432\u0435\u0434\u0443\u0442\u044c \u043f\u043e\u0441\u0438\u043b\u0430\u043d\u043d\u044f, \u0431\u0443\u043b\u0438 \u043f\u0435\u0440\u0435\u0432\u0456\u0440\u0435\u043d\u0456 \u043d\u0430 \u043d\u0430\u044f\u0432\u043d\u0456\u0441\u0442\u044c \u043c\u043e\u0436\u043b\u0438\u0432\u0438\u0445 \u043f\u0440\u0430\u0432\u043e\u0432\u0438\u0445 \u043f\u043e\u0440\u0443\u0448\u0435\u043d\u044c \u043d\u0430 \u043c\u043e\u043c\u0435\u043d\u0442 \u0440\u043e\u0437\u043c\u0456\u0449\u0435\u043d\u043d\u044f \u043f\u043e\u0441\u0438\u043b\u0430\u043d\u044c. \u041f\u0440\u043e\u0442\u0438\u0437\u0430\u043a\u043e\u043d\u043d\u0438\u0439 \u0432\u043c\u0456\u0441\u0442 \u043d\u0430 \u043c\u043e\u043c\u0435\u043d\u0442 \u043f\u043e\u0441\u0438\u043b\u0430\u043d\u043d\u044f \u043d\u0435 \u0431\u0443\u0432 \u0432\u0438\u044f\u0432\u043b\u0435\u043d\u0438\u0439.<\/p>\n<p>\u041e\u0434\u043d\u0430\u043a \u043f\u043e\u0441\u0442\u0456\u0439\u043d\u0438\u0439 \u043c\u043e\u043d\u0456\u0442\u043e\u0440\u0438\u043d\u0433 \u0432\u043c\u0456\u0441\u0442\u0443 \u0441\u0442\u043e\u0440\u0456\u043d\u043e\u043a, \u043d\u0430 \u044f\u043a\u0456 \u0454 \u043f\u043e\u0441\u0438\u043b\u0430\u043d\u043d\u044f, \u0454 \u043d\u0435\u0434\u043e\u0446\u0456\u043b\u044c\u043d\u0438\u043c \u0431\u0435\u0437 \u043a\u043e\u043d\u043a\u0440\u0435\u0442\u043d\u0438\u0445 \u0434\u043e\u043a\u0430\u0437\u0456\u0432 \u043f\u043e\u0440\u0443\u0448\u0435\u043d\u043d\u044f. \u042f\u043a\u0449\u043e \u043d\u0430\u043c \u0441\u0442\u0430\u043d\u0435 \u0432\u0456\u0434\u043e\u043c\u043e \u043f\u0440\u043e \u0431\u0443\u0434\u044c-\u044f\u043a\u0456 \u044e\u0440\u0438\u0434\u0438\u0447\u043d\u0456 \u043f\u043e\u0440\u0443\u0448\u0435\u043d\u043d\u044f, \u043c\u0438 \u043d\u0435\u0433\u0430\u0439\u043d\u043e \u0432\u0438\u0434\u0430\u043b\u0438\u043c\u043e \u0442\u0430\u043a\u0456 \u043f\u043e\u0441\u0438\u043b\u0430\u043d\u043d\u044f.<\/p>\n<p><strong>\u0410\u0432\u0442\u043e\u0440\u0441\u044c\u043a\u0435 \u043f\u0440\u0430\u0432\u043e<br \/>\n<\/strong>\u0412\u043c\u0456\u0441\u0442 \u0456 \u0442\u0432\u043e\u0440\u0438, \u0441\u0442\u0432\u043e\u0440\u0435\u043d\u0456 \u043e\u043f\u0435\u0440\u0430\u0442\u043e\u0440\u0430\u043c\u0438 \u0441\u0430\u0439\u0442\u0443 \u043d\u0430 \u0446\u0438\u0445 \u0441\u0442\u043e\u0440\u0456\u043d\u043a\u0430\u0445, \u043f\u0456\u0434\u043f\u0430\u0434\u0430\u044e\u0442\u044c \u043f\u0456\u0434 \u0434\u0456\u044e \u043d\u0456\u043c\u0435\u0446\u044c\u043a\u043e\u0433\u043e \u0437\u0430\u043a\u043e\u043d\u043e\u0434\u0430\u0432\u0441\u0442\u0432\u0430 \u043f\u0440\u043e \u0430\u0432\u0442\u043e\u0440\u0441\u044c\u043a\u0435 \u043f\u0440\u0430\u0432\u043e. \u041a\u043e\u043f\u0456\u044e\u0432\u0430\u043d\u043d\u044f, \u043e\u0431\u0440\u043e\u0431\u043a\u0430, \u0440\u043e\u0437\u043f\u043e\u0432\u0441\u044e\u0434\u0436\u0435\u043d\u043d\u044f \u0442\u0430 \u0431\u0443\u0434\u044c-\u044f\u043a\u0435 \u0456\u043d\u0448\u0435 \u0432\u0438\u043a\u043e\u0440\u0438\u0441\u0442\u0430\u043d\u043d\u044f \u043f\u043e\u0437\u0430 \u043c\u0435\u0436\u0430\u043c\u0438 \u0437\u0430\u043a\u043e\u043d\u0443 \u043f\u0440\u043e \u0430\u0432\u0442\u043e\u0440\u0441\u044c\u043a\u0435 \u043f\u0440\u0430\u0432\u043e \u0432\u0438\u043c\u0430\u0433\u0430\u0454 \u043f\u0438\u0441\u044c\u043c\u043e\u0432\u043e\u0457 \u0437\u0433\u043e\u0434\u0438 \u0432\u0456\u0434\u043f\u043e\u0432\u0456\u0434\u043d\u043e\u0433\u043e \u0430\u0432\u0442\u043e\u0440\u0430 \u0430\u0431\u043e \u0442\u0432\u043e\u0440\u0446\u044f. \u0417\u0430\u0432\u0430\u043d\u0442\u0430\u0436\u0435\u043d\u043d\u044f \u0442\u0430 \u043a\u043e\u043f\u0456\u044e\u0432\u0430\u043d\u043d\u044f \u0446\u044c\u043e\u0433\u043e \u0441\u0430\u0439\u0442\u0443 \u0434\u043e\u0437\u0432\u043e\u043b\u044f\u0454\u0442\u044c\u0441\u044f \u043b\u0438\u0448\u0435 \u0434\u043b\u044f \u043f\u0440\u0438\u0432\u0430\u0442\u043d\u043e\u0433\u043e \u043d\u0435\u043a\u043e\u043c\u0435\u0440\u0446\u0456\u0439\u043d\u043e\u0433\u043e \u0432\u0438\u043a\u043e\u0440\u0438\u0441\u0442\u0430\u043d\u043d\u044f.<\/p>\n<p>\u041e\u0441\u043a\u0456\u043b\u044c\u043a\u0438 \u043a\u043e\u043d\u0442\u0435\u043d\u0442 \u043d\u0430 \u0446\u044c\u043e\u043c\u0443 \u0441\u0430\u0439\u0442\u0456 \u043d\u0435 \u0431\u0443\u0432 \u0441\u0442\u0432\u043e\u0440\u0435\u043d\u0438\u0439 \u043e\u043f\u0435\u0440\u0430\u0442\u043e\u0440\u043e\u043c, \u0430\u0432\u0442\u043e\u0440\u0441\u044c\u043a\u0456 \u043f\u0440\u0430\u0432\u0430 \u0442\u0440\u0435\u0442\u0456\u0445 \u043e\u0441\u0456\u0431 \u043f\u043e\u0432\u0430\u0436\u0430\u044e\u0442\u044c\u0441\u044f. \u0417\u043e\u043a\u0440\u0435\u043c\u0430, \u043a\u043e\u043d\u0442\u0435\u043d\u0442 \u0442\u0440\u0435\u0442\u0456\u0445 \u043e\u0441\u0456\u0431 \u043f\u043e\u0437\u043d\u0430\u0447\u0435\u043d\u0438\u0439 \u044f\u043a \u0442\u0430\u043a\u0438\u0439. \u042f\u043a\u0449\u043e \u0432\u0430\u043c \u0432\u0441\u0435 \u0436 \u0441\u0442\u0430\u043d\u0435 \u0432\u0456\u0434\u043e\u043c\u043e \u043f\u0440\u043e \u043f\u043e\u0440\u0443\u0448\u0435\u043d\u043d\u044f \u0430\u0432\u0442\u043e\u0440\u0441\u044c\u043a\u0438\u0445 \u043f\u0440\u0430\u0432, \u0431\u0443\u0434\u044c \u043b\u0430\u0441\u043a\u0430, \u043f\u043e\u0432\u0456\u0434\u043e\u043c\u0442\u0435 \u043d\u0430\u0441 \u043f\u0440\u043e \u0446\u0435. \u042f\u043a\u0449\u043e \u043d\u0430\u043c \u0441\u0442\u0430\u043d\u0435 \u0432\u0456\u0434\u043e\u043c\u043e \u043f\u0440\u043e \u0431\u0443\u0434\u044c-\u044f\u043a\u0456 \u043f\u043e\u0440\u0443\u0448\u0435\u043d\u043d\u044f, \u043c\u0438 \u043d\u0435\u0433\u0430\u0439\u043d\u043e \u0432\u0438\u0434\u0430\u043b\u0438\u043c\u043e \u0442\u0430\u043a\u0438\u0439 \u043a\u043e\u043d\u0442\u0435\u043d\u0442.<\/p>\n<p>\u0406\u043d\u0444\u043e\u0440\u043c\u0430\u0446\u0456\u044f, \u043d\u0430\u0434\u0430\u043d\u0430 Hannover Marketing &amp; Tourismus GmbH \u043d\u0430 \u0441\u0432\u043e\u0454\u043c\u0443 \u0432\u0435\u0431-\u0441\u0430\u0439\u0442\u0456, \u043f\u0456\u0434\u043b\u044f\u0433\u0430\u0454 \u043f\u043e\u0441\u0442\u0456\u0439\u043d\u043e\u043c\u0443 \u043c\u043e\u043d\u0456\u0442\u043e\u0440\u0438\u043d\u0433\u0443 \u0442\u0430 \u043e\u043d\u043e\u0432\u043b\u044e\u0454\u0442\u044c\u0441\u044f \u043d\u0430 \u043f\u043e\u0441\u0442\u0456\u0439\u043d\u0456\u0439 \u043e\u0441\u043d\u043e\u0432\u0456. \u0422\u0438\u043c \u043d\u0435 \u043c\u0435\u043d\u0448, \u043d\u0435\u0437\u0432\u0430\u0436\u0430\u044e\u0447\u0438 \u043d\u0430 \u0440\u0435\u0442\u0435\u043b\u044c\u043d\u0443 \u043f\u0435\u0440\u0435\u0432\u0456\u0440\u043a\u0443, \u043d\u0435 \u0432\u0438\u043a\u043b\u044e\u0447\u0435\u043d\u043e, \u0449\u043e \u0437\u0430 \u0446\u0435\u0439 \u0447\u0430\u0441 \u0434\u0430\u043d\u0456 \u043c\u043e\u0433\u043b\u0438 \u0437\u043c\u0456\u043d\u0438\u0442\u0438\u0441\u044f. \u0417 \u0446\u0456\u0454\u0457 \u043f\u0440\u0438\u0447\u0438\u043d\u0438 Hannover Marketing &amp; Tourismus GmbH \u043d\u0435 \u043d\u0435\u0441\u0435 \u0436\u043e\u0434\u043d\u043e\u0457 \u0432\u0456\u0434\u043f\u043e\u0432\u0456\u0434\u0430\u043b\u044c\u043d\u043e\u0441\u0442\u0456 \u0442\u0430 \u043d\u0435 \u0434\u0430\u0454 \u0436\u043e\u0434\u043d\u0438\u0445 \u0433\u0430\u0440\u0430\u043d\u0442\u0456\u0439 \u0449\u043e\u0434\u043e \u0442\u043e\u0447\u043d\u043e\u0441\u0442\u0456, \u043f\u043e\u0432\u043d\u043e\u0442\u0438 \u0442\u0430 \u0430\u043a\u0442\u0443\u0430\u043b\u044c\u043d\u043e\u0441\u0442\u0456 \u0456\u043d\u0444\u043e\u0440\u043c\u0430\u0446\u0456\u0457, \u043d\u0430\u0434\u0430\u043d\u043e\u0457 \u043d\u0430 \u0446\u0438\u0445 \u0441\u0442\u043e\u0440\u0456\u043d\u043a\u0430\u0445. \u0426\u0435 \u0442\u0430\u043a\u043e\u0436 \u0441\u0442\u043e\u0441\u0443\u0454\u0442\u044c\u0441\u044f \u0432\u0441\u0456\u0445 \u0432\u0435\u0431-\u0441\u0430\u0439\u0442\u0456\u0432, \u043d\u0430 \u044f\u043a\u0456 \u0454 \u0433\u0456\u043f\u0435\u0440\u043f\u043e\u0441\u0438\u043b\u0430\u043d\u043d\u044f \u043d\u0430 \u0446\u044c\u043e\u043c\u0443 \u0432\u0435\u0431-\u0441\u0430\u0439\u0442\u0456. Hannover Marketing &amp; Tourismus GmbH \u043d\u0435 \u043d\u0435\u0441\u0435 \u0432\u0456\u0434\u043f\u043e\u0432\u0456\u0434\u0430\u043b\u044c\u043d\u043e\u0441\u0442\u0456 \u0437\u0430 \u0437\u043c\u0456\u0441\u0442 \u0446\u0438\u0445 \u0441\u0430\u0439\u0442\u0456\u0432.<\/p>","protected":false},"excerpt":{"rendered":"<p>Impressum Angaben gem\u00e4\u00df \u00a7 5 DDG Hannover Marketing und Tourismus GmbH Gesch\u00e4ftsf\u00fchrer: Christian Katz Vahrenwalder Stra\u00dfe 7 30165 Hannover E-Mail:\u00a0info@hannover-tourismus.de Tel.: +49 511 12349-00 Fax: +49 511 123490-10 Kontakt: Doreen Schmidtchen Tel.: +49 511 168 349-31 Fax: +49 511 123490-10 E-Mail: schmidtchen@hannover-marketing.de Handelsregister: Abt. B Nr. 59223 Registergericht: Hannover Umsatzsteuer-ID Umsatzsteuer-Identifikationsnummer gem\u00e4\u00df \u00a7 27 a [&hellip;]<\/p>\n","protected":false},"author":3,"featured_media":0,"parent":0,"menu_order":3,"comment_status":"closed","ping_status":"closed","template":"","meta":{"footnotes":""},"class_list":["post-566","page","type-page","status-publish","hentry"],"_links":{"self":[{"href":"https:\/\/hannover-living.de\/uk\/wp-json\/wp\/v2\/pages\/566","targetHints":{"allow":["GET"]}}],"collection":[{"href":"https:\/\/hannover-living.de\/uk\/wp-json\/wp\/v2\/pages"}],"about":[{"href":"https:\/\/hannover-living.de\/uk\/wp-json\/wp\/v2\/types\/page"}],"author":[{"embeddable":true,"href":"https:\/\/hannover-living.de\/uk\/wp-json\/wp\/v2\/users\/3"}],"replies":[{"embeddable":true,"href":"https:\/\/hannover-living.de\/uk\/wp-json\/wp\/v2\/comments?post=566"}],"version-history":[{"count":2,"href":"https:\/\/hannover-living.de\/uk\/wp-json\/wp\/v2\/pages\/566\/revisions"}],"predecessor-version":[{"id":44329,"href":"https:\/\/hannover-living.de\/uk\/wp-json\/wp\/v2\/pages\/566\/revisions\/44329"}],"wp:attachment":[{"href":"https:\/\/hannover-living.de\/uk\/wp-json\/wp\/v2\/media?parent=566"}],"curies":[{"name":"wp","href":"https:\/\/api.w.org\/{rel}","templated":true}]}}