{"id":20467,"date":"2023-12-11T17:27:59","date_gmt":"2023-12-11T16:27:59","guid":{"rendered":"https:\/\/hannover-living.de\/?page_id=20467"},"modified":"2023-12-11T17:27:59","modified_gmt":"2023-12-11T16:27:59","slug":"%e4%ba%9a%e6%b4%b2%e7%be%8e%e9%a3%9f","status":"publish","type":"page","link":"https:\/\/hannover-living.de\/zh\/restaurants\/%e4%ba%9a%e6%b4%b2%e7%be%8e%e9%a3%9f\/","title":{"rendered":"\u4e9a\u6d32\u7f8e\u98df"},"content":{"rendered":"<div data-elementor-type=\"wp-page\" data-elementor-id=\"20467\" class=\"elementor elementor-20467\" data-elementor-post-type=\"page\">\n\t\t\t\t\t\t<section class=\"elementor-section elementor-top-section elementor-element elementor-element-f3a56e5 elementor-section-boxed elementor-section-height-default elementor-section-height-default\" data-id=\"f3a56e5\" data-element_type=\"section\" data-e-type=\"section\" data-settings=\"{&quot;background_background&quot;:&quot;classic&quot;}\">\n\t\t\t\t\t\t<div class=\"elementor-container elementor-column-gap-no\">\n\t\t\t\t\t<div class=\"elementor-column elementor-col-100 elementor-top-column elementor-element elementor-element-4ba1757\" data-id=\"4ba1757\" data-element_type=\"column\" data-e-type=\"column\" data-settings=\"{&quot;background_background&quot;:&quot;classic&quot;}\">\n\t\t\t<div class=\"elementor-widget-wrap elementor-element-populated\">\n\t\t\t\t\t\t<section class=\"elementor-section elementor-inner-section elementor-element elementor-element-5d7b67c elementor-section-boxed elementor-section-height-default elementor-section-height-default\" data-id=\"5d7b67c\" data-element_type=\"section\" data-e-type=\"section\">\n\t\t\t\t\t\t<div class=\"elementor-container elementor-column-gap-default\">\n\t\t\t\t\t<div class=\"elementor-column elementor-col-100 elementor-inner-column elementor-element elementor-element-ed5753f\" data-id=\"ed5753f\" data-element_type=\"column\" data-e-type=\"column\" data-settings=\"{&quot;background_background&quot;:&quot;classic&quot;}\">\n\t\t\t<div class=\"elementor-widget-wrap elementor-element-populated\">\n\t\t\t\t\t\t<div class=\"elementor-element elementor-element-f3c4688 elementor-cta--skin-cover elementor-hidden-phone elementor-hidden-tablet elementor-animated-content elementor-bg-transform elementor-bg-transform-zoom-in elementor-widget elementor-widget-call-to-action\" data-id=\"f3c4688\" data-element_type=\"widget\" data-e-type=\"widget\" data-widget_type=\"call-to-action.default\">\n\t\t\t\t<div class=\"elementor-widget-container\">\n\t\t\t\t\t\t\t<div class=\"elementor-cta\">\n\t\t\t\t\t<div class=\"elementor-cta__bg-wrapper\">\n\t\t\t\t<div class=\"elementor-cta__bg elementor-bg\" style=\"background-image: url();\" role=\"img\" aria-label=\"\"><\/div>\n\t\t\t\t<div class=\"elementor-cta__bg-overlay\"><\/div>\n\t\t\t<\/div>\n\t\t\t\t\t\t\t<div class=\"elementor-cta__content\">\n\t\t\t\t\n\t\t\t\t\t\t\t\t\t<h2 class=\"elementor-cta__title elementor-cta__content-item elementor-content-item elementor-animated-item--grow\">\n\t\t\t\t\t\t\u4e9a\u6d32\u7f8e\u98df\t\t\t\t\t<\/h2>\n\t\t\t\t\n\t\t\t\t\n\t\t\t\t\t\t\t<\/div>\n\t\t\t\t\t\t<\/div>\n\t\t\t\t\t\t<\/div>\n\t\t\t\t<\/div>\n\t\t\t\t<div class=\"elementor-element elementor-element-dca8292 elementor-widget elementor-widget-text-editor\" data-id=\"dca8292\" data-element_type=\"widget\" data-e-type=\"widget\" data-widget_type=\"text-editor.default\">\n\t\t\t\t<div class=\"elementor-widget-container\">\n\t\t\t\t\t\t\t\t\t<p><span style=\"color: #808080;\"><em>\u51ef\u6587-\u660e\u514b\u5c14<\/em><\/span><\/p>\t\t\t\t\t\t\t\t<\/div>\n\t\t\t\t<\/div>\n\t\t\t\t\t<\/div>\n\t\t<\/div>\n\t\t\t\t\t<\/div>\n\t\t<\/section>\n\t\t\t\t\t<\/div>\n\t\t<\/div>\n\t\t\t\t\t<\/div>\n\t\t<\/section>\n\t\t\t\t<section class=\"elementor-section elementor-top-section elementor-element elementor-element-7062bf2 elementor-section-boxed elementor-section-height-default elementor-section-height-default\" data-id=\"7062bf2\" data-element_type=\"section\" data-e-type=\"section\">\n\t\t\t\t\t\t<div class=\"elementor-container elementor-column-gap-default\">\n\t\t\t\t\t<div class=\"elementor-column elementor-col-100 elementor-top-column elementor-element elementor-element-c6525a4\" data-id=\"c6525a4\" data-element_type=\"column\" data-e-type=\"column\">\n\t\t\t<div class=\"elementor-widget-wrap elementor-element-populated\">\n\t\t\t\t\t\t<div class=\"elementor-element elementor-element-1d87c75 elementor-widget elementor-widget-jet-listing-grid\" data-id=\"1d87c75\" data-element_type=\"widget\" data-e-type=\"widget\" data-settings=\"{&quot;columns&quot;:3,&quot;columns_tablet&quot;:&quot;2&quot;,&quot;columns_mobile&quot;:&quot;1&quot;}\" data-widget_type=\"jet-listing-grid.default\">\n\t\t\t\t<div class=\"elementor-widget-container\">\n\t\t\t\t\t<div class=\"jet-listing-notice\">\u8bf7\u9009\u62e9\u5217\u8868\u663e\u793a\u3002<\/div>\t\t\t\t<\/div>\n\t\t\t\t<\/div>\n\t\t\t\t\t<\/div>\n\t\t<\/div>\n\t\t\t\t\t<\/div>\n\t\t<\/section>\n\t\t\t\t<\/div>","protected":false},"excerpt":{"rendered":"<p>Asiatische K\u00fcche \u00a9 Kevin M\u00fcnkel Im &#8218;The Wild Duck&#8216; wird ein einzigartiges Konzept der Fusionsk\u00fcche geboten, das asiatische und franz\u00f6sische Elemente harmonisch vereint. Im Shin Ramen bekommt ihr nach Originalrezept selbst hergestellte Nudeln f\u00fcr eure leckeren, hei\u00dfen Ramen &#8211; hier bekommt ihr \u201eauthentic japanese food&#8220; an zwei Orten in Hannover Mitte. Modernes Sushi in Hannover: [&hellip;]<\/p>\n","protected":false},"author":1,"featured_media":0,"parent":25161,"menu_order":0,"comment_status":"closed","ping_status":"closed","template":"","meta":{"footnotes":""},"class_list":["post-20467","page","type-page","status-publish","hentry"],"_links":{"self":[{"href":"https:\/\/hannover-living.de\/zh\/wp-json\/wp\/v2\/pages\/20467","targetHints":{"allow":["GET"]}}],"collection":[{"href":"https:\/\/hannover-living.de\/zh\/wp-json\/wp\/v2\/pages"}],"about":[{"href":"https:\/\/hannover-living.de\/zh\/wp-json\/wp\/v2\/types\/page"}],"author":[{"embeddable":true,"href":"https:\/\/hannover-living.de\/zh\/wp-json\/wp\/v2\/users\/1"}],"replies":[{"embeddable":true,"href":"https:\/\/hannover-living.de\/zh\/wp-json\/wp\/v2\/comments?post=20467"}],"version-history":[{"count":0,"href":"https:\/\/hannover-living.de\/zh\/wp-json\/wp\/v2\/pages\/20467\/revisions"}],"up":[{"embeddable":true,"href":"https:\/\/hannover-living.de\/zh\/wp-json\/wp\/v2\/pages\/25161"}],"wp:attachment":[{"href":"https:\/\/hannover-living.de\/zh\/wp-json\/wp\/v2\/media?parent=20467"}],"curies":[{"name":"wp","href":"https:\/\/api.w.org\/{rel}","templated":true}]}}