{"id":40275,"date":"2025-06-23T15:58:49","date_gmt":"2025-06-23T13:58:49","guid":{"rendered":"https:\/\/hannover-living.de\/?page_id=40275"},"modified":"2026-04-27T15:44:13","modified_gmt":"2026-04-27T13:44:13","slug":"%e6%97%a0%e9%9a%9c%e7%a2%8d%e5%a3%b0%e6%98%8e","status":"publish","type":"page","link":"https:\/\/hannover-living.de\/zh\/erklaerung-zur-barrierefreiheit\/","title":{"rendered":"\u65e0\u969c\u788d\u5ba3\u8a00"},"content":{"rendered":"<div data-elementor-type=\"wp-page\" data-elementor-id=\"40275\" class=\"elementor elementor-40275\" data-elementor-post-type=\"page\">\n\t\t\t\t<div class=\"elementor-element elementor-element-ebdc5d0 e-flex e-con-boxed e-con e-parent\" data-id=\"ebdc5d0\" data-element_type=\"container\" data-e-type=\"container\">\n\t\t\t\t\t<div class=\"e-con-inner\">\n\t\t\t\t<div class=\"elementor-element elementor-element-da82371 elementor-widget elementor-widget-heading\" data-id=\"da82371\" data-element_type=\"widget\" data-e-type=\"widget\" data-widget_type=\"heading.default\">\n\t\t\t\t<div class=\"elementor-widget-container\">\n\t\t\t\t\t<h1 class=\"elementor-heading-title elementor-size-default\">\u65e0\u969c\u788d\u5ba3\u8a00<\/h1>\t\t\t\t<\/div>\n\t\t\t\t<\/div>\n\t\t\t\t<div class=\"elementor-element elementor-element-d82c378 elementor-widget elementor-widget-text-editor\" data-id=\"d82c378\" data-element_type=\"widget\" data-e-type=\"widget\" data-widget_type=\"text-editor.default\">\n\t\t\t\t<div class=\"elementor-widget-container\">\n\t\t\t\t\t\t\t\t\t<ol><li><p><u>\u5173\u4e8e\u63d0\u4f9b\u8005\u7684\u4fe1\u606f<\/u><\/p><p>\u6c49\u8bfa\u5a01\u8425\u9500\u548c\u65c5\u6e38\u6709\u9650\u516c\u53f8\uff08HMTG\uff09<\/p><p>Vahrenwalder Str.<\/p><p>30165 \u6c49\u8bfa\u5a01<\/p><p>\u7535\u8bdd\uff1a+49 511 12345-0<\/p><p>\u7535\u5b50\u90ae\u4ef6\uff1a info@hannover-tourismus.de<\/p><p><u>\u670d\u52a1\u7b80\u4ecb\u00a0<\/u><\/p><p>www.hannover-living.de \/ http:\/\/www.hannover-tourismus.de \/ welcome.visit-hannover.com \u7f51\u7ad9\u4e0a\u7684\u5728\u7ebf\u5546\u5e97\u662f HMTG \u4e3a\u6c49\u8bfa\u5a01\u5730\u533a\u63d0\u4f9b\u7684\u6838\u5fc3\u5728\u7ebf\u65c5\u6e38\u670d\u52a1\u3002\u6d88\u8d39\u8005\u5c24\u5176\u53ef\u4ee5\u901a\u8fc7\u8fd9\u4e9b\u7f51\u7ad9\u8fdb\u884c\u4ee5\u4e0b\u6d3b\u52a8<\/p><ul><li>\u5728\u7eaa\u5ff5\u54c1\u7f51\u4e0a\u5546\u5e97\uff08\u5408\u4f5c\u4f19\u4f34\uff1aHMTG\uff09\u8ba2\u8d2d\u5546\u54c1\uff08\u7eaa\u5ff5\u54c1\uff09\u3001,\u00a0<\/li><li>\u5728\u7ebf\u9884\u8ba2\u5957\u9910\u5047\u671f\uff08HMTG \u4f5c\u4e3a\u65c5\u6e38\u8fd0\u8425\u5546\uff09\uff1b;<\/li><li>\u5728\u7ebf\u9884\u8ba2\u4e2a\u4eba\u6e38\u548c\u56e2\u4f53\u6e38\uff08HMTG \u4f5c\u4e3a\u63d0\u4f9b\u5546\uff09\uff0c\u4ee5\u53ca\u00a0<\/li><li>\u901a\u8fc7 HMTG \u8fd0\u8425\u7684\u4f4f\u5bbf\u670d\u52a1\u67e5\u8be2\u548c\u9884\u8ba2\u6c49\u8bfa\u5a01\u53ca\u8be5\u5730\u533a\u7684\u4f4f\u5bbf\uff08HMTG \u4f5c\u4e3a\u4ee3\u7406\u4e0e\u4f4f\u5bbf\u63d0\u4f9b\u5546\u7b7e\u8ba2\u5408\u540c<\/li><\/ul><p>\u5b83\u8fd8\u63d0\u4f9b\u6709\u5173\u6c49\u8bfa\u5a01\u5730\u533a\u666f\u70b9\u3001\u6d3b\u52a8\u548c\u65c5\u6e38\u666f\u70b9\u7684\u5e7f\u6cdb\u4fe1\u606f\u3002.<\/p><p><u>\u670d\u52a1\u5b9e\u65bd\u60c5\u51b5\u8bf4\u660e<\/u><\/p><p>\u4f7f\u7528\u65e0\u969c\u788d\u5728\u7ebf\u670d\u52a1\u7684\u4e3b\u8981\u6b65\u9aa4\u5982\u4e0b\uff1a<\/p><p><u>\u9009\u62e9\u62a5\u4ef7<\/u><\/p><p>\u7528\u6237\u53ef\u4ee5\u4f7f\u7528\u5bfc\u822a\u6216\u641c\u7d22\u529f\u80fd\u9009\u62e9\u6240\u9700\u7684\u533a\u57df\uff08\u4f8b\u5982 \u201e\u9152\u5e97\u3001\u5ea6\u5047\u5c4b\u3001\u6c11\u5bbf\u548c\u4f53\u9a8c\u5957\u9910\u201c\u3001\u201e\u95e8\u7968\u548c\u65c5\u6e38\u201c\u3001\u201e\u6587\u5316\u548c\u666f\u70b9\u201c\u3001\u201e\u6c49\u8bfa\u5a01\u7f51\u4e0a\u5546\u5e97\u201c\uff09\u3002\u53ef\u63d0\u4f9b\u7684\u4ea7\u54c1\u548c\u670d\u52a1\u5c06\u5728\u6b64\u663e\u793a\uff0c\u5e76\u9644\u6709\u8bf4\u660e\u3001\u4ef7\u683c\u548c\u5176\u4ed6\u6761\u4ef6\u3002.<\/p><p><u>\u8be6\u7ec6\u89c6\u56fe\u548c\u62a5\u4ef7\u4fe1\u606f<\/u><\/p><p>\u8be6\u7ec6\u9875\u9762\u4e3a\u7528\u6237\u63d0\u4f9b\u66f4\u591a\u4fe1\u606f\uff08\u5982\u670d\u52a1\u8303\u56f4\u3001\u65c5\u884c\u65e5\u671f\u3001\u5bfc\u6e38\u96c6\u5408\u70b9\u3001\u623f\u95f4\u7c7b\u522b\uff09\u3002\u8fd9\u4e9b\u4fe1\u606f\u662f\u7b7e\u8ba2\u5408\u540c\u548c\u5236\u5b9a\u65c5\u884c\u8ba1\u5212\u6240\u5fc5\u9700\u7684\u3002.<\/p><p><u>\u8ba2\u8d2d\u548c\u9884\u8ba2\u6d41\u7a0b<\/u><\/p><p>\u5728 Souvenir \u5728\u7ebf\u5546\u5e97\u4e2d\uff0c\u901a\u8fc7\u9009\u62e9\u6240\u9700\u7684\u5546\u54c1\u5e76\u6309\u4e0b\u76f8\u5e94\u7684\u6309\u94ae\uff0c\u53ef\u5c06\u5546\u54c1\u653e\u5165\u8d2d\u7269\u7bee\uff1b\u968f\u540e\u7684\u7ed3\u8d26\u7a0b\u5e8f\u7528\u4e8e\u8f93\u5165\u5730\u5740\u548c\u4ed8\u6b3e\u8be6\u60c5\uff0c\u5e76\u4e0b\u8fbe\u5177\u6709\u7ea6\u675f\u529b\u7684\u8ba2\u5355\u3002.<\/p><p>\u5982\u679c\u662f\u5957\u9910\u5f0f\u5047\u671f\u548c\u6709\u5bfc\u6e38\u7684\u65c5\u884c\uff0c\u5219\u9700\u8981\u9009\u62e9\u65c5\u884c\u65e5\u671f\u5e76\u8f93\u5165\u4e2a\u4eba\u6570\u636e\uff1b\u901a\u8fc7\u786e\u8ba4\u9884\u8ba2\u6d41\u7a0b\uff0c\u5ba2\u6237\u63d0\u4ea4\u4e86\u4e00\u4efd\u5177\u6709\u7ea6\u675f\u529b\u7684\u62a5\u4ef7\uff0c\u4ee5\u7b7e\u8ba2\u65c5\u884c\u6216\u670d\u52a1\u5408\u540c\u3002.<\/p><p>\u5728\u4f4f\u5bbf\u670d\u52a1\u4e2d\uff0c\u6839\u636e\u5ba2\u6237\u8f93\u5165\u7684\u4fe1\u606f\u786e\u5b9a\u5408\u9002\u7684\u4f4f\u5bbf\uff0c\u7136\u540e\u7531 HMTG \u5b89\u6392\u4e0e\u76f8\u5e94\u7684\u623f\u4e1c\u7b7e\u8ba2\u4f4f\u5bbf\u5408\u540c\u3002.<\/p><p><u>\u5408\u540c\u7684\u7b7e\u8ba2\u548c\u786e\u8ba4<\/u><\/p><p>\u5408\u540c\u6839\u636e\u76f8\u5173\u7684 GTC \u7b7e\u8ba2\uff1b\u5ba2\u6237\u4f1a\u6536\u5230\u4e00\u4efd\u5408\u540c\u786e\u8ba4\u4e66\u4ee5\u53ca\u5173\u4e8e\u5c65\u7ea6\u3001\u4ed8\u6b3e\u548c\u53d6\u6d88\u6761\u4ef6\uff08\u5982\u9002\u7528\uff09\u7684\u8fdb\u4e00\u6b65\u4fe1\u606f\u3002.<\/p><p><u>\u5ba2\u6237\u670d\u52a1<\/u><\/p><p>\u5982\u679c\u5ba2\u6237\u6709\u4efb\u4f55\u7591\u95ee\uff0c\u53ef\u901a\u8fc7\u6cd5\u5f8b\u58f0\u660e\u548c GTC \u4e2d\u63d0\u4f9b\u7684\u8054\u7cfb\u65b9\u5f0f\u8054\u7cfb HMTG\u3002.<\/p><p><u>\u6ee1\u8db3\u65e0\u969c\u788d\u8981\u6c42<\/u><\/p><p>\u6cd5\u5f8b\u8981\u6c42\u6e90\u81ea\u300a\u65e0\u969c\u788d\u5f3a\u5316\u6cd5\u300b\uff08BFSG\uff09\uff0c\u7279\u522b\u662f\u300a\u65e0\u969c\u788d\u5f3a\u5316\u6cd5\u300b\u7b2c 14 \u6761\u548c\u300a\u65e0\u969c\u788d\u5f3a\u5316\u6cd5\u6761\u4f8b\u300b\uff08BFSGV\uff09\u7684\u4e2a\u522b\u6761\u6b3e\u3002\u672c\u7f51\u7ad9\u7b26\u5408 BFSGV \u7b2c 12 \u6761\u548c\u7b2c 19 \u6761\u4ee5\u53ca BFSG \u7b2c 3 \u6761\u7b2c 2 \u6b3e\u7684\u8981\u6c42\u3002\u00a7 BFSG \u7b2c 3 (2) \u8282\u3002.<\/p><p>BFSG \u7b2c 4 \u6761\u63a8\u5b9a\uff0c\u53ea\u8981\u76f8\u5173\u534f\u8c03\u6807\u51c6\u6db5\u76d6\u4e86\u7b26\u5408\u534f\u8c03\u6807\u51c6\u7684\u670d\u52a1\u8981\u6c42\uff0c\u90a3\u4e48\u8fd9\u4e9b\u670d\u52a1\u5c31\u7b26\u5408 BFSGV \u7684\u8981\u6c42\u3002\u6b27\u6d32\u534f\u8c03\u6807\u51c6 EN 301 549 \u5c31\u5c5e\u4e8e\u8fd9\u79cd\u60c5\u51b5\uff0c\u8be5\u6807\u51c6\u7684\u7b2c\u4e5d\u7ae0\u89c4\u5b9a\u4e86\u7f51\u7ad9\u65e0\u969c\u788d\u8bbf\u95ee\u7684\u8981\u6c42\uff0c\u5e76\u89c4\u5b9a\u5982\u679c\u7f51\u7ad9\u7b26\u5408\u300a\u7f51\u9875\u5185\u5bb9\u65e0\u969c\u788d\u8bbf\u95ee\u6307\u5357\u300b\uff08WCAG\uff092.1 \u7248 AA \u7ea7\u7684\u8981\u6c42\uff0c\u5219\u5c5e\u4e8e EN 301 549 \u6240\u5b9a\u4e49\u7684\u65e0\u969c\u788d\u7f51\u7ad9\u3002\u6211\u4eec\u8d85\u8d8a\u4e86\u521b\u5efa\u65e0\u969c\u788d\u6027\u7684\u6cd5\u5f8b\u8981\u6c42\uff0c\u51b3\u5b9a\u5b9e\u65bd\u7b26\u5408 AA \u7ea7\u7684 WCAG 2.2 \u7248\u3002.<\/p><p>\u56e0\u6b64\uff0c\u672c\u7f51\u7ad9\u7684\u65e0\u969c\u788d\u8bbf\u95ee\u7b26\u5408\u00a7\u00a7 14 Para.\u00a7 \u6839\u636e\u6b27\u6d32\u7edf\u4e00\u6807\u51c6 EN 301 549 \u7b2c 9 \u7ae0\u4ee5\u53ca\u300a\u7f51\u9875\u5185\u5bb9\u53ef\u8bbf\u95ee\u6027\u6307\u5357\u300b\uff08WCAG\uff092.2 \u7248\uff0c\u672c\u7f51\u7ad9\u7684\u53ef\u8bbf\u95ee\u6027\u7b26\u5408 AA \u7ea7\u6807\u51c6\u3002.<\/p><p>\u6700\u91cd\u8981\u7684\u63aa\u65bd\u5305\u62ec<\/p><p><u>\u5185\u5bb9\u7684\u53ef\u611f\u77e5\u6027<\/u><br \/>\u6587\u672c\u3001\u63a7\u4ef6\u548c\u8868\u683c\u7684\u8bbe\u8ba1\u5177\u6709\u8db3\u591f\u7684\u8272\u5f69\u5bf9\u6bd4\u5ea6\u548c\u6e05\u6670\u7684\u5b57\u4f53\uff1b\u57fa\u672c\u4fe1\u606f\u4ee5\u6587\u672c\u5f62\u5f0f\u63d0\u4f9b\uff0c\u53ef\u4e0e\u5c4f\u5e55\u9605\u8bfb\u5668\u914d\u5408\u4f7f\u7528\u3002\u4e0e\u7406\u89e3\u6216\u7b7e\u8ba2\u5408\u540c\u76f8\u5173\u7684\u975e\u6587\u672c\u5185\u5bb9\u4ee5\u66ff\u4ee3\u6587\u672c\u63d0\u4f9b\u3002.<\/p><p><u>\u529f\u80fd\u7684\u53ef\u7528\u6027<\/u><br \/>\u7f51\u9875\u548c\u5728\u7ebf\u8868\u683c\uff08\u5305\u62ec\u9884\u8ba2\u548c\u4ed8\u6b3e\u6d41\u7a0b\uff09\u5b8c\u5168\u53ef\u901a\u8fc7\u952e\u76d8\u8bbf\u95ee\u3002\u7126\u70b9\u6807\u8bb0\u6e05\u6670\u53ef\u89c1\uff0c\u5e76\u4f7f\u7528\u4e00\u81f4\u7684\u5bfc\u822a\u6a21\u5f0f\u3002.<\/p><p><u>\u53ef\u7406\u89e3\u6027<\/u><br \/>\u4ea7\u54c1\u548c\u670d\u52a1\u8bf4\u660e\u3001\u4ef7\u683c\u548c\u91cd\u8981\u7684\u5408\u540c\u6761\u4ef6\uff08\u5982\u53d6\u6d88\u548c\u4ed8\u6b3e\uff09\u90fd\u7528\u6e05\u6670\u6613\u61c2\u7684\u8bed\u8a00\u8868\u8ff0\u3002\u8868\u683c\u4e2d\u7684\u9519\u8bef\u4fe1\u606f\u8981\u6709\u610f\u4e49\uff0c\u4ee5\u4fbf\u4e8e\u7ea0\u6b63\u8f93\u5165\u9519\u8bef\u3002.<\/p><p><u>\u5f3a\u6709\u529b\u7684\u6280\u672f\u5b9e\u65bd<\/u><br \/>\u7f51\u7ad9\u7684\u5f00\u53d1\u548c\u7ef4\u62a4\u65b9\u5f0f\u4f7f\u5176\u80fd\u591f\u53ef\u9760\u5730\u4e0e\u5e38\u7528\u6d4f\u89c8\u5668\u548c\u8f85\u52a9\u6280\u672f\uff08\u5982\u5c4f\u5e55\u9605\u8bfb\u5668\u3001\u76f2\u6587\u663e\u793a\u5668\uff09\u914d\u5408\u4f7f\u7528\u3002.<\/p><p><u>\u7535\u5b50\u5546\u52a1\u4e2d\u7684\u65e0\u969c\u788d\u4ea4\u6613\u6d41\u7a0b<\/u><br \/>\u7b7e\u8ba2\u5408\u540c\u7684\u57fa\u672c\u6b65\u9aa4--\u4ece\u901a\u8fc7\u8d2d\u7269\u7bee\/\u9884\u8ba2\u5c4f\u5e55\u9009\u62e9\u62a5\u4ef7\u5230\u8f93\u5165\u4e2a\u4eba\u6570\u636e\u548c\u5177\u6709\u7ea6\u675f\u529b\u7684\u8ba2\u5355\/\u9884\u8ba2--\u7ed3\u6784\u5408\u7406\uff0c\u6807\u8bc6\u6e05\u6670\uff0c\u8bbe\u8ba1\u65e0\u969c\u788d\u3002.\u00a0<\/p><p>\u5982\u679c\u67d0\u4e9b\u670d\u52a1\u9879\u76ee\uff08\u5982\u5bfc\u6e38\u3001\u4f4f\u5bbf\u3001\u6d3b\u52a8\u573a\u6240\uff09\u7684\u65e0\u969c\u788d\u529f\u80fd\u4fe1\u606f\u662f\u7531\u76f8\u5173\u670d\u52a1\u63d0\u4f9b\u5546\u63d0\u4f9b\u7684\uff0cHMTG \u5c06\u4ee5\u65e0\u969c\u788d\u5f62\u5f0f\u63d0\u4f9b\u8fd9\u4e9b\u4fe1\u606f\u201c\u3002\u201c<\/p><p>\u00a0<\/p><p><u>\u6d88\u8d39\u8005\u4fe1\u606f\u00a0<\/u><a href=\"https:\/\/dejure.org\/gesetze\/EGBGB\/246.html\" target=\"_blank\" rel=\"noopener\"><u>\u6b27\u6d32\u6027\u522b\u5e73\u7b49\u6761\u4f8b\u300b\u7b2c 246 \u6761<\/u><\/a><\/p><p>\u9664\u4e86\u8fd9\u4efd\u65e0\u969c\u788d\u5ba3\u8a00\uff0cHMTG \u8fd8\u63d0\u4f9b\u4e86\u00a0<a href=\"https:\/\/dejure.org\/gesetze\/EGBGB\/246.html\" target=\"_blank\" rel=\"noopener\">\u6b27\u6d32\u6027\u522b\u5e73\u7b49\u6761\u4f8b\u300b\u7b2c 246 \u6761<\/a>\u00a0\u5728 GTC \u4e2d\u4ee5\u53ca\u4f5c\u4e3a\u8ba2\u8d2d\u6216\u9884\u8ba2\u6d41\u7a0b\u7684\u4e00\u90e8\u5206\uff0c\u5411\u5ba2\u6237\u63d0\u4f9b\u5fc5\u8981\u7684\u6d88\u8d39\u8005\u4fe1\u606f\u3002\u5176\u4e2d\u7279\u522b\u5305\u62ec<\/p><ul><li>HMTG \u7684\u8eab\u4efd\u548c\u8054\u7cfb\u65b9\u5f0f\uff0c\u5305\u62ec\u5730\u5740\u548c\u901a\u8baf\u65b9\u5f0f\uff08\u7535\u8bdd\u3001\u7535\u5b50\u90ae\u4ef6\uff09\u3002.\u00a0<\/li><li>\u6240\u63d0\u4f9b\u5546\u54c1\u548c\u670d\u52a1\u7684\u57fa\u672c\u7279\u5f81\u3001,<\/li><li>\u4ef7\u683c\u5305\u542b\u7a0e\u8d39\u548c\u4efb\u4f55\u989d\u5916\u8d39\u7528\u3001,<\/li><li>\u4ed8\u6b3e\u3001\u4ea4\u8d27\u548c\u670d\u52a1\u6761\u6b3e\u3001,<\/li><li>\u6cd5\u5f8b\u89c4\u5b9a\u7684\u53d6\u6d88\u6743\u4fe1\u606f\uff0c\u4ee5\u53ca\u53d6\u6d88\u65c5\u884c\u670d\u52a1\u548c\u5bfc\u6e38\u7684\u6761\u4ef6\u3001,<\/li><li>\u6709\u5173\u9002\u7528\u6cd5\u5f8b\u5236\u5ea6\u548c\u53f8\u6cd5\u7ba1\u8f96\u5730\u7684\u4fe1\u606f\uff0c\u5c24\u5176\u662f\u9488\u5bf9\u5546\u4e1a\u5ba2\u6237\u7684\u4fe1\u606f<\/li><\/ul><p><u>\u00a0\u4e3b\u7ba1\u5e02\u573a\u76d1\u7763\u673a\u6784<\/u><\/p><p>\u8054\u90a6\u5404\u5dde\u4ea7\u54c1\u548c\u670d\u52a1\u65e0\u969c\u788d\u5e02\u573a\u76d1\u7763\u4e2d\u5fc3 (MLBF A\u00f6R)<br \/>Carl-Miller-Str.<br \/>39112 \u9a6c\u683c\u5fb7\u5821<br \/>\u7535\u8bdd\uff1a+49 391 567 6970<br \/>\u7535\u5b50\u90ae\u4ef6\u00a0<a href=\"mailto:kontakt@mlbf-barrierefrei.de\">kontakt@mlbf-barrierefrei.de<\/a><\/p><p>\u00a0\u672c\u58f0\u660e\u6700\u540e\u66f4\u65b0\u4e8e24.04.2026<\/p><\/li><\/ol>\t\t\t\t\t\t\t\t<\/div>\n\t\t\t\t<\/div>\n\t\t\t\t\t<\/div>\n\t\t\t\t<\/div>\n\t\t\t\t<\/div>","protected":false},"excerpt":{"rendered":"<p>Erkl\u00e4rung zur Barrierefreiheit Information zum Anbieter Hannover Marketing und Tourismus GmbH (HMTG) Vahrenwalder Str. 7 30165 Hannover Telefon: +49 511 12345-0 E-Mail: info@hannover-tourismus.de Allgemeine Beschreibung der Dienstleistung\u00a0 Die Websiten\u00a0www.hannover-living.de \/ http:\/\/www.hannover-tourismus.de \/ Onlinshops unter welcome.visit-hannover.com sind das zentrale touristische Online-Angebot der HMTG f\u00fcr den Raum Hannover. \u00dcber diese Webseiten k\u00f6nnen Verbraucher insbesondere: Waren (Souvenirs)\u00a0im Souvenir-Onlineshop [&hellip;]<\/p>\n","protected":false},"author":1,"featured_media":0,"parent":0,"menu_order":0,"comment_status":"closed","ping_status":"closed","template":"","meta":{"footnotes":""},"class_list":["post-40275","page","type-page","status-publish","hentry"],"_links":{"self":[{"href":"https:\/\/hannover-living.de\/zh\/wp-json\/wp\/v2\/pages\/40275","targetHints":{"allow":["GET"]}}],"collection":[{"href":"https:\/\/hannover-living.de\/zh\/wp-json\/wp\/v2\/pages"}],"about":[{"href":"https:\/\/hannover-living.de\/zh\/wp-json\/wp\/v2\/types\/page"}],"author":[{"embeddable":true,"href":"https:\/\/hannover-living.de\/zh\/wp-json\/wp\/v2\/users\/1"}],"replies":[{"embeddable":true,"href":"https:\/\/hannover-living.de\/zh\/wp-json\/wp\/v2\/comments?post=40275"}],"version-history":[{"count":10,"href":"https:\/\/hannover-living.de\/zh\/wp-json\/wp\/v2\/pages\/40275\/revisions"}],"predecessor-version":[{"id":44646,"href":"https:\/\/hannover-living.de\/zh\/wp-json\/wp\/v2\/pages\/40275\/revisions\/44646"}],"wp:attachment":[{"href":"https:\/\/hannover-living.de\/zh\/wp-json\/wp\/v2\/media?parent=40275"}],"curies":[{"name":"wp","href":"https:\/\/api.w.org\/{rel}","templated":true}]}}